{"id":4867,"date":"2025-11-25T06:08:12","date_gmt":"2025-11-25T06:08:12","guid":{"rendered":"https:\/\/mountlaser.com\/?post_type=product&#038;p=4867"},"modified":"2025-11-25T06:44:26","modified_gmt":"2025-11-25T06:44:26","slug":"grz101s-medium-quality-metal-design","status":"publish","type":"product","link":"https:\/\/mountlaser.com\/vi\/san-pham\/grz101s-medium-quality-metal-design\/","title":{"rendered":"GRZ101S Thi\u1ebft k\u1ebf kim lo\u1ea1i ch\u1ea5t l\u01b0\u1ee3ng t\u1ea7m trung"},"content":{"rendered":"<p>C\u00e1i <a href=\"https:\/\/mountlaser.com\/vi\/danh-muc-san-pham\/reflective-target-prism\/\"><strong>GRZ101S L\u0103ng k\u00ednh 360\u00b0<\/strong><\/a> \u0110\u01b0\u1ee3c thi\u1ebft k\u1ebf cho c\u00e1c nhi\u1ec7m v\u1ee5 kh\u1ea3o s\u00e1t \u0111\u1ed9 ch\u00ednh x\u00e1c cao, \u0111\u00f2i h\u1ecfi kh\u1ea3 n\u0103ng \u0111o l\u01b0\u1eddng \u1ed5n \u0111\u1ecbnh, to\u00e0n di\u1ec7n. \u0110\u01b0\u1ee3c ch\u1ebf t\u1ea1o v\u1edbi... <a href=\"https:\/\/mountlaser.com\/vi\/about-us\/\"><strong>GRZ101S Thi\u1ebft k\u1ebf kim lo\u1ea1i ch\u1ea5t l\u01b0\u1ee3ng t\u1ea7m trung<\/strong><\/a>, L\u0103ng k\u00ednh n\u00e0y mang l\u1ea1i \u0111\u1ed9 ch\u00ednh x\u00e1c \u0111\u00e1ng tin c\u1eady v\u00e0 \u0111\u1ed9 b\u1ec1n l\u00e2u d\u00e0i trong m\u00f4i tr\u01b0\u1eddng l\u00e0m vi\u1ec7c kh\u1eafc nghi\u1ec7t. C\u1ea5u tr\u00fac ti\u00ean ti\u1ebfn g\u1ed3m s\u00e1u l\u0103ng k\u00ednh nh\u1ecf \u0111\u01b0\u1ee3c li\u00ean k\u1ebft v\u1edbi nhau, t\u1ea1o th\u00e0nh m\u1ed9t b\u1ec1 m\u1eb7t ph\u1ea3n chi\u1ebfu 360\u00b0 li\u1ec1n m\u1ea1ch, l\u00fd t\u01b0\u1edfng cho c\u00e1c tr\u1ea1m to\u00e0n \u0111\u1ea1c robot v\u00e0 c\u00e1c \u1ee9ng d\u1ee5ng gi\u00e1m s\u00e1t li\u00ean t\u1ee5c.<\/p>\n<figure id=\"attachment_4846\" aria-describedby=\"caption-attachment-4846\" style=\"width: 500px\" class=\"wp-caption aligncenter\"><img fetchpriority=\"high\" decoding=\"async\" class=\"wp-image-4846\" src=\"https:\/\/mountlaser.com\/wp-content\/uploads\/2025\/11\/GRZ101S-B1.webp\" alt=\"GRZ101S 360\u00b0 Prism\" width=\"500\" height=\"500\" srcset=\"https:\/\/mountlaser.com\/wp-content\/uploads\/2025\/11\/GRZ101S-B1.webp 1000w, https:\/\/mountlaser.com\/wp-content\/uploads\/2025\/11\/GRZ101S-B1-300x300.webp 300w, https:\/\/mountlaser.com\/wp-content\/uploads\/2025\/11\/GRZ101S-B1-400x400.webp 400w, https:\/\/mountlaser.com\/wp-content\/uploads\/2025\/11\/GRZ101S-B1-800x800.webp 800w, https:\/\/mountlaser.com\/wp-content\/uploads\/2025\/11\/GRZ101S-B1-600x600.webp 600w, https:\/\/mountlaser.com\/wp-content\/uploads\/2025\/11\/GRZ101S-B1-150x150.webp 150w, https:\/\/mountlaser.com\/wp-content\/uploads\/2025\/11\/GRZ101S-B1-768x768.webp 768w, https:\/\/mountlaser.com\/wp-content\/uploads\/2025\/11\/GRZ101S-B1-12x12.webp 12w\" sizes=\"(max-width: 500px) 100vw, 500px\" \/><figcaption id=\"caption-attachment-4846\" class=\"wp-caption-text\">GRZ101S-B<\/figcaption><\/figure>\n<figure id=\"attachment_4857\" aria-describedby=\"caption-attachment-4857\" style=\"width: 500px\" class=\"wp-caption aligncenter\"><img decoding=\"async\" class=\"wp-image-4857\" src=\"https:\/\/mountlaser.com\/wp-content\/uploads\/2025\/11\/GRZ101S-H5.webp\" alt=\"GRZ101S 360\u00b0 Prism\" width=\"500\" height=\"500\" srcset=\"https:\/\/mountlaser.com\/wp-content\/uploads\/2025\/11\/GRZ101S-H5.webp 1000w, https:\/\/mountlaser.com\/wp-content\/uploads\/2025\/11\/GRZ101S-H5-300x300.webp 300w, https:\/\/mountlaser.com\/wp-content\/uploads\/2025\/11\/GRZ101S-H5-400x400.webp 400w, https:\/\/mountlaser.com\/wp-content\/uploads\/2025\/11\/GRZ101S-H5-800x800.webp 800w, https:\/\/mountlaser.com\/wp-content\/uploads\/2025\/11\/GRZ101S-H5-600x600.webp 600w, https:\/\/mountlaser.com\/wp-content\/uploads\/2025\/11\/GRZ101S-H5-150x150.webp 150w, https:\/\/mountlaser.com\/wp-content\/uploads\/2025\/11\/GRZ101S-H5-768x768.webp 768w, https:\/\/mountlaser.com\/wp-content\/uploads\/2025\/11\/GRZ101S-H5-12x12.webp 12w\" sizes=\"(max-width: 500px) 100vw, 500px\" \/><figcaption id=\"caption-attachment-4857\" class=\"wp-caption-text\">GRZ101S-H<\/figcaption><\/figure>\n<figure id=\"attachment_4860\" aria-describedby=\"caption-attachment-4860\" style=\"width: 500px\" class=\"wp-caption aligncenter\"><img decoding=\"async\" class=\"wp-image-4860\" src=\"https:\/\/mountlaser.com\/wp-content\/uploads\/2025\/11\/GRZ101S-L1.webp\" alt=\"GRZ101S 360\u00b0 Prism\" width=\"500\" height=\"500\" srcset=\"https:\/\/mountlaser.com\/wp-content\/uploads\/2025\/11\/GRZ101S-L1.webp 1000w, https:\/\/mountlaser.com\/wp-content\/uploads\/2025\/11\/GRZ101S-L1-300x300.webp 300w, https:\/\/mountlaser.com\/wp-content\/uploads\/2025\/11\/GRZ101S-L1-400x400.webp 400w, https:\/\/mountlaser.com\/wp-content\/uploads\/2025\/11\/GRZ101S-L1-800x800.webp 800w, https:\/\/mountlaser.com\/wp-content\/uploads\/2025\/11\/GRZ101S-L1-600x600.webp 600w, https:\/\/mountlaser.com\/wp-content\/uploads\/2025\/11\/GRZ101S-L1-150x150.webp 150w, https:\/\/mountlaser.com\/wp-content\/uploads\/2025\/11\/GRZ101S-L1-768x768.webp 768w, https:\/\/mountlaser.com\/wp-content\/uploads\/2025\/11\/GRZ101S-L1-12x12.webp 12w\" sizes=\"(max-width: 500px) 100vw, 500px\" \/><figcaption id=\"caption-attachment-4860\" class=\"wp-caption-text\">GRZ101S-L<\/figcaption><\/figure>\n<p>Kh\u00f4ng c\u00f3 tr\u1ee5c th\u00e9p kh\u00f4ng g\u1ec9 trung t\u00e2m, l\u0103ng k\u00ednh 360\u00b0 GRZ101S duy tr\u00ec c\u1ea5u tr\u00fac nh\u1eb9 nh\u01b0ng c\u00e2n b\u1eb1ng, \u0111\u1ea3m b\u1ea3o kh\u1ea3 n\u0103ng theo d\u00f5i m\u01b0\u1ee3t m\u00e0 v\u00e0 kh\u00f4ng b\u1ecb gi\u00e1n \u0111o\u1ea1n. S\u1ea3n ph\u1ea9m \u0111\u01b0\u1ee3c s\u1ea3n xu\u1ea5t theo ti\u00eau chu\u1ea9n l\u0103ng k\u00ednh Th\u1ee5y S\u0129 +30 mm, mang l\u1ea1i hi\u1ec7u su\u1ea5t \u1ed5n \u0111\u1ecbnh tr\u00ean m\u1ecdi thi\u1ebft b\u1ecb. <a href=\"https:\/\/mountlaser.com\/vi\/contact-us\/\">nh\u1ea1c c\u1ee5 chuy\u00ean nghi\u1ec7p<\/a>. V\u1edbi chi\u1ec1u cao l\u0103ng k\u00ednh nh\u1ecf g\u1ecdn 56 mm v\u00e0 \u0111\u1ed9 ch\u00ednh x\u00e1c \u0111\u1ecbnh v\u1ecb tuy\u1ec7t v\u1eddi \u00b12,0 mm, l\u0103ng k\u00ednh 360\u00b0 GRZ101S l\u00e0 l\u1ef1a ch\u1ecdn t\u1ed1i \u01b0u cho c\u00e1c nh\u00e0 kh\u1ea3o s\u00e1t c\u1ea7n s\u1ef1 hi\u1ec7u qu\u1ea3, t\u00ednh di \u0111\u1ed9ng v\u00e0 \u0111\u1ed9 ch\u00ednh x\u00e1c cao.<\/p>","protected":false},"excerpt":{"rendered":"<ul>\n<li>Cung c\u1ea5p kh\u1ea3 n\u0103ng \u0111o to\u00e0n di\u1ec7n 360\u00b0 b\u1eb1ng c\u00e1ch s\u1eed d\u1ee5ng c\u1ee5m s\u00e1u l\u0103ng k\u00ednh.<\/li>\n<li>\u0110\u1ea3m b\u1ea3o t\u00ednh ch\u00ednh x\u00e1c c\u1ee7a t\u00ednh n\u0103ng theo d\u00f5i t\u1ef1 \u0111\u1ed9ng cho m\u00e1y to\u00e0n \u0111\u1ea1c robot.<\/li>\n<li>Cung c\u1ea5p hi\u1ec7u n\u0103ng \u1ed5n \u0111\u1ecbnh, tr\u1ecdng l\u01b0\u1ee3ng nh\u1eb9 v\u1edbi c\u1ea5u tr\u00fac kh\u00f4ng tr\u1ee5c.<\/li>\n<li>Mang l\u1ea1i k\u1ebft qu\u1ea3 \u0111\u00e1ng tin c\u1eady v\u1edbi h\u1eb1ng s\u1ed1 l\u0103ng k\u00ednh Th\u1ee5y S\u0129 +30 mm.<\/li>\n<\/ul>","protected":false},"featured_media":4860,"comment_status":"open","ping_status":"closed","template":"","meta":[],"product_brand":[],"product_cat":[115,72],"product_tag":[],"class_list":{"0":"post-4867","1":"product","2":"type-product","3":"status-publish","4":"has-post-thumbnail","6":"product_cat-wide-angle-prism","7":"product_cat-reflective-target-prism","9":"first","10":"instock","11":"shipping-taxable","12":"product-type-simple"},"_links":{"self":[{"href":"https:\/\/mountlaser.com\/vi\/wp-json\/wp\/v2\/product\/4867","targetHints":{"allow":["GET"]}}],"collection":[{"href":"https:\/\/mountlaser.com\/vi\/wp-json\/wp\/v2\/product"}],"about":[{"href":"https:\/\/mountlaser.com\/vi\/wp-json\/wp\/v2\/types\/product"}],"replies":[{"embeddable":true,"href":"https:\/\/mountlaser.com\/vi\/wp-json\/wp\/v2\/comments?post=4867"}],"wp:featuredmedia":[{"embeddable":true,"href":"https:\/\/mountlaser.com\/vi\/wp-json\/wp\/v2\/media\/4860"}],"wp:attachment":[{"href":"https:\/\/mountlaser.com\/vi\/wp-json\/wp\/v2\/media?parent=4867"}],"wp:term":[{"taxonomy":"product_brand","embeddable":true,"href":"https:\/\/mountlaser.com\/vi\/wp-json\/wp\/v2\/product_brand?post=4867"},{"taxonomy":"product_cat","embeddable":true,"href":"https:\/\/mountlaser.com\/vi\/wp-json\/wp\/v2\/product_cat?post=4867"},{"taxonomy":"product_tag","embeddable":true,"href":"https:\/\/mountlaser.com\/vi\/wp-json\/wp\/v2\/product_tag?post=4867"}],"curies":[{"name":"trang web","href":"https:\/\/api.w.org\/{rel}","templated":true}]}}