{"id":4838,"date":"2025-11-25T05:30:26","date_gmt":"2025-11-25T05:30:26","guid":{"rendered":"https:\/\/mountlaser.com\/?post_type=product&#038;p=4838"},"modified":"2025-11-25T06:55:12","modified_gmt":"2025-11-25T06:55:12","slug":"mp090-mini-prism","status":"publish","type":"product","link":"https:\/\/mountlaser.com\/vi\/san-pham\/mp090-mini-prism\/","title":{"rendered":"L\u0103ng k\u00ednh mini MP090"},"content":{"rendered":"<p>C\u00e1i <a href=\"https:\/\/mountlaser.com\/vi\/danh-muc-san-pham\/reflective-target-prism\/\"><strong>L\u0103ng k\u00ednh mini MP090<\/strong><\/a> \u0110\u00e2y l\u00e0 gi\u1ea3i ph\u00e1p gi\u00e1m s\u00e1t \u0111\u1ed9 ch\u00ednh x\u00e1c cao \u0111\u01b0\u1ee3c thi\u1ebft k\u1ebf cho c\u00e1c kh\u1ea3o s\u00e1t bi\u1ebfn d\u1ea1ng k\u1ebft c\u1ea5u, \u0111o \u0111\u1ea1c \u0111\u1ecba k\u1ef9 thu\u1eadt v\u00e0 l\u1eafp \u0111\u1eb7t hi\u1ec7n tr\u01b0\u1eddng d\u00e0i h\u1ea1n. \u0110\u01b0\u1ee3c thi\u1ebft k\u1ebf \u0111\u1ec3 t\u1ed1i \u0111a h\u00f3a t\u00ednh linh ho\u1ea1t, l\u0103ng k\u00ednh mini MP090 n\u00e0y \u0111\u01b0\u1ee3c c\u00f4ng nh\u1eadn r\u1ed9ng r\u00e3i l\u00e0 m\u1ed9t thi\u1ebft b\u1ecb \u0111\u00e1ng tin c\u1eady.<a href=\"https:\/\/mountlaser.com\/vi\/\"><strong> L\u0103ng k\u00ednh mini d\u00e0nh cho m\u00e1y to\u00e0n \u0111\u1ea1c Trimble<\/strong><\/a>, mang l\u1ea1i kh\u1ea3 n\u0103ng t\u01b0\u01a1ng th\u00edch tuy\u1ec7t v\u1eddi v\u00e0 hi\u1ec7u n\u0103ng \u1ed5n \u0111\u1ecbnh \u1edf ph\u1ea1m vi xa.<\/p>\n<p>\u0110\u01b0\u1ee3c ch\u1ebf t\u1ea1o v\u1edbi v\u1ecf nh\u00f4m ch\u1eafc ch\u1eafn, l\u0103ng k\u00ednh mini MP090 mang l\u1ea1i \u0111\u1ed9 b\u1ec1n v\u00e0 kh\u1ea3 n\u0103ng ch\u1ed1ng \u0103n m\u00f2n v\u01b0\u1ee3t tr\u1ed9i, \u0111\u1ea3m b\u1ea3o \u0111\u1ed9 ch\u00ednh x\u00e1c \u0111o l\u01b0\u1eddng \u1ed5n \u0111\u1ecbnh trong m\u00f4i tr\u01b0\u1eddng ngo\u00e0i tr\u1eddi kh\u1eafc nghi\u1ec7t. L\u00e0 m\u1ed9t l\u0103ng k\u00ednh mini d\u00e0nh cho m\u00e1y to\u00e0n \u0111\u1ea1c Trimble, n\u00f3 h\u1ed7 tr\u1ee3 theo d\u00f5i t\u1ef1 \u0111\u1ed9ng ch\u00ednh x\u00e1c v\u00e0 c\u0103n ch\u1ec9nh chu\u1ea9n x\u00e1c, ngay c\u1ea3 trong c\u00e1c khu v\u1ef1c l\u1eafp \u0111\u1eb7t ch\u1eadt h\u1eb9p ho\u1eb7c kh\u00f4ng b\u1eb1ng ph\u1eb3ng.<\/p>\n<p><img fetchpriority=\"high\" decoding=\"async\" class=\"aligncenter wp-image-4840\" src=\"https:\/\/mountlaser.com\/wp-content\/uploads\/2025\/11\/MP090B1.webp\" alt=\"MP090 mini prism\" width=\"500\" height=\"500\" srcset=\"https:\/\/mountlaser.com\/wp-content\/uploads\/2025\/11\/MP090B1.webp 1000w, https:\/\/mountlaser.com\/wp-content\/uploads\/2025\/11\/MP090B1-300x300.webp 300w, https:\/\/mountlaser.com\/wp-content\/uploads\/2025\/11\/MP090B1-400x400.webp 400w, https:\/\/mountlaser.com\/wp-content\/uploads\/2025\/11\/MP090B1-800x800.webp 800w, https:\/\/mountlaser.com\/wp-content\/uploads\/2025\/11\/MP090B1-600x600.webp 600w, https:\/\/mountlaser.com\/wp-content\/uploads\/2025\/11\/MP090B1-150x150.webp 150w, https:\/\/mountlaser.com\/wp-content\/uploads\/2025\/11\/MP090B1-768x768.webp 768w, https:\/\/mountlaser.com\/wp-content\/uploads\/2025\/11\/MP090B1-12x12.webp 12w\" sizes=\"(max-width: 500px) 100vw, 500px\" \/><\/p>\n<p>C\u00e1i <a href=\"https:\/\/mountlaser.com\/vi\/about-us\/\">Thi\u1ebft k\u1ebf thanh ch\u1eef U<\/a> Cho ph\u00e9p l\u0103ng k\u00ednh c\u00f3 th\u1ec3 xoay v\u00e0 nghi\u00eang, gi\u00fap \u0111i\u1ec1u ch\u1ec9nh t\u1ea7m ng\u1eafm linh ho\u1ea1t cho c\u00e1c t\u00ecnh hu\u1ed1ng gi\u00e1m s\u00e1t ph\u1ee9c t\u1ea1p. C\u00f3 c\u00e1c t\u00f9y ch\u1ecdn \u0111\u1ed9 ch\u00ednh x\u00e1c 2\u2033 ho\u1eb7c 3-4\u2033 \u0111\u1ec3 \u0111\u00e1p \u1ee9ng c\u00e1c y\u00eau c\u1ea7u kh\u1ea3o s\u00e1t kh\u00e1c nhau. Hai c\u1ea5u h\u00ecnh l\u0103ng k\u00ednh\u2014MP090A (12,7 mm) v\u00e0 MP090B (25,4 mm)\u2014cung c\u1ea5p kh\u1ea3 n\u0103ng th\u00edch \u1ee9ng cao h\u01a1n cho c\u00e1c nhu c\u1ea7u d\u1ef1 \u00e1n \u0111a d\u1ea1ng. V\u1edbi h\u1ec7 th\u1ed1ng kh\u00f3a b\u00ean an to\u00e0n v\u00e0 t\u1ea5m \u0111\u1ebf nh\u1ecf g\u1ecdn 35 \u00d7 38 mm, L\u0103ng k\u00ednh Mini n\u00e0y d\u00e0nh cho m\u00e1y to\u00e0n \u0111\u1ea1c Trimble \u0111\u1ea3m b\u1ea3o \u0111\u1ecbnh v\u1ecb \u1ed5n \u0111\u1ecbnh, l\u00e2u d\u00e0i, ph\u00f9 h\u1ee3p cho c\u00e1c \u1ee9ng d\u1ee5ng gi\u00e1m s\u00e1t \u0111\u1ed9 ch\u00ednh x\u00e1c cao.<\/p>","protected":false},"excerpt":{"rendered":"<ul>\n<li>Cung c\u1ea5p kh\u1ea3 n\u0103ng ph\u1ea3n x\u1ea1 ch\u00ednh x\u00e1c \u0111\u1ec3 theo d\u00f5i bi\u1ebfn d\u1ea1ng v\u00e0 kh\u1ea3o s\u00e1t chuy\u1ec3n \u0111\u1ed9ng k\u1ebft c\u1ea5u.<\/li>\n<li>L\u0103ng k\u00ednh c\u00f3 th\u1ec3 xoay v\u00e0 nghi\u00eang \u0111\u1ec3 t\u1ed1i \u01b0u h\u00f3a g\u00f3c ng\u1eafm.<\/li>\n<li>T\u01b0\u01a1ng th\u00edch v\u1edbi c\u00e1c ch\u1ee9c n\u0103ng ATR c\u1ee7a m\u00e1y to\u00e0n \u0111\u1ea1c Trimble.<\/li>\n<li>C\u00f3 nhi\u1ec1u k\u00edch th\u01b0\u1edbc l\u0103ng k\u00ednh v\u00e0 m\u1ee9c \u0111\u1ed9 ch\u00ednh x\u00e1c kh\u00e1c nhau.<\/li>\n<li>\u0110\u01b0\u1ee3c ch\u1ebf t\u1ea1o \u0111\u1ec3 ch\u1ecbu \u0111\u01b0\u1ee3c \u0111i\u1ec1u ki\u1ec7n ngo\u00e0i tr\u1eddi l\u00e2u d\u00e0i.<\/li>\n<\/ul>","protected":false},"featured_media":4841,"comment_status":"open","ping_status":"closed","template":"","meta":[],"product_brand":[],"product_cat":[112,72],"product_tag":[],"class_list":{"0":"post-4838","1":"product","2":"type-product","3":"status-publish","4":"has-post-thumbnail","6":"product_cat-monitoring-prism","7":"product_cat-reflective-target-prism","9":"first","10":"instock","11":"shipping-taxable","12":"product-type-simple"},"_links":{"self":[{"href":"https:\/\/mountlaser.com\/vi\/wp-json\/wp\/v2\/product\/4838","targetHints":{"allow":["GET"]}}],"collection":[{"href":"https:\/\/mountlaser.com\/vi\/wp-json\/wp\/v2\/product"}],"about":[{"href":"https:\/\/mountlaser.com\/vi\/wp-json\/wp\/v2\/types\/product"}],"replies":[{"embeddable":true,"href":"https:\/\/mountlaser.com\/vi\/wp-json\/wp\/v2\/comments?post=4838"}],"wp:featuredmedia":[{"embeddable":true,"href":"https:\/\/mountlaser.com\/vi\/wp-json\/wp\/v2\/media\/4841"}],"wp:attachment":[{"href":"https:\/\/mountlaser.com\/vi\/wp-json\/wp\/v2\/media?parent=4838"}],"wp:term":[{"taxonomy":"product_brand","embeddable":true,"href":"https:\/\/mountlaser.com\/vi\/wp-json\/wp\/v2\/product_brand?post=4838"},{"taxonomy":"product_cat","embeddable":true,"href":"https:\/\/mountlaser.com\/vi\/wp-json\/wp\/v2\/product_cat?post=4838"},{"taxonomy":"product_tag","embeddable":true,"href":"https:\/\/mountlaser.com\/vi\/wp-json\/wp\/v2\/product_tag?post=4838"}],"curies":[{"name":"trang web","href":"https:\/\/api.w.org\/{rel}","templated":true}]}}