{"id":4829,"date":"2025-11-25T03:15:48","date_gmt":"2025-11-25T03:15:48","guid":{"rendered":"https:\/\/mountlaser.com\/?post_type=product&#038;p=4829"},"modified":"2025-11-25T07:09:28","modified_gmt":"2025-11-25T07:09:28","slug":"mp096-mini-prism","status":"publish","type":"product","link":"https:\/\/mountlaser.com\/vi\/san-pham\/mp096-mini-prism\/","title":{"rendered":"L\u0103ng k\u00ednh mini MP096"},"content":{"rendered":"<p>C\u00e1i <a href=\"https:\/\/mountlaser.com\/vi\/danh-muc-san-pham\/reflective-target-prism\/\"><strong>L\u0103ng k\u00ednh mini MP096<\/strong><\/a> MP096 l\u00e0 gi\u1ea3i ph\u00e1p gi\u00e1m s\u00e1t nh\u1ecf g\u1ecdn, \u0111\u1ed9 ch\u00ednh x\u00e1c cao, \u0111\u01b0\u1ee3c thi\u1ebft k\u1ebf cho c\u00e1c \u1ee9ng d\u1ee5ng c\u00f3 kh\u00f4ng gian l\u1eafp \u0111\u1eb7t c\u1ef1c k\u1ef3 h\u1ea1n ch\u1ebf. \u0110\u01b0\u1ee3c thi\u1ebft k\u1ebf cho c\u00e1c m\u00f4i tr\u01b0\u1eddng kh\u1eafc nghi\u1ec7t nh\u01b0 \u0111\u01b0\u1eddng h\u1ea7m, c\u1ea7u v\u00e0 k\u1ebft c\u1ea5u \u0111\u01b0\u1eddng s\u1eaft, l\u0103ng k\u00ednh mini MP096 mang l\u1ea1i hi\u1ec7u su\u1ea5t \u0111o l\u01b0\u1eddng \u1ed5n \u0111\u1ecbnh, ch\u00ednh x\u00e1c trong m\u1ed9t h\u00ecnh d\u1ea1ng ch\u1eafc ch\u1eafn, nh\u1ecf g\u1ecdn. \u0110\u1eb7c \u0111i\u1ec3m n\u1ed5i b\u1eadt l\u00e0... <a href=\"https:\/\/mountlaser.com\/vi\/\"><strong>MP096 l\u0103ng k\u00ednh mini 25,4 mm<\/strong><\/a>, Thi\u1ebft b\u1ecb n\u00e0y \u0111\u1ea3m b\u1ea3o kh\u1ea3 n\u0103ng thu t\u00edn hi\u1ec7u tuy\u1ec7t v\u1eddi v\u00e0 s\u1ef1 c\u0103n ch\u1ec9nh nh\u1ea5t qu\u00e1n cho c\u00e1c nhi\u1ec7m v\u1ee5 gi\u00e1m s\u00e1t t\u1ea7m ng\u1eafn.<\/p>\n<p><img fetchpriority=\"high\" decoding=\"async\" class=\"aligncenter wp-image-4831\" src=\"https:\/\/mountlaser.com\/wp-content\/uploads\/2025\/11\/MP0962.webp\" alt=\"MP096 mini prism\" width=\"500\" height=\"500\" srcset=\"https:\/\/mountlaser.com\/wp-content\/uploads\/2025\/11\/MP0962.webp 1000w, https:\/\/mountlaser.com\/wp-content\/uploads\/2025\/11\/MP0962-300x300.webp 300w, https:\/\/mountlaser.com\/wp-content\/uploads\/2025\/11\/MP0962-400x400.webp 400w, https:\/\/mountlaser.com\/wp-content\/uploads\/2025\/11\/MP0962-800x800.webp 800w, https:\/\/mountlaser.com\/wp-content\/uploads\/2025\/11\/MP0962-600x600.webp 600w, https:\/\/mountlaser.com\/wp-content\/uploads\/2025\/11\/MP0962-150x150.webp 150w, https:\/\/mountlaser.com\/wp-content\/uploads\/2025\/11\/MP0962-768x768.webp 768w, https:\/\/mountlaser.com\/wp-content\/uploads\/2025\/11\/MP0962-12x12.webp 12w\" sizes=\"(max-width: 500px) 100vw, 500px\" \/><\/p>\n<p>\u0110\u01b0\u1ee3c ch\u1ebf t\u1ea1o v\u1edbi v\u1ecf b\u1eb1ng nh\u00f4m nguy\u00ean kh\u1ed1i, <a href=\"https:\/\/mountlaser.com\/vi\/about-us\/\">MP096 l\u0103ng k\u00ednh mini 25,4 mm<\/a> S\u1ea3n ph\u1ea9m mang l\u1ea1i \u0111\u1ed9 b\u1ec1n l\u00e2u d\u00e0i tr\u01b0\u1edbc c\u00e1c \u0111i\u1ec1u ki\u1ec7n m\u00f4i tr\u01b0\u1eddng kh\u1eafc nghi\u1ec7t. C\u1ea5u tr\u00fac nh\u1ecf g\u1ecdn \u2013 v\u1edbi \u0111\u1ebf 100 mm v\u00e0 t\u1ed5ng chi\u1ec1u cao ch\u1ec9 35 mm \u2013 cho ph\u00e9p c\u00e1c k\u1ef9 s\u01b0 kh\u1ea3o s\u00e1t l\u1eafp \u0111\u1eb7t l\u0103ng k\u00ednh mini MP096 trong c\u00e1c khu v\u1ef1c ch\u1eadt h\u1eb9p ho\u1eb7c h\u1ea1n ch\u1ebf m\u00e0 kh\u00f4ng b\u1ecb c\u1ea3n tr\u1edf. C\u00e1c t\u00f9y ch\u1ecdn l\u1eafp \u0111\u1eb7t linh ho\u1ea1t, bao g\u1ed3m l\u1eafp \u0111\u1eb7t b\u1eb1ng keo ho\u1eb7c ch\u1ed1t \u0111\u1ecbnh v\u1ecb, h\u1ed7 tr\u1ee3 c\u1ea3 thi\u1ebft l\u1eadp t\u1ea1m th\u1eddi v\u00e0 v\u0129nh vi\u1ec5n. \u0110\u1ec3 ph\u00f9 h\u1ee3p v\u1edbi c\u00e1c g\u00f3c \u0111o kh\u00e1c nhau, s\u1ea3n ph\u1ea9m c\u00f3 s\u1eb5n c\u00e1c m\u1eabu 30\u00b0 v\u00e0 45\u00b0, \u0111\u1ea3m b\u1ea3o kh\u1ea3 n\u0103ng quan s\u00e1t t\u1ed1i \u01b0u t\u1eeb nhi\u1ec1u v\u1ecb tr\u00ed ng\u1eafm kh\u00e1c nhau. Ho\u00e0n to\u00e0n t\u01b0\u01a1ng th\u00edch v\u1edbi h\u1ec7 th\u1ed1ng ATR, l\u0103ng k\u00ednh mini MP096 cung c\u1ea5p kh\u1ea3 n\u0103ng theo d\u00f5i \u0111\u00e1ng tin c\u1eady cho c\u00e1c \u1ee9ng d\u1ee5ng gi\u00e1m s\u00e1t chuy\u00ean nghi\u1ec7p.<\/p>","protected":false},"excerpt":{"rendered":"<ul>\n<li>Cung c\u1ea5p kh\u1ea3 n\u0103ng gi\u00e1m s\u00e1t t\u1ea7m ng\u1eafn ch\u00ednh x\u00e1c trong kh\u00f4ng gian h\u1eb9p ho\u1eb7c b\u1ecb h\u1ea1n ch\u1ebf.<\/li>\n<li>\u0110\u1ea3m b\u1ea3o \u0111\u1ed9 \u1ed5n \u0111\u1ecbnh l\u00e2u d\u00e0i v\u1edbi v\u1ecf nh\u00f4m ch\u1eafc ch\u1eafn.<\/li>\n<li>Cung c\u1ea5p kh\u1ea3 n\u0103ng thu t\u00edn hi\u1ec7u m\u1ea1nh m\u1ebd th\u00f4ng qua l\u0103ng k\u00ednh mini ch\u1ea5t l\u01b0\u1ee3ng cao 25,4 mm.<\/li>\n<li>H\u1ed7 tr\u1ee3 nhi\u1ec1u ph\u01b0\u01a1ng ph\u00e1p l\u1eafp \u0111\u1eb7t cho c\u00e1c y\u00eau c\u1ea7u d\u1ef1 \u00e1n kh\u00e1c nhau.<\/li>\n<li>Cho ph\u00e9p l\u1ef1a ch\u1ecdn g\u00f3c t\u1ed1i \u01b0u v\u1edbi c\u00e1c bi\u1ebfn th\u1ec3 l\u0103ng k\u00ednh 30\u00b0 v\u00e0 45\u00b0<\/li>\n<li>T\u00edch h\u1ee3p li\u1ec1n m\u1ea1ch v\u1edbi thi\u1ebft b\u1ecb \u0111o ATR \u0111\u1ec3 thu th\u1eadp d\u1eef li\u1ec7u hi\u1ec7u qu\u1ea3.<\/li>\n<\/ul>","protected":false},"featured_media":4830,"comment_status":"open","ping_status":"closed","template":"","meta":[],"product_brand":[],"product_cat":[112,72],"product_tag":[],"class_list":{"0":"post-4829","1":"product","2":"type-product","3":"status-publish","4":"has-post-thumbnail","6":"product_cat-monitoring-prism","7":"product_cat-reflective-target-prism","9":"first","10":"instock","11":"shipping-taxable","12":"product-type-simple"},"_links":{"self":[{"href":"https:\/\/mountlaser.com\/vi\/wp-json\/wp\/v2\/product\/4829","targetHints":{"allow":["GET"]}}],"collection":[{"href":"https:\/\/mountlaser.com\/vi\/wp-json\/wp\/v2\/product"}],"about":[{"href":"https:\/\/mountlaser.com\/vi\/wp-json\/wp\/v2\/types\/product"}],"replies":[{"embeddable":true,"href":"https:\/\/mountlaser.com\/vi\/wp-json\/wp\/v2\/comments?post=4829"}],"wp:featuredmedia":[{"embeddable":true,"href":"https:\/\/mountlaser.com\/vi\/wp-json\/wp\/v2\/media\/4830"}],"wp:attachment":[{"href":"https:\/\/mountlaser.com\/vi\/wp-json\/wp\/v2\/media?parent=4829"}],"wp:term":[{"taxonomy":"product_brand","embeddable":true,"href":"https:\/\/mountlaser.com\/vi\/wp-json\/wp\/v2\/product_brand?post=4829"},{"taxonomy":"product_cat","embeddable":true,"href":"https:\/\/mountlaser.com\/vi\/wp-json\/wp\/v2\/product_cat?post=4829"},{"taxonomy":"product_tag","embeddable":true,"href":"https:\/\/mountlaser.com\/vi\/wp-json\/wp\/v2\/product_tag?post=4829"}],"curies":[{"name":"trang web","href":"https:\/\/api.w.org\/{rel}","templated":true}]}}