{"id":4817,"date":"2025-11-25T02:54:25","date_gmt":"2025-11-25T02:54:25","guid":{"rendered":"https:\/\/mountlaser.com\/?post_type=product&#038;p=4817"},"modified":"2025-11-27T05:33:59","modified_gmt":"2025-11-27T05:33:59","slug":"mp095-mini-prism","status":"publish","type":"product","link":"https:\/\/mountlaser.com\/vi\/san-pham\/mp095-mini-prism\/","title":{"rendered":"L\u0103ng k\u00ednh mini MP095"},"content":{"rendered":"<p>C\u00e1i <a href=\"https:\/\/mountlaser.com\/vi\/danh-muc-san-pham\/reflective-target-prism\/\"><strong>L\u0103ng k\u00ednh mini MP095<\/strong><\/a> D\u00f2ng s\u1ea3n ph\u1ea9m n\u00e0y \u0111\u01b0\u1ee3c thi\u1ebft k\u1ebf \u0111\u1ec3 gi\u00e1m s\u00e1t t\u1ea7m ng\u1eafn trong c\u00e1c m\u00f4i tr\u01b0\u1eddng kh\u1eafc nghi\u1ec7t nh\u01b0 c\u1ea7u, \u0111\u01b0\u1eddng h\u1ea7m v\u00e0 c\u00f4ng tr\u01b0\u1eddng x\u00e2y d\u1ef1ng \u0111\u01b0\u1eddng s\u1eaft. \u0110\u01b0\u1ee3c thi\u1ebft k\u1ebf \u0111\u1ec3 c\u00f3 \u0111\u1ed9 \u1ed5n \u0111\u1ecbnh cao v\u00e0 k\u1ebft qu\u1ea3 \u0111o \u0111\u00e1ng tin c\u1eady, m\u1ed7i l\u0103ng k\u00ednh mini MP095 t\u00edch h\u1ee3p quang h\u1ecdc ch\u00ednh x\u00e1c trong m\u1ed9t v\u1ecf b\u1ecdc nh\u1ecf g\u1ecdn, ch\u1eafc ch\u1eafn \u0111\u1ec3 \u0111\u1ea3m b\u1ea3o hi\u1ec7u su\u1ea5t \u1ed5n \u0111\u1ecbnh trong \u0111i\u1ec1u ki\u1ec7n kh\u1eafc nghi\u1ec7t ngo\u00e0i hi\u1ec7n tr\u01b0\u1eddng.<\/p>\n<p>C\u00f3 \u0111\u1eb7c \u0111i\u1ec3m l\u00e0... <a href=\"https:\/\/mountlaser.com\/vi\/about-us\/\"><strong>\u1ed0ng k\u00ednh mini 12,7mm g\u1eafn tr\u00ean \u0111\u01b0\u1eddng ph\u1ed1 d\u00f9ng \u0111\u1ec3 gi\u00e1m s\u00e1t t\u00f2a nh\u00e0.<\/strong><\/a>, H\u1ec7 th\u1ed1ng n\u00e0y cung c\u1ea5p t\u00edn hi\u1ec7u ph\u1ea3n h\u1ed3i ch\u00ednh x\u00e1c ngay c\u1ea3 \u1edf nh\u1eefng v\u1ecb tr\u00ed ch\u1eadt h\u1eb9p ho\u1eb7c b\u1ecb c\u1ea3n tr\u1edf. Th\u00e2n l\u0103ng k\u00ednh \u0111\u01b0\u1ee3c l\u00e0m t\u1eeb nylon c\u01b0\u1eddng \u0111\u1ed9 cao, t\u1ea1o n\u00ean c\u1ea5u tr\u00fac nh\u1eb9 nh\u01b0ng r\u1ea5t b\u1ec1n, l\u00fd t\u01b0\u1edfng cho c\u00e1c nhi\u1ec7m v\u1ee5 gi\u00e1m s\u00e1t li\u00ean t\u1ee5c.<\/p>\n<p>Ng\u01b0\u1eddi d\u00f9ng c\u00f3 th\u1ec3 l\u1ef1a ch\u1ecdn \u0111\u1ed9 ch\u00ednh x\u00e1c l\u0103ng k\u00ednh 2\u2033 ho\u1eb7c 3\u20134\u2033, c\u00f9ng v\u1edbi c\u00e1c t\u00f9y ch\u1ecdn l\u1edbp ph\u1ee7 bao g\u1ed3m l\u0103ng k\u00ednh ph\u1ee7 \u0111\u1ed3ng ti\u00eau chu\u1ea9n ho\u1eb7c l\u0103ng k\u00ednh ph\u1ee7 b\u1ea1c t\u00f9y ch\u1ecdn \u0111\u1ec3 t\u0103ng c\u01b0\u1eddng kh\u1ea3 n\u0103ng ph\u1ea3n x\u1ea1. \u0110\u1ebf ch\u1eafc ch\u1eafn 80 mm \u0111\u1ea3m b\u1ea3o g\u1eafn k\u1ebft an to\u00e0n tr\u00ean nhi\u1ec1u b\u1ec1 m\u1eb7t kh\u00e1c nhau, cho ph\u00e9p \u0111o l\u01b0\u1eddng \u0111\u00e1ng tin c\u1eady trong th\u1eddi gian d\u00e0i.<\/p>\n<figure id=\"attachment_4820\" aria-describedby=\"caption-attachment-4820\" style=\"width: 500px\" class=\"wp-caption aligncenter\"><img fetchpriority=\"high\" decoding=\"async\" class=\"wp-image-4820\" src=\"https:\/\/mountlaser.com\/wp-content\/uploads\/2025\/11\/MP095SM3.webp\" alt=\"MP095SM mini prism\" width=\"500\" height=\"500\" srcset=\"https:\/\/mountlaser.com\/wp-content\/uploads\/2025\/11\/MP095SM3.webp 1000w, https:\/\/mountlaser.com\/wp-content\/uploads\/2025\/11\/MP095SM3-300x300.webp 300w, https:\/\/mountlaser.com\/wp-content\/uploads\/2025\/11\/MP095SM3-400x400.webp 400w, https:\/\/mountlaser.com\/wp-content\/uploads\/2025\/11\/MP095SM3-800x800.webp 800w, https:\/\/mountlaser.com\/wp-content\/uploads\/2025\/11\/MP095SM3-600x600.webp 600w, https:\/\/mountlaser.com\/wp-content\/uploads\/2025\/11\/MP095SM3-150x150.webp 150w, https:\/\/mountlaser.com\/wp-content\/uploads\/2025\/11\/MP095SM3-768x768.webp 768w, https:\/\/mountlaser.com\/wp-content\/uploads\/2025\/11\/MP095SM3-12x12.webp 12w\" sizes=\"(max-width: 500px) 100vw, 500px\" \/><figcaption id=\"caption-attachment-4820\" class=\"wp-caption-text\">L\u0103ng k\u00ednh mini MP095SM<\/figcaption><\/figure>\n<figure id=\"attachment_4826\" aria-describedby=\"caption-attachment-4826\" style=\"width: 500px\" class=\"wp-caption aligncenter\"><img decoding=\"async\" class=\"wp-image-4826\" src=\"https:\/\/mountlaser.com\/wp-content\/uploads\/2025\/11\/MP095SS4.webp\" alt=\"MP095SS mini prism\" width=\"500\" height=\"500\" srcset=\"https:\/\/mountlaser.com\/wp-content\/uploads\/2025\/11\/MP095SS4.webp 1000w, https:\/\/mountlaser.com\/wp-content\/uploads\/2025\/11\/MP095SS4-300x300.webp 300w, https:\/\/mountlaser.com\/wp-content\/uploads\/2025\/11\/MP095SS4-400x400.webp 400w, https:\/\/mountlaser.com\/wp-content\/uploads\/2025\/11\/MP095SS4-800x800.webp 800w, https:\/\/mountlaser.com\/wp-content\/uploads\/2025\/11\/MP095SS4-600x600.webp 600w, https:\/\/mountlaser.com\/wp-content\/uploads\/2025\/11\/MP095SS4-150x150.webp 150w, https:\/\/mountlaser.com\/wp-content\/uploads\/2025\/11\/MP095SS4-768x768.webp 768w, https:\/\/mountlaser.com\/wp-content\/uploads\/2025\/11\/MP095SS4-12x12.webp 12w\" sizes=\"(max-width: 500px) 100vw, 500px\" \/><figcaption id=\"caption-attachment-4826\" class=\"wp-caption-text\">L\u0103ng k\u00ednh mini MP095SS<\/figcaption><\/figure>\n<p><a href=\"https:\/\/mountlaser.com\/vi\/contact-us\/\">Nhi\u1ec1u c\u1ea5u h\u00ecnh<\/a>\u2014bao g\u1ed3m MP095SM (l\u0103ng k\u00ednh t\u00e2m), MP095SS (l\u0103ng k\u00ednh \u0111\u1eb7t b\u00ean) v\u00e0 MP095D (l\u0103ng k\u00ednh k\u00e9p)\u2014\u0111\u1ea3m b\u1ea3o l\u0103ng k\u00ednh mini MP095 v\u00e0 l\u0103ng k\u00ednh mini gi\u00e1m s\u00e1t c\u00f4ng tr\u00ecnh g\u1eafn tr\u00ean \u0111\u01b0\u1eddng ph\u1ed1 12,7mm \u0111\u00e1p \u1ee9ng nhu c\u1ea7u \u0111a d\u1ea1ng c\u1ee7a c\u00e1c chuy\u00ean gia kh\u1ea3o s\u00e1t v\u00e0 gi\u00e1m s\u00e1t k\u1ebft c\u1ea5u.<\/p>","protected":false},"excerpt":{"rendered":"<ul>\n<li>Cung c\u1ea5p kh\u1ea3 n\u0103ng \u0111o l\u01b0\u1eddng ch\u00ednh x\u00e1c \u1edf c\u1ef1 ly ng\u1eafn \u0111\u1ec3 gi\u00e1m s\u00e1t k\u1ebft c\u1ea5u v\u00e0 \u0111\u1ecba k\u1ef9 thu\u1eadt.<\/li>\n<li>\u0110\u1ea3m b\u1ea3o t\u00edn hi\u1ec7u ph\u1ea3n h\u1ed3i quang \u1ed5n \u0111\u1ecbnh v\u00e0 \u0111\u00e1ng tin c\u1eady trong m\u00f4i tr\u01b0\u1eddng kh\u1eafc nghi\u1ec7t.<\/li>\n<li>H\u1ed7 tr\u1ee3 nhi\u1ec1u h\u01b0\u1edbng l\u1eafp \u0111\u1eb7t kh\u00e1c nhau cho ph\u00e9p thi\u1ebft l\u1eadp gi\u00e1m s\u00e1t linh ho\u1ea1t.<\/li>\n<li>Mang l\u1ea1i hi\u1ec7u su\u1ea5t \u1ed5n \u0111\u1ecbnh nh\u1edd th\u1ea5u k\u00ednh th\u1ee7y tinh ch\u1ea5t l\u01b0\u1ee3ng cao v\u00e0 v\u1ecf b\u1ecdc b\u1ec1n ch\u1eafc.<\/li>\n<\/ul>","protected":false},"featured_media":4823,"comment_status":"open","ping_status":"closed","template":"","meta":[],"product_brand":[],"product_cat":[112,72],"product_tag":[],"class_list":{"0":"post-4817","1":"product","2":"type-product","3":"status-publish","4":"has-post-thumbnail","6":"product_cat-monitoring-prism","7":"product_cat-reflective-target-prism","9":"first","10":"instock","11":"shipping-taxable","12":"product-type-simple"},"_links":{"self":[{"href":"https:\/\/mountlaser.com\/vi\/wp-json\/wp\/v2\/product\/4817","targetHints":{"allow":["GET"]}}],"collection":[{"href":"https:\/\/mountlaser.com\/vi\/wp-json\/wp\/v2\/product"}],"about":[{"href":"https:\/\/mountlaser.com\/vi\/wp-json\/wp\/v2\/types\/product"}],"replies":[{"embeddable":true,"href":"https:\/\/mountlaser.com\/vi\/wp-json\/wp\/v2\/comments?post=4817"}],"wp:featuredmedia":[{"embeddable":true,"href":"https:\/\/mountlaser.com\/vi\/wp-json\/wp\/v2\/media\/4823"}],"wp:attachment":[{"href":"https:\/\/mountlaser.com\/vi\/wp-json\/wp\/v2\/media?parent=4817"}],"wp:term":[{"taxonomy":"product_brand","embeddable":true,"href":"https:\/\/mountlaser.com\/vi\/wp-json\/wp\/v2\/product_brand?post=4817"},{"taxonomy":"product_cat","embeddable":true,"href":"https:\/\/mountlaser.com\/vi\/wp-json\/wp\/v2\/product_cat?post=4817"},{"taxonomy":"product_tag","embeddable":true,"href":"https:\/\/mountlaser.com\/vi\/wp-json\/wp\/v2\/product_tag?post=4817"}],"curies":[{"name":"trang web","href":"https:\/\/api.w.org\/{rel}","templated":true}]}}