{"id":4810,"date":"2025-11-25T01:54:35","date_gmt":"2025-11-25T01:54:35","guid":{"rendered":"https:\/\/mountlaser.com\/?post_type=product&#038;p=4810"},"modified":"2025-11-25T07:12:46","modified_gmt":"2025-11-25T07:12:46","slug":"rt111-reflective-target","status":"publish","type":"product","link":"https:\/\/mountlaser.com\/vi\/san-pham\/rt111-reflective-target\/","title":{"rendered":"M\u1ee5c ti\u00eau ph\u1ea3n quang RT111"},"content":{"rendered":"<p>C\u00e1i <a href=\"https:\/\/mountlaser.com\/vi\/danh-muc-san-pham\/reflective-target-prism\/\"><strong>M\u1ee5c ti\u00eau ph\u1ea3n quang RT111<\/strong><\/a> D\u00f2ng s\u1ea3n ph\u1ea9m n\u00e0y \u0111\u01b0\u1ee3c thi\u1ebft k\u1ebf cho c\u00e1c \u1ee9ng d\u1ee5ng gi\u00e1m s\u00e1t \u0111\u1ed9 ch\u00ednh x\u00e1c cao, \u0111\u1eb7c bi\u1ec7t d\u00e0nh cho c\u00e1c h\u1ec7 th\u1ed1ng gi\u00e1m s\u00e1t to\u00e0n \u0111\u1ea1c ki\u1ec3u Th\u1ee5y S\u0129. \u0110\u01b0\u1ee3c ch\u1ebf t\u1ea1o v\u1edbi th\u00e2n b\u1eb1ng nh\u00f4m gia c\u00f4ng ch\u00ednh x\u00e1c, m\u1ed7i m\u1ee5c ti\u00eau ph\u1ea3n x\u1ea1 RT111 mang l\u1ea1i \u0111\u1ed9 b\u1ec1n l\u00e2u d\u00e0i, \u0111\u1ed9 \u1ed5n \u0111\u1ecbnh v\u01b0\u1ee3t tr\u1ed9i v\u00e0 \u0111\u1ed9 ch\u00ednh x\u00e1c v\u1ecb tr\u00ed \u0111\u00e1ng tin c\u1eady trong c\u00e1c m\u00f4i tr\u01b0\u1eddng hi\u1ec7n tr\u01b0\u1eddng kh\u1eafc nghi\u1ec7t.<\/p>\n<p>V\u1edbi b\u0103ng ph\u1ea3n quang c\u00f3 \u0111\u1ed9 hi\u1ec3n th\u1ecb cao v\u00e0 \u0111\u1ebf t\u1eeb t\u00ednh t\u00edch h\u1ee3p, s\u1ea3n ph\u1ea9m n\u00e0y <a href=\"https:\/\/mountlaser.com\/vi\/about-us\/\"><strong>M\u1ee5c ti\u00eau ph\u1ea3n x\u1ea1 t\u1eeb t\u00ednh RT111<\/strong><\/a> C\u00e1c m\u1eabu n\u00e0y cho ph\u00e9p g\u1eafn nhanh ch\u00f3ng v\u00e0 ch\u1eafc ch\u1eafn v\u00e0o c\u00e1c b\u1ec1 m\u1eb7t kim lo\u1ea1i, \u0111\u1ea3m b\u1ea3o s\u1ef1 c\u0103n ch\u1ec9nh nh\u1ea5t qu\u00e1n trong su\u1ed1t qu\u00e1 tr\u00ecnh gi\u00e1m s\u00e1t li\u00ean t\u1ee5c. V\u1edbi \u0111\u01b0\u1eddng k\u00ednh ngo\u00e0i nh\u1ecf g\u1ecdn 20 mm, m\u1ee5c ti\u00eau ph\u1ea3n x\u1ea1 t\u1eeb t\u00ednh RT111 d\u1ec5 d\u00e0ng l\u1eafp \u0111\u1eb7t \u1edf nh\u1eefng v\u1ecb tr\u00ed ch\u1eadt h\u1eb9p ho\u1eb7c k\u00edn \u0111\u00e1o m\u00e0 kh\u00f4ng \u1ea3nh h\u01b0\u1edfng \u0111\u1ebfn hi\u1ec7u su\u1ea5t \u0111o l\u01b0\u1eddng.<\/p>\n<p><img fetchpriority=\"high\" decoding=\"async\" class=\"aligncenter wp-image-4813\" src=\"https:\/\/mountlaser.com\/wp-content\/uploads\/2025\/11\/RT1113.webp\" alt=\"RT111 Reflective Target\" width=\"500\" height=\"500\" srcset=\"https:\/\/mountlaser.com\/wp-content\/uploads\/2025\/11\/RT1113.webp 1000w, https:\/\/mountlaser.com\/wp-content\/uploads\/2025\/11\/RT1113-300x300.webp 300w, https:\/\/mountlaser.com\/wp-content\/uploads\/2025\/11\/RT1113-400x400.webp 400w, https:\/\/mountlaser.com\/wp-content\/uploads\/2025\/11\/RT1113-800x800.webp 800w, https:\/\/mountlaser.com\/wp-content\/uploads\/2025\/11\/RT1113-600x600.webp 600w, https:\/\/mountlaser.com\/wp-content\/uploads\/2025\/11\/RT1113-150x150.webp 150w, https:\/\/mountlaser.com\/wp-content\/uploads\/2025\/11\/RT1113-768x768.webp 768w, https:\/\/mountlaser.com\/wp-content\/uploads\/2025\/11\/RT1113-12x12.webp 12w\" sizes=\"(max-width: 500px) 100vw, 500px\" \/><\/p>\n<p>C\u00f3 s\u1eb5n trong <a href=\"https:\/\/mountlaser.com\/vi\/contact-us\/\">nhi\u1ec1u h\u01b0\u1edbng<\/a>\u2014bao g\u1ed3m c\u1ea3 c\u00e1c g\u00f3c ngang, 45 \u0111\u1ed9 v\u00e0 th\u1eb3ng \u0111\u1ee9ng\u2014d\u00f2ng s\u1ea3n ph\u1ea9m m\u1ee5c ti\u00eau ph\u1ea3n x\u1ea1 RT111 h\u1ed7 tr\u1ee3 c\u00e1c k\u1ecbch b\u1ea3n l\u1eafp \u0111\u1eb7t linh ho\u1ea1t, mang l\u1ea1i hi\u1ec7u su\u1ea5t \u0111\u00e1ng tin c\u1eady cho vi\u1ec7c gi\u00e1m s\u00e1t k\u1ebft c\u1ea5u, theo d\u00f5i bi\u1ebfn d\u1ea1ng v\u00e0 quy tr\u00ecnh \u0111o l\u01b0\u1eddng ch\u00ednh x\u00e1c.<\/p>","protected":false},"excerpt":{"rendered":"<ul>\n<li>Cung c\u1ea5p kh\u1ea3 n\u0103ng c\u0103n ch\u1ec9nh ph\u1ea3n x\u1ea1 ch\u00ednh x\u00e1c cho c\u00e1c h\u1ec7 th\u1ed1ng gi\u00e1m s\u00e1t to\u00e0n \u0111\u1ea1c ki\u1ec3u Th\u1ee5y S\u0129.<\/li>\n<li>B\u0103ng ph\u1ea3n quang c\u00f3 \u0111\u1ed9 hi\u1ec3n th\u1ecb cao \u0111\u1ea3m b\u1ea3o vi\u1ec7c nh\u1eafm m\u1ee5c ti\u00eau ch\u00ednh x\u00e1c v\u00e0 nh\u1ea5t qu\u00e1n.<\/li>\n<li>\u0110\u1ebf t\u1eeb t\u00ednh cho ph\u00e9p g\u1eafn nhanh ch\u00f3ng v\u00e0 ch\u1eafc ch\u1eafn l\u00ean b\u1ec1 m\u1eb7t kim lo\u1ea1i.<\/li>\n<li>\u0110\u01b0\u1eddng k\u00ednh nh\u1ecf g\u1ecdn 20 mm cho ph\u00e9p l\u1eafp \u0111\u1eb7t trong kh\u00f4ng gian h\u1ea1n h\u1eb9p.<\/li>\n<li>C\u00f3 nhi\u1ec1u g\u00f3c \u0111\u1ed9 kh\u00e1c nhau (0\u00b0, 45\u00b0, 90\u00b0) \u0111\u1ec3 \u0111\u1ecbnh v\u1ecb linh ho\u1ea1t.<\/li>\n<li>\u0110\u1ea3m b\u1ea3o hi\u1ec7u su\u1ea5t \u1ed5n \u0111\u1ecbnh, l\u00e2u d\u00e0i trong c\u00e1c \u1ee9ng d\u1ee5ng gi\u00e1m s\u00e1t k\u1ebft c\u1ea5u v\u00e0 tr\u1eafc \u0111\u1ecba.<\/li>\n<\/ul>","protected":false},"featured_media":4811,"comment_status":"open","ping_status":"closed","template":"","meta":[],"product_brand":[],"product_cat":[72,104],"product_tag":[],"class_list":{"0":"post-4810","1":"product","2":"type-product","3":"status-publish","4":"has-post-thumbnail","6":"product_cat-reflective-target-prism","7":"product_cat-reflective-target","9":"first","10":"instock","11":"shipping-taxable","12":"product-type-simple"},"_links":{"self":[{"href":"https:\/\/mountlaser.com\/vi\/wp-json\/wp\/v2\/product\/4810","targetHints":{"allow":["GET"]}}],"collection":[{"href":"https:\/\/mountlaser.com\/vi\/wp-json\/wp\/v2\/product"}],"about":[{"href":"https:\/\/mountlaser.com\/vi\/wp-json\/wp\/v2\/types\/product"}],"replies":[{"embeddable":true,"href":"https:\/\/mountlaser.com\/vi\/wp-json\/wp\/v2\/comments?post=4810"}],"wp:featuredmedia":[{"embeddable":true,"href":"https:\/\/mountlaser.com\/vi\/wp-json\/wp\/v2\/media\/4811"}],"wp:attachment":[{"href":"https:\/\/mountlaser.com\/vi\/wp-json\/wp\/v2\/media?parent=4810"}],"wp:term":[{"taxonomy":"product_brand","embeddable":true,"href":"https:\/\/mountlaser.com\/vi\/wp-json\/wp\/v2\/product_brand?post=4810"},{"taxonomy":"product_cat","embeddable":true,"href":"https:\/\/mountlaser.com\/vi\/wp-json\/wp\/v2\/product_cat?post=4810"},{"taxonomy":"product_tag","embeddable":true,"href":"https:\/\/mountlaser.com\/vi\/wp-json\/wp\/v2\/product_tag?post=4810"}],"curies":[{"name":"trang web","href":"https:\/\/api.w.org\/{rel}","templated":true}]}}