{"id":4801,"date":"2025-11-25T01:20:38","date_gmt":"2025-11-25T01:20:38","guid":{"rendered":"https:\/\/mountlaser.com\/?post_type=product&#038;p=4801"},"modified":"2025-11-25T07:23:25","modified_gmt":"2025-11-25T07:23:25","slug":"pb254-corner-cube-prism","status":"publish","type":"product","link":"https:\/\/mountlaser.com\/vi\/san-pham\/pb254-corner-cube-prism\/","title":{"rendered":"PB254 H\u00ecnh l\u0103ng tr\u1ee5 g\u00f3c"},"content":{"rendered":"<p>Gi\u1edbi thi\u1ec7u <a href=\"https:\/\/mountlaser.com\/vi\/danh-muc-san-pham\/reflective-target-prism\/\"><strong>PB254 H\u00ecnh l\u0103ng tr\u1ee5 g\u00f3c<\/strong><\/a>, M\u1ed9t linh ki\u1ec7n quang h\u1ecdc \u0111\u1ed9 ch\u00ednh x\u00e1c cao \u0111\u01b0\u1ee3c thi\u1ebft k\u1ebf cho c\u00e1c \u1ee9ng d\u1ee5ng \u0111o l\u01b0\u1eddng, c\u0103n ch\u1ec9nh v\u00e0 laser \u0111\u00f2i h\u1ecfi \u0111\u1ed9 ch\u00ednh x\u00e1c ph\u1ea3n x\u1ea1 ch\u00f9m tia v\u01b0\u1ee3t tr\u1ed9i. \u0110\u01b0\u1ee3c thi\u1ebft k\u1ebf v\u1edbi...<a href=\"https:\/\/mountlaser.com\/vi\/contact-us\/\"> <strong>L\u0103ng tr\u1ee5 g\u00f3c 25,4mm<\/strong> <\/a>V\u1edbi c\u1ea5u tr\u00fac n\u00e0y, l\u0103ng k\u00ednh h\u00ecnh l\u1eadp ph\u01b0\u01a1ng g\u00f3c PB254 cung c\u1ea5p hi\u1ec7u su\u1ea5t ph\u1ea3n x\u1ea1 ng\u01b0\u1ee3c \u1ed5n \u0111\u1ecbnh v\u00e0 nh\u1ea5t qu\u00e1n, ngay c\u1ea3 trong m\u00f4i tr\u01b0\u1eddng kh\u1eafc nghi\u1ec7t.<br \/>\nD\u00f9 \u0111\u01b0\u1ee3c s\u1eed d\u1ee5ng trong c\u00e1c thi\u1ebft b\u1ecb \u0111o \u0111\u1ea1c, h\u1ec7 th\u1ed1ng c\u0103n ch\u1ec9nh hay c\u00e1c \u1ee9ng d\u1ee5ng khoa h\u1ecdc, l\u0103ng k\u00ednh g\u00f3c vu\u00f4ng PB254 \u0111\u1ea3m b\u1ea3o ph\u1ea3n x\u1ea1 ch\u00f9m tia \u0111\u00e1ng tin c\u1eady, kh\u00f4ng b\u1ecb m\u00e9o m\u00f3 \u1edf kho\u1ea3ng c\u00e1ch xa. Nh\u1edd kh\u1ea9u \u0111\u1ed9 25,4mm, l\u0103ng k\u00ednh g\u00f3c vu\u00f4ng 25,4mm n\u00e0y mang l\u1ea1i \u0111\u1ed9 \u1ed5n \u0111\u1ecbnh quang h\u1ecdc tuy\u1ec7t v\u1eddi v\u00e0 \u0111\u1ed9 ph\u1ea3n x\u1ea1 cao.<\/p>\n<p><img fetchpriority=\"high\" decoding=\"async\" class=\"aligncenter wp-image-4803\" src=\"https:\/\/mountlaser.com\/wp-content\/uploads\/2025\/11\/PB254-2.webp\" alt=\"PB254 Corner Cube Prism\" width=\"500\" height=\"500\" srcset=\"https:\/\/mountlaser.com\/wp-content\/uploads\/2025\/11\/PB254-2.webp 1000w, https:\/\/mountlaser.com\/wp-content\/uploads\/2025\/11\/PB254-2-300x300.webp 300w, https:\/\/mountlaser.com\/wp-content\/uploads\/2025\/11\/PB254-2-400x400.webp 400w, https:\/\/mountlaser.com\/wp-content\/uploads\/2025\/11\/PB254-2-800x800.webp 800w, https:\/\/mountlaser.com\/wp-content\/uploads\/2025\/11\/PB254-2-600x600.webp 600w, https:\/\/mountlaser.com\/wp-content\/uploads\/2025\/11\/PB254-2-150x150.webp 150w, https:\/\/mountlaser.com\/wp-content\/uploads\/2025\/11\/PB254-2-768x768.webp 768w, https:\/\/mountlaser.com\/wp-content\/uploads\/2025\/11\/PB254-2-12x12.webp 12w\" sizes=\"(max-width: 500px) 100vw, 500px\" \/><\/p>\n<p>\u0110\u01b0\u1ee3c thi\u1ebft k\u1ebf d\u00e0nh cho c\u00e1c chuy\u00ean gia \u0111\u00f2i h\u1ecfi \u0111\u1ed9 ch\u00ednh x\u00e1c, \u0111\u1ed9 b\u1ec1n v\u00e0 hi\u1ec7u su\u1ea5t \u0111\u00e1ng tin c\u1eady, <a href=\"https:\/\/mountlaser.com\/vi\/about-us\/\">PB254 H\u00ecnh l\u0103ng tr\u1ee5 g\u00f3c<\/a> T\u00edch h\u1ee3p li\u1ec1n m\u1ea1ch v\u00e0o nhi\u1ec1u h\u1ec7 th\u1ed1ng quang h\u1ecdc kh\u00e1c nhau.<\/p>","protected":false},"excerpt":{"rendered":"<ul>\n<li>Ph\u1ea3n x\u1ea1 ng\u01b0\u1ee3c ch\u00f9m tia ch\u00ednh x\u00e1c: Chuy\u1ec3n h\u01b0\u1edbng c\u00e1c ch\u00f9m tia laser t\u1edbi tr\u1edf l\u1ea1i ngu\u1ed3n v\u1edbi \u0111\u1ed9 l\u1ec7ch c\u1ef1c th\u1ea5p.<\/li>\n<li>Thi\u1ebft k\u1ebf kh\u1ea9u \u0111\u1ed9 25,4mm: \u0110\u1ea3m b\u1ea3o \u0111\u1ed9 ph\u1ea3n x\u1ea1 cao v\u00e0 hi\u1ec7u su\u1ea5t \u1ed5n \u0111\u1ecbnh \u1edf t\u1ea7m xa.<\/li>\n<li>T\u00edch h\u1ee3p \u0111a n\u0103ng: Ph\u00f9 h\u1ee3p v\u1edbi thi\u1ebft b\u1ecb kh\u1ea3o s\u00e1t, h\u1ec7 th\u1ed1ng c\u0103n ch\u1ec9nh, ki\u1ec3m tra quang h\u1ecdc v\u00e0 c\u00e1c c\u00f4ng c\u1ee5 \u0111o l\u01b0\u1eddng ch\u00ednh x\u00e1c.<\/li>\n<li>Ch\u1ea5t l\u01b0\u1ee3ng b\u1ec1 m\u1eb7t cao: Thi\u1ebft k\u1ebf PB254 mang l\u1ea1i \u0111\u1ed9 ph\u1eb3ng quang h\u1ecdc tuy\u1ec7t v\u1eddi v\u00e0 sai s\u1ed1 g\u00f3c t\u1ed1i thi\u1ec3u.<\/li>\n<li>K\u1ebft c\u1ea5u b\u1ec1n ch\u1eafc: \u0110\u01b0\u1ee3c ch\u1ebf t\u1ea1o cho m\u00f4i tr\u01b0\u1eddng l\u00e0m vi\u1ec7c chuy\u00ean nghi\u1ec7p v\u00e0 c\u00f4ng nghi\u1ec7p, \u0111\u00f2i h\u1ecfi \u0111\u1ed9 \u1ed5n \u0111\u1ecbnh l\u00e2u d\u00e0i.<\/li>\n<\/ul>","protected":false},"featured_media":4809,"comment_status":"open","ping_status":"closed","template":"","meta":[],"product_brand":[],"product_cat":[105,72],"product_tag":[],"class_list":{"0":"post-4801","1":"product","2":"type-product","3":"status-publish","4":"has-post-thumbnail","6":"product_cat-corner-cube-prisms","7":"product_cat-reflective-target-prism","9":"first","10":"instock","11":"shipping-taxable","12":"product-type-simple"},"_links":{"self":[{"href":"https:\/\/mountlaser.com\/vi\/wp-json\/wp\/v2\/product\/4801","targetHints":{"allow":["GET"]}}],"collection":[{"href":"https:\/\/mountlaser.com\/vi\/wp-json\/wp\/v2\/product"}],"about":[{"href":"https:\/\/mountlaser.com\/vi\/wp-json\/wp\/v2\/types\/product"}],"replies":[{"embeddable":true,"href":"https:\/\/mountlaser.com\/vi\/wp-json\/wp\/v2\/comments?post=4801"}],"wp:featuredmedia":[{"embeddable":true,"href":"https:\/\/mountlaser.com\/vi\/wp-json\/wp\/v2\/media\/4809"}],"wp:attachment":[{"href":"https:\/\/mountlaser.com\/vi\/wp-json\/wp\/v2\/media?parent=4801"}],"wp:term":[{"taxonomy":"product_brand","embeddable":true,"href":"https:\/\/mountlaser.com\/vi\/wp-json\/wp\/v2\/product_brand?post=4801"},{"taxonomy":"product_cat","embeddable":true,"href":"https:\/\/mountlaser.com\/vi\/wp-json\/wp\/v2\/product_cat?post=4801"},{"taxonomy":"product_tag","embeddable":true,"href":"https:\/\/mountlaser.com\/vi\/wp-json\/wp\/v2\/product_tag?post=4801"}],"curies":[{"name":"trang web","href":"https:\/\/api.w.org\/{rel}","templated":true}]}}