{"id":4791,"date":"2025-11-21T09:07:18","date_gmt":"2025-11-21T09:07:18","guid":{"rendered":"https:\/\/mountlaser.com\/?post_type=product&#038;p=4791"},"modified":"2025-11-25T07:45:48","modified_gmt":"2025-11-25T07:45:48","slug":"rotary-laser-krl-640","status":"publish","type":"product","link":"https:\/\/mountlaser.com\/vi\/san-pham\/rotary-laser-krl-640\/","title":{"rendered":"M\u00e1y c\u1eaft laser xoay KRL-640"},"content":{"rendered":"<p>C\u00e1i <a href=\"https:\/\/mountlaser.com\/vi\/\">G\u1eafn laser<\/a> KRL-640 \u0111\u1ea1i di\u1ec7n cho \u0111\u1ec9nh cao c\u1ee7a s\u1ef1 \u0111\u1ed5i m\u1edbi v\u00e0 \u0111\u1ed9 ch\u00ednh x\u00e1c trong c\u00f4ng ngh\u1ec7 b\u1ed1 tr\u00ed m\u1eb7t b\u1eb1ng. \u0110\u01b0\u1ee3c thi\u1ebft k\u1ebf cho c\u00e1c d\u1ef1 \u00e1n san l\u1ea5p m\u1eb7t b\u1eb1ng v\u00e0 x\u00e2y d\u1ef1ng \u0111\u00f2i h\u1ecfi kh\u1eaft khe nh\u1ea5t, c\u00f4ng c\u1ee5 n\u00e0y l\u00e0 m\u1ed9t b\u1ed9 d\u1ee5ng c\u1ee5 laser xoay hai \u0111\u1ed9 d\u1ed1c to\u00e0n di\u1ec7n, cung c\u1ea5p kh\u1ea3 n\u0103ng \u0111i\u1ec1u khi\u1ec3n v\u00e0 \u0111\u1ed9 ch\u00ednh x\u00e1c v\u01b0\u1ee3t tr\u1ed9i. <a href=\"https:\/\/mountlaser.com\/vi\/danh-muc-san-pham\/rotary-laser\/\"><strong>M\u00e1y c\u1eaft laser xoay KRL-640<\/strong><\/a> Thi\u1ebft b\u1ecb ho\u1ea1t \u0111\u1ed9ng nh\u01b0 m\u1ed9t m\u00e1y \u0111o laser xoay ngang v\u00e0 d\u1ecdc \u0111i\u1ec7n t\u1eed ti\u00ean ti\u1ebfn, s\u1eed d\u1ee5ng h\u1ec7 th\u1ed1ng c\u00e2n b\u1eb1ng hi\u1ec7n \u0111\u1ea1i v\u1edbi hai con quay h\u1ed3i chuy\u1ec3n v\u00e0 ba c\u1ea3m bi\u1ebfn \u0111i\u1ec7n t\u1eed ri\u00eang bi\u1ec7t \u0111\u1ec3 \u0111\u1ea1t \u0111\u01b0\u1ee3c \u0111\u1ed9 ch\u00ednh x\u00e1c c\u00e2n b\u1eb1ng t\u1ed1t nh\u1ea5t trong c\u00f9ng ph\u00e2n kh\u00fac l\u00e0 \u00b10,25mm\/10m.<\/p>\n<p>\u0110\u00e2y l\u00e0 s\u1ea3n ph\u1ea9m \u0111a n\u0103ng <a href=\"https:\/\/mountlaser.com\/vi\/about-us\/\"><strong>B\u1ed9 d\u1ee5ng c\u1ee5 laser xoay hai d\u1ed1c<\/strong><\/a> \u0110\u01b0\u1ee3c thi\u1ebft k\u1ebf \u0111\u1ec3 mang l\u1ea1i s\u1ef1 ti\u1ec7n l\u1ee3i v\u00e0 hi\u1ec7u su\u1ea5t t\u1ed1i \u01b0u trong th\u1ef1c \u0111\u1ecba. N\u00f3 chi\u1ebfu m\u1ed9t m\u1eb7t ph\u1eb3ng 360 \u0111\u1ed9 ho\u00e0n h\u1ea3o theo c\u1ea3 h\u01b0\u1edbng ngang v\u00e0 d\u1ecdc, cung c\u1ea5p cho b\u1ea1n m\u1ed9t h\u1ec7 th\u1ed1ng tham chi\u1ebfu kh\u00f4ng gian ho\u00e0n ch\u1ec9nh. B\u1ed9 \u0111i\u1ec1u khi\u1ec3n t\u1eeb xa RC200 \u0111i k\u00e8m cho ph\u00e9p b\u1ea1n qu\u1ea3n l\u00fd t\u1ea5t c\u1ea3 c\u00e1c ch\u1ee9c n\u0103ng, bao g\u1ed3m c\u1ea3 \u0111i\u1ec1u ch\u1ec9nh \u0111\u1ed9 d\u1ed1c hai chi\u1ec1u ch\u00ednh x\u00e1c, t\u1eeb kho\u1ea3ng c\u00e1ch \u1ea5n t\u01b0\u1ee3ng l\u00ean \u0111\u1ebfn 300 m\u00e9t. L\u00e0 m\u1ed9t m\u00e1y laser quay ngang v\u00e0 d\u1ecdc \u0111i\u1ec7n t\u1eed m\u1ea1nh m\u1ebd v\u1edbi x\u1ebfp h\u1ea1ng b\u1ea3o v\u1ec7 IP66, KRL-640 \u0111\u01b0\u1ee3c ch\u1ebf t\u1ea1o \u0111\u1ec3 ch\u1ecbu \u0111\u01b0\u1ee3c c\u00e1c \u0111i\u1ec1u ki\u1ec7n ngo\u00e0i tr\u1eddi kh\u1eafc nghi\u1ec7t nh\u1ea5t, \u0111\u1ea3m b\u1ea3o ho\u1ea1t \u0111\u1ed9ng \u0111\u00e1ng tin c\u1eady trong b\u1ee5i, m\u01b0a v\u00e0 nhi\u1ec7t \u0111\u1ed9 kh\u1eafc nghi\u1ec7t t\u1eeb -20\u00b0C \u0111\u1ebfn +60\u00b0C.<\/p>\n<p>&nbsp;<\/p>\n<p><img fetchpriority=\"high\" decoding=\"async\" class=\"aligncenter wp-image-4793\" src=\"https:\/\/mountlaser.com\/wp-content\/uploads\/2025\/11\/KRL-6402.webp\" alt=\"Dual Slope Rotary Laser Kit\" width=\"500\" height=\"500\" srcset=\"https:\/\/mountlaser.com\/wp-content\/uploads\/2025\/11\/KRL-6402.webp 800w, https:\/\/mountlaser.com\/wp-content\/uploads\/2025\/11\/KRL-6402-300x300.webp 300w, https:\/\/mountlaser.com\/wp-content\/uploads\/2025\/11\/KRL-6402-400x400.webp 400w, https:\/\/mountlaser.com\/wp-content\/uploads\/2025\/11\/KRL-6402-600x600.webp 600w, https:\/\/mountlaser.com\/wp-content\/uploads\/2025\/11\/KRL-6402-150x150.webp 150w, https:\/\/mountlaser.com\/wp-content\/uploads\/2025\/11\/KRL-6402-768x768.webp 768w, https:\/\/mountlaser.com\/wp-content\/uploads\/2025\/11\/KRL-6402-12x12.webp 12w\" sizes=\"(max-width: 500px) 100vw, 500px\" \/><\/p>\n<p><strong>Th\u00f4ng s\u1ed1 k\u1ef9 thu\u1eadt m\u00e1y c\u1eaft laser xoay KRL-640<\/strong><\/p>\n<table style=\"height: 686px;\" width=\"1051\">\n<tbody>\n<tr>\n<td>Lo\u1ea1i laser<\/td>\n<td>KRL-640R<\/td>\n<td>KRL-640G<\/td>\n<\/tr>\n<tr>\n<td>Lo\u1ea1i laser\/b\u01b0\u1edbc s\u00f3ng<\/td>\n<td>Tia laser \u0111\u1ecf (635nm-30mw) Ch\u1ea5m tr\u00ean\/d\u01b0\u1edbi<\/td>\n<td>Laser xanh l\u00e1 c\u00e2y (515nm-30mw) Ch\u1ea5m tr\u00ean\/d\u01b0\u1edbi<\/td>\n<\/tr>\n<tr>\n<td>\u0110\u01b0\u1eddng san b\u1eb1ng<\/td>\n<td colspan=\"2\">C\u00e2n b\u1eb1ng \u0111i\u1ec7n t\u1eed (2 con quay h\u1ed3i chuy\u1ec3n + 3 c\u1ea3m bi\u1ebfn \u0111i\u1ec7n t\u1eed ri\u00eang bi\u1ec7t)<\/td>\n<\/tr>\n<tr>\n<td>Ph\u1ea1m vi san l\u1ea5p<\/td>\n<td colspan=\"2\">\u00b15\u00b0<\/td>\n<\/tr>\n<tr>\n<td>\u0110\u1ed9 ch\u00ednh x\u00e1c c\u00e2n b\u1eb1ng<\/td>\n<td colspan=\"2\">\u00b10,25mm\/10m<\/td>\n<\/tr>\n<tr>\n<td>\u0110\u01b0\u1eddng k\u00ednh l\u00e0m vi\u1ec7c (S\u1eed d\u1ee5ng LP500)<\/td>\n<td colspan=\"2\">\u22651000m<\/td>\n<\/tr>\n<tr>\n<td>\u0110\u01b0\u1eddng k\u00ednh l\u00e0m vi\u1ec7c (S\u1eed d\u1ee5ng LP700)<\/td>\n<td colspan=\"2\">\u2265800m<\/td>\n<\/tr>\n<tr>\n<td>Nhi\u1ec7t \u0111\u1ed9 l\u00e0m vi\u1ec7c<\/td>\n<td colspan=\"2\">-20\u2103\uff5e+60\u2103<\/td>\n<\/tr>\n<tr>\n<td>T\u1ed1c \u0111\u1ed9 quay c\u1ee7a laser<\/td>\n<td colspan=\"2\">0\/300\/600\/1000\/1500 v\u00f2ng\/ph\u00fat (\u0110\u1ed9ng c\u01a1 r\u1ed7ng kh\u00f4ng ch\u1ed5i than nam ch\u00e2m v\u0129nh c\u1eedu)<\/td>\n<\/tr>\n<tr>\n<td>Qu\u00e9t khu v\u1ef1c<\/td>\n<td colspan=\"2\">15\u00b0\/45\u00b0\/90\u00b0\/180\u00b0<\/td>\n<\/tr>\n<tr>\n<td>C\u00e0i \u0111\u1eb7t \u0111\u1ed9 nghi\u00eang<\/td>\n<td colspan=\"2\">Hai chi\u1ec1u<\/td>\n<\/tr>\n<tr>\n<td>V\u1eadn h\u00e0nh d\u1ed1c<\/td>\n<td colspan=\"2\">S\u1eed d\u1ee5ng \u0111i\u1ec1u khi\u1ec3n t\u1eeb xa RC200<\/td>\n<\/tr>\n<tr>\n<td>V\u1eadn h\u00e0nh \u0111\u01a1n v\u1ecb ch\u00ednh<\/td>\n<td colspan=\"2\">12 ph\u00edm \/ 5 \u0111\u00e8n (\u0110\u1ed3ng b\u1ed9 v\u1edbi t\u00edn hi\u1ec7u \u0111i\u1ec1u khi\u1ec3n t\u1eeb xa)<\/td>\n<\/tr>\n<tr>\n<td>V\u1eadn h\u00e0nh \u0111i\u1ec1u khi\u1ec3n t\u1eeb xa<\/td>\n<td colspan=\"2\">12 ph\u00edm \/ 5 \u0111\u00e8n (\u0110\u1ed3ng b\u1ed9 v\u1edbi t\u00edn hi\u1ec7u c\u1ee7a m\u00e1y ch\u1ee7. Kho\u1ea3ng c\u00e1ch \u0111i\u1ec1u khi\u1ec3n t\u1eeb xa \u2265300m)<\/td>\n<\/tr>\n<tr>\n<td>Ph\u01b0\u01a1ng ph\u00e1p c\u1ea5p ngu\u1ed3n<\/td>\n<td colspan=\"2\">Pin Lithium (c\u00f3 th\u1ec3 thay th\u1ebf t\u1eebng ph\u1ea7n) Ngu\u1ed3n \u0111i\u1ec7n AC tr\u1ef1c ti\u1ebfp<\/td>\n<\/tr>\n<tr>\n<td>Th\u1eddi gian ho\u1ea1t \u0111\u1ed9ng c\u1ee7a pin Lithium<\/td>\n<td colspan=\"2\">15-20 gi\u1edd (C\u00f3 th\u1ec3 ch\u1ecdn pin c\u00f3 th\u1eddi gian ho\u1ea1t \u0111\u1ed9ng l\u00e2u h\u01a1n)<\/td>\n<\/tr>\n<tr>\n<td>Ph\u01b0\u01a1ng ph\u00e1p hi\u1ec7u chu\u1ea9n<\/td>\n<td colspan=\"2\">\u0110i\u1ec1u khi\u1ec3n t\u1eeb xa \/\u1ee8ng d\u1ee5ng<\/td>\n<\/tr>\n<tr>\n<td>Bao b\u00ec<\/td>\n<td colspan=\"2\">H\u1ed9p nh\u1ef1a<\/td>\n<\/tr>\n<tr>\n<td>K\u00edch c\u1ee1<\/td>\n<td colspan=\"2\">Chi\u1ec1u d\u00e0i 217 Chi\u1ec1u r\u1ed9ng 217 Chi\u1ec1u cao 244 (mm)<\/td>\n<\/tr>\n<tr>\n<td>C\u1ea5p \u0111\u1ed9 b\u1ea3o v\u1ec7<\/td>\n<td colspan=\"2\">IP66<\/td>\n<\/tr>\n<tr>\n<td>\u0110\u1ed9 cao r\u01a1i<\/td>\n<td colspan=\"2\">Ch\u1ec9 m\u00e1y ch\u00ednh 1M<\/td>\n<\/tr>\n<tr>\n<td>Thi\u1ebft l\u1eadp ph\u1ea1m vi \u0111\u1ed9 d\u1ed1c<\/td>\n<td colspan=\"2\">\u00b110%<\/td>\n<\/tr>\n<\/tbody>\n<\/table>","protected":false},"excerpt":{"rendered":"<ul>\n<li>\u0110\u1ed9 ch\u00ednh x\u00e1c h\u00e0ng \u0111\u1ea7u trong ng\u00e0nh: \u0110\u1ea1t \u0111\u1ed9 ch\u00ednh x\u00e1c \u00b10,25mm\/10m v\u1edbi h\u1ec7 th\u1ed1ng c\u00e2n b\u1eb1ng \u0111i\u1ec7n t\u1eed ti\u00ean ti\u1ebfn g\u1ed3m 2 con quay h\u1ed3i chuy\u1ec3n v\u00e0 3 c\u1ea3m bi\u1ebfn.<\/li>\n<li>B\u1ed9 d\u1ee5ng c\u1ee5 \u0111o \u0111\u1ed9 d\u1ed1c k\u00e9p ho\u00e0n ch\u1ec9nh: \u0110\u01b0\u1ee3c cung c\u1ea5p d\u01b0\u1edbi d\u1ea1ng b\u1ed9 d\u1ee5ng c\u1ee5 laser xoay \u0111o \u0111\u1ed9 d\u1ed1c k\u00e9p s\u1eb5n s\u00e0ng s\u1eed d\u1ee5ng v\u1edbi \u0111i\u1ec1u khi\u1ec3n t\u1eeb xa \u0111\u1ec3 qu\u1ea3n l\u00fd \u0111\u1ed9 d\u1ed1c to\u00e0n di\u1ec7n.<\/li>\n<li>\u0110i\u1ec1u khi\u1ec3n t\u1eeb xa t\u1ea7m c\u1ef1c xa: V\u1eadn h\u00e0nh \u0111\u1ea7y \u0111\u1ee7 v\u00e0 thi\u1ebft l\u1eadp \u0111\u1ed9 d\u1ed1c t\u1eeb kho\u1ea3ng c\u00e1ch l\u00ean \u0111\u1ebfn 300 m\u00e9t v\u1edbi \u0111i\u1ec1u khi\u1ec3n t\u1eeb xa RC200.<\/li>\n<\/ul>","protected":false},"featured_media":4792,"comment_status":"open","ping_status":"closed","template":"","meta":[],"product_brand":[],"product_cat":[93,139],"product_tag":[],"class_list":{"0":"post-4791","1":"product","2":"type-product","3":"status-publish","4":"has-post-thumbnail","6":"product_cat-rotary-laser","7":"product_cat-rotary-laser-6-series","9":"first","10":"instock","11":"shipping-taxable","12":"product-type-simple"},"_links":{"self":[{"href":"https:\/\/mountlaser.com\/vi\/wp-json\/wp\/v2\/product\/4791","targetHints":{"allow":["GET"]}}],"collection":[{"href":"https:\/\/mountlaser.com\/vi\/wp-json\/wp\/v2\/product"}],"about":[{"href":"https:\/\/mountlaser.com\/vi\/wp-json\/wp\/v2\/types\/product"}],"replies":[{"embeddable":true,"href":"https:\/\/mountlaser.com\/vi\/wp-json\/wp\/v2\/comments?post=4791"}],"wp:featuredmedia":[{"embeddable":true,"href":"https:\/\/mountlaser.com\/vi\/wp-json\/wp\/v2\/media\/4792"}],"wp:attachment":[{"href":"https:\/\/mountlaser.com\/vi\/wp-json\/wp\/v2\/media?parent=4791"}],"wp:term":[{"taxonomy":"product_brand","embeddable":true,"href":"https:\/\/mountlaser.com\/vi\/wp-json\/wp\/v2\/product_brand?post=4791"},{"taxonomy":"product_cat","embeddable":true,"href":"https:\/\/mountlaser.com\/vi\/wp-json\/wp\/v2\/product_cat?post=4791"},{"taxonomy":"product_tag","embeddable":true,"href":"https:\/\/mountlaser.com\/vi\/wp-json\/wp\/v2\/product_tag?post=4791"}],"curies":[{"name":"trang web","href":"https:\/\/api.w.org\/{rel}","templated":true}]}}