{"id":4786,"date":"2025-11-21T09:02:35","date_gmt":"2025-11-21T09:02:35","guid":{"rendered":"https:\/\/mountlaser.com\/?post_type=product&#038;p=4786"},"modified":"2025-11-25T07:47:28","modified_gmt":"2025-11-25T07:47:28","slug":"rotary-laser-krl-540","status":"publish","type":"product","link":"https:\/\/mountlaser.com\/vi\/san-pham\/rotary-laser-krl-540\/","title":{"rendered":"M\u00e1y c\u1eaft laser xoay KRL-540"},"content":{"rendered":"<p><a href=\"https:\/\/mountlaser.com\/vi\/danh-muc-san-pham\/rotary-laser\/\"><strong>M\u00e1y c\u1eaft laser xoay KRL-540<\/strong> <\/a>\u0110\u00e2y l\u00e0 gi\u1ea3i ph\u00e1p t\u1ed1i \u01b0u d\u00e0nh cho c\u00e1c chuy\u00ean gia y\u00eau c\u1ea7u \u0111\u1ed9 ch\u00ednh x\u00e1c v\u00e0 \u0111\u1ed9 b\u1ec1n tuy\u1ec7t \u0111\u1ed1i trong m\u00f4i tr\u01b0\u1eddng ngo\u00e0i tr\u1eddi. S\u1ea3n ph\u1ea9m n\u00e0y \u0111\u01b0\u1ee3c cung c\u1ea5p d\u01b0\u1edbi d\u1ea1ng b\u1ed9 d\u1ee5ng c\u1ee5 c\u00e2n b\u1eb1ng laser xoay ngo\u00e0i tr\u1eddi ho\u00e0n ch\u1ec9nh, \u0111\u01b0\u1ee3c thi\u1ebft k\u1ebf \u0111\u1ec3 v\u01b0\u1ee3t qua nh\u1eefng th\u00e1ch th\u1ee9c c\u1ee7a \u00e1nh n\u1eafng m\u1eb7t tr\u1eddi gay g\u1eaft, kho\u1ea3ng c\u00e1ch xa v\u00e0 \u0111i\u1ec1u ki\u1ec7n c\u00f4ng tr\u01b0\u1eddng kh\u1eafc nghi\u1ec7t. N\u00f3 th\u1ec3 hi\u1ec7n m\u1ed9t b\u01b0\u1edbc ti\u1ebfn \u0111\u00e1ng k\u1ec3 v\u1ec1 hi\u1ec7u su\u1ea5t, v\u1edbi h\u1ec7 th\u1ed1ng c\u00e2n b\u1eb1ng \u0111\u1ed9t ph\u00e1 s\u1eed d\u1ee5ng con quay h\u1ed3i chuy\u1ec3n k\u00e9p v\u00e0 ba c\u1ea3m bi\u1ebfn \u0111i\u1ec7n t\u1eed ri\u00eang bi\u1ec7t \u0111\u1ec3 \u0111\u1ea1t \u0111\u01b0\u1ee3c \u0111\u1ed9 ch\u00ednh x\u00e1c c\u00e2n b\u1eb1ng v\u01b0\u1ee3t tr\u1ed9i \u00b10,35mm\/10m.<\/p>\n<p>V\u1edbi t\u01b0 c\u00e1ch l\u00e0 m\u1ed9t t\u1ed5 ch\u1ee9c to\u00e0n di\u1ec7n <a href=\"https:\/\/mountlaser.com\/vi\/about-us\/\"><strong>B\u1ed9 d\u1ee5ng c\u1ee5 c\u00e2n b\u1eb1ng laser xoay ngo\u00e0i tr\u1eddi<\/strong><\/a>, M\u00e1y chi\u1ebfu laser KRL-540 bao g\u1ed3m m\u1ecdi th\u1ee9 c\u1ea7n thi\u1ebft cho c\u00e1c d\u1ef1 \u00e1n quy m\u00f4 l\u1edbn. N\u00f3 chi\u1ebfu to\u00e0n b\u1ed9 m\u1eb7t ph\u1eb3ng ngang v\u00e0 d\u1ecdc 360 \u0111\u1ed9 v\u00e0 c\u00f3 c\u1ea3 hai phi\u00ean b\u1ea3n laser \u0111\u1ecf m\u1ea1nh m\u1ebd v\u00e0 laser xanh si\u00eau s\u00e1ng \u0111\u1ec3 \u0111\u1ea1t t\u1ea7m nh\u00ecn t\u1ed1i \u0111a l\u00ean \u0111\u1ebfn 1000m. B\u1ed9 s\u1ea3n ph\u1ea9m \u0111i k\u00e8m v\u1edbi b\u1ed9 \u0111i\u1ec1u khi\u1ec3n t\u1eeb xa RC200 ti\u00ean ti\u1ebfn, gi\u00fap t\u0103ng g\u1ea5p \u0111\u00f4i ph\u1ea1m vi ho\u1ea1t \u0111\u1ed9ng l\u00ean \u0111\u1ebfn 300 m\u00e9t \u1ea5n t\u01b0\u1ee3ng, cho ph\u00e9p thi\u1ebft l\u1eadp \u0111\u1ed9 d\u1ed1c v\u00e0 \u0111i\u1ec1u khi\u1ec3n li\u1ec1n m\u1ea1ch t\u1eeb h\u1ea7u nh\u01b0 b\u1ea5t c\u1ee9 \u0111\u00e2u tr\u00ean c\u00f4ng tr\u01b0\u1eddng.<\/p>\n<p><a href=\"https:\/\/mountlaser.com\/vi\/contact-us\/\">M\u00e1y c\u1eaft laser xoay KRL-540<\/a> V\u1edbi x\u1ebfp h\u1ea1ng IP66 \u0111\u01b0\u1ee3c n\u00e2ng cao gi\u00fap b\u1ea3o v\u1ec7 ho\u00e0n to\u00e0n kh\u1ecfi b\u1ee5i v\u00e0 tia n\u01b0\u1edbc m\u1ea1nh, c\u00f9ng v\u1edbi ph\u1ea1m vi nhi\u1ec7t \u0111\u1ed9 ho\u1ea1t \u0111\u1ed9ng m\u1edf r\u1ed9ng, B\u1ed9 d\u1ee5ng c\u1ee5 c\u00e2n b\u1eb1ng laser xoay ngo\u00e0i tr\u1eddi n\u00e0y \u0111\u01b0\u1ee3c ch\u1ebf t\u1ea1o \u0111\u1ec3 mang l\u1ea1i hi\u1ec7u su\u1ea5t \u0111\u00e1ng tin c\u1eady, \u0111\u1ed9 ch\u00ednh x\u00e1c cao ng\u00e0y n\u00e0y qua ng\u00e0y kh\u00e1c, trong m\u1ecdi \u0111i\u1ec1u ki\u1ec7n th\u1eddi ti\u1ebft.<\/p>\n<p>&nbsp;<\/p>\n<p><img fetchpriority=\"high\" decoding=\"async\" class=\"aligncenter wp-image-4788\" src=\"https:\/\/mountlaser.com\/wp-content\/uploads\/2025\/11\/KRL-5402.webp\" alt=\"Exterior Rotary Laser Level Kit\" width=\"500\" height=\"500\" srcset=\"https:\/\/mountlaser.com\/wp-content\/uploads\/2025\/11\/KRL-5402.webp 800w, https:\/\/mountlaser.com\/wp-content\/uploads\/2025\/11\/KRL-5402-300x300.webp 300w, https:\/\/mountlaser.com\/wp-content\/uploads\/2025\/11\/KRL-5402-400x400.webp 400w, https:\/\/mountlaser.com\/wp-content\/uploads\/2025\/11\/KRL-5402-600x600.webp 600w, https:\/\/mountlaser.com\/wp-content\/uploads\/2025\/11\/KRL-5402-150x150.webp 150w, https:\/\/mountlaser.com\/wp-content\/uploads\/2025\/11\/KRL-5402-768x768.webp 768w, https:\/\/mountlaser.com\/wp-content\/uploads\/2025\/11\/KRL-5402-12x12.webp 12w\" sizes=\"(max-width: 500px) 100vw, 500px\" \/><\/p>\n<p><strong>Th\u00f4ng s\u1ed1 k\u1ef9 thu\u1eadt m\u00e1y c\u1eaft laser xoay KRL-540<\/strong><\/p>\n<table style=\"height: 698px;\" width=\"1057\">\n<tbody>\n<tr>\n<td>Lo\u1ea1i laser<\/td>\n<td>KRL-540R<\/td>\n<td>KRL-540G<\/td>\n<\/tr>\n<tr>\n<td>Lo\u1ea1i laser\/b\u01b0\u1edbc s\u00f3ng<\/td>\n<td>Tia laser \u0111\u1ecf (635nm-30mw) Ch\u1ea5m tr\u00ean\/d\u01b0\u1edbi<\/td>\n<td>Laser xanh l\u00e1 c\u00e2y (515nm-30mw) Ch\u1ea5m tr\u00ean\/d\u01b0\u1edbi<\/td>\n<\/tr>\n<tr>\n<td>\u0110\u01b0\u1eddng san b\u1eb1ng<\/td>\n<td colspan=\"2\">C\u00e2n b\u1eb1ng \u0111i\u1ec7n t\u1eed (2 con quay h\u1ed3i chuy\u1ec3n + 3 c\u1ea3m bi\u1ebfn \u0111i\u1ec7n t\u1eed ri\u00eang bi\u1ec7t)<\/td>\n<\/tr>\n<tr>\n<td>Ph\u1ea1m vi san l\u1ea5p<\/td>\n<td colspan=\"2\">\u00b15\u00b0<\/td>\n<\/tr>\n<tr>\n<td>\u0110\u1ed9 ch\u00ednh x\u00e1c c\u00e2n b\u1eb1ng<\/td>\n<td colspan=\"2\">\u00b10,35mm\/10m<\/td>\n<\/tr>\n<tr>\n<td>\u0110\u01b0\u1eddng k\u00ednh l\u00e0m vi\u1ec7c (S\u1eed d\u1ee5ng LP500)<\/td>\n<td colspan=\"2\">\u22651000m<\/td>\n<\/tr>\n<tr>\n<td>\u0110\u01b0\u1eddng k\u00ednh l\u00e0m vi\u1ec7c (S\u1eed d\u1ee5ng LP700)<\/td>\n<td colspan=\"2\">\u2265800m<\/td>\n<\/tr>\n<tr>\n<td>Nhi\u1ec7t \u0111\u1ed9 l\u00e0m vi\u1ec7c<\/td>\n<td colspan=\"2\">-20\u2103\uff5e+60\u2103<\/td>\n<\/tr>\n<tr>\n<td>T\u1ed1c \u0111\u1ed9 quay c\u1ee7a laser<\/td>\n<td colspan=\"2\">0\/300\/600\/1000\/1500 v\u00f2ng\/ph\u00fat (\u0110\u1ed9ng c\u01a1 r\u1ed7ng kh\u00f4ng ch\u1ed5i than nam ch\u00e2m v\u0129nh c\u1eedu)<\/td>\n<\/tr>\n<tr>\n<td>Qu\u00e9t khu v\u1ef1c<\/td>\n<td colspan=\"2\">15\u00b0\/45\u00b0\/90\u00b0\/180\u00b0<\/td>\n<\/tr>\n<tr>\n<td>C\u00e0i \u0111\u1eb7t \u0111\u1ed9 nghi\u00eang<\/td>\n<td colspan=\"2\">Hai chi\u1ec1u<\/td>\n<\/tr>\n<tr>\n<td>V\u1eadn h\u00e0nh d\u1ed1c<\/td>\n<td colspan=\"2\">S\u1eed d\u1ee5ng \u0111i\u1ec1u khi\u1ec3n t\u1eeb xa RC200<\/td>\n<\/tr>\n<tr>\n<td>V\u1eadn h\u00e0nh \u0111\u01a1n v\u1ecb ch\u00ednh<\/td>\n<td colspan=\"2\">12 ph\u00edm \/ 5 \u0111\u00e8n (\u0110\u1ed3ng b\u1ed9 v\u1edbi t\u00edn hi\u1ec7u \u0111i\u1ec1u khi\u1ec3n t\u1eeb xa)<\/td>\n<\/tr>\n<tr>\n<td>V\u1eadn h\u00e0nh \u0111i\u1ec1u khi\u1ec3n t\u1eeb xa<\/td>\n<td colspan=\"2\">12 ph\u00edm \/ 5 \u0111\u00e8n (\u0110\u1ed3ng b\u1ed9 v\u1edbi t\u00edn hi\u1ec7u c\u1ee7a m\u00e1y ch\u1ee7. Kho\u1ea3ng c\u00e1ch \u0111i\u1ec1u khi\u1ec3n t\u1eeb xa \u2265300m)<\/td>\n<\/tr>\n<tr>\n<td>Ph\u01b0\u01a1ng ph\u00e1p c\u1ea5p ngu\u1ed3n<\/td>\n<td colspan=\"2\">Pin Lithium (c\u00f3 th\u1ec3 thay th\u1ebf t\u1eebng ph\u1ea7n) Ngu\u1ed3n \u0111i\u1ec7n AC tr\u1ef1c ti\u1ebfp<\/td>\n<\/tr>\n<tr>\n<td>Th\u1eddi gian ho\u1ea1t \u0111\u1ed9ng c\u1ee7a pin Lithium<\/td>\n<td colspan=\"2\">15-20 gi\u1edd (C\u00f3 th\u1ec3 ch\u1ecdn pin c\u00f3 th\u1eddi gian ho\u1ea1t \u0111\u1ed9ng l\u00e2u h\u01a1n)<\/td>\n<\/tr>\n<tr>\n<td>Ph\u01b0\u01a1ng ph\u00e1p hi\u1ec7u chu\u1ea9n<\/td>\n<td colspan=\"2\">\u0110i\u1ec1u khi\u1ec3n t\u1eeb xa \/\u1ee8ng d\u1ee5ng<\/td>\n<\/tr>\n<tr>\n<td>Bao b\u00ec<\/td>\n<td colspan=\"2\">H\u1ed9p nh\u1ef1a<\/td>\n<\/tr>\n<tr>\n<td>K\u00edch c\u1ee1<\/td>\n<td colspan=\"2\">Chi\u1ec1u d\u00e0i 215 Chi\u1ec1u r\u1ed9ng 215 Chi\u1ec1u cao 232 (mm)<\/td>\n<\/tr>\n<tr>\n<td>C\u1ea5p \u0111\u1ed9 b\u1ea3o v\u1ec7<\/td>\n<td colspan=\"2\">IP66<\/td>\n<\/tr>\n<tr>\n<td>\u0110\u1ed9 cao r\u01a1i<\/td>\n<td colspan=\"2\">Ch\u1ec9 m\u00e1y ch\u00ednh 1M<\/td>\n<\/tr>\n<tr>\n<td>Thi\u1ebft l\u1eadp ph\u1ea1m vi \u0111\u1ed9 d\u1ed1c<\/td>\n<td colspan=\"2\">\u00b110%<\/td>\n<\/tr>\n<\/tbody>\n<\/table>","protected":false},"excerpt":{"rendered":"<ul>\n<li>H\u1ec7 th\u1ed1ng c\u00e2n b\u1eb1ng v\u01b0\u1ee3t tr\u1ed9i: T\u00edch h\u1ee3p 2 con quay h\u1ed3i chuy\u1ec3n v\u00e0 3 c\u1ea3m bi\u1ebfn \u0111i\u1ec7n t\u1eed cho \u0111\u1ed9 ch\u00ednh x\u00e1c v\u00e0 \u1ed5n \u0111\u1ecbnh v\u01b0\u1ee3t tr\u1ed9i \u00b10,35mm\/10m.<\/li>\n<li>Ph\u1ea1m vi \u0111i\u1ec1u khi\u1ec3n t\u1eeb xa m\u1edf r\u1ed9ng: B\u1ed9 \u0111i\u1ec1u khi\u1ec3n t\u1eeb xa RC200 cung c\u1ea5p \u0111\u1ea7y \u0111\u1ee7 ch\u1ee9c n\u0103ng t\u1eeb kho\u1ea3ng c\u00e1ch l\u00ean \u0111\u1ebfn 300 m\u00e9t.<\/li>\n<li>Laser k\u00e9p \u0111\u1ed9 s\u00e1ng cao: Ch\u1ecdn gi\u1eefa ch\u00f9m tia \u0111\u1ecf ti\u00eau chu\u1ea9n ho\u1eb7c ch\u00f9m tia xanh l\u00e1 c\u00e2y v\u01b0\u1ee3t tr\u1ed9i \u0111\u1ec3 s\u1eed d\u1ee5ng t\u1ed1i \u01b0u \u1edf t\u1ea7m xa ngo\u00e0i tr\u1eddi.<\/li>\n<\/ul>","protected":false},"featured_media":4787,"comment_status":"open","ping_status":"closed","template":"","meta":[],"product_brand":[],"product_cat":[93,138],"product_tag":[],"class_list":{"0":"post-4786","1":"product","2":"type-product","3":"status-publish","4":"has-post-thumbnail","6":"product_cat-rotary-laser","7":"product_cat-rotary-laser-5-series","9":"first","10":"instock","11":"shipping-taxable","12":"product-type-simple"},"_links":{"self":[{"href":"https:\/\/mountlaser.com\/vi\/wp-json\/wp\/v2\/product\/4786","targetHints":{"allow":["GET"]}}],"collection":[{"href":"https:\/\/mountlaser.com\/vi\/wp-json\/wp\/v2\/product"}],"about":[{"href":"https:\/\/mountlaser.com\/vi\/wp-json\/wp\/v2\/types\/product"}],"replies":[{"embeddable":true,"href":"https:\/\/mountlaser.com\/vi\/wp-json\/wp\/v2\/comments?post=4786"}],"wp:featuredmedia":[{"embeddable":true,"href":"https:\/\/mountlaser.com\/vi\/wp-json\/wp\/v2\/media\/4787"}],"wp:attachment":[{"href":"https:\/\/mountlaser.com\/vi\/wp-json\/wp\/v2\/media?parent=4786"}],"wp:term":[{"taxonomy":"product_brand","embeddable":true,"href":"https:\/\/mountlaser.com\/vi\/wp-json\/wp\/v2\/product_brand?post=4786"},{"taxonomy":"product_cat","embeddable":true,"href":"https:\/\/mountlaser.com\/vi\/wp-json\/wp\/v2\/product_cat?post=4786"},{"taxonomy":"product_tag","embeddable":true,"href":"https:\/\/mountlaser.com\/vi\/wp-json\/wp\/v2\/product_tag?post=4786"}],"curies":[{"name":"trang web","href":"https:\/\/api.w.org\/{rel}","templated":true}]}}