{"id":4782,"date":"2025-11-21T08:56:28","date_gmt":"2025-11-21T08:56:28","guid":{"rendered":"https:\/\/mountlaser.com\/?post_type=product&#038;p=4782"},"modified":"2025-11-25T08:11:58","modified_gmt":"2025-11-25T08:11:58","slug":"rotary-laser-krl-440","status":"publish","type":"product","link":"https:\/\/mountlaser.com\/vi\/san-pham\/rotary-laser-krl-440\/","title":{"rendered":"M\u00e1y c\u1eaft laser xoay KRL-440"},"content":{"rendered":"<p><a href=\"https:\/\/mountlaser.com\/vi\/danh-muc-san-pham\/rotary-laser\/\"><strong>M\u00e1y c\u1eaft laser xoay KRL-440<\/strong> <\/a>Thi\u1ebft b\u1ecb n\u00e0y thi\u1ebft l\u1eadp m\u1ed9t ti\u00eau chu\u1ea9n m\u1edbi cho c\u00e1c c\u00f4ng c\u1ee5 \u0111o \u0111\u1ea1c chuy\u00ean nghi\u1ec7p, \u0111\u01b0\u1ee3c thi\u1ebft k\u1ebf \u0111\u1ec3 mang l\u1ea1i hi\u1ec7u su\u1ea5t v\u01b0\u1ee3t tr\u1ed9i t\u1ea1i nh\u1eefng c\u00f4ng tr\u01b0\u1eddng \u0111\u00f2i h\u1ecfi kh\u1eaft khe nh\u1ea5t. \u0110\u00e2y l\u00e0 m\u1ed9t m\u00e1y c\u00e2n b\u1eb1ng laser \u0111\u1ed9 ch\u00ednh x\u00e1c cao th\u1ef1c s\u1ef1, \u0111\u1ea1t \u0111\u01b0\u1ee3c \u0111\u1ed9 ch\u00ednh x\u00e1c c\u00e2n b\u1eb1ng \u0111\u1eb7c bi\u1ec7t \u00b10,5mm\/10m th\u00f4ng qua h\u1ec7 th\u1ed1ng c\u00e2n b\u1eb1ng \u0111i\u1ec7n t\u1eed ti\u00ean ti\u1ebfn k\u1ebft h\u1ee3p con quay h\u1ed3i chuy\u1ec3n v\u00e0 c\u1ea3m bi\u1ebfn hai tr\u1ee5c. N\u00f3 chi\u1ebfu m\u1ed9t m\u1eb7t ph\u1eb3ng 360 \u0111\u1ed9 ho\u00e0n h\u1ea3o theo c\u1ea3 h\u01b0\u1edbng ngang v\u00e0 d\u1ecdc, khi\u1ebfn n\u00f3 tr\u1edf th\u00e0nh m\u1ed9t c\u00f4ng c\u1ee5 kh\u00f4ng th\u1ec3 thi\u1ebfu. <a href=\"https:\/\/mountlaser.com\/vi\/\"><strong>M\u00e1y c\u00e2n b\u1eb1ng laser \u0111\u1ed9 ch\u00ednh x\u00e1c cao<\/strong><\/a> Cho m\u1ecdi th\u1ee9, t\u1eeb x\u00e2y d\u1ef1ng n\u1ec1n m\u00f3ng \u0111\u1ebfn vi\u1ec7c b\u1ed1 tr\u00ed n\u1ed9i th\u1ea5t ph\u1ee9c t\u1ea1p.<\/p>\n<p><a href=\"https:\/\/mountlaser.com\/vi\/contact-us\/\">M\u00e1y c\u1eaft laser xoay KRL-440<\/a> C\u00f3 s\u1eb5n c\u1ea3 hai phi\u00ean b\u1ea3n laser \u0111\u1ecf m\u1ea1nh m\u1ebd (KRL-440R) v\u00e0 laser xanh l\u00e1 c\u00e2y si\u00eau r\u00f5 n\u00e9t (KRL-440G), d\u1ee5ng c\u1ee5 n\u00e0y \u0111\u1ea3m b\u1ea3o t\u1ea1o ra c\u00e1c \u0111\u01b0\u1eddng laser r\u00f5 r\u00e0ng tr\u00ean ph\u1ea1m vi \u0111\u01b0\u1eddng k\u00ednh l\u00e0m vi\u1ec7c r\u1ed9ng l\u1edbn l\u00ean \u0111\u1ebfn 1000 m\u00e9t v\u1edbi b\u1ed9 d\u00f2. Ng\u01b0\u1eddi v\u1eadn h\u00e0nh c\u00f3 th\u1ec3 d\u1ec5 d\u00e0ng \u0111i\u1ec1u khi\u1ec3n m\u1ecdi ch\u1ee9c n\u0103ng t\u1eeb kho\u1ea3ng c\u00e1ch l\u00ean \u0111\u1ebfn 150 m\u00e9t b\u1eb1ng b\u1ed9 \u0111i\u1ec1u khi\u1ec3n t\u1eeb xa RC100 to\u00e0n di\u1ec7n, bao g\u1ed3m c\u1ea3 c\u00e0i \u0111\u1eb7t \u0111\u1ed9 d\u1ed1c hai chi\u1ec1u. \u0110\u01b0\u1ee3c \u0111\u1eb7t trong th\u00e2n m\u00e1y ch\u1eafc ch\u1eafn \u0111\u1ea1t chu\u1ea9n IP65, m\u00e1y c\u00e2n b\u1eb1ng laser xoay KRL-440 \u0111\u01b0\u1ee3c ch\u1ebf t\u1ea1o \u0111\u1ec3 ch\u1ed1ng b\u1ee5i v\u00e0 n\u01b0\u1edbc, \u0111\u1ea3m b\u1ea3o r\u1eb1ng m\u00e1y c\u00e2n b\u1eb1ng laser \u0111\u1ed9 ch\u00ednh x\u00e1c cao n\u00e0y v\u1eabn \u0111\u00e1ng tin c\u1eady v\u00e0 ch\u00ednh x\u00e1c trong m\u1ecdi m\u00f4i tr\u01b0\u1eddng, m\u00f9a n\u00e0y qua m\u00f9a kh\u00e1c.<\/p>\n<p>&nbsp;<\/p>\n<p>&nbsp;<\/p>\n<p><img fetchpriority=\"high\" decoding=\"async\" class=\"aligncenter wp-image-4785\" src=\"https:\/\/mountlaser.com\/wp-content\/uploads\/2025\/11\/KRL-4403.webp\" alt=\"High-precision Laser Level\" width=\"500\" height=\"500\" srcset=\"https:\/\/mountlaser.com\/wp-content\/uploads\/2025\/11\/KRL-4403.webp 800w, https:\/\/mountlaser.com\/wp-content\/uploads\/2025\/11\/KRL-4403-300x300.webp 300w, https:\/\/mountlaser.com\/wp-content\/uploads\/2025\/11\/KRL-4403-400x400.webp 400w, https:\/\/mountlaser.com\/wp-content\/uploads\/2025\/11\/KRL-4403-600x600.webp 600w, https:\/\/mountlaser.com\/wp-content\/uploads\/2025\/11\/KRL-4403-150x150.webp 150w, https:\/\/mountlaser.com\/wp-content\/uploads\/2025\/11\/KRL-4403-768x768.webp 768w, https:\/\/mountlaser.com\/wp-content\/uploads\/2025\/11\/KRL-4403-12x12.webp 12w\" sizes=\"(max-width: 500px) 100vw, 500px\" \/><\/p>\n<p><strong>Th\u00f4ng s\u1ed1 k\u1ef9 thu\u1eadt m\u00e1y c\u1eaft laser xoay KRL-440<\/strong><\/p>\n<table style=\"height: 686px;\" width=\"1068\">\n<tbody>\n<tr>\n<td>Lo\u1ea1i laser<\/td>\n<td>KRL-440R<\/td>\n<td>KRL-440G<\/td>\n<\/tr>\n<tr>\n<td>Lo\u1ea1i laser\/b\u01b0\u1edbc s\u00f3ng<\/td>\n<td>Tia laser \u0111\u1ecf (635nm-30mw) Ch\u1ea5m tr\u00ean\/d\u01b0\u1edbi<\/td>\n<td>Laser xanh l\u00e1 c\u00e2y (515nm-30mw) Ch\u1ea5m tr\u00ean\/d\u01b0\u1edbi<\/td>\n<\/tr>\n<tr>\n<td>\u0110\u01b0\u1eddng san b\u1eb1ng<\/td>\n<td colspan=\"2\">C\u00e2n b\u1eb1ng \u0111i\u1ec7n t\u1eed (1 con quay h\u1ed3i chuy\u1ec3n + 1 c\u1ea3m bi\u1ebfn \u0111i\u1ec7n t\u1eed hai tr\u1ee5c)<\/td>\n<\/tr>\n<tr>\n<td>Ph\u1ea1m vi san l\u1ea5p<\/td>\n<td colspan=\"2\">\u00b15\u00b0<\/td>\n<\/tr>\n<tr>\n<td>\u0110\u1ed9 ch\u00ednh x\u00e1c c\u00e2n b\u1eb1ng<\/td>\n<td colspan=\"2\">\u00b10,5mm\/10m<\/td>\n<\/tr>\n<tr>\n<td>\u0110\u01b0\u1eddng k\u00ednh l\u00e0m vi\u1ec7c (S\u1eed d\u1ee5ng LP500)<\/td>\n<td colspan=\"2\">\u22651000m<\/td>\n<\/tr>\n<tr>\n<td>\u0110\u01b0\u1eddng k\u00ednh l\u00e0m vi\u1ec7c (S\u1eed d\u1ee5ng LP700)<\/td>\n<td colspan=\"2\">\u2265800m<\/td>\n<\/tr>\n<tr>\n<td>Nhi\u1ec7t \u0111\u1ed9 l\u00e0m vi\u1ec7c<\/td>\n<td colspan=\"2\">-20\u2103\uff5e+50\u2103<\/td>\n<\/tr>\n<tr>\n<td>T\u1ed1c \u0111\u1ed9 quay c\u1ee7a laser<\/td>\n<td colspan=\"2\">0\/300\/600\/1000\/1500 v\u00f2ng\/ph\u00fat (\u0110\u1ed9ng c\u01a1 r\u1ed7ng kh\u00f4ng ch\u1ed5i than nam ch\u00e2m v\u0129nh c\u1eedu)<\/td>\n<\/tr>\n<tr>\n<td>Qu\u00e9t khu v\u1ef1c<\/td>\n<td colspan=\"2\">15\u00b0\/45\u00b0\/90\u00b0\/180\u00b0<\/td>\n<\/tr>\n<tr>\n<td>C\u00e0i \u0111\u1eb7t \u0111\u1ed9 nghi\u00eang<\/td>\n<td colspan=\"2\">Hai chi\u1ec1u<\/td>\n<\/tr>\n<tr>\n<td>V\u1eadn h\u00e0nh d\u1ed1c<\/td>\n<td colspan=\"2\">S\u1eed d\u1ee5ng \u0111i\u1ec1u khi\u1ec3n t\u1eeb xa RC100<\/td>\n<\/tr>\n<tr>\n<td>V\u1eadn h\u00e0nh \u0111\u01a1n v\u1ecb ch\u00ednh<\/td>\n<td colspan=\"2\">12 ph\u00edm \/ 5 \u0111\u00e8n (\u0110\u1ed3ng b\u1ed9 v\u1edbi t\u00edn hi\u1ec7u \u0111i\u1ec1u khi\u1ec3n t\u1eeb xa)<\/td>\n<\/tr>\n<tr>\n<td>V\u1eadn h\u00e0nh \u0111i\u1ec1u khi\u1ec3n t\u1eeb xa<\/td>\n<td colspan=\"2\">12 ph\u00edm \/ 5 \u0111\u00e8n (\u0110\u1ed3ng b\u1ed9 v\u1edbi t\u00edn hi\u1ec7u c\u1ee7a m\u00e1y ch\u1ee7. Kho\u1ea3ng c\u00e1ch \u0111i\u1ec1u khi\u1ec3n t\u1eeb xa \u2265150m)<\/td>\n<\/tr>\n<tr>\n<td>Ph\u01b0\u01a1ng ph\u00e1p c\u1ea5p ngu\u1ed3n<\/td>\n<td colspan=\"2\">Pin Lithium (c\u00f3 th\u1ec3 thay th\u1ebf t\u1eebng ph\u1ea7n) Ngu\u1ed3n \u0111i\u1ec7n AC tr\u1ef1c ti\u1ebfp<\/td>\n<\/tr>\n<tr>\n<td>Th\u1eddi gian ho\u1ea1t \u0111\u1ed9ng c\u1ee7a pin Lithium<\/td>\n<td colspan=\"2\">15-20 gi\u1edd (C\u00f3 th\u1ec3 ch\u1ecdn pin c\u00f3 th\u1eddi gian ho\u1ea1t \u0111\u1ed9ng l\u00e2u h\u01a1n)<\/td>\n<\/tr>\n<tr>\n<td>Ph\u01b0\u01a1ng ph\u00e1p hi\u1ec7u chu\u1ea9n<\/td>\n<td colspan=\"2\">\u0110i\u1ec1u khi\u1ec3n t\u1eeb xa \/\u1ee8ng d\u1ee5ng<\/td>\n<\/tr>\n<tr>\n<td>Bao b\u00ec<\/td>\n<td colspan=\"2\">H\u1ed9p nh\u1ef1a<\/td>\n<\/tr>\n<tr>\n<td>K\u00edch c\u1ee1<\/td>\n<td colspan=\"2\">Chi\u1ec1u d\u00e0i 215 Chi\u1ec1u r\u1ed9ng 215 Chi\u1ec1u cao 232 (mm)<\/td>\n<\/tr>\n<tr>\n<td>C\u1ea5p \u0111\u1ed9 b\u1ea3o v\u1ec7<\/td>\n<td colspan=\"2\">IP65<\/td>\n<\/tr>\n<tr>\n<td>\u0110\u1ed9 cao r\u01a1i<\/td>\n<td colspan=\"2\">Ch\u1ec9 m\u00e1y ch\u00ednh 1M<\/td>\n<\/tr>\n<tr>\n<td>Thi\u1ebft l\u1eadp ph\u1ea1m vi \u0111\u1ed9 d\u1ed1c<\/td>\n<td colspan=\"2\">\u00b110%<\/td>\n<\/tr>\n<\/tbody>\n<\/table>","protected":false},"excerpt":{"rendered":"<ul>\n<li>Chi\u1ebfu hai m\u1eb7t ph\u1eb3ng: T\u1ea1o ra m\u1eb7t ph\u1eb3ng tham chi\u1ebfu ngang v\u00e0 d\u1ecdc 360 \u0111\u1ed9 ho\u00e0n ch\u1ec9nh \u0111\u1ec3 b\u1ed1 tr\u00ed m\u1eb7t b\u1eb1ng to\u00e0n c\u1ea3nh khu v\u1ef1c.<\/li>\n<li>\u0110\u1ed9 ch\u00ednh x\u00e1c v\u01b0\u1ee3t tr\u1ed9i: M\u00e1y c\u00e2n b\u1eb1ng laser \u0111\u1ed9 ch\u00ednh x\u00e1c cao v\u1edbi ch\u1ee9c n\u0103ng t\u1ef1 c\u00e2n b\u1eb1ng \u0111i\u1ec7n t\u1eed cho \u0111\u1ed9 ch\u00ednh x\u00e1c \u00b10,5mm\/10m trong ph\u1ea1m vi \u00b15\u00b0.<\/li>\n<li>Kh\u1ea3 n\u0103ng hi\u1ec3n th\u1ecb laser v\u01b0\u1ee3t tr\u1ed9i: L\u1ef1a ch\u1ecdn laser \u0111\u1ecf ho\u1eb7c laser xanh l\u00e1 c\u00e2y s\u00e1ng g\u1ea5p 6 l\u1ea7n \u0111\u1ec3 \u0111\u1ea1t hi\u1ec7u su\u1ea5t t\u1ed1i \u01b0u trong c\u00e1c \u0111i\u1ec1u ki\u1ec7n \u00e1nh s\u00e1ng kh\u00e1c nhau v\u00e0 \u1edf kho\u1ea3ng c\u00e1ch xa.<\/li>\n<\/ul>","protected":false},"featured_media":4783,"comment_status":"open","ping_status":"closed","template":"","meta":[],"product_brand":[],"product_cat":[93,137],"product_tag":[],"class_list":{"0":"post-4782","1":"product","2":"type-product","3":"status-publish","4":"has-post-thumbnail","6":"product_cat-rotary-laser","7":"product_cat-rotary-laser-4-series","9":"first","10":"instock","11":"shipping-taxable","12":"product-type-simple"},"_links":{"self":[{"href":"https:\/\/mountlaser.com\/vi\/wp-json\/wp\/v2\/product\/4782","targetHints":{"allow":["GET"]}}],"collection":[{"href":"https:\/\/mountlaser.com\/vi\/wp-json\/wp\/v2\/product"}],"about":[{"href":"https:\/\/mountlaser.com\/vi\/wp-json\/wp\/v2\/types\/product"}],"replies":[{"embeddable":true,"href":"https:\/\/mountlaser.com\/vi\/wp-json\/wp\/v2\/comments?post=4782"}],"wp:featuredmedia":[{"embeddable":true,"href":"https:\/\/mountlaser.com\/vi\/wp-json\/wp\/v2\/media\/4783"}],"wp:attachment":[{"href":"https:\/\/mountlaser.com\/vi\/wp-json\/wp\/v2\/media?parent=4782"}],"wp:term":[{"taxonomy":"product_brand","embeddable":true,"href":"https:\/\/mountlaser.com\/vi\/wp-json\/wp\/v2\/product_brand?post=4782"},{"taxonomy":"product_cat","embeddable":true,"href":"https:\/\/mountlaser.com\/vi\/wp-json\/wp\/v2\/product_cat?post=4782"},{"taxonomy":"product_tag","embeddable":true,"href":"https:\/\/mountlaser.com\/vi\/wp-json\/wp\/v2\/product_tag?post=4782"}],"curies":[{"name":"trang web","href":"https:\/\/api.w.org\/{rel}","templated":true}]}}