{"id":4772,"date":"2025-11-21T08:30:21","date_gmt":"2025-11-21T08:30:21","guid":{"rendered":"https:\/\/mountlaser.com\/?post_type=product&#038;p=4772"},"modified":"2025-11-25T08:16:39","modified_gmt":"2025-11-25T08:16:39","slug":"rotary-laser-krl-410","status":"publish","type":"product","link":"https:\/\/mountlaser.com\/vi\/san-pham\/rotary-laser-krl-410\/","title":{"rendered":"M\u00e1y c\u1eaft laser xoay KRL-410"},"content":{"rendered":"<p><a href=\"https:\/\/mountlaser.com\/vi\/danh-muc-san-pham\/rotary-laser\/\"><strong>M\u00e1y c\u1eaft laser xoay KRL-410<\/strong><\/a> \u0110\u00e2y l\u00e0 m\u00e1y c\u00e2n b\u1eb1ng laser xoay hai m\u1eb7t ph\u1eb3ng chuy\u00ean nghi\u1ec7p \u0111\u01b0\u1ee3c thi\u1ebft k\u1ebf \u0111\u1ec3 gi\u1ea3i quy\u1ebft nh\u1eefng c\u00f4ng vi\u1ec7c chu\u1ea9n b\u1ecb m\u1eb7t b\u1eb1ng v\u00e0 san l\u1ea5p m\u1eb7t b\u1eb1ng kh\u00f3 kh\u0103n nh\u1ea5t. C\u00f4ng c\u1ee5 m\u1ea1nh m\u1ebd n\u00e0y chi\u1ebfu m\u1ed9t m\u1eb7t ph\u1eb3ng laser 360 \u0111\u1ed9 ch\u00ednh x\u00e1c theo c\u1ea3 h\u01b0\u1edbng ngang v\u00e0 d\u1ecdc, bi\u1ebfn n\u00f3 tr\u1edf th\u00e0nh m\u00e1y c\u00e2n b\u1eb1ng laser xoay t\u1ed1i \u01b0u cho vi\u1ec7c san l\u1ea5p m\u1eb7t b\u1eb1ng, l\u00e0m m\u00f3ng v\u00e0 b\u1ed1 tr\u00ed c\u00f4ng tr\u00ecnh n\u00f3i chung. H\u1ec7 th\u1ed1ng c\u00e2n b\u1eb1ng \u0111i\u1ec7n t\u1eed ti\u00ean ti\u1ebfn, t\u00edch h\u1ee3p con quay h\u1ed3i chuy\u1ec3n v\u00e0 c\u1ea3m bi\u1ebfn hai tr\u1ee5c, \u0111\u1ea3m b\u1ea3o \u0111\u1ed9 ch\u00ednh x\u00e1c v\u01b0\u1ee3t tr\u1ed9i \u00b10,5mm\/10m, t\u1ef1 \u0111\u1ed9ng b\u00f9 tr\u1eeb tr\u00ean \u0111\u1ecba h\u00ecnh kh\u00f4ng b\u1eb1ng ph\u1eb3ng trong ph\u1ea1m vi \u00b15\u00b0.<\/p>\n<p>C\u00f3 s\u1eb5n c\u1ea3 hai phi\u00ean b\u1ea3n laser \u0111\u1ecf c\u00f4ng su\u1ea5t cao (KRL-410R) v\u00e0 laser xanh l\u00e1 si\u00eau s\u00e1ng (KRL-410G), s\u1ea3n ph\u1ea9m n\u00e0y <a href=\"https:\/\/mountlaser.com\/vi\/\">m\u00e1y c\u00e2n b\u1eb1ng laser xoay<\/a> Cung c\u1ea5p kh\u1ea3 n\u0103ng quan s\u00e1t v\u01b0\u1ee3t tr\u1ed9i \u1edf kho\u1ea3ng c\u00e1ch xa, v\u1edbi ph\u1ea1m vi ho\u1ea1t \u0111\u1ed9ng l\u00ean \u0111\u1ebfn 1000 m\u00e9t khi s\u1eed d\u1ee5ng c\u00f9ng v\u1edbi m\u00e1y d\u00f2. B\u1ed9 \u0111i\u1ec1u khi\u1ec3n t\u1eeb xa RC100 t\u00edch h\u1ee3p cho ph\u00e9p ng\u01b0\u1eddi v\u1eadn h\u00e0nh qu\u1ea3n l\u00fd t\u1ea5t c\u1ea3 c\u00e1c ch\u1ee9c n\u0103ng\u2014bao g\u1ed3m c\u1ea3 thi\u1ebft l\u1eadp \u0111\u1ed9 d\u1ed1c hai chi\u1ec1u quan tr\u1ecdng l\u00ean \u0111\u1ebfn \u00b110%\u2014t\u1eeb kho\u1ea3ng c\u00e1ch h\u01a1n 150 m\u00e9t, gi\u00fap t\u1ed1i \u01b0u h\u00f3a quy tr\u00ecnh l\u00e0m vi\u1ec7c cho b\u1ea5t k\u1ef3 \u0111\u1ed9i san l\u1ea5p m\u1eb7t b\u1eb1ng n\u00e0o. M\u00e1y \u0111o laser xoay KRL-410 v\u1edbi x\u1ebfp h\u1ea1ng b\u1ea3o v\u1ec7 IP65 cho kh\u1ea3 n\u0103ng ch\u1ed1ng b\u1ee5i v\u00e0 n\u01b0\u1edbc v\u01b0\u1ee3t tr\u1ed9i, KRL-410 \u0111\u01b0\u1ee3c ch\u1ebf t\u1ea1o \u0111\u1ec3 tr\u1edf th\u00e0nh thi\u1ebft b\u1ecb \u0111\u00e1ng tin c\u1eady nh\u1ea5t.<a href=\"https:\/\/mountlaser.com\/vi\/about-us\/\"><strong> M\u00e1y c\u00e2n b\u1eb1ng laser xoay \u0111\u1ec3 san l\u1ea5p m\u1eb7t b\u1eb1ng<\/strong><\/a> T\u1ea1i b\u1ea5t k\u1ef3 c\u00f4ng tr\u01b0\u1eddng n\u00e0o, trong b\u1ea5t k\u1ef3 \u0111i\u1ec1u ki\u1ec7n n\u00e0o.<\/p>\n<p>&nbsp;<\/p>\n<p><img fetchpriority=\"high\" decoding=\"async\" class=\"aligncenter wp-image-4776\" src=\"https:\/\/mountlaser.com\/wp-content\/uploads\/2025\/11\/KRL-4104.webp\" alt=\"Rotary laser level for grading\" width=\"500\" height=\"500\" srcset=\"https:\/\/mountlaser.com\/wp-content\/uploads\/2025\/11\/KRL-4104.webp 800w, https:\/\/mountlaser.com\/wp-content\/uploads\/2025\/11\/KRL-4104-300x300.webp 300w, https:\/\/mountlaser.com\/wp-content\/uploads\/2025\/11\/KRL-4104-400x400.webp 400w, https:\/\/mountlaser.com\/wp-content\/uploads\/2025\/11\/KRL-4104-600x600.webp 600w, https:\/\/mountlaser.com\/wp-content\/uploads\/2025\/11\/KRL-4104-150x150.webp 150w, https:\/\/mountlaser.com\/wp-content\/uploads\/2025\/11\/KRL-4104-768x768.webp 768w, https:\/\/mountlaser.com\/wp-content\/uploads\/2025\/11\/KRL-4104-12x12.webp 12w\" sizes=\"(max-width: 500px) 100vw, 500px\" \/><\/p>\n<p><strong>Th\u00f4ng s\u1ed1 k\u1ef9 thu\u1eadt m\u00e1y c\u1eaft laser xoay KRL-410<\/strong><\/p>\n<table style=\"height: 703px;\" width=\"942\">\n<tbody>\n<tr>\n<td>Lo\u1ea1i laser<\/td>\n<td>KRL-410R<\/td>\n<td>KRL-410G<\/td>\n<\/tr>\n<tr>\n<td>Lo\u1ea1i laser\/b\u01b0\u1edbc s\u00f3ng<\/td>\n<td>Tia laser \u0111\u1ecf (635nm-30mw) \u0110i\u1ec3m tr\u00ean<\/td>\n<td>Laser xanh l\u00e1 c\u00e2y (515nm-30mw) \u0110i\u1ec3m tr\u00ean<\/td>\n<\/tr>\n<tr>\n<td>\u0110\u01b0\u1eddng san b\u1eb1ng<\/td>\n<td colspan=\"2\">C\u00e2n b\u1eb1ng \u0111i\u1ec7n t\u1eed (1 con quay h\u1ed3i chuy\u1ec3n + 1 c\u1ea3m bi\u1ebfn \u0111i\u1ec7n t\u1eed hai tr\u1ee5c)<\/td>\n<\/tr>\n<tr>\n<td>Ph\u1ea1m vi san l\u1ea5p<\/td>\n<td colspan=\"2\">\u00b15\u00b0<\/td>\n<\/tr>\n<tr>\n<td>\u0110\u1ed9 ch\u00ednh x\u00e1c c\u00e2n b\u1eb1ng<\/td>\n<td colspan=\"2\">\u00b10,5mm\/10m<\/td>\n<\/tr>\n<tr>\n<td>\u0110\u01b0\u1eddng k\u00ednh l\u00e0m vi\u1ec7c (S\u1eed d\u1ee5ng LP500)<\/td>\n<td colspan=\"2\">\u22651000m<\/td>\n<\/tr>\n<tr>\n<td>\u0110\u01b0\u1eddng k\u00ednh l\u00e0m vi\u1ec7c (S\u1eed d\u1ee5ng LP700)<\/td>\n<td colspan=\"2\">\u2265800m<\/td>\n<\/tr>\n<tr>\n<td>Nhi\u1ec7t \u0111\u1ed9 l\u00e0m vi\u1ec7c<\/td>\n<td colspan=\"2\">-20\u2103\uff5e+50\u2103<\/td>\n<\/tr>\n<tr>\n<td>T\u1ed1c \u0111\u1ed9 quay c\u1ee7a laser<\/td>\n<td colspan=\"2\">0\/300\/600\/1000\/1500 v\u00f2ng\/ph\u00fat (\u0110\u1ed9ng c\u01a1 r\u1ed7ng kh\u00f4ng ch\u1ed5i than nam ch\u00e2m v\u0129nh c\u1eedu)<\/td>\n<\/tr>\n<tr>\n<td>Qu\u00e9t khu v\u1ef1c<\/td>\n<td colspan=\"2\">15\u00b0\/45\u00b0\/90\u00b0\/180\u00b0<\/td>\n<\/tr>\n<tr>\n<td>C\u00e0i \u0111\u1eb7t \u0111\u1ed9 nghi\u00eang<\/td>\n<td colspan=\"2\">Hai chi\u1ec1u<\/td>\n<\/tr>\n<tr>\n<td>V\u1eadn h\u00e0nh d\u1ed1c<\/td>\n<td colspan=\"2\">S\u1eed d\u1ee5ng \u0111i\u1ec1u khi\u1ec3n t\u1eeb xa RC100<\/td>\n<\/tr>\n<tr>\n<td>V\u1eadn h\u00e0nh \u0111\u01a1n v\u1ecb ch\u00ednh<\/td>\n<td colspan=\"2\">12 ph\u00edm \/ 5 \u0111\u00e8n (\u0110\u1ed3ng b\u1ed9 v\u1edbi t\u00edn hi\u1ec7u \u0111i\u1ec1u khi\u1ec3n t\u1eeb xa)<\/td>\n<\/tr>\n<tr>\n<td>V\u1eadn h\u00e0nh \u0111i\u1ec1u khi\u1ec3n t\u1eeb xa<\/td>\n<td colspan=\"2\">12 ph\u00edm \/ 5 \u0111\u00e8n (\u0110\u1ed3ng b\u1ed9 v\u1edbi t\u00edn hi\u1ec7u c\u1ee7a m\u00e1y ch\u1ee7. Kho\u1ea3ng c\u00e1ch \u0111i\u1ec1u khi\u1ec3n t\u1eeb xa \u2265150m)<\/td>\n<\/tr>\n<tr>\n<td>Ph\u01b0\u01a1ng ph\u00e1p c\u1ea5p ngu\u1ed3n<\/td>\n<td colspan=\"2\">Pin Lithium (c\u00f3 th\u1ec3 thay th\u1ebf t\u1eebng ph\u1ea7n) Ngu\u1ed3n \u0111i\u1ec7n AC tr\u1ef1c ti\u1ebfp<\/td>\n<\/tr>\n<tr>\n<td>Th\u1eddi gian ho\u1ea1t \u0111\u1ed9ng c\u1ee7a pin Lithium<\/td>\n<td colspan=\"2\">15-20 gi\u1edd (C\u00f3 th\u1ec3 ch\u1ecdn pin c\u00f3 th\u1eddi gian ho\u1ea1t \u0111\u1ed9ng l\u00e2u h\u01a1n)<\/td>\n<\/tr>\n<tr>\n<td>Ph\u01b0\u01a1ng ph\u00e1p hi\u1ec7u chu\u1ea9n<\/td>\n<td colspan=\"2\">\u0110i\u1ec1u khi\u1ec3n t\u1eeb xa \/\u1ee8ng d\u1ee5ng<\/td>\n<\/tr>\n<tr>\n<td>Bao b\u00ec<\/td>\n<td colspan=\"2\">H\u1ed9p nh\u1ef1a<\/td>\n<\/tr>\n<tr>\n<td>K\u00edch c\u1ee1<\/td>\n<td colspan=\"2\">Chi\u1ec1u d\u00e0i 232 Chi\u1ec1u r\u1ed9ng 189 Chi\u1ec1u cao 227 (mm)<\/td>\n<\/tr>\n<tr>\n<td>C\u1ea5p \u0111\u1ed9 b\u1ea3o v\u1ec7<\/td>\n<td colspan=\"2\">IP65<\/td>\n<\/tr>\n<tr>\n<td>\u0110\u1ed9 cao r\u01a1i<\/td>\n<td colspan=\"2\">Ch\u1ec9 m\u00e1y ch\u00ednh 1M<\/td>\n<\/tr>\n<tr>\n<td>Thi\u1ebft l\u1eadp ph\u1ea1m vi \u0111\u1ed9 d\u1ed1c<\/td>\n<td colspan=\"2\">\u00b110%<\/td>\n<\/tr>\n<\/tbody>\n<\/table>","protected":false},"excerpt":{"rendered":"<ul>\n<li>M\u00e1y c\u00e2n b\u1eb1ng laser xoay Mount Laser KRL-410 l\u00e0 m\u1ed9t thi\u1ebft b\u1ecb \u0111a n\u0103ng v\u00e0 b\u1ec1n b\u1ec9, \u0111\u1eb7c bi\u1ec7t n\u1ed5i b\u1eadt v\u1edbi vai tr\u00f2 l\u00e0 m\u00e1y c\u00e2n b\u1eb1ng laser xoay chuy\u00ean d\u1ee5ng \u0111\u1ec3 san l\u1ea5p m\u1eb7t b\u1eb1ng.<\/li>\n<li>T\u00f9y ch\u1ecdn hai tia laser: Ch\u1ecdn gi\u1eefa tia laser \u0111\u1ecf ti\u00eau chu\u1ea9n ho\u1eb7c tia laser xanh c\u00f3 \u0111\u1ed9 hi\u1ec3n th\u1ecb cao \u0111\u1ec3 c\u00f3 t\u1ea7m b\u1eafn xa h\u01a1n v\u00e0 h\u00ecnh \u1ea3nh r\u00f5 n\u00e9t h\u01a1n.<\/li>\n<li>Th\u1eddi l\u01b0\u1ee3ng pin d\u00e0i: \u0110\u01b0\u1ee3c trang b\u1ecb pin lithium s\u1ea1c l\u1ea1i, cho ph\u00e9p ho\u1ea1t \u0111\u1ed9ng li\u00ean t\u1ee5c t\u1eeb 15-20 gi\u1edd.<\/li>\n<\/ul>","protected":false},"featured_media":4774,"comment_status":"open","ping_status":"closed","template":"","meta":[],"product_brand":[],"product_cat":[93,137],"product_tag":[],"class_list":{"0":"post-4772","1":"product","2":"type-product","3":"status-publish","4":"has-post-thumbnail","6":"product_cat-rotary-laser","7":"product_cat-rotary-laser-4-series","9":"first","10":"instock","11":"shipping-taxable","12":"product-type-simple"},"_links":{"self":[{"href":"https:\/\/mountlaser.com\/vi\/wp-json\/wp\/v2\/product\/4772","targetHints":{"allow":["GET"]}}],"collection":[{"href":"https:\/\/mountlaser.com\/vi\/wp-json\/wp\/v2\/product"}],"about":[{"href":"https:\/\/mountlaser.com\/vi\/wp-json\/wp\/v2\/types\/product"}],"replies":[{"embeddable":true,"href":"https:\/\/mountlaser.com\/vi\/wp-json\/wp\/v2\/comments?post=4772"}],"wp:featuredmedia":[{"embeddable":true,"href":"https:\/\/mountlaser.com\/vi\/wp-json\/wp\/v2\/media\/4774"}],"wp:attachment":[{"href":"https:\/\/mountlaser.com\/vi\/wp-json\/wp\/v2\/media?parent=4772"}],"wp:term":[{"taxonomy":"product_brand","embeddable":true,"href":"https:\/\/mountlaser.com\/vi\/wp-json\/wp\/v2\/product_brand?post=4772"},{"taxonomy":"product_cat","embeddable":true,"href":"https:\/\/mountlaser.com\/vi\/wp-json\/wp\/v2\/product_cat?post=4772"},{"taxonomy":"product_tag","embeddable":true,"href":"https:\/\/mountlaser.com\/vi\/wp-json\/wp\/v2\/product_tag?post=4772"}],"curies":[{"name":"trang web","href":"https:\/\/api.w.org\/{rel}","templated":true}]}}