{"id":4762,"date":"2025-11-21T08:22:21","date_gmt":"2025-11-21T08:22:21","guid":{"rendered":"https:\/\/mountlaser.com\/?post_type=product&#038;p=4762"},"modified":"2025-11-25T08:17:45","modified_gmt":"2025-11-25T08:17:45","slug":"rotary-laser-krl-405","status":"publish","type":"product","link":"https:\/\/mountlaser.com\/vi\/san-pham\/rotary-laser-krl-405\/","title":{"rendered":"M\u00e1y c\u1eaft laser xoay KRL-405"},"content":{"rendered":"<p><a href=\"https:\/\/mountlaser.com\/vi\/danh-muc-san-pham\/rotary-laser\/\"><strong>M\u00e1y c\u1eaft laser xoay KRL-405<\/strong><\/a> \u0110\u00e2y l\u00e0 m\u1ed9t c\u00f4ng c\u1ee5 hi\u1ec7u su\u1ea5t cao, chuy\u00ean nghi\u1ec7p \u0111\u01b0\u1ee3c thi\u1ebft k\u1ebf cho c\u00e1c d\u1ef1 \u00e1n b\u1ed1 tr\u00ed v\u00e0 san l\u1ea5p m\u1eb7t b\u1eb1ng quy m\u00f4 l\u1edbn. L\u00e0 m\u1ed9t m\u00e1y laser xoay ngang \u0111a n\u0103ng, n\u00f3 chi\u1ebfu m\u1ed9t m\u1eb7t ph\u1eb3ng laser 360 \u0111\u1ed9 li\u00ean t\u1ee5c, t\u1ea1o ra m\u1ed9t \u0111\u01b0\u1eddng tham chi\u1ebfu ngang ch\u00ednh x\u00e1c tr\u00ean to\u00e0n b\u1ed9 khu v\u1ef1c l\u00e0m vi\u1ec7c. M\u1eabu m\u00e1y n\u00e0y n\u1ed5i b\u1eadt trong d\u00f2ng m\u00e1y laser xoay t\u1ef1 c\u00e2n b\u1eb1ng, v\u1edbi t\u00ednh n\u0103ng c\u00e2n b\u1eb1ng \u0111i\u1ec7n t\u1eed ti\u00ean ti\u1ebfn k\u1ebft h\u1ee3p con quay h\u1ed3i chuy\u1ec3n v\u00e0 c\u1ea3m bi\u1ebfn hai tr\u1ee5c \u0111\u1ec3 \u0111\u1ea1t \u0111\u01b0\u1ee3c \u0111\u1ed9 ch\u00ednh x\u00e1c v\u01b0\u1ee3t tr\u1ed9i \u00b10,5mm\/10m trong ph\u1ea1m vi c\u00e2n b\u1eb1ng \u00b15\u00b0.<\/p>\n<p>C\u00f3 s\u1eb5n c\u1ea3 hai t\u00f9y ch\u1ecdn laser \u0111\u1ecf c\u00f4ng su\u1ea5t cao (KRL-405R) v\u00e0 laser xanh l\u00e1 si\u00eau s\u00e1ng (KRL-405G), s\u1ea3n ph\u1ea9m n\u00e0y <a href=\"https:\/\/mountlaser.com\/vi\/\"><strong>Laser xoay ngang<\/strong><\/a> \u0110\u1ea3m b\u1ea3o kh\u1ea3 n\u0103ng quan s\u00e1t tuy\u1ec7t v\u1eddi ngay c\u1ea3 \u1edf \u0111\u01b0\u1eddng k\u00ednh l\u00e0m vi\u1ec7c m\u1edf r\u1ed9ng l\u00ean \u0111\u1ebfn 1000 m\u00e9t v\u1edbi b\u1ed9 d\u00f2. Kh\u1ea3 n\u0103ng ch\u1ed1ng b\u1ee5i v\u00e0 n\u01b0\u1edbc IP65 m\u1ea1nh m\u1ebd \u0111\u1ea3m b\u1ea3o ho\u1ea1t \u0111\u1ed9ng \u0111\u00e1ng tin c\u1eady trong \u0111i\u1ec1u ki\u1ec7n th\u1eddi ti\u1ebft kh\u1eafc nghi\u1ec7t v\u00e0 m\u00f4i tr\u01b0\u1eddng l\u00e0m vi\u1ec7c nhi\u1ec1u b\u1ee5i. Ho\u00e0n thi\u1ec7n g\u00f3i s\u1ea3n ph\u1ea9m m\u1ea1nh m\u1ebd n\u00e0y l\u00e0 b\u1ed9 \u0111i\u1ec1u khi\u1ec3n t\u1eeb xa RC100, cho ph\u00e9p v\u1eadn h\u00e0nh \u0111\u1ea7y \u0111\u1ee7\u2014bao g\u1ed3m c\u1ea3 thi\u1ebft l\u1eadp \u0111\u1ed9 d\u1ed1c\u2014t\u1eeb kho\u1ea3ng c\u00e1ch l\u00ean \u0111\u1ebfn 150 m\u00e9t, gi\u00fap vi\u1ec7c v\u1eadn h\u00e0nh tr\u1edf n\u00ean d\u1ec5 d\u00e0ng h\u01a1n. <a href=\"https:\/\/mountlaser.com\/vi\/contact-us\/\">KRL-405<\/a> \u0110\u00e2y l\u00e0 m\u1ed9t trong nh\u1eefng lo\u1ea1i m\u00e1y laser xoay t\u1ef1 c\u00e2n b\u1eb1ng c\u00f3 kh\u1ea3 n\u0103ng v\u00e0 th\u00e2n thi\u1ec7n v\u1edbi ng\u01b0\u1eddi d\u00f9ng nh\u1ea5t tr\u00ean th\u1ecb tr\u01b0\u1eddng.<\/p>\n<p><img fetchpriority=\"high\" decoding=\"async\" class=\"aligncenter wp-image-4764\" src=\"https:\/\/mountlaser.com\/wp-content\/uploads\/2025\/11\/KRL-4052.webp\" alt=\"Horizontal Rotary Laser\" width=\"500\" height=\"500\" srcset=\"https:\/\/mountlaser.com\/wp-content\/uploads\/2025\/11\/KRL-4052.webp 800w, https:\/\/mountlaser.com\/wp-content\/uploads\/2025\/11\/KRL-4052-300x300.webp 300w, https:\/\/mountlaser.com\/wp-content\/uploads\/2025\/11\/KRL-4052-400x400.webp 400w, https:\/\/mountlaser.com\/wp-content\/uploads\/2025\/11\/KRL-4052-600x600.webp 600w, https:\/\/mountlaser.com\/wp-content\/uploads\/2025\/11\/KRL-4052-150x150.webp 150w, https:\/\/mountlaser.com\/wp-content\/uploads\/2025\/11\/KRL-4052-768x768.webp 768w, https:\/\/mountlaser.com\/wp-content\/uploads\/2025\/11\/KRL-4052-12x12.webp 12w\" sizes=\"(max-width: 500px) 100vw, 500px\" \/><\/p>\n<p><strong>Th\u00f4ng s\u1ed1 k\u1ef9 thu\u1eadt m\u00e1y c\u1eaft laser xoay KRL-405<\/strong><\/p>\n<table style=\"height: 695px;\" width=\"941\">\n<tbody>\n<tr>\n<td>Lo\u1ea1i laser<\/td>\n<td>KRL-405R<\/td>\n<td>KRL-405G<\/td>\n<\/tr>\n<tr>\n<td>Lo\u1ea1i laser\/b\u01b0\u1edbc s\u00f3ng<\/td>\n<td>Tia laser \u0111\u1ecf (635nm-30mw)<\/td>\n<td>Laser xanh (515nm-30mw)<\/td>\n<\/tr>\n<tr>\n<td>\u0110\u01b0\u1eddng san b\u1eb1ng<\/td>\n<td colspan=\"2\">C\u00e2n b\u1eb1ng \u0111i\u1ec7n t\u1eed (1 con quay h\u1ed3i chuy\u1ec3n + 1 c\u1ea3m bi\u1ebfn \u0111i\u1ec7n t\u1eed hai tr\u1ee5c)<\/td>\n<\/tr>\n<tr>\n<td>Ph\u1ea1m vi san l\u1ea5p<\/td>\n<td colspan=\"2\">\u00b15\u00b0<\/td>\n<\/tr>\n<tr>\n<td>\u0110\u1ed9 ch\u00ednh x\u00e1c c\u00e2n b\u1eb1ng<\/td>\n<td colspan=\"2\">\u00b10,5mm\/10m<\/td>\n<\/tr>\n<tr>\n<td>\u0110\u01b0\u1eddng k\u00ednh l\u00e0m vi\u1ec7c (S\u1eed d\u1ee5ng LP500)<\/td>\n<td colspan=\"2\">\u22651000m<\/td>\n<\/tr>\n<tr>\n<td>\u0110\u01b0\u1eddng k\u00ednh l\u00e0m vi\u1ec7c (S\u1eed d\u1ee5ng LP700)<\/td>\n<td colspan=\"2\">\u2265800m<\/td>\n<\/tr>\n<tr>\n<td>Nhi\u1ec7t \u0111\u1ed9 l\u00e0m vi\u1ec7c<\/td>\n<td colspan=\"2\">-20\u2103\uff5e+50\u2103<\/td>\n<\/tr>\n<tr>\n<td>T\u1ed1c \u0111\u1ed9 quay c\u1ee7a laser<\/td>\n<td colspan=\"2\">0\/300\/600\/1000\/1500 v\u00f2ng\/ph\u00fat (\u0110\u1ed9ng c\u01a1 r\u1ed7ng kh\u00f4ng ch\u1ed5i than nam ch\u00e2m v\u0129nh c\u1eedu)<\/td>\n<\/tr>\n<tr>\n<td>Qu\u00e9t khu v\u1ef1c<\/td>\n<td colspan=\"2\">15\u00b0\/45\u00b0\/90\u00b0\/180\u00b0<\/td>\n<\/tr>\n<tr>\n<td>C\u00e0i \u0111\u1eb7t \u0111\u1ed9 nghi\u00eang<\/td>\n<td colspan=\"2\">Hai chi\u1ec1u<\/td>\n<\/tr>\n<tr>\n<td>V\u1eadn h\u00e0nh d\u1ed1c<\/td>\n<td colspan=\"2\">S\u1eed d\u1ee5ng \u0111i\u1ec1u khi\u1ec3n t\u1eeb xa RC100<\/td>\n<\/tr>\n<tr>\n<td>V\u1eadn h\u00e0nh \u0111\u01a1n v\u1ecb ch\u00ednh<\/td>\n<td colspan=\"2\">4 ph\u00edm\/5 \u0111\u00e8n (\u0110\u1ed3ng b\u1ed9 v\u1edbi t\u00edn hi\u1ec7u \u0111i\u1ec1u khi\u1ec3n t\u1eeb xa)<\/td>\n<\/tr>\n<tr>\n<td>V\u1eadn h\u00e0nh \u0111i\u1ec1u khi\u1ec3n t\u1eeb xa<\/td>\n<td colspan=\"2\">12 ph\u00edm \/ 5 \u0111\u00e8n (\u0110\u1ed3ng b\u1ed9 v\u1edbi t\u00edn hi\u1ec7u c\u1ee7a m\u00e1y ch\u1ee7. Kho\u1ea3ng c\u00e1ch \u0111i\u1ec1u khi\u1ec3n t\u1eeb xa \u2265150m)<\/td>\n<\/tr>\n<tr>\n<td>Ph\u01b0\u01a1ng ph\u00e1p c\u1ea5p ngu\u1ed3n<\/td>\n<td colspan=\"2\">Pin Lithium (c\u00f3 th\u1ec3 thay th\u1ebf t\u1eebng ph\u1ea7n) Ngu\u1ed3n \u0111i\u1ec7n AC tr\u1ef1c ti\u1ebfp<\/td>\n<\/tr>\n<tr>\n<td>Th\u1eddi gian ho\u1ea1t \u0111\u1ed9ng c\u1ee7a pin Lithium<\/td>\n<td colspan=\"2\">15-20 gi\u1edd (C\u00f3 th\u1ec3 ch\u1ecdn pin c\u00f3 th\u1eddi gian ho\u1ea1t \u0111\u1ed9ng l\u00e2u h\u01a1n)<\/td>\n<\/tr>\n<tr>\n<td>Ph\u01b0\u01a1ng ph\u00e1p hi\u1ec7u chu\u1ea9n<\/td>\n<td colspan=\"2\">\u0110i\u1ec1u khi\u1ec3n t\u1eeb xa \/\u1ee8ng d\u1ee5ng<\/td>\n<\/tr>\n<tr>\n<td>Bao b\u00ec<\/td>\n<td colspan=\"2\">H\u1ed9p nh\u1ef1a<\/td>\n<\/tr>\n<tr>\n<td>K\u00edch c\u1ee1<\/td>\n<td colspan=\"2\">Chi\u1ec1u d\u00e0i 232 Chi\u1ec1u r\u1ed9ng 189 Chi\u1ec1u cao 227 (mm)<\/td>\n<\/tr>\n<tr>\n<td>C\u1ea5p \u0111\u1ed9 b\u1ea3o v\u1ec7<\/td>\n<td colspan=\"2\">IP65<\/td>\n<\/tr>\n<tr>\n<td>\u0110\u1ed9 cao r\u01a1i<\/td>\n<td colspan=\"2\">Ch\u1ec9 m\u00e1y ch\u00ednh 1M<\/td>\n<\/tr>\n<tr>\n<td>Thi\u1ebft l\u1eadp ph\u1ea1m vi \u0111\u1ed9 d\u1ed1c<\/td>\n<td colspan=\"2\">\u00b110%<\/td>\n<\/tr>\n<\/tbody>\n<\/table>","protected":false},"excerpt":{"rendered":"<ul>\n<li>M\u00e1y \u0111o laser xoay ngang Mount Laser KRL-405 l\u00e0 m\u1ed9t s\u1ea3n ph\u1ea9m cao c\u1ea5p, th\u1ec3 hi\u1ec7n r\u00f5 kh\u1ea3 n\u0103ng ti\u00ean ti\u1ebfn c\u1ee7a c\u00e1c m\u00e1y \u0111o laser xoay t\u1ef1 c\u00e2n b\u1eb1ng hi\u1ec7n \u0111\u1ea1i.<\/li>\n<li>T\u1ed1c \u0111\u1ed9 quay c\u00f3 th\u1ec3 \u0111i\u1ec1u ch\u1ec9nh: Cung c\u1ea5p n\u0103m t\u1ed1c \u0111\u1ed9 quay (0, 300, 600, 1000, 1500 v\u00f2ng\/ph\u00fat) \u0111\u1ec3 t\u1ed1i \u01b0u h\u00f3a kh\u1ea3 n\u0103ng quan s\u00e1t v\u00e0 th\u1eddi l\u01b0\u1ee3ng pin.<\/li>\n<li>Th\u1eddi l\u01b0\u1ee3ng pin d\u00e0i &amp; Chu\u1ea9n b\u1ea3o v\u1ec7 IP65: Cung c\u1ea5p th\u1eddi gian ho\u1ea1t \u0111\u1ed9ng t\u1eeb 15-20 gi\u1edd v\u00e0 c\u00f3 kh\u1ea3 n\u0103ng ch\u1ed1ng b\u1ee5i v\u00e0 tia n\u01b0\u1edbc r\u1ea5t t\u1ed1t.<\/li>\n<li>Nhi\u1ec1u ch\u1ebf \u0111\u1ed9 qu\u00e9t: C\u00f3 th\u1ec3 ho\u1ea1t \u0111\u1ed9ng \u1edf c\u00e1c ch\u1ebf \u0111\u1ed9 qu\u00e9t khu v\u1ef1c (15\u00b0, 45\u00b0, 90\u00b0, 180\u00b0) \u0111\u1ec3 th\u1ef1c hi\u1ec7n c\u00f4ng vi\u1ec7c tr\u00ean c\u00e1c khu v\u1ef1c c\u1ee5 th\u1ec3.<\/li>\n<\/ul>","protected":false},"featured_media":4763,"comment_status":"open","ping_status":"closed","template":"","meta":[],"product_brand":[],"product_cat":[93,137],"product_tag":[],"class_list":{"0":"post-4762","1":"product","2":"type-product","3":"status-publish","4":"has-post-thumbnail","6":"product_cat-rotary-laser","7":"product_cat-rotary-laser-4-series","9":"first","10":"instock","11":"shipping-taxable","12":"product-type-simple"},"_links":{"self":[{"href":"https:\/\/mountlaser.com\/vi\/wp-json\/wp\/v2\/product\/4762","targetHints":{"allow":["GET"]}}],"collection":[{"href":"https:\/\/mountlaser.com\/vi\/wp-json\/wp\/v2\/product"}],"about":[{"href":"https:\/\/mountlaser.com\/vi\/wp-json\/wp\/v2\/types\/product"}],"replies":[{"embeddable":true,"href":"https:\/\/mountlaser.com\/vi\/wp-json\/wp\/v2\/comments?post=4762"}],"wp:featuredmedia":[{"embeddable":true,"href":"https:\/\/mountlaser.com\/vi\/wp-json\/wp\/v2\/media\/4763"}],"wp:attachment":[{"href":"https:\/\/mountlaser.com\/vi\/wp-json\/wp\/v2\/media?parent=4762"}],"wp:term":[{"taxonomy":"product_brand","embeddable":true,"href":"https:\/\/mountlaser.com\/vi\/wp-json\/wp\/v2\/product_brand?post=4762"},{"taxonomy":"product_cat","embeddable":true,"href":"https:\/\/mountlaser.com\/vi\/wp-json\/wp\/v2\/product_cat?post=4762"},{"taxonomy":"product_tag","embeddable":true,"href":"https:\/\/mountlaser.com\/vi\/wp-json\/wp\/v2\/product_tag?post=4762"}],"curies":[{"name":"trang web","href":"https:\/\/api.w.org\/{rel}","templated":true}]}}