{"id":4761,"date":"2025-11-21T08:43:14","date_gmt":"2025-11-21T08:43:14","guid":{"rendered":"https:\/\/mountlaser.com\/?post_type=product&#038;p=4761"},"modified":"2025-11-25T08:23:54","modified_gmt":"2025-11-25T08:23:54","slug":"kmr02-machine-control-laser-receivers","status":"publish","type":"product","link":"https:\/\/mountlaser.com\/vi\/san-pham\/kmr02-machine-control-laser-receivers\/","title":{"rendered":"B\u1ed9 thu laser \u0111i\u1ec1u khi\u1ec3n m\u00e1y KMR02"},"content":{"rendered":"<p>C\u00e1i <a href=\"https:\/\/mountlaser.com\/vi\/products\/\"><strong>B\u1ed9 thu laser \u0111i\u1ec1u khi\u1ec3n m\u00e1y KMR02<\/strong> <\/a>l\u00e0 tr\u00ecnh \u0111\u1ed9 cao c\u1ea5p <a href=\"https:\/\/mountlaser.com\/vi\/\"><strong>M\u00e1y thu nh\u1eadn<\/strong>s<\/a> \u0110\u01b0\u1ee3c thi\u1ebft k\u1ebf d\u00e0nh cho c\u00e1c lo\u1ea1i m\u00e1y m\u00f3c x\u00e2y d\u1ef1ng h\u1ea1ng n\u1eb7ng y\u00eau c\u1ea7u kh\u1ea3 n\u0103ng \u0111i\u1ec1u khi\u1ec3n \u0111\u1ed9 cao ch\u00ednh x\u00e1c v\u00e0 \u0111\u00e1ng tin c\u1eady. \u0110\u01b0\u1ee3c thi\u1ebft k\u1ebf \u0111\u1ec3 ho\u1ea1t \u0111\u1ed9ng hi\u1ec7u qu\u1ea3 tr\u00ean m\u00e1y x\u00fac, m\u00e1y san g\u1ea1t, m\u00e1y \u1ee7i v\u00e0 thi\u1ebft b\u1ecb n\u00f4ng nghi\u1ec7p, b\u1ed9 thu laser \u0111i\u1ec1u khi\u1ec3n m\u00e1y KMR02 cung c\u1ea5p kh\u1ea3 n\u0103ng ph\u00e1t hi\u1ec7n \u1ed5n \u0111\u1ecbnh c\u00e1c t\u00edn hi\u1ec7u laser xoay tr\u00ean to\u00e0n b\u1ed9 ph\u1ea1m vi 360\u00b0. L\u00e0 c\u00e1c b\u1ed9 thu m\u00e1y cao c\u1ea5p, ch\u00fang cung c\u1ea5p kh\u1ea3 n\u0103ng t\u01b0\u01a1ng th\u00edch tuy\u1ec7t v\u1eddi, c\u00f3 th\u1ec3 nh\u1eadn ch\u00f9m tia t\u1eeb nhi\u1ec1u th\u01b0\u01a1ng hi\u1ec7u thi\u1ebft b\u1ecb laser xoay kh\u00e1c nhau.<\/p>\n<p>C\u1ea3 hai <a href=\"https:\/\/mountlaser.com\/vi\/about-us\/\">KMR02 v\u00e0 KMC02<\/a> C\u00e1c m\u1eabu m\u00e1y n\u00e0y c\u00f3 c\u1eeda s\u1ed5 thu t\u00edn hi\u1ec7u l\u1edbn, m\u00e0n h\u00ecnh LED \u0111\u1ed9 s\u00e1ng cao v\u00e0 b\u1ed9 nh\u1edb l\u01b0u tr\u1eef \u0111\u1ec3 g\u1ecdi l\u1ea1i d\u1eef li\u1ec7u \u0111\u00e3 nh\u1eadn tr\u01b0\u1edbc \u0111\u00f3. C\u00e1c m\u00e1y thu laser \u0111i\u1ec1u khi\u1ec3n m\u00e1y m\u00f3c n\u00e0y c\u00f3 c\u1ea5u tr\u00fac ch\u1ed1ng m\u01b0a v\u00e0 ch\u1ed1ng rung, ph\u00f9 h\u1ee3p v\u1edbi m\u00f4i tr\u01b0\u1eddng ngo\u00e0i tr\u1eddi kh\u1eafc nghi\u1ec7t. Ch\u00fang ho\u1ea1t \u0111\u1ed9ng tr\u1ef1c ti\u1ebfp th\u00f4ng qua k\u1ebft n\u1ed1i pin m\u00e1y k\u00e9o v\u00e0 bao g\u1ed3m ph\u01b0\u01a1ng ph\u00e1p g\u1eafn k\u1eb9p ch\u1eafc ch\u1eafn \u0111\u1ec3 l\u1eafp \u0111\u1eb7t nhanh ch\u00f3ng. V\u1edbi hai ch\u1ebf \u0111\u1ed9 ch\u00ednh x\u00e1c\u2014\u0111o ch\u00ednh x\u00e1c v\u00e0 \u0111o th\u00f4\u2014m\u00e1y thu laser \u0111i\u1ec1u khi\u1ec3n m\u00e1y KMR02 \u0111\u1ea3m b\u1ea3o \u0111\u1ed9 ch\u00ednh x\u00e1c v\u01b0\u1ee3t tr\u1ed9i trong nhi\u1ec1u \u1ee9ng d\u1ee5ng san l\u1ea5p m\u1eb7t \u0111\u1ea5t kh\u00e1c nhau.<\/p>\n<figure id=\"attachment_4768\" aria-describedby=\"caption-attachment-4768\" style=\"width: 500px\" class=\"wp-caption aligncenter\"><img fetchpriority=\"high\" decoding=\"async\" class=\"wp-image-4768\" src=\"https:\/\/mountlaser.com\/wp-content\/uploads\/2025\/11\/KMRC022.webp\" alt=\"KMR02 Machine Control Laser Receivers\" width=\"500\" height=\"500\" srcset=\"https:\/\/mountlaser.com\/wp-content\/uploads\/2025\/11\/KMRC022.webp 800w, https:\/\/mountlaser.com\/wp-content\/uploads\/2025\/11\/KMRC022-300x300.webp 300w, https:\/\/mountlaser.com\/wp-content\/uploads\/2025\/11\/KMRC022-400x400.webp 400w, https:\/\/mountlaser.com\/wp-content\/uploads\/2025\/11\/KMRC022-600x600.webp 600w, https:\/\/mountlaser.com\/wp-content\/uploads\/2025\/11\/KMRC022-150x150.webp 150w, https:\/\/mountlaser.com\/wp-content\/uploads\/2025\/11\/KMRC022-768x768.webp 768w, https:\/\/mountlaser.com\/wp-content\/uploads\/2025\/11\/KMRC022-12x12.webp 12w\" sizes=\"(max-width: 500px) 100vw, 500px\" \/><figcaption id=\"caption-attachment-4768\" class=\"wp-caption-text\">B\u1ed9 thu laser \u0111i\u1ec1u khi\u1ec3n m\u00e1y KMR02<\/figcaption><\/figure>\n<figure id=\"attachment_4771\" aria-describedby=\"caption-attachment-4771\" style=\"width: 500px\" class=\"wp-caption aligncenter\"><img decoding=\"async\" class=\"wp-image-4771\" src=\"https:\/\/mountlaser.com\/wp-content\/uploads\/2025\/11\/KMRC025.webp\" alt=\"KMC02 Machine Control Laser Receivers\" width=\"500\" height=\"500\" srcset=\"https:\/\/mountlaser.com\/wp-content\/uploads\/2025\/11\/KMRC025.webp 800w, https:\/\/mountlaser.com\/wp-content\/uploads\/2025\/11\/KMRC025-300x300.webp 300w, https:\/\/mountlaser.com\/wp-content\/uploads\/2025\/11\/KMRC025-400x400.webp 400w, https:\/\/mountlaser.com\/wp-content\/uploads\/2025\/11\/KMRC025-600x600.webp 600w, https:\/\/mountlaser.com\/wp-content\/uploads\/2025\/11\/KMRC025-150x150.webp 150w, https:\/\/mountlaser.com\/wp-content\/uploads\/2025\/11\/KMRC025-768x768.webp 768w, https:\/\/mountlaser.com\/wp-content\/uploads\/2025\/11\/KMRC025-12x12.webp 12w\" sizes=\"(max-width: 500px) 100vw, 500px\" \/><figcaption id=\"caption-attachment-4771\" class=\"wp-caption-text\">B\u1ed9 thu laser \u0111i\u1ec1u khi\u1ec3n m\u00e1y KMC02<\/figcaption><\/figure>\n<div>\n<table style=\"border-collapse: collapse; width: 631.52pt;\" border=\"0\" width=\"842\" cellspacing=\"0\" cellpadding=\"0\">\n<tbody>\n<tr style=\"height: 17.25pt;\">\n<td class=\"et2\" style=\"height: 17.25pt; width: 322.50pt;\" width=\"430\" height=\"23\">M\u00e3 s\u1ed1 s\u1ea3n ph\u1ea9m.<\/td>\n<td class=\"et3\" style=\"width: 309.00pt;\" width=\"412\">KMRC02<\/td>\n<\/tr>\n<tr style=\"height: 17.25pt;\">\n<td class=\"et4\" style=\"height: 17.25pt;\" height=\"23\">Ph\u1ea1m vi ho\u1ea1t \u0111\u1ed9ng<\/td>\n<td class=\"et4\">300 tri\u1ec7u<\/td>\n<\/tr>\n<tr style=\"height: 17.25pt;\">\n<td class=\"et4\" style=\"height: 17.25pt;\" height=\"23\">\u0110\u1ed9 ch\u00ednh x\u00e1c cao<\/td>\n<td class=\"et4\">\u00b12,5mm\u201415mm<\/td>\n<\/tr>\n<tr style=\"height: 17.25pt;\">\n<td class=\"et4\" style=\"height: 17.25pt;\" height=\"23\">\u0110\u1ed9 ch\u00ednh x\u00e1c th\u00f4<\/td>\n<td class=\"et4\">\u00b110mm\u201420mm<\/td>\n<\/tr>\n<tr style=\"height: 17.25pt;\">\n<td class=\"et4\" style=\"height: 17.25pt;\" height=\"23\">\u0110\u1ea7u v\u00e0o<\/td>\n<td class=\"et4\">DC10-30V DC<\/td>\n<\/tr>\n<tr style=\"height: 17.25pt;\">\n<td class=\"et4\" style=\"height: 17.25pt;\" height=\"23\">K\u00edch th\u01b0\u1edbc KMR02<\/td>\n<td class=\"et4\">376\u00d7120\u00d7205mm<\/td>\n<\/tr>\n<tr style=\"height: 17.25pt;\">\n<td class=\"et4\" style=\"height: 17.25pt;\" height=\"23\">K\u00edch th\u01b0\u1edbc KMC02<\/td>\n<td class=\"et4\">210\u00d7165\u00d798mm<\/td>\n<\/tr>\n<tr style=\"height: 14.25pt;\">\n<td class=\"et4\" style=\"height: 14.25pt;\" height=\"19\">Tr\u1ecdng l\u01b0\u1ee3ng KMRO2<\/td>\n<td class=\"et4\">2,6 kg<\/td>\n<\/tr>\n<tr style=\"height: 14.25pt;\">\n<td class=\"et4\" style=\"height: 14.25pt;\" height=\"19\">Tr\u1ecdng l\u01b0\u1ee3ng KMC02<\/td>\n<td class=\"et4\">2,0 kg<\/td>\n<\/tr>\n<\/tbody>\n<\/table>\n<\/div>","protected":false},"excerpt":{"rendered":"<ul>\n<li>Thu nh\u1eadn ch\u00f9m tia laser 360\u00b0 cho \u0111\u1ed9 \u1ed5n \u0111\u1ecbnh ph\u00e1t hi\u1ec7n t\u1ed1i \u0111a<\/li>\n<li>T\u01b0\u01a1ng th\u00edch v\u1edbi t\u1ea5t c\u1ea3 c\u00e1c lo\u1ea1i th\u01b0\u1edbc c\u00e2n b\u1eb1ng laser xoay ph\u1ed5 bi\u1ebfn.<\/li>\n<li>M\u00e0n h\u00ecnh LED \u0111\u1ed9 s\u00e1ng cao cho kh\u1ea3 n\u0103ng hi\u1ec3n th\u1ecb r\u00f5 n\u00e9t trong m\u00f4i tr\u01b0\u1eddng \u00e1nh s\u00e1ng m\u1ea1nh.<\/li>\n<li>Ch\u1ee9c n\u0103ng b\u1ed9 nh\u1edb d\u1eef li\u1ec7u \u0111\u1ec3 l\u01b0u tr\u1eef c\u00e1c k\u1ebft qu\u1ea3 \u0111o \u0111\u00e3 \u0111\u01b0\u1ee3c ghi nh\u1eadn tr\u01b0\u1edbc \u0111\u00f3.<\/li>\n<li>\u0110i\u1ec1u khi\u1ec3n th\u1ee7y l\u1ef1c th\u1ee7 c\u00f4ng v\u00e0 t\u1ef1 \u0111\u1ed9ng th\u00f4ng qua b\u1ed9 \u0111i\u1ec1u khi\u1ec3n \u0111i k\u00e8m.<\/li>\n<li>L\u1ef1a ch\u1ecdn t\u1ed1c \u0111\u1ed9 (Nhanh \/ Trung b\u00ecnh \/ Ch\u1eadm) \u0111\u1ec3 \u0111i\u1ec1u ch\u1ec9nh \u0111\u1ed9 ph\u1ea3n h\u1ed3i ch\u00ednh x\u00e1c khi ch\u1ea5m \u0111i\u1ec3m.<\/li>\n<li>\u0110\u1ea7u v\u00e0o DC10\u201330V h\u1ed7 tr\u1ee3 v\u1eadn h\u00e0nh \u1eafc quy m\u00e1y k\u00e9o.<\/li>\n<li>Th\u00e2n m\u00e1y b\u1ec1n b\u1ec9, ch\u1ed1ng m\u01b0a v\u00e0 ch\u1ed1ng rung<\/li>\n<li>H\u1ec7 th\u1ed1ng k\u1eb9p c\u1ed1 \u0111\u1ecbnh \u0111\u1ec3 l\u1eafp \u0111\u1eb7t m\u00e1y m\u00f3c ch\u1eafc ch\u1eafn.<\/li>\n<\/ul>","protected":false},"featured_media":4767,"comment_status":"open","ping_status":"closed","template":"","meta":[],"product_brand":[],"product_cat":[136,94],"product_tag":[],"class_list":{"0":"post-4761","1":"product","2":"type-product","3":"status-publish","4":"has-post-thumbnail","6":"product_cat-machine-control-laser-receivers","7":"product_cat-laser-level-accessory","9":"first","10":"instock","11":"shipping-taxable","12":"product-type-simple"},"_links":{"self":[{"href":"https:\/\/mountlaser.com\/vi\/wp-json\/wp\/v2\/product\/4761","targetHints":{"allow":["GET"]}}],"collection":[{"href":"https:\/\/mountlaser.com\/vi\/wp-json\/wp\/v2\/product"}],"about":[{"href":"https:\/\/mountlaser.com\/vi\/wp-json\/wp\/v2\/types\/product"}],"replies":[{"embeddable":true,"href":"https:\/\/mountlaser.com\/vi\/wp-json\/wp\/v2\/comments?post=4761"}],"wp:featuredmedia":[{"embeddable":true,"href":"https:\/\/mountlaser.com\/vi\/wp-json\/wp\/v2\/media\/4767"}],"wp:attachment":[{"href":"https:\/\/mountlaser.com\/vi\/wp-json\/wp\/v2\/media?parent=4761"}],"wp:term":[{"taxonomy":"product_brand","embeddable":true,"href":"https:\/\/mountlaser.com\/vi\/wp-json\/wp\/v2\/product_brand?post=4761"},{"taxonomy":"product_cat","embeddable":true,"href":"https:\/\/mountlaser.com\/vi\/wp-json\/wp\/v2\/product_cat?post=4761"},{"taxonomy":"product_tag","embeddable":true,"href":"https:\/\/mountlaser.com\/vi\/wp-json\/wp\/v2\/product_tag?post=4761"}],"curies":[{"name":"trang web","href":"https:\/\/api.w.org\/{rel}","templated":true}]}}