{"id":4760,"date":"2025-11-21T07:32:16","date_gmt":"2025-11-21T07:32:16","guid":{"rendered":"https:\/\/mountlaser.com\/?post_type=product&#038;p=4760"},"modified":"2025-11-25T08:25:46","modified_gmt":"2025-11-25T08:25:46","slug":"kmr01-machine-control-laser-receivers","status":"publish","type":"product","link":"https:\/\/mountlaser.com\/vi\/san-pham\/kmr01-machine-control-laser-receivers\/","title":{"rendered":"B\u1ed9 thu laser \u0111i\u1ec1u khi\u1ec3n m\u00e1y KMR01"},"content":{"rendered":"<p>C\u00e1i <a href=\"https:\/\/mountlaser.com\/vi\/about-us\/\"><strong>B\u1ed9 thu \u0111i\u1ec1u khi\u1ec3n m\u00e1y m\u00f3c Laser quay<\/strong><\/a> D\u00f2ng s\u1ea3n ph\u1ea9m n\u00e0y \u0111\u01b0\u1ee3c thi\u1ebft k\u1ebf \u0111\u1ec3 ki\u1ec3m so\u00e1t \u0111\u1ed9 d\u1ed1c ch\u00ednh x\u00e1c cao trong m\u00f4i tr\u01b0\u1eddng x\u00e2y d\u1ef1ng kh\u1eafc nghi\u1ec7t. <a href=\"https:\/\/mountlaser.com\/vi\/\">B\u1ed9 thu laser \u0111i\u1ec1u khi\u1ec3n m\u00e1y KMR01<\/a> S\u1ea3n ph\u1ea9m mang l\u1ea1i \u0111\u1ed9 ch\u00ednh x\u00e1c, \u0111\u1ed9 b\u1ec1n v\u00e0 kh\u1ea3 n\u0103ng t\u01b0\u01a1ng th\u00edch v\u01b0\u1ee3t tr\u1ed9i, l\u00fd t\u01b0\u1edfng cho m\u00e1y x\u00fac, m\u00e1y \u1ee7i v\u00e0 c\u00e1c lo\u1ea1i m\u00e1y m\u00f3c h\u1ea1ng n\u1eb7ng kh\u00e1c. V\u1edbi c\u1eeda s\u1ed5 thu t\u00edn hi\u1ec7u 25 cm cung c\u1ea5p kh\u1ea3 n\u0103ng thu t\u00edn hi\u1ec7u 360\u00b0, b\u1ed9 thu t\u00edn hi\u1ec7u \u0111i\u1ec1u khi\u1ec3n m\u00e1y laser xoay \u0111\u1ea3m b\u1ea3o ph\u00e1t hi\u1ec7n li\u00ean t\u1ee5c v\u00e0 \u1ed5n \u0111\u1ecbnh c\u00e1c ch\u00f9m tia laser xoay t\u1eeb b\u1ea5t k\u1ef3 th\u01b0\u01a1ng hi\u1ec7u m\u00e1y c\u00e2n b\u1eb1ng laser xoay n\u00e0o.<\/p>\n<p>C\u00e1i <a href=\"https:\/\/mountlaser.com\/vi\/contact-us\/\">B\u1ed9 thu laser \u0111i\u1ec1u khi\u1ec3n m\u00e1y KMR01<\/a> C\u00f3 hai m\u1eabu: KMR01C v\u1edbi k\u1eb9p v\u00edt v\u00e0 KMR01M v\u1edbi gi\u00e1 \u0111\u1ee1 t\u1eeb t\u00ednh m\u1ea1nh, cho ph\u00e9p d\u1ec5 d\u00e0ng l\u1eafp \u0111\u1eb7t tr\u00ean nhi\u1ec1u lo\u1ea1i m\u00e1y m\u00f3c kh\u00e1c nhau. \u0110\u01b0\u1ee3c ch\u1ebf t\u1ea1o v\u1edbi v\u1ecf kim lo\u1ea1i ch\u1eafc ch\u1eafn \u0111\u1ea1t chu\u1ea9n IP66, c\u00e1c b\u1ed9 thu n\u00e0y c\u00f3 kh\u1ea3 n\u0103ng ch\u1ed1ng b\u1ee5i, n\u01b0\u1edbc, rung \u0111\u1ed9ng v\u00e0 nhi\u1ec7t \u0111\u1ed9 l\u00e0m vi\u1ec7c kh\u1eafc nghi\u1ec7t t\u1eeb \u201320\u00b0C \u0111\u1ebfn +60\u00b0C. M\u1ed7i b\u1ed9 thu \u0111i\u1ec1u khi\u1ec3n m\u00e1y laser quay \u0111\u1ec1u c\u00f3 m\u00e0n h\u00ecnh hi\u1ec3n th\u1ecb t\u1eeb xa \u0111\u1ec3 gi\u00e1m s\u00e1t th\u1eddi gian th\u1ef1c b\u00ean trong cabin, t\u0103ng c\u01b0\u1eddng s\u1ef1 ti\u1ec7n l\u1ee3i v\u00e0 an to\u00e0n khi v\u1eadn h\u00e0nh.<\/p>\n<p>V\u1edbi \u0111\u1ed9 ch\u00ednh x\u00e1c cao t\u1eeb \u00b12 mm \u0111\u1ebfn \u00b110 mm v\u00e0 \u0111\u1ed9 ch\u00ednh x\u00e1c th\u1ea5p t\u1eeb \u00b15 mm \u0111\u1ebfn \u00b123 mm, b\u1ed9 thu laser \u0111i\u1ec1u khi\u1ec3n m\u00e1y KMR01 cung c\u1ea5p hi\u1ec7u su\u1ea5t \u0111i\u1ec1u khi\u1ec3n \u0111\u1ed9 cao \u0111\u00e1ng tin c\u1eady. \u0110\u01b0\u1ee3c c\u1ea5p ngu\u1ed3n b\u1edfi b\u1ed9 pin s\u1ea1c NiMH 7.2V 2500mAh, h\u1ec7 th\u1ed1ng cung c\u1ea5p th\u1eddi gian ho\u1ea1t \u0111\u1ed9ng li\u00ean t\u1ee5c l\u00ean \u0111\u1ebfn 40 gi\u1edd v\u1edbi th\u1eddi gian s\u1ea1c 15 gi\u1edd. Nh\u1ecf g\u1ecdn nh\u01b0ng ch\u1eafc ch\u1eafn v\u1edbi k\u00edch th\u01b0\u1edbc 376 \u00d7 180 \u00d7 60 mm v\u00e0 ch\u1ec9 n\u1eb7ng 3 kg, KMR01 \u0111\u01b0\u1ee3c thi\u1ebft k\u1ebf \u0111\u1ec3 s\u1eed d\u1ee5ng l\u00e2u d\u00e0i trong ng\u00e0nh x\u00e2y d\u1ef1ng chuy\u00ean nghi\u1ec7p.<\/p>\n<figure id=\"attachment_4755\" aria-describedby=\"caption-attachment-4755\" style=\"width: 500px\" class=\"wp-caption aligncenter\"><img fetchpriority=\"high\" decoding=\"async\" class=\"wp-image-4755\" src=\"https:\/\/mountlaser.com\/wp-content\/uploads\/2025\/11\/KMR011.webp\" alt=\"KMR01C Machine Control Receiver Rotary Laser\" width=\"500\" height=\"500\" srcset=\"https:\/\/mountlaser.com\/wp-content\/uploads\/2025\/11\/KMR011.webp 800w, https:\/\/mountlaser.com\/wp-content\/uploads\/2025\/11\/KMR011-300x300.webp 300w, https:\/\/mountlaser.com\/wp-content\/uploads\/2025\/11\/KMR011-400x400.webp 400w, https:\/\/mountlaser.com\/wp-content\/uploads\/2025\/11\/KMR011-600x600.webp 600w, https:\/\/mountlaser.com\/wp-content\/uploads\/2025\/11\/KMR011-150x150.webp 150w, https:\/\/mountlaser.com\/wp-content\/uploads\/2025\/11\/KMR011-768x768.webp 768w, https:\/\/mountlaser.com\/wp-content\/uploads\/2025\/11\/KMR011-12x12.webp 12w\" sizes=\"(max-width: 500px) 100vw, 500px\" \/><figcaption id=\"caption-attachment-4755\" class=\"wp-caption-text\">B\u1ed9 thu laser \u0111i\u1ec1u khi\u1ec3n m\u00e1y KMR01C<\/figcaption><\/figure>\n<figure id=\"attachment_4756\" aria-describedby=\"caption-attachment-4756\" style=\"width: 500px\" class=\"wp-caption aligncenter\"><img decoding=\"async\" class=\"wp-image-4756\" src=\"https:\/\/mountlaser.com\/wp-content\/uploads\/2025\/11\/KMR012.webp\" alt=\"KMR01 Machine Control Receiver Rotary Laser\" width=\"500\" height=\"500\" srcset=\"https:\/\/mountlaser.com\/wp-content\/uploads\/2025\/11\/KMR012.webp 800w, https:\/\/mountlaser.com\/wp-content\/uploads\/2025\/11\/KMR012-300x300.webp 300w, https:\/\/mountlaser.com\/wp-content\/uploads\/2025\/11\/KMR012-400x400.webp 400w, https:\/\/mountlaser.com\/wp-content\/uploads\/2025\/11\/KMR012-600x600.webp 600w, https:\/\/mountlaser.com\/wp-content\/uploads\/2025\/11\/KMR012-150x150.webp 150w, https:\/\/mountlaser.com\/wp-content\/uploads\/2025\/11\/KMR012-768x768.webp 768w, https:\/\/mountlaser.com\/wp-content\/uploads\/2025\/11\/KMR012-12x12.webp 12w\" sizes=\"(max-width: 500px) 100vw, 500px\" \/><figcaption id=\"caption-attachment-4756\" class=\"wp-caption-text\">B\u1ed9 thu laser \u0111i\u1ec1u khi\u1ec3n m\u00e1y KMR01M<\/figcaption><\/figure>\n<div>\n<table style=\"border-collapse: collapse; width: 631.52pt;\" border=\"0\" width=\"842\" cellspacing=\"0\" cellpadding=\"0\">\n<tbody>\n<tr style=\"height: 17.25pt;\">\n<td class=\"et2\" style=\"height: 17.25pt; width: 322.50pt;\" width=\"430\" height=\"23\">M\u00e3 s\u1ed1 s\u1ea3n ph\u1ea9m.<\/td>\n<td class=\"et3\" style=\"width: 309.00pt;\" width=\"412\">KMR01<\/td>\n<\/tr>\n<tr style=\"height: 17.25pt;\">\n<td class=\"et4\" style=\"height: 17.25pt;\" height=\"23\">\u0110\u1ed9 ch\u00ednh x\u00e1c cao<\/td>\n<td class=\"et4\">Sai s\u1ed1 t\u1eeb \u00b12mm \u0111\u1ebfn \u00b110mm<\/td>\n<\/tr>\n<tr style=\"height: 17.25pt;\">\n<td class=\"et4\" style=\"height: 17.25pt;\" height=\"23\">\u0110\u1ed9 ch\u00ednh x\u00e1c th\u00f4<\/td>\n<td class=\"et4\">Sai s\u1ed1 cho ph\u00e9p t\u1eeb \u00b15mm \u0111\u1ebfn \u00b123mm<\/td>\n<\/tr>\n<tr style=\"height: 17.25pt;\">\n<td class=\"et4\" style=\"height: 17.25pt;\" height=\"23\">B\u1ed9 pin s\u1ea1c<\/td>\n<td class=\"et4\">Pin NiMH 7.2V 2500mAh<\/td>\n<\/tr>\n<tr style=\"height: 17.25pt;\">\n<td class=\"et4\" style=\"height: 17.25pt;\" height=\"23\">Th\u1eddi gian ho\u1ea1t \u0111\u1ed9ng<\/td>\n<td class=\"et4\">40 gi\u1edd<\/td>\n<\/tr>\n<tr style=\"height: 17.25pt;\">\n<td class=\"et4\" style=\"height: 17.25pt;\" height=\"23\">Th\u1eddi gian s\u1ea1c<\/td>\n<td class=\"et4\">15 gi\u1edd<\/td>\n<\/tr>\n<tr style=\"height: 17.25pt;\">\n<td class=\"et4\" style=\"height: 17.25pt;\" height=\"23\">Nhi\u1ec7t \u0111\u1ed9 l\u00e0m vi\u1ec7c<\/td>\n<td class=\"et4\">-20<span class=\"font4\">\u2103\uff5e<\/span><span class=\"font3\">+60<\/span><span class=\"font4\">\u2103<\/span><\/td>\n<\/tr>\n<tr style=\"height: 14.25pt;\">\n<td class=\"et4\" style=\"height: 14.25pt;\" height=\"19\">K\u00edch c\u1ee1<\/td>\n<td class=\"et4\">376x180x60mm<\/td>\n<\/tr>\n<tr style=\"height: 14.25pt;\">\n<td class=\"et4\" style=\"height: 14.25pt;\" height=\"19\">C\u00e2n n\u1eb7ng<\/td>\n<td class=\"et4\">3kg<\/td>\n<\/tr>\n<\/tbody>\n<\/table>\n<\/div>","protected":false},"excerpt":{"rendered":"<ul>\n<li>\u0110\u1ea3m b\u1ea3o ki\u1ec3m so\u00e1t \u0111\u1ed9 d\u1ed1c ch\u00ednh x\u00e1c cho m\u00e1y m\u00f3c x\u00e2y d\u1ef1ng<\/li>\n<li>Ph\u00e1t hi\u1ec7n ch\u00f9m tia laser xoay t\u1eeb t\u1ea5t c\u1ea3 c\u00e1c th\u01b0\u01a1ng hi\u1ec7u m\u00e1y c\u00e2n b\u1eb1ng laser l\u1edbn.<\/li>\n<li>Cung c\u1ea5p kh\u1ea3 n\u0103ng thu s\u00f3ng 360\u00b0 cho ph\u00e9p ho\u1ea1t \u0111\u1ed9ng li\u00ean t\u1ee5c v\u00e0 n\u00e2ng cao hi\u1ec7u qu\u1ea3.<\/li>\n<li>Cho ph\u00e9p gi\u00e1m s\u00e1t r\u00f5 r\u00e0ng v\u00e0 thu\u1eadn ti\u1ec7n ngay b\u00ean c\u1ea1nh cabin th\u00f4ng qua m\u00e0n h\u00ecnh \u0111i\u1ec1u khi\u1ec3n t\u1eeb xa.<\/li>\n<li>Cung c\u1ea5p hai t\u00f9y ch\u1ecdn l\u1eafp \u0111\u1eb7t cho c\u00e1c lo\u1ea1i m\u00e1y kh\u00e1c nhau (k\u1eb9p ho\u1eb7c nam ch\u00e2m).<\/li>\n<li>\u0110\u01b0\u1ee3c thi\u1ebft k\u1ebf cho m\u00f4i tr\u01b0\u1eddng kh\u1eafc nghi\u1ec7t v\u1edbi v\u1ecf kim lo\u1ea1i \u0111\u1ea1t chu\u1ea9n IP66.<\/li>\n<\/ul>","protected":false},"featured_media":4759,"comment_status":"open","ping_status":"closed","template":"","meta":[],"product_brand":[],"product_cat":[136,94],"product_tag":[],"class_list":{"0":"post-4760","1":"product","2":"type-product","3":"status-publish","4":"has-post-thumbnail","6":"product_cat-machine-control-laser-receivers","7":"product_cat-laser-level-accessory","9":"first","10":"instock","11":"shipping-taxable","12":"product-type-simple"},"_links":{"self":[{"href":"https:\/\/mountlaser.com\/vi\/wp-json\/wp\/v2\/product\/4760","targetHints":{"allow":["GET"]}}],"collection":[{"href":"https:\/\/mountlaser.com\/vi\/wp-json\/wp\/v2\/product"}],"about":[{"href":"https:\/\/mountlaser.com\/vi\/wp-json\/wp\/v2\/types\/product"}],"replies":[{"embeddable":true,"href":"https:\/\/mountlaser.com\/vi\/wp-json\/wp\/v2\/comments?post=4760"}],"wp:featuredmedia":[{"embeddable":true,"href":"https:\/\/mountlaser.com\/vi\/wp-json\/wp\/v2\/media\/4759"}],"wp:attachment":[{"href":"https:\/\/mountlaser.com\/vi\/wp-json\/wp\/v2\/media?parent=4760"}],"wp:term":[{"taxonomy":"product_brand","embeddable":true,"href":"https:\/\/mountlaser.com\/vi\/wp-json\/wp\/v2\/product_brand?post=4760"},{"taxonomy":"product_cat","embeddable":true,"href":"https:\/\/mountlaser.com\/vi\/wp-json\/wp\/v2\/product_cat?post=4760"},{"taxonomy":"product_tag","embeddable":true,"href":"https:\/\/mountlaser.com\/vi\/wp-json\/wp\/v2\/product_tag?post=4760"}],"curies":[{"name":"trang web","href":"https:\/\/api.w.org\/{rel}","templated":true}]}}