{"id":4750,"date":"2025-11-21T06:19:50","date_gmt":"2025-11-21T06:19:50","guid":{"rendered":"https:\/\/mountlaser.com\/?post_type=product&#038;p=4750"},"modified":"2025-11-25T08:44:48","modified_gmt":"2025-11-25T08:44:48","slug":"rc100-rotary-laser-remote-control","status":"publish","type":"product","link":"https:\/\/mountlaser.com\/vi\/san-pham\/rc100-rotary-laser-remote-control\/","title":{"rendered":"B\u1ed9 \u0111i\u1ec1u khi\u1ec3n t\u1eeb xa laser xoay RC100"},"content":{"rendered":"<p>C\u00e1i <a href=\"https:\/\/mountlaser.com\/vi\/products\/\"><strong>B\u1ed9 \u0111i\u1ec1u khi\u1ec3n t\u1eeb xa laser xoay RC100<\/strong><\/a> l\u00e0 m\u1ed9t thi\u1ebft b\u1ecb nh\u1ecf g\u1ecdn v\u00e0 \u0111\u00e1ng tin c\u1eady. <a href=\"https:\/\/mountlaser.com\/vi\/about-us\/\"><strong>Laser \u0111i\u1ec1u khi\u1ec3n t\u1eeb xa<\/strong><\/a> \u0110\u01b0\u1ee3c thi\u1ebft k\u1ebf \u0111\u1ec3 v\u1eadn h\u00e0nh ch\u00ednh x\u00e1c v\u00e0 thu\u1eadn ti\u1ec7n c\u00e1c h\u1ec7 th\u1ed1ng laser xoay. V\u1edbi kh\u1ea3 n\u0103ng giao ti\u1ebfp hai chi\u1ec1u, b\u1ed9 \u0111i\u1ec1u khi\u1ec3n t\u1eeb xa laser xoay RC100 cho ph\u00e9p ng\u01b0\u1eddi d\u00f9ng \u0111i\u1ec1u ch\u1ec9nh c\u00e1c ch\u1ee9c n\u0103ng laser t\u1eeb xa, n\u00e2ng cao hi\u1ec7u qu\u1ea3 c\u00f4ng vi\u1ec7c t\u1ea1i c\u00e1c c\u00f4ng tr\u01b0\u1eddng x\u00e2y d\u1ef1ng v\u00e0 san l\u1ea5p m\u1eb7t b\u1eb1ng. B\u1ed9 \u0111i\u1ec1u khi\u1ec3n laser t\u1eeb xa n\u00e0y c\u00f3 c\u00e1c n\u00fat ch\u1ee9c n\u0103ng \u0111\u1ed9c l\u1eadp \u0111\u1ec3 v\u1eadn h\u00e0nh tr\u1ef1c quan v\u00e0 m\u00e0n h\u00ecnh hi\u1ec3n th\u1ecb th\u1eddi gian th\u1ef1c r\u00f5 r\u00e0ng hi\u1ec3n th\u1ecb tr\u1ea1ng th\u00e1i ho\u1ea1t \u0111\u1ed9ng c\u1ee7a m\u00e1y ch\u00ednh.<\/p>\n<p>\u0110\u01b0\u1ee3c trang b\u1ecb c\u00f4ng t\u1eafc ngu\u1ed3n ri\u00eang v\u00e0 s\u1eed d\u1ee5ng pin ki\u1ec1m AA, <a href=\"https:\/\/mountlaser.com\/vi\/contact-us\/\">B\u1ed9 \u0111i\u1ec1u khi\u1ec3n t\u1eeb xa laser xoay RC100<\/a> \u0110\u1ea3m b\u1ea3o hi\u1ec7u su\u1ea5t \u0111\u00e1ng tin c\u1eady trong nhi\u1ec1u \u0111i\u1ec1u ki\u1ec7n c\u00f4ng tr\u01b0\u1eddng kh\u00e1c nhau. L\u1edbp ph\u1ee7 cao su b\u00ean ngo\u00e0i t\u0103ng c\u01b0\u1eddng \u0111\u1ed9 b\u1ec1n v\u00e0 kh\u1ea3 n\u0103ng ch\u1ed1ng va \u0111\u1eadp t\u1ed1t h\u01a1n, trong khi ph\u1ea1m vi \u0111i\u1ec1u khi\u1ec3n \u2265150 m bi\u1ebfn n\u00f3 th\u00e0nh gi\u1ea3i ph\u00e1p Laser \u0111i\u1ec1u khi\u1ec3n t\u1eeb xa l\u00fd t\u01b0\u1edfng cho c\u00e1c nhi\u1ec7m v\u1ee5 san l\u1ea5p quay \u0111a n\u0103ng. H\u1ed7 tr\u1ee3 t\u1ed1c \u0111\u1ed9 quay 300, 600 v\u00e0 1000 v\u00f2ng\/ph\u00fat, n\u00f3 mang l\u1ea1i s\u1ef1 linh ho\u1ea1t cho c\u00e1c m\u00f4i tr\u01b0\u1eddng \u0111o l\u01b0\u1eddng kh\u00e1c nhau.<\/p>\n<p><img fetchpriority=\"high\" decoding=\"async\" class=\"aligncenter wp-image-4751\" src=\"https:\/\/mountlaser.com\/wp-content\/uploads\/2025\/11\/RC1001.webp\" alt=\"RC100 Rotary Laser Remote Control\" width=\"500\" height=\"500\" srcset=\"https:\/\/mountlaser.com\/wp-content\/uploads\/2025\/11\/RC1001.webp 800w, https:\/\/mountlaser.com\/wp-content\/uploads\/2025\/11\/RC1001-300x300.webp 300w, https:\/\/mountlaser.com\/wp-content\/uploads\/2025\/11\/RC1001-400x400.webp 400w, https:\/\/mountlaser.com\/wp-content\/uploads\/2025\/11\/RC1001-600x600.webp 600w, https:\/\/mountlaser.com\/wp-content\/uploads\/2025\/11\/RC1001-150x150.webp 150w, https:\/\/mountlaser.com\/wp-content\/uploads\/2025\/11\/RC1001-768x768.webp 768w, https:\/\/mountlaser.com\/wp-content\/uploads\/2025\/11\/RC1001-12x12.webp 12w\" sizes=\"(max-width: 500px) 100vw, 500px\" \/><\/p>\n<p>B\u1ed9 \u0111i\u1ec1u khi\u1ec3n t\u1eeb xa laser xoay RC100 l\u00e0 m\u1ed9t thi\u1ebft b\u1ecb \u0111i\u1ec1u khi\u1ec3n t\u1eeb xa laser b\u1ec1n b\u1ec9 v\u00e0 th\u00e2n thi\u1ec7n v\u1edbi ng\u01b0\u1eddi d\u00f9ng, \u0111\u01b0\u1ee3c thi\u1ebft k\u1ebf \u0111\u1ec3 n\u00e2ng cao hi\u1ec7u qu\u1ea3 ho\u1ea1t \u0111\u1ed9ng c\u1ee7a m\u00e1y laser xoay. V\u1edbi kh\u1ea3 n\u0103ng \u0111i\u1ec1u khi\u1ec3n t\u1eeb xa, gi\u00e1m s\u00e1t th\u1eddi gian th\u1ef1c v\u00e0 b\u1ea3o v\u1ec7 m\u1ea1nh m\u1ebd, \u0111\u00e2y l\u00e0 m\u1ed9t ph\u1ee5 ki\u1ec7n thi\u1ebft y\u1ebfu cho c\u00e1c c\u00f4ng vi\u1ec7c san l\u1ea5p m\u1eb7t b\u1eb1ng v\u00e0 x\u00e2y d\u1ef1ng chuy\u00ean nghi\u1ec7p.<\/p>","protected":false},"excerpt":{"rendered":"<ul>\n<li>Giao ti\u1ebfp hai chi\u1ec1u \u0111\u1ec3 \u0111i\u1ec1u khi\u1ec3n laser quay t\u1ea7m xa nhanh nh\u1ea1y<\/li>\n<li>C\u00e1c n\u00fat ch\u1ee9c n\u0103ng \u0111\u1ed9c l\u1eadp gi\u00fap v\u1eadn h\u00e0nh \u0111\u01a1n gi\u1ea3n v\u00e0 hi\u1ec7u qu\u1ea3.<\/li>\n<li>\u0110\u00e8n b\u00e1o tr\u1ea1ng th\u00e1i th\u1eddi gian th\u1ef1c gi\u00fap theo d\u00f5i tr\u1ea1ng th\u00e1i nhanh ch\u00f3ng.<\/li>\n<li>C\u00f4ng t\u1eafc ngu\u1ed3n \u0111\u1ec3 \u0111i\u1ec1u khi\u1ec3n b\u1eadt\/t\u1eaft m\u00e1y m\u1ed9t c\u00e1ch r\u00f5 r\u00e0ng.<\/li>\n<li>Thi\u1ebft k\u1ebf ch\u1eafc ch\u1eafn v\u1edbi l\u1edbp ph\u1ee7 cao su gi\u00fap ch\u1ed1ng va \u0111\u1eadp.<\/li>\n<li>Kho\u1ea3ng c\u00e1ch ho\u1ea1t \u0111\u1ed9ng \u2265150 m<\/li>\n<li>T\u01b0\u01a1ng th\u00edch v\u1edbi t\u1ed1c \u0111\u1ed9 quay 300\/600\/1000 v\u00f2ng\/ph\u00fat<\/li>\n<li>S\u1eed d\u1ee5ng pin ki\u1ec1m AA ti\u00eau chu\u1ea9n.<\/li>\n<\/ul>","protected":false},"featured_media":4751,"comment_status":"open","ping_status":"closed","template":"","meta":[],"product_brand":[],"product_cat":[135,93],"product_tag":[],"class_list":{"0":"post-4750","1":"product","2":"type-product","3":"status-publish","4":"has-post-thumbnail","6":"product_cat-rotary-laser-remote-control","7":"product_cat-rotary-laser","9":"first","10":"instock","11":"shipping-taxable","12":"product-type-simple"},"_links":{"self":[{"href":"https:\/\/mountlaser.com\/vi\/wp-json\/wp\/v2\/product\/4750","targetHints":{"allow":["GET"]}}],"collection":[{"href":"https:\/\/mountlaser.com\/vi\/wp-json\/wp\/v2\/product"}],"about":[{"href":"https:\/\/mountlaser.com\/vi\/wp-json\/wp\/v2\/types\/product"}],"replies":[{"embeddable":true,"href":"https:\/\/mountlaser.com\/vi\/wp-json\/wp\/v2\/comments?post=4750"}],"wp:featuredmedia":[{"embeddable":true,"href":"https:\/\/mountlaser.com\/vi\/wp-json\/wp\/v2\/media\/4751"}],"wp:attachment":[{"href":"https:\/\/mountlaser.com\/vi\/wp-json\/wp\/v2\/media?parent=4750"}],"wp:term":[{"taxonomy":"product_brand","embeddable":true,"href":"https:\/\/mountlaser.com\/vi\/wp-json\/wp\/v2\/product_brand?post=4750"},{"taxonomy":"product_cat","embeddable":true,"href":"https:\/\/mountlaser.com\/vi\/wp-json\/wp\/v2\/product_cat?post=4750"},{"taxonomy":"product_tag","embeddable":true,"href":"https:\/\/mountlaser.com\/vi\/wp-json\/wp\/v2\/product_tag?post=4750"}],"curies":[{"name":"trang web","href":"https:\/\/api.w.org\/{rel}","templated":true}]}}