{"id":4746,"date":"2025-11-21T05:59:04","date_gmt":"2025-11-21T05:59:04","guid":{"rendered":"https:\/\/mountlaser.com\/?post_type=product&#038;p=4746"},"modified":"2025-11-25T08:44:18","modified_gmt":"2025-11-25T08:44:18","slug":"rc200p-rotary-laser-remote-control","status":"publish","type":"product","link":"https:\/\/mountlaser.com\/vi\/san-pham\/rc200p-rotary-laser-remote-control\/","title":{"rendered":"B\u1ed9 \u0111i\u1ec1u khi\u1ec3n t\u1eeb xa laser xoay RC200P"},"content":{"rendered":"<p>C\u00e1i <a href=\"https:\/\/mountlaser.com\/vi\/danh-muc-san-pham\/rotary-laser\/\"><strong>B\u1ed9 \u0111i\u1ec1u khi\u1ec3n t\u1eeb xa laser xoay RC200P<\/strong><\/a> \u0110\u00e2y l\u00e0 b\u1ed9 \u0111i\u1ec1u khi\u1ec3n chuy\u00ean nghi\u1ec7p \u0111\u01b0\u1ee3c thi\u1ebft k\u1ebf \u0111\u1ec3 cung c\u1ea5p kh\u1ea3 n\u0103ng v\u1eadn h\u00e0nh ch\u00ednh x\u00e1c, t\u1eeb xa cho c\u00e1c h\u1ec7 th\u1ed1ng laser quay. \u0110\u01b0\u1ee3c thi\u1ebft k\u1ebf cho m\u00f4i tr\u01b0\u1eddng c\u00f4ng tr\u01b0\u1eddng kh\u1eafc nghi\u1ec7t, b\u1ed9 \u0111i\u1ec1u khi\u1ec3n t\u1eeb xa laser quay RC200P cung c\u1ea5p kh\u1ea3 n\u0103ng giao ti\u1ebfp hai chi\u1ec1u m\u01b0\u1ee3t m\u00e0, cho ph\u00e9p ng\u01b0\u1eddi d\u00f9ng \u0111i\u1ec1u ch\u1ec9nh c\u00e1c ch\u1ee9c n\u0103ng v\u00e0 gi\u00e1m s\u00e1t tr\u1ea1ng th\u00e1i laser t\u1eeb kho\u1ea3ng c\u00e1ch 300 m\u00e9t tr\u1edf l\u00ean.<\/p>\n<p>V\u1edbi b\u1ed1 c\u1ee5c tr\u1ef1c quan c\u1ee7a c\u00e1c n\u00fat ch\u1ee9c n\u0103ng \u0111\u1ed9c l\u1eadp, thi\u1ebft b\u1ecb n\u00e0y <a href=\"https:\/\/mountlaser.com\/vi\/\"><strong>\u0110i\u1ec1u khi\u1ec3n t\u1eeb xa ch\u00ednh x\u00e1c<\/strong><\/a> \u0110\u1ea3m b\u1ea3o \u0111i\u1ec1u ch\u1ec9nh nhanh ch\u00f3ng, ch\u00ednh x\u00e1c m\u00e0 kh\u00f4ng c\u1ea7n menu ph\u1ee9c t\u1ea1p. B\u1ed9 pin lithium t\u00edch h\u1ee3p cung c\u1ea5p th\u1eddi gian ho\u1ea1t \u0111\u1ed9ng c\u1ef1c k\u1ef3 d\u00e0i, trong khi th\u00e2n m\u00e1y \u0111\u01b0\u1ee3c ph\u1ee7 cao su t\u0103ng c\u01b0\u1eddng \u0111\u1ed9 b\u1ec1n v\u00e0 kh\u1ea3 n\u0103ng ch\u1ed1ng va \u0111\u1eadp, gi\u00fap vi\u1ec7c s\u1eed d\u1ee5ng tr\u1edf n\u00ean d\u1ec5 d\u00e0ng h\u01a1n. <a href=\"https:\/\/mountlaser.com\/vi\/contact-us\/\">B\u1ed9 \u0111i\u1ec1u khi\u1ec3n t\u1eeb xa laser xoay RC200P<\/a> \u0110\u00e1ng tin c\u1eady cho c\u00e1c \u1ee9ng d\u1ee5ng x\u00e2y d\u1ef1ng v\u00e0 kh\u1ea3o s\u00e1t kh\u1eafc nghi\u1ec7t.<\/p>\n<p><img fetchpriority=\"high\" decoding=\"async\" class=\"wp-image-4747 aligncenter\" src=\"https:\/\/mountlaser.com\/wp-content\/uploads\/2025\/11\/RC2001.webp\" alt=\"RC200P Rotary Laser Remote Control\" width=\"500\" height=\"500\" srcset=\"https:\/\/mountlaser.com\/wp-content\/uploads\/2025\/11\/RC2001.webp 800w, https:\/\/mountlaser.com\/wp-content\/uploads\/2025\/11\/RC2001-300x300.webp 300w, https:\/\/mountlaser.com\/wp-content\/uploads\/2025\/11\/RC2001-400x400.webp 400w, https:\/\/mountlaser.com\/wp-content\/uploads\/2025\/11\/RC2001-600x600.webp 600w, https:\/\/mountlaser.com\/wp-content\/uploads\/2025\/11\/RC2001-150x150.webp 150w, https:\/\/mountlaser.com\/wp-content\/uploads\/2025\/11\/RC2001-768x768.webp 768w, https:\/\/mountlaser.com\/wp-content\/uploads\/2025\/11\/RC2001-12x12.webp 12w\" sizes=\"(max-width: 500px) 100vw, 500px\" \/><\/p>\n<p>\u0110\u00e8n b\u00e1o ch\u1ee9c n\u0103ng th\u1eddi gian th\u1ef1c v\u00e0 n\u00fat ngu\u1ed3n chuy\u00ean d\u1ee5ng cho ph\u00e9p b\u1ea1n n\u1eafm b\u1eaft ngay l\u1eadp t\u1ee9c tr\u1ea1ng th\u00e1i ho\u1ea1t \u0111\u1ed9ng c\u1ee7a thi\u1ebft b\u1ecb ch\u00ednh. V\u1edbi c\u00e1c t\u00f9y ch\u1ecdn t\u1ed1c \u0111\u1ed9 quay laser 300\/600\/1000\/1500 v\u00f2ng\/ph\u00fat, b\u1ed9 \u0111i\u1ec1u khi\u1ec3n t\u1eeb xa ch\u00ednh x\u00e1c n\u00e0y \u0111\u1ea3m b\u1ea3o kh\u1ea3 n\u0103ng \u0111i\u1ec1u khi\u1ec3n hi\u1ec7u qu\u1ea3 v\u00e0 ch\u00ednh x\u00e1c d\u00f9 s\u1eed d\u1ee5ng trong nh\u00e0 hay ngo\u00e0i tr\u1eddi.<\/p>","protected":false},"excerpt":{"rendered":"<ul>\n<li>Giao ti\u1ebfp hai chi\u1ec1u \u0111\u1ec3 \u0111i\u1ec1u khi\u1ec3n laser quay t\u1eeb xa<\/li>\n<li>C\u00e1c n\u00fat ch\u1ee9c n\u0103ng \u0111\u1ed9c l\u1eadp gi\u00fap thao t\u00e1c nhanh ch\u00f3ng v\u00e0 ch\u00ednh x\u00e1c.<\/li>\n<li>Kho\u1ea3ng c\u00e1ch ho\u1ea1t \u0111\u1ed9ng \u2265300m<\/li>\n<li>\u0110\u00e8n b\u00e1o tr\u1ea1ng th\u00e1i th\u1eddi gian th\u1ef1c cung c\u1ea5p th\u00f4ng tin ph\u1ea3n h\u1ed3i r\u00f5 r\u00e0ng v\u1ec1 t\u00ecnh tr\u1ea1ng ho\u1ea1t \u0111\u1ed9ng.<\/li>\n<li>N\u00fat ngu\u1ed3n ri\u00eang bi\u1ec7t gi\u00fap d\u1ec5 d\u00e0ng theo d\u00f5i tr\u1ea1ng th\u00e1i c\u1ee7a thi\u1ebft b\u1ecb ch\u00ednh.<\/li>\n<li>Pin lithium t\u00edch h\u1ee3p cho th\u1eddi gian ho\u1ea1t \u0111\u1ed9ng k\u00e9o d\u00e0i.<\/li>\n<li>Thi\u1ebft k\u1ebf ph\u1ee7 cao su, ch\u1ed1ng va \u0111\u1eadp<\/li>\n<li>T\u1ed1c \u0111\u1ed9 quay c\u00f3 th\u1ec3 \u0111i\u1ec1u ch\u1ec9nh: 300\/600\/1000\/1500 v\u00f2ng\/ph\u00fat<\/li>\n<\/ul>","protected":false},"featured_media":4747,"comment_status":"open","ping_status":"closed","template":"","meta":[],"product_brand":[],"product_cat":[135,93],"product_tag":[],"class_list":{"0":"post-4746","1":"product","2":"type-product","3":"status-publish","4":"has-post-thumbnail","6":"product_cat-rotary-laser-remote-control","7":"product_cat-rotary-laser","9":"first","10":"instock","11":"shipping-taxable","12":"product-type-simple"},"_links":{"self":[{"href":"https:\/\/mountlaser.com\/vi\/wp-json\/wp\/v2\/product\/4746","targetHints":{"allow":["GET"]}}],"collection":[{"href":"https:\/\/mountlaser.com\/vi\/wp-json\/wp\/v2\/product"}],"about":[{"href":"https:\/\/mountlaser.com\/vi\/wp-json\/wp\/v2\/types\/product"}],"replies":[{"embeddable":true,"href":"https:\/\/mountlaser.com\/vi\/wp-json\/wp\/v2\/comments?post=4746"}],"wp:featuredmedia":[{"embeddable":true,"href":"https:\/\/mountlaser.com\/vi\/wp-json\/wp\/v2\/media\/4747"}],"wp:attachment":[{"href":"https:\/\/mountlaser.com\/vi\/wp-json\/wp\/v2\/media?parent=4746"}],"wp:term":[{"taxonomy":"product_brand","embeddable":true,"href":"https:\/\/mountlaser.com\/vi\/wp-json\/wp\/v2\/product_brand?post=4746"},{"taxonomy":"product_cat","embeddable":true,"href":"https:\/\/mountlaser.com\/vi\/wp-json\/wp\/v2\/product_cat?post=4746"},{"taxonomy":"product_tag","embeddable":true,"href":"https:\/\/mountlaser.com\/vi\/wp-json\/wp\/v2\/product_tag?post=4746"}],"curies":[{"name":"trang web","href":"https:\/\/api.w.org\/{rel}","templated":true}]}}