{"id":4738,"date":"2025-11-21T03:29:07","date_gmt":"2025-11-21T03:29:07","guid":{"rendered":"https:\/\/mountlaser.com\/?post_type=product&#038;p=4738"},"modified":"2025-11-25T08:54:51","modified_gmt":"2025-11-25T08:54:51","slug":"rc300p-rotary-laser-remote-control","status":"publish","type":"product","link":"https:\/\/mountlaser.com\/vi\/san-pham\/rc300p-rotary-laser-remote-control\/","title":{"rendered":"B\u1ed9 \u0111i\u1ec1u khi\u1ec3n t\u1eeb xa laser xoay RC300P"},"content":{"rendered":"<p>C\u00e1i <a href=\"https:\/\/mountlaser.com\/vi\/\"><strong>B\u1ed9 \u0111i\u1ec1u khi\u1ec3n t\u1eeb xa laser xoay RC300P<\/strong><\/a> \u0110\u00e2y l\u00e0 thi\u1ebft b\u1ecb \u0111i\u1ec1u khi\u1ec3n ti\u00ean ti\u1ebfn \u0111\u01b0\u1ee3c thi\u1ebft k\u1ebf \u0111\u1ec3 v\u1eadn h\u00e0nh ch\u00ednh x\u00e1c, t\u1eeb xa c\u00e1c h\u1ec7 th\u1ed1ng laser xoay. \u0110\u01b0\u1ee3c thi\u1ebft k\u1ebf cho c\u00e1c \u1ee9ng d\u1ee5ng san l\u1ea5p m\u1eb7t b\u1eb1ng, l\u00e0m ph\u1eb3ng v\u00e0 x\u00e2y d\u1ef1ng chuy\u00ean nghi\u1ec7p, b\u1ed9 \u0111i\u1ec1u khi\u1ec3n t\u1eeb xa laser xoay RC300P c\u00f3 m\u00e0n h\u00ecnh LCD r\u00f5 n\u00e9t gi\u00fap vi\u1ec7c c\u00e0i \u0111\u1eb7t \u0111\u1ed9 d\u1ed1c v\u00e0 \u0111i\u1ec1u ch\u1ec9nh ch\u1ee9c n\u0103ng nhanh ch\u00f3ng v\u00e0 tr\u1ef1c quan. V\u1edbi c\u00f4ng ngh\u1ec7 giao ti\u1ebfp hai chi\u1ec1u, b\u1ed9 \u0111i\u1ec1u khi\u1ec3n t\u1eeb xa n\u00e0y \u0111\u1ea3m b\u1ea3o kh\u1ea3 n\u0103ng \u0111i\u1ec1u khi\u1ec3n \u1ed5n \u0111\u1ecbnh v\u00e0 nh\u1ea1y b\u00e9n ngay c\u1ea3 \u1edf kho\u1ea3ng c\u00e1ch xa.<\/p>\n<p>\u0110\u01b0\u1ee3c thi\u1ebft k\u1ebf cho c\u00e1c c\u00f4ng tr\u01b0\u1eddng \u0111\u00f2i h\u1ecfi kh\u1eaft khe, b\u1ed9 \u0111i\u1ec1u khi\u1ec3n t\u1eeb xa laser xoay RC300P t\u00edch h\u1ee3p v\u1ecf b\u1ecdc cao su ch\u1eafc ch\u1eafn gi\u00fap t\u0103ng c\u01b0\u1eddng kh\u1ea3 n\u0103ng ch\u1ed1ng r\u01a1i v\u00e0 \u0111\u1ed9 b\u1ec1n. L\u00e0 m\u1ed9t ph\u1ea7n c\u1ee7a d\u00f2ng s\u1ea3n ph\u1ea9m m\u1ea1nh m\u1ebd <a href=\"https:\/\/mountlaser.com\/vi\/contact-us\/\"><strong>B\u1ed9 \u0111i\u1ec1u khi\u1ec3n t\u1eeb xa k\u1ef9 thu\u1eadt s\u1ed1 RC300 d\u00e0nh cho b\u1ed9 laser xoay<\/strong><\/a>, N\u00f3 cung c\u1ea5p c\u00e1c ch\u1ec9 b\u00e1o theo th\u1eddi gian th\u1ef1c cho ph\u00e9p ng\u01b0\u1eddi d\u00f9ng n\u1eafm b\u1eaft ngay l\u1eadp t\u1ee9c tr\u1ea1ng th\u00e1i c\u1ee7a m\u00e1y ch\u00ednh, t\u1eeb \u0111\u00f3 n\u00e2ng cao an to\u00e0n v\u00e0 hi\u1ec7u qu\u1ea3 v\u1eadn h\u00e0nh.<\/p>\n<p><img fetchpriority=\"high\" decoding=\"async\" class=\"aligncenter wp-image-4736\" src=\"https:\/\/mountlaser.com\/wp-content\/uploads\/2025\/11\/RC3002.webp\" alt=\"RC300P Rotary Laser Remote Control\" width=\"500\" height=\"500\" srcset=\"https:\/\/mountlaser.com\/wp-content\/uploads\/2025\/11\/RC3002.webp 800w, https:\/\/mountlaser.com\/wp-content\/uploads\/2025\/11\/RC3002-300x300.webp 300w, https:\/\/mountlaser.com\/wp-content\/uploads\/2025\/11\/RC3002-400x400.webp 400w, https:\/\/mountlaser.com\/wp-content\/uploads\/2025\/11\/RC3002-600x600.webp 600w, https:\/\/mountlaser.com\/wp-content\/uploads\/2025\/11\/RC3002-150x150.webp 150w, https:\/\/mountlaser.com\/wp-content\/uploads\/2025\/11\/RC3002-768x768.webp 768w, https:\/\/mountlaser.com\/wp-content\/uploads\/2025\/11\/RC3002-12x12.webp 12w\" sizes=\"(max-width: 500px) 100vw, 500px\" \/><\/p>\n<p>Cho d\u00f9 \u0111i\u1ec1u khi\u1ec3n t\u1ed1c \u0111\u1ed9 quay, \u0111\u1ed9 d\u1ed1c hay s\u1ef1 th\u1eb3ng h\u00e0ng, th\u00ec <a href=\"https:\/\/mountlaser.com\/vi\/danh-muc-san-pham\/rotary-laser\/\">B\u1ed9 \u0111i\u1ec1u khi\u1ec3n t\u1eeb xa k\u1ef9 thu\u1eadt s\u1ed1 RC300<\/a> B\u1ed9 \u0111i\u1ec1u khi\u1ec3n t\u1eeb xa k\u1ef9 thu\u1eadt s\u1ed1 RC300 d\u00e0nh cho b\u1ed9 laser xoay cung c\u1ea5p kh\u1ea3 n\u0103ng \u0111\u1ed3ng b\u1ed9 h\u00f3a li\u1ec1n m\u1ea1ch, li\u00ean l\u1ea1c t\u1ea7m xa v\u00e0 \u0111i\u1ec1u ch\u1ec9nh ch\u00ednh x\u00e1c. C\u00e1c chuy\u00ean gia tin d\u00f9ng b\u1ed9 \u0111i\u1ec1u khi\u1ec3n t\u1eeb xa k\u1ef9 thu\u1eadt s\u1ed1 RC300 n\u00e0y \u0111\u1ec3 n\u00e2ng cao n\u0103ng su\u1ea5t v\u00e0 \u0111\u1ea3m b\u1ea3o hi\u1ec7u su\u1ea5t ho\u00e0n h\u1ea3o trong c\u00e1c d\u1ef1 \u00e1n s\u1eed d\u1ee5ng laser.<\/p>","protected":false},"excerpt":{"rendered":"<ul>\n<li>M\u00e0n h\u00ecnh LCD r\u00f5 n\u00e9t gi\u00fap d\u1ec5 d\u00e0ng thi\u1ebft l\u1eadp \u0111\u1ed9 d\u1ed1c v\u00e0 \u0111i\u1ec1u ch\u1ec9nh nhanh ch\u00f3ng.<\/li>\n<li>Giao ti\u1ebfp hai chi\u1ec1u \u0111\u1ec3 \u0111i\u1ec1u khi\u1ec3n \u1ed5n \u0111\u1ecbnh \u1edf kho\u1ea3ng c\u00e1ch xa (\u2265300 m)<\/li>\n<li>C\u00e1c n\u00fat ch\u1ee9c n\u0103ng \u0111\u1ed9c l\u1eadp gi\u00fap thao t\u00e1c \u0111\u01a1n gi\u1ea3n v\u00e0 tr\u1ef1c quan.<\/li>\n<li>\u0110\u00e8n b\u00e1o ch\u1ee9c n\u0103ng ho\u1ea1t \u0111\u1ed9ng theo th\u1eddi gian th\u1ef1c \u0111\u1ec3 ph\u1ea3n h\u1ed3i t\u1ee9c th\u00ec v\u1ec1 t\u00ecnh tr\u1ea1ng m\u00e1y.<\/li>\n<li>N\u00fat ngu\u1ed3n chuy\u00ean d\u1ee5ng \u0111\u1ec3 theo d\u00f5i tr\u1ea1ng th\u00e1i ho\u1ea1t \u0111\u1ed9ng c\u1ee7a laser b\u1ea5t c\u1ee9 l\u00fac n\u00e0o.<\/li>\n<li>Pin lithium t\u00edch h\u1ee3p cho th\u1eddi gian ho\u1ea1t \u0111\u1ed9ng c\u1ef1c l\u00e2u.<\/li>\n<li>V\u1ecf ngo\u00e0i \u0111\u01b0\u1ee3c ph\u1ee7 l\u1edbp cao su gi\u00fap t\u0103ng c\u01b0\u1eddng kh\u1ea3 n\u0103ng ch\u1ed1ng va \u0111\u1eadp v\u00e0 r\u01a1i r\u1edbt.<\/li>\n<li>T\u1ed1c \u0111\u1ed9 quay c\u00f3 th\u1ec3 \u0111i\u1ec1u ch\u1ec9nh: 300 \/ 600 \/ 1000 \/ 1500 \/ 3000 v\u00f2ng\/ph\u00fat<\/li>\n<\/ul>","protected":false},"featured_media":4735,"comment_status":"open","ping_status":"closed","template":"","meta":[],"product_brand":[],"product_cat":[135,93],"product_tag":[],"class_list":{"0":"post-4738","1":"product","2":"type-product","3":"status-publish","4":"has-post-thumbnail","6":"product_cat-rotary-laser-remote-control","7":"product_cat-rotary-laser","9":"first","10":"instock","11":"shipping-taxable","12":"product-type-simple"},"_links":{"self":[{"href":"https:\/\/mountlaser.com\/vi\/wp-json\/wp\/v2\/product\/4738","targetHints":{"allow":["GET"]}}],"collection":[{"href":"https:\/\/mountlaser.com\/vi\/wp-json\/wp\/v2\/product"}],"about":[{"href":"https:\/\/mountlaser.com\/vi\/wp-json\/wp\/v2\/types\/product"}],"replies":[{"embeddable":true,"href":"https:\/\/mountlaser.com\/vi\/wp-json\/wp\/v2\/comments?post=4738"}],"wp:featuredmedia":[{"embeddable":true,"href":"https:\/\/mountlaser.com\/vi\/wp-json\/wp\/v2\/media\/4735"}],"wp:attachment":[{"href":"https:\/\/mountlaser.com\/vi\/wp-json\/wp\/v2\/media?parent=4738"}],"wp:term":[{"taxonomy":"product_brand","embeddable":true,"href":"https:\/\/mountlaser.com\/vi\/wp-json\/wp\/v2\/product_brand?post=4738"},{"taxonomy":"product_cat","embeddable":true,"href":"https:\/\/mountlaser.com\/vi\/wp-json\/wp\/v2\/product_cat?post=4738"},{"taxonomy":"product_tag","embeddable":true,"href":"https:\/\/mountlaser.com\/vi\/wp-json\/wp\/v2\/product_tag?post=4738"}],"curies":[{"name":"trang web","href":"https:\/\/api.w.org\/{rel}","templated":true}]}}