{"id":4731,"date":"2025-11-21T03:00:54","date_gmt":"2025-11-21T03:00:54","guid":{"rendered":"https:\/\/mountlaser.com\/?post_type=product&#038;p=4731"},"modified":"2025-11-25T08:56:34","modified_gmt":"2025-11-25T08:56:34","slug":"line-laser-kll-800-series","status":"publish","type":"product","link":"https:\/\/mountlaser.com\/vi\/san-pham\/line-laser-kll-800-series\/","title":{"rendered":"M\u00e1y kh\u1eafc laser d\u00f2ng KLL-800"},"content":{"rendered":"<p><a href=\"https:\/\/mountlaser.com\/vi\/about-us\/\"><strong>M\u00e1y kh\u1eafc laser d\u00f2ng KLL-800<\/strong><\/a> \u0110\u01b0\u1ee3c thi\u1ebft k\u1ebf d\u00e0nh cho c\u00e1c chuy\u00ean gia y\u00eau c\u1ea7u hi\u1ec7u su\u1ea5t v\u01b0\u1ee3t tr\u1ed9i v\u00e0 th\u1eddi gian ho\u1ea1t \u0111\u1ed9ng k\u00e9o d\u00e0i t\u1ea1i c\u00f4ng tr\u01b0\u1eddng. D\u00f2ng s\u1ea3n ph\u1ea9m cao c\u1ea5p n\u00e0y cung c\u1ea5p c\u00e1c gi\u1ea3i ph\u00e1p \u0111a n\u0103ng, bao g\u1ed3m c\u00e1c m\u1eabu KLL-D801 v\u00e0 D802 \u0111\u1ec3 l\u1eadp b\u1ea3n v\u1ebd 2D 8 d\u00f2ng 360\u00b0 to\u00e0n di\u1ec7n, v\u00e0 s\u1ea3n ph\u1ea9m ch\u1ee7 l\u1ef1c KLL-D803, m\u1ed9t m\u00e1y c\u00e2n b\u1eb1ng laser 3D 12 d\u00f2ng \u0111\u1ed9t ph\u00e1 c\u00f3 kh\u1ea3 n\u0103ng chi\u1ebfu l\u00ean m\u01b0\u1eddi hai b\u1ec1 m\u1eb7t \u0111\u1ec3 l\u1eadp k\u1ebf ho\u1ea1ch kh\u00f4ng gian ho\u00e0n ch\u1ec9nh. C\u00f3 s\u1eb5n c\u1ea3 hai phi\u00ean b\u1ea3n ch\u00f9m tia \u0111\u1ecf c\u00f4ng su\u1ea5t cao v\u00e0 ch\u00f9m tia xanh si\u00eau s\u00e1ng, m\u1ed7i c\u00f4ng c\u1ee5 trong d\u00f2ng s\u1ea3n ph\u1ea9m n\u00e0y \u0111\u1ec1u l\u00e0 m\u00e1y c\u00e2n b\u1eb1ng laser t\u1ef1 \u0111\u1ed9ng ch\u00ednh x\u00e1c, \u0111\u1ea3m b\u1ea3o \u0111\u1ed9 ch\u00ednh x\u00e1c trong ph\u1ea1m vi \u00b13mm \u1edf kho\u1ea3ng c\u00e1ch 10 m\u00e9t trong v\u00f2ng ch\u01b0a \u0111\u1ea7y 5 gi\u00e2y.<\/p>\n<p>\u0110i\u1ec1u th\u1ef1c s\u1ef1 t\u1ea1o n\u00ean s\u1ef1 kh\u00e1c bi\u1ec7t <a href=\"https:\/\/mountlaser.com\/vi\/contact-us\/\">D\u00f2ng KLL-800<\/a> \u0110i\u1ec3m n\u1ed5i b\u1eadt l\u00e0 th\u1eddi l\u01b0\u1ee3ng pin v\u01b0\u1ee3t tr\u1ed9i, \u0111\u01b0\u1ee3c trang b\u1ecb pin Li-ion dung l\u01b0\u1ee3ng cao 8000mAh cho ph\u00e9p ho\u1ea1t \u0111\u1ed9ng li\u00ean t\u1ee5c l\u00ean \u0111\u1ebfn 8 gi\u1edd. \u0110i\u1ec1u n\u00e0y c\u00f3 ngh\u0129a l\u00e0 th\u1eddi gian ng\u1eebng ho\u1ea1t \u0111\u1ed9ng \u00edt h\u01a1n v\u00e0 n\u0103ng su\u1ea5t cao h\u01a1n. Cho d\u00f9 b\u1ea1n \u0111ang s\u1eed d\u1ee5ng m\u1ed9t thi\u1ebft b\u1ecb m\u1ea1nh m\u1ebd<strong><a href=\"https:\/\/mountlaser.com\/vi\/danh-muc-san-pham\/line-laser\/\"> m\u00e1y c\u00e2n b\u1eb1ng laser t\u1ef1 \u0111\u1ed9ng<\/a>l<\/strong> T\u1eeb d\u00f2ng m\u00e1y \u0111o laser 2D \u0111\u1ebfn m\u00e1y \u0111o laser 3D 12 tia ti\u00ean ti\u1ebfn d\u00e0nh cho c\u00e1c c\u00f4ng tr\u00ecnh ph\u1ee9c t\u1ea1p, b\u1ea1n s\u1ebd \u0111\u01b0\u1ee3c trang b\u1ecb m\u1ed9t c\u00f4ng c\u1ee5 \u0111\u01b0\u1ee3c ch\u1ebf t\u1ea1o \u0111\u1ec3 b\u1ec1n b\u1ec9 v\u00e0 ch\u00ednh x\u00e1c. V\u1edbi x\u1ebfp h\u1ea1ng IP54 v\u1ec1 \u0111\u1ed9 b\u1ec1n, d\u00f2ng KLL-800 l\u00e0 s\u1ef1 l\u1ef1a ch\u1ecdn t\u1ed1i \u01b0u cho c\u00e1c nh\u00e0 th\u1ea7u kh\u00f4ng mu\u1ed1n th\u1ecfa hi\u1ec7p v\u1ec1 \u0111\u1ed9 tin c\u1eady ho\u1eb7c hi\u1ec7u su\u1ea5t.<\/p>\n<p>&nbsp;<\/p>\n<p>&nbsp;<\/p>\n<p><img fetchpriority=\"high\" decoding=\"async\" class=\"aligncenter wp-image-4732\" src=\"https:\/\/mountlaser.com\/wp-content\/uploads\/2025\/11\/KLL-8001.webp\" alt=\"self-leveling laser level\" width=\"500\" height=\"500\" srcset=\"https:\/\/mountlaser.com\/wp-content\/uploads\/2025\/11\/KLL-8001.webp 800w, https:\/\/mountlaser.com\/wp-content\/uploads\/2025\/11\/KLL-8001-300x300.webp 300w, https:\/\/mountlaser.com\/wp-content\/uploads\/2025\/11\/KLL-8001-400x400.webp 400w, https:\/\/mountlaser.com\/wp-content\/uploads\/2025\/11\/KLL-8001-600x600.webp 600w, https:\/\/mountlaser.com\/wp-content\/uploads\/2025\/11\/KLL-8001-150x150.webp 150w, https:\/\/mountlaser.com\/wp-content\/uploads\/2025\/11\/KLL-8001-768x768.webp 768w, https:\/\/mountlaser.com\/wp-content\/uploads\/2025\/11\/KLL-8001-12x12.webp 12w\" sizes=\"(max-width: 500px) 100vw, 500px\" \/><\/p>\n<p><strong>Th\u00f4ng s\u1ed1 k\u1ef9 thu\u1eadt d\u00f2ng m\u00e1y kh\u1eafc laser Line Laser KLL-800<\/strong><\/p>\n<table style=\"height: 408px;\" width=\"800\">\n<tbody>\n<tr>\n<td>M\u00e3 s\u1ed1 s\u1ea3n ph\u1ea9m.<\/td>\n<td>KLL-D801R\/802R\/803R<\/td>\n<td>KLL-D801G\/802G\/803G<\/td>\n<\/tr>\n<tr>\n<td>Ngu\u1ed3n s\u00e1ng<\/td>\n<td>Tia s\u00e1ng \u0111\u1ecf<\/td>\n<td>Ch\u00f9m tia xanh<\/td>\n<\/tr>\n<tr>\n<td>B\u01b0\u1edbc s\u00f3ng laser<\/td>\n<td>635nm<\/td>\n<td>520nm<\/td>\n<\/tr>\n<tr>\n<td>\u0110i\u1ed1t laser<\/td>\n<td>100mw<\/td>\n<td>30mw<\/td>\n<\/tr>\n<tr>\n<td>L\u1edbp h\u1ecdc an to\u00e0n laser<\/td>\n<td colspan=\"2\">L\u1edbp 2<\/td>\n<\/tr>\n<tr>\n<td>Ph\u1ea1m vi c\u00e2n b\u1eb1ng:<\/td>\n<td colspan=\"2\">\u00b13\u00b0<\/td>\n<\/tr>\n<tr>\n<td>Th\u1eddi gian l\u00ean c\u1ea5p<\/td>\n<td colspan=\"2\">&lt;5 gi\u00e2y<\/td>\n<\/tr>\n<tr>\n<td>\u0110\u1ed9 ch\u00ednh x\u00e1c c\u1ee7a vi\u1ec7c c\u00e2n b\u1eb1ng<\/td>\n<td colspan=\"2\">\u00b13mm\/10m<\/td>\n<\/tr>\n<tr>\n<td>Quy\u1ec1n l\u1ef1c<\/td>\n<td colspan=\"2\">Pin Li-ion 21700 3.7V 8000mAh<\/td>\n<\/tr>\n<tr>\n<td>Th\u1eddi gian ho\u1ea1t \u0111\u1ed9ng<\/td>\n<td colspan=\"2\">Kho\u1ea3ng 8 ti\u1ebfng<\/td>\n<\/tr>\n<tr>\n<td>Nhi\u1ec7t \u0111\u1ed9 ho\u1ea1t \u0111\u1ed9ng<\/td>\n<td colspan=\"2\">-10\u2103\uff5e+50\u2103<\/td>\n<\/tr>\n<tr>\n<td>Ren g\u1eafn<\/td>\n<td colspan=\"2\">1\/4\u2033-20<\/td>\n<\/tr>\n<tr>\n<td>Ch\u1ed1ng th\u1ea5m n\u01b0\u1edbc<\/td>\n<td colspan=\"2\">IP54<\/td>\n<\/tr>\n<\/tbody>\n<\/table>","protected":false},"excerpt":{"rendered":"<ul>\n<li>Ch\u1ebf \u0111\u1ed9 chi\u1ebfu n\u00e2ng cao: Bao g\u1ed3m m\u00f4 h\u00ecnh 2D 8 d\u00f2ng (D801\/802) cho ph\u1ea1m vi ph\u1ee7 s\u00f3ng 360\u00b0 v\u00e0 m\u00f4 h\u00ecnh 3D 12 d\u00f2ng (D803) cho b\u1ed1 c\u1ee5c kh\u00f4ng gian to\u00e0n c\u1ea3nh.<\/li>\n<li>M\u00e1y c\u00e2n b\u1eb1ng laser t\u1ef1 \u0111\u1ed9ng: T\u1ef1 \u0111\u1ed9ng c\u00e2n b\u1eb1ng trong ph\u1ea1m vi \u00b13\u00b0 trong v\u00f2ng ch\u01b0a \u0111\u1ea7y 5 gi\u00e2y, \u0111\u1ea3m b\u1ea3o thi\u1ebft l\u1eadp nhanh ch\u00f3ng v\u00e0 ch\u00ednh x\u00e1c.<\/li>\n<li>Th\u1eddi l\u01b0\u1ee3ng pin h\u00e0ng \u0111\u1ea7u trong ng\u00e0nh: \u0110\u01b0\u1ee3c trang b\u1ecb pin Li-ion 21700 8000mAh cho th\u1eddi gian ho\u1ea1t \u0111\u1ed9ng li\u00ean t\u1ee5c l\u00ean \u0111\u1ebfn 8 gi\u1edd.<\/li>\n<\/ul>","protected":false},"featured_media":4734,"comment_status":"open","ping_status":"closed","template":"","meta":[],"product_brand":[],"product_cat":[92],"product_tag":[],"class_list":{"0":"post-4731","1":"product","2":"type-product","3":"status-publish","4":"has-post-thumbnail","6":"product_cat-line-laser","8":"first","9":"instock","10":"shipping-taxable","11":"product-type-simple"},"_links":{"self":[{"href":"https:\/\/mountlaser.com\/vi\/wp-json\/wp\/v2\/product\/4731","targetHints":{"allow":["GET"]}}],"collection":[{"href":"https:\/\/mountlaser.com\/vi\/wp-json\/wp\/v2\/product"}],"about":[{"href":"https:\/\/mountlaser.com\/vi\/wp-json\/wp\/v2\/types\/product"}],"replies":[{"embeddable":true,"href":"https:\/\/mountlaser.com\/vi\/wp-json\/wp\/v2\/comments?post=4731"}],"wp:featuredmedia":[{"embeddable":true,"href":"https:\/\/mountlaser.com\/vi\/wp-json\/wp\/v2\/media\/4734"}],"wp:attachment":[{"href":"https:\/\/mountlaser.com\/vi\/wp-json\/wp\/v2\/media?parent=4731"}],"wp:term":[{"taxonomy":"product_brand","embeddable":true,"href":"https:\/\/mountlaser.com\/vi\/wp-json\/wp\/v2\/product_brand?post=4731"},{"taxonomy":"product_cat","embeddable":true,"href":"https:\/\/mountlaser.com\/vi\/wp-json\/wp\/v2\/product_cat?post=4731"},{"taxonomy":"product_tag","embeddable":true,"href":"https:\/\/mountlaser.com\/vi\/wp-json\/wp\/v2\/product_tag?post=4731"}],"curies":[{"name":"trang web","href":"https:\/\/api.w.org\/{rel}","templated":true}]}}