{"id":4726,"date":"2025-11-21T02:33:06","date_gmt":"2025-11-21T02:33:06","guid":{"rendered":"https:\/\/mountlaser.com\/?post_type=product&#038;p=4726"},"modified":"2025-11-25T09:27:24","modified_gmt":"2025-11-25T09:27:24","slug":"line-laser-kll-600-series","status":"publish","type":"product","link":"https:\/\/mountlaser.com\/vi\/san-pham\/line-laser-kll-600-series\/","title":{"rendered":"M\u00e1y kh\u1eafc laser d\u00f2ng KLL-600"},"content":{"rendered":"<p>C\u00e1i <a href=\"https:\/\/mountlaser.com\/vi\/danh-muc-san-pham\/line-laser\/\"><strong>M\u00e1y kh\u1eafc laser d\u00f2ng KLL-600<\/strong><\/a> D\u00f2ng s\u1ea3n ph\u1ea9m n\u00e0y \u0111\u1ea1i di\u1ec7n cho c\u00f4ng ngh\u1ec7 c\u00e2n b\u1eb1ng laser ti\u00ean ti\u1ebfn nh\u1ea5t, \u0111\u01b0\u1ee3c thi\u1ebft k\u1ebf \u0111\u1ec3 \u0111\u00e1p \u1ee9ng nhu c\u1ea7u \u0111a d\u1ea1ng c\u1ee7a c\u00e1c d\u1ef1 \u00e1n x\u00e2y d\u1ef1ng v\u00e0 c\u1ea3i t\u1ea1o hi\u1ec7n \u0111\u1ea1i. D\u00f2ng s\u1ea3n ph\u1ea9m m\u1ea1nh m\u1ebd n\u00e0y bao g\u1ed3m c\u00e1c m\u1eabu KLL-D601 v\u00e0 D602, l\u00e0 c\u00e1c c\u00f4ng c\u1ee5 c\u00e2n b\u1eb1ng laser 2 tia ti\u00ean ti\u1ebfn chi\u1ebfu l\u00ean t\u00e1m b\u1ec1 m\u1eb7t \u0111\u1ec3 bao ph\u1ee7 to\u00e0n b\u1ed9 360 \u0111\u1ed9, v\u00e0 m\u1eabu cao c\u1ea5p nh\u1ea5t KLL-D603, m\u1ed9t s\u1ea3n ph\u1ea9m mang t\u00ednh c\u00e1ch m\u1ea1ng. <a href=\"https:\/\/mountlaser.com\/vi\/about-us\/\">M\u00e1y c\u00e2n b\u1eb1ng laser v\u1ea1ch ch\u1eef th\u1eadp m\u00e0u xanh l\u00e1 c\u00e2y 3D<\/a> \u0110i\u1ec1u n\u00e0y t\u1ea1o n\u00ean m\u1ed9t kh\u00f4ng gian b\u1ed1 tr\u00ed to\u00e0n di\u1ec7n \u0111\u1ed9c \u0111\u00e1o, tr\u1ea3i r\u1ed9ng tr\u00ean m\u01b0\u1eddi hai b\u1ec1 m\u1eb7t.<\/p>\n<p>C\u00f3 c\u1ea3 hai t\u00f9y ch\u1ecdn ch\u00f9m tia \u0111\u1ecf c\u00f4ng su\u1ea5t cao v\u00e0 ch\u00f9m tia xanh si\u00eau s\u00e1ng, d\u00f2ng s\u1ea3n ph\u1ea9m n\u00e0y \u0111\u1ea3m b\u1ea3o kh\u1ea3 n\u0103ng hi\u1ec3n th\u1ecb v\u01b0\u1ee3t tr\u1ed9i trong m\u1ecdi \u0111i\u1ec1u ki\u1ec7n \u00e1nh s\u00e1ng. \u0110i\u1ec3m c\u1ed1t l\u00f5i c\u1ee7a c\u00e1c m\u1eabu D601 v\u00e0 D602 n\u1eb1m \u1edf \u0111\u1ed9 ch\u00ednh x\u00e1c c\u1ee7a ch\u00fang nh\u01b0 m\u1ed9t m\u00e1y c\u00e2n b\u1eb1ng laser 2 tia, v\u1edbi h\u1ec7 th\u1ed1ng t\u1ef1 c\u00e2n b\u1eb1ng nhanh ch\u00f3ng cho \u0111\u1ed9 ch\u00ednh x\u00e1c trong ph\u1ea1m vi \u00b13mm \u1edf kho\u1ea3ng c\u00e1ch 10 m\u00e9t trong v\u00f2ng ch\u01b0a \u0111\u1ea7y 5 gi\u00e2y.<\/p>\n<p>&nbsp;<\/p>\n<p><img fetchpriority=\"high\" decoding=\"async\" class=\"aligncenter wp-image-4729\" src=\"https:\/\/mountlaser.com\/wp-content\/uploads\/2025\/11\/KLL-6003.webp\" alt=\"3D Green Cross Line Laser Level\" width=\"500\" height=\"500\" srcset=\"https:\/\/mountlaser.com\/wp-content\/uploads\/2025\/11\/KLL-6003.webp 800w, https:\/\/mountlaser.com\/wp-content\/uploads\/2025\/11\/KLL-6003-300x300.webp 300w, https:\/\/mountlaser.com\/wp-content\/uploads\/2025\/11\/KLL-6003-400x400.webp 400w, https:\/\/mountlaser.com\/wp-content\/uploads\/2025\/11\/KLL-6003-600x600.webp 600w, https:\/\/mountlaser.com\/wp-content\/uploads\/2025\/11\/KLL-6003-150x150.webp 150w, https:\/\/mountlaser.com\/wp-content\/uploads\/2025\/11\/KLL-6003-768x768.webp 768w, https:\/\/mountlaser.com\/wp-content\/uploads\/2025\/11\/KLL-6003-12x12.webp 12w\" sizes=\"(max-width: 500px) 100vw, 500px\" \/><\/p>\n<p>D\u00e0nh cho c\u00e1c chuy\u00ean gia x\u1eed l\u00fd c\u00e1c d\u1ef1 \u00e1n ph\u1ee9c t\u1ea1p, KLL-D603 l\u00e0 l\u1ef1a ch\u1ecdn ph\u00f9 h\u1ee3p. <a href=\"https:\/\/mountlaser.com\/vi\/\"><strong>M\u00e1y c\u00e2n b\u1eb1ng laser v\u1ea1ch ch\u1eef th\u1eadp m\u00e0u xanh l\u00e1 c\u00e2y 3D<\/strong><\/a> Cung c\u1ea5p c\u00f4ng c\u1ee5 t\u1ed1i \u01b0u cho vi\u1ec7c c\u0103n ch\u1ec9nh \u0111a m\u1eb7t ph\u1eb3ng, \u0111\u1ed3ng th\u1eddi duy tr\u00ec k\u1ebft c\u1ea5u ch\u1eafc ch\u1eafn, \u0111\u1ea1t chu\u1ea9n IP54, \u0111\u1ea3m b\u1ea3o \u0111\u1ed9 tin c\u1eady tr\u00ean m\u1ecdi c\u00f4ng tr\u01b0\u1eddng. D\u00f2ng s\u1ea3n ph\u1ea9m n\u00e0y l\u00e0 s\u1ef1 l\u1ef1a ch\u1ecdn ho\u00e0n h\u1ea3o cho b\u1ea5t k\u1ef3 ai \u0111ang t\u00ecm ki\u1ebfm m\u1ed9t m\u00e1y c\u00e2n b\u1eb1ng laser 2 tia \u0111a n\u0103ng v\u00e0 hi\u1ec7u su\u1ea5t cao ho\u1eb7c m\u1ed9t gi\u1ea3i ph\u00e1p c\u00e2n b\u1eb1ng laser 3D tia ch\u00e9o m\u00e0u xanh l\u00e1 c\u00e2y to\u00e0n di\u1ec7n.<\/p>\n<p><strong>Th\u00f4ng s\u1ed1 k\u1ef9 thu\u1eadt d\u00f2ng m\u00e1y kh\u1eafc laser Line Laser KLL-600<\/strong><\/p>\n<table>\n<tbody>\n<tr>\n<td>M\u00e3 s\u1ed1 s\u1ea3n ph\u1ea9m.<\/td>\n<td>KLL-D601R\/602R\/603R<\/td>\n<td>KLL-D601G\/602G\/603G<\/td>\n<\/tr>\n<tr>\n<td>Ngu\u1ed3n s\u00e1ng<\/td>\n<td>Tia s\u00e1ng \u0111\u1ecf<\/td>\n<td>Ch\u00f9m tia xanh<\/td>\n<\/tr>\n<tr>\n<td>B\u01b0\u1edbc s\u00f3ng laser<\/td>\n<td>635nm<\/td>\n<td>520nm<\/td>\n<\/tr>\n<tr>\n<td>\u0110i\u1ed1t laser<\/td>\n<td>100mw<\/td>\n<td>30mw<\/td>\n<\/tr>\n<tr>\n<td>L\u1edbp h\u1ecdc an to\u00e0n laser<\/td>\n<td colspan=\"2\">L\u1edbp 2<\/td>\n<\/tr>\n<tr>\n<td>Ph\u1ea1m vi c\u00e2n b\u1eb1ng:<\/td>\n<td colspan=\"2\">\u00b13\u00b0<\/td>\n<\/tr>\n<tr>\n<td>Th\u1eddi gian l\u00ean c\u1ea5p<\/td>\n<td colspan=\"2\">&lt;5 gi\u00e2y<\/td>\n<\/tr>\n<tr>\n<td>\u0110\u1ed9 ch\u00ednh x\u00e1c c\u1ee7a vi\u1ec7c c\u00e2n b\u1eb1ng<\/td>\n<td colspan=\"2\">\u00b13mm\/10m<\/td>\n<\/tr>\n<tr>\n<td>Quy\u1ec1n l\u1ef1c<\/td>\n<td colspan=\"2\">Pin Li-ion 18650 3.7V 4000mAh<\/td>\n<\/tr>\n<tr>\n<td>Th\u1eddi gian ho\u1ea1t \u0111\u1ed9ng<\/td>\n<td colspan=\"2\">Kho\u1ea3ng 4 ti\u1ebfng<\/td>\n<\/tr>\n<tr>\n<td>Nhi\u1ec7t \u0111\u1ed9 ho\u1ea1t \u0111\u1ed9ng<\/td>\n<td colspan=\"2\">-10\u2103\uff5e+50\u2103<\/td>\n<\/tr>\n<tr>\n<td>Ren g\u1eafn<\/td>\n<td>1\/4\u2033-20\/1\/4\u2033-20\/1\/4\u2033-20 &amp; 5\/8\u2033-11<\/td>\n<td>1\/4\u2033-20 &amp; 5\/8\u2033-11<\/td>\n<\/tr>\n<tr>\n<td>Ch\u1ed1ng th\u1ea5m n\u01b0\u1edbc<\/td>\n<td colspan=\"2\">IP54<\/td>\n<\/tr>\n<\/tbody>\n<\/table>","protected":false},"excerpt":{"rendered":"<ul>\n<li>T\u00f9y ch\u1ecdn hai m\u00e0u laser: Ch\u1ecdn ch\u00f9m tia \u0111\u1ecf c\u00f4ng su\u1ea5t cao ho\u1eb7c ch\u00f9m tia xanh l\u00e1 c\u00e2y s\u00e1ng h\u01a1n \u0111\u00e1ng k\u1ec3 \u0111\u1ec3 c\u00f3 t\u1ea7m nh\u00ecn tuy\u1ec7t v\u1eddi.<\/li>\n<li>T\u1ef1 c\u00e2n b\u1eb1ng nhanh: T\u1ef1 \u0111\u1ed9ng c\u00e2n b\u1eb1ng trong ph\u1ea1m vi \u00b13\u00b0 trong v\u00f2ng ch\u01b0a \u0111\u1ea7y 5 gi\u00e2y \u0111\u1ec3 thi\u1ebft l\u1eadp ch\u00ednh x\u00e1c ngay l\u1eadp t\u1ee9c.<\/li>\n<li>Pin s\u1ea1c b\u1ec1n l\u00e2u: \u0110\u01b0\u1ee3c trang b\u1ecb pin Li-ion 4000mAh cho th\u1eddi gian s\u1eed d\u1ee5ng kh\u00f4ng d\u00e2y k\u00e9o d\u00e0i.<\/li>\n<\/ul>","protected":false},"featured_media":4727,"comment_status":"open","ping_status":"closed","template":"","meta":[],"product_brand":[],"product_cat":[92],"product_tag":[],"class_list":{"0":"post-4726","1":"product","2":"type-product","3":"status-publish","4":"has-post-thumbnail","6":"product_cat-line-laser","8":"first","9":"instock","10":"shipping-taxable","11":"product-type-simple"},"_links":{"self":[{"href":"https:\/\/mountlaser.com\/vi\/wp-json\/wp\/v2\/product\/4726","targetHints":{"allow":["GET"]}}],"collection":[{"href":"https:\/\/mountlaser.com\/vi\/wp-json\/wp\/v2\/product"}],"about":[{"href":"https:\/\/mountlaser.com\/vi\/wp-json\/wp\/v2\/types\/product"}],"replies":[{"embeddable":true,"href":"https:\/\/mountlaser.com\/vi\/wp-json\/wp\/v2\/comments?post=4726"}],"wp:featuredmedia":[{"embeddable":true,"href":"https:\/\/mountlaser.com\/vi\/wp-json\/wp\/v2\/media\/4727"}],"wp:attachment":[{"href":"https:\/\/mountlaser.com\/vi\/wp-json\/wp\/v2\/media?parent=4726"}],"wp:term":[{"taxonomy":"product_brand","embeddable":true,"href":"https:\/\/mountlaser.com\/vi\/wp-json\/wp\/v2\/product_brand?post=4726"},{"taxonomy":"product_cat","embeddable":true,"href":"https:\/\/mountlaser.com\/vi\/wp-json\/wp\/v2\/product_cat?post=4726"},{"taxonomy":"product_tag","embeddable":true,"href":"https:\/\/mountlaser.com\/vi\/wp-json\/wp\/v2\/product_tag?post=4726"}],"curies":[{"name":"trang web","href":"https:\/\/api.w.org\/{rel}","templated":true}]}}