{"id":4722,"date":"2025-11-21T02:05:02","date_gmt":"2025-11-21T02:05:02","guid":{"rendered":"https:\/\/mountlaser.com\/?post_type=product&#038;p=4722"},"modified":"2025-11-26T06:31:42","modified_gmt":"2025-11-26T06:31:42","slug":"line-laser-kll-d300-series","status":"publish","type":"product","link":"https:\/\/mountlaser.com\/vi\/san-pham\/line-laser-kll-d300-series\/","title":{"rendered":"M\u00e1y kh\u1eafc laser d\u00f2ng KLL-D300"},"content":{"rendered":"<p><strong>T\u1ed5ng quan v\u1ec1 d\u00f2ng m\u00e1y kh\u1eafc laser KLL-D300<\/strong><\/p>\n<p>C\u00e1i <a href=\"https:\/\/mountlaser.com\/vi\/about-us\/\"><strong>M\u00e1y kh\u1eafc laser d\u00f2ng KLL-D300<\/strong><\/a> \u0110\u1ecbnh ngh\u0129a l\u1ea1i \u0111\u1ed9 ch\u00ednh x\u00e1c v\u00e0 t\u00ednh linh ho\u1ea1t cho c\u00f4ng vi\u1ec7c b\u1ed1 tr\u00ed chuy\u00ean nghi\u1ec7p. D\u00f2ng s\u1ea3n ph\u1ea9m to\u00e0n di\u1ec7n n\u00e0y bao g\u1ed3m KLL-D301\/302, m\u00e1y c\u00e2n b\u1eb1ng laser ti\u00ean ti\u1ebfn chi\u1ebfu l\u00ean t\u00e1m b\u1ec1 m\u1eb7t \u0111\u1ec3 bao ph\u1ee7 to\u00e0n b\u1ed9 360\u00b0, v\u00e0 s\u1ea3n ph\u1ea9m \u0111\u1ed9t ph\u00e1<a href=\"https:\/\/mountlaser.com\/vi\/contact-us\/\"> KLL-D303<\/a>, \u0110\u00e2y l\u00e0 m\u00f4 h\u00ecnh 3D c\u00f3 th\u1ec3 chi\u1ebfu l\u00ean m\u01b0\u1eddi hai b\u1ec1 m\u1eb7t, mang l\u1ea1i hi\u1ec7u qu\u1ea3 t\u1ed1i \u01b0u trong quy ho\u1ea1ch kh\u00f4ng gian. C\u00f3 s\u1eb5n c\u1ea3 hai phi\u00ean b\u1ea3n Green Beam \u0111\u1ed9 hi\u1ec3n th\u1ecb cao v\u00e0 Red Beam ti\u00eau chu\u1ea9n, nh\u1eefng c\u00f4ng c\u1ee5 n\u00e0y \u0111\u01b0\u1ee3c thi\u1ebft k\u1ebf d\u00e0nh cho nh\u1eefng c\u00f4ng tr\u01b0\u1eddng \u0111\u00f2i h\u1ecfi kh\u1eaft khe nh\u1ea5t.<\/p>\n<p>\u0110i\u1ec3m c\u1ed1t l\u00f5i c\u1ee7a c\u00e1c m\u1eabu D301 v\u00e0 D302 l\u00e0 ch\u1ee9c n\u0103ng c\u1ee7a ch\u00fang nh\u01b0 m\u1ed9t m\u00e1y laser t\u1ef1 c\u00e2n b\u1eb1ng \u0111\u01b0\u1eddng ch\u00e9o hi\u1ec7u qu\u1ea3 cao. Ch\u00fang t\u1ef1 \u0111\u1ed9ng c\u00e2n b\u1eb1ng trong ph\u1ea1m vi \u00b13\u00b0 trong v\u00f2ng ch\u01b0a \u0111\u1ea7y 5 gi\u00e2y, \u0111\u1ea3m b\u1ea3o \u0111\u1ed9 ch\u00ednh x\u00e1c \u00b13mm\/10m cho vi\u1ec7c c\u0103n ch\u1ec9nh ngang v\u00e0 d\u1ecdc ho\u00e0n h\u1ea3o. Thi\u1ebft b\u1ecb m\u1ea1nh m\u1ebd n\u00e0y <a href=\"https:\/\/mountlaser.com\/vi\/danh-muc-san-pham\/line-laser\/\"><strong>Laser t\u1ef1 c\u00e2n b\u1eb1ng tia ch\u00e9o<\/strong><\/a> H\u1ec7 th\u1ed1ng n\u00e0y, k\u1ebft h\u1ee3p v\u1edbi x\u1ebfp h\u1ea1ng IP54, \u0111\u1ea3m b\u1ea3o \u0111\u1ed9 tin c\u1eady trong \u0111i\u1ec1u ki\u1ec7n kh\u1eafc nghi\u1ec7t. \u0110\u1ed1i v\u1edbi c\u00e1c chuy\u00ean gia t\u00ecm ki\u1ebfm c\u00f4ng ngh\u1ec7 b\u1ed1 tr\u00ed ti\u00ean ti\u1ebfn nh\u1ea5t, d\u00f2ng KLL-D300 cung c\u1ea5p nhi\u1ec1u lo\u1ea1i m\u00e1y c\u00e2n b\u1eb1ng laser ph\u00f9 h\u1ee3p v\u1edbi m\u1ecdi \u0111\u1ed9 ph\u1ee9c t\u1ea1p c\u1ee7a d\u1ef1 \u00e1n, t\u1eeb c\u0103n ch\u1ec9nh c\u01a1 b\u1ea3n \u0111\u1ebfn m\u00f4 h\u00ecnh 3D ho\u00e0n ch\u1ec9nh.<\/p>\n<p>&nbsp;<\/p>\n<p><img fetchpriority=\"high\" decoding=\"async\" class=\"aligncenter wp-image-4723\" src=\"https:\/\/mountlaser.com\/wp-content\/uploads\/2025\/11\/KLL-3001.webp\" alt=\"Self-Leveling Cross Line Laser\" width=\"500\" height=\"500\" srcset=\"https:\/\/mountlaser.com\/wp-content\/uploads\/2025\/11\/KLL-3001.webp 800w, https:\/\/mountlaser.com\/wp-content\/uploads\/2025\/11\/KLL-3001-300x300.webp 300w, https:\/\/mountlaser.com\/wp-content\/uploads\/2025\/11\/KLL-3001-400x400.webp 400w, https:\/\/mountlaser.com\/wp-content\/uploads\/2025\/11\/KLL-3001-600x600.webp 600w, https:\/\/mountlaser.com\/wp-content\/uploads\/2025\/11\/KLL-3001-150x150.webp 150w, https:\/\/mountlaser.com\/wp-content\/uploads\/2025\/11\/KLL-3001-768x768.webp 768w, https:\/\/mountlaser.com\/wp-content\/uploads\/2025\/11\/KLL-3001-12x12.webp 12w\" sizes=\"(max-width: 500px) 100vw, 500px\" \/><\/p>\n<p>&nbsp;<\/p>\n<p><strong>Th\u00f4ng s\u1ed1 k\u1ef9 thu\u1eadt d\u00f2ng m\u00e1y kh\u1eafc laser KLL-D300<\/strong><\/p>\n<table>\n<tbody>\n<tr>\n<td>M\u00e3 s\u1ed1 s\u1ea3n ph\u1ea9m.<\/td>\n<td>KLL-D301R\/D302R\/303R<\/td>\n<td>KLL-D301G\/D302G\/303G<\/td>\n<\/tr>\n<tr>\n<td>Ngu\u1ed3n s\u00e1ng<\/td>\n<td>Tia s\u00e1ng \u0111\u1ecf<\/td>\n<td>Ch\u00f9m tia xanh<\/td>\n<\/tr>\n<tr>\n<td>B\u01b0\u1edbc s\u00f3ng laser<\/td>\n<td>635nm<\/td>\n<td>520nm<\/td>\n<\/tr>\n<tr>\n<td>\u0110i\u1ed1t laser<\/td>\n<td>100mw<\/td>\n<td>30mw<\/td>\n<\/tr>\n<tr>\n<td>L\u1edbp h\u1ecdc an to\u00e0n laser<\/td>\n<td colspan=\"2\">L\u1edbp 2<\/td>\n<\/tr>\n<tr>\n<td>Ph\u1ea1m vi c\u00e2n b\u1eb1ng:<\/td>\n<td colspan=\"2\">\u00b13\u00b0<\/td>\n<\/tr>\n<tr>\n<td>Th\u1eddi gian l\u00ean c\u1ea5p<\/td>\n<td colspan=\"2\">&lt;5 gi\u00e2y<\/td>\n<\/tr>\n<tr>\n<td>\u0110\u1ed9 ch\u00ednh x\u00e1c c\u1ee7a vi\u1ec7c c\u00e2n b\u1eb1ng<\/td>\n<td colspan=\"2\">\u00b13mm\/10m<\/td>\n<\/tr>\n<tr>\n<td>Quy\u1ec1n l\u1ef1c<\/td>\n<td colspan=\"2\">Pin Li-ion 18650 3.7V 4000mAh<\/td>\n<\/tr>\n<tr>\n<td>Th\u1eddi gian ho\u1ea1t \u0111\u1ed9ng<\/td>\n<td colspan=\"2\">Kho\u1ea3ng 4 ti\u1ebfng<\/td>\n<\/tr>\n<tr>\n<td>Nhi\u1ec7t \u0111\u1ed9 ho\u1ea1t \u0111\u1ed9ng<\/td>\n<td colspan=\"2\">-10\u2103\uff5e+50\u2103<\/td>\n<\/tr>\n<tr>\n<td>Ren g\u1eafn<\/td>\n<td colspan=\"2\">1\/4\u2033-20<\/td>\n<\/tr>\n<tr>\n<td>Ch\u1ed1ng th\u1ea5m n\u01b0\u1edbc<\/td>\n<td colspan=\"2\">IP54<\/td>\n<\/tr>\n<\/tbody>\n<\/table>","protected":false},"excerpt":{"rendered":"<ul>\n<li>Chi\u1ebfu \u0111a b\u1ec1 m\u1eb7t: Ch\u1ecdn t\u1eeb m\u00f4 h\u00ecnh 2D 8 d\u00f2ng (D301\/302) \u0111\u1ec3 bao ph\u1ee7 360\u00b0 ho\u1eb7c m\u00f4 h\u00ecnh 3D 12 d\u00f2ng (D303) \u0111\u1ec3 b\u1ed1 tr\u00ed kh\u00f4ng gian ho\u00e0n ch\u1ec9nh.<\/li>\n<li>Hai t\u00f9y ch\u1ecdn laser: Ch\u1ecdn tia laser \u0111\u1ecf \u0111\u1ec3 s\u1eed d\u1ee5ng th\u00f4ng th\u01b0\u1eddng ho\u1eb7c tia laser xanh s\u00e1ng h\u01a1n g\u1ea5p 6 l\u1ea7n \u0111\u1ec3 c\u00f3 t\u1ea7m nh\u00ecn v\u01b0\u1ee3t tr\u1ed9i.<\/li>\n<li>T\u1ef1 \u0111\u1ed9ng c\u00e2n b\u1eb1ng: T\u1ef1 \u0111\u1ed9ng c\u00e2n b\u1eb1ng trong ph\u1ea1m vi \u00b13\u00b0 \u0111\u1ec3 thi\u1ebft l\u1eadp nhanh ch\u00f3ng v\u00e0 ch\u00ednh x\u00e1c (&lt;5 gi\u00e2y).<\/li>\n<\/ul>","protected":false},"featured_media":4725,"comment_status":"open","ping_status":"closed","template":"","meta":[],"product_brand":[],"product_cat":[92],"product_tag":[],"class_list":{"0":"post-4722","1":"product","2":"type-product","3":"status-publish","4":"has-post-thumbnail","6":"product_cat-line-laser","8":"first","9":"instock","10":"shipping-taxable","11":"product-type-simple"},"_links":{"self":[{"href":"https:\/\/mountlaser.com\/vi\/wp-json\/wp\/v2\/product\/4722","targetHints":{"allow":["GET"]}}],"collection":[{"href":"https:\/\/mountlaser.com\/vi\/wp-json\/wp\/v2\/product"}],"about":[{"href":"https:\/\/mountlaser.com\/vi\/wp-json\/wp\/v2\/types\/product"}],"replies":[{"embeddable":true,"href":"https:\/\/mountlaser.com\/vi\/wp-json\/wp\/v2\/comments?post=4722"}],"wp:featuredmedia":[{"embeddable":true,"href":"https:\/\/mountlaser.com\/vi\/wp-json\/wp\/v2\/media\/4725"}],"wp:attachment":[{"href":"https:\/\/mountlaser.com\/vi\/wp-json\/wp\/v2\/media?parent=4722"}],"wp:term":[{"taxonomy":"product_brand","embeddable":true,"href":"https:\/\/mountlaser.com\/vi\/wp-json\/wp\/v2\/product_brand?post=4722"},{"taxonomy":"product_cat","embeddable":true,"href":"https:\/\/mountlaser.com\/vi\/wp-json\/wp\/v2\/product_cat?post=4722"},{"taxonomy":"product_tag","embeddable":true,"href":"https:\/\/mountlaser.com\/vi\/wp-json\/wp\/v2\/product_tag?post=4722"}],"curies":[{"name":"trang web","href":"https:\/\/api.w.org\/{rel}","templated":true}]}}