{"id":4721,"date":"2025-11-21T02:17:17","date_gmt":"2025-11-21T02:17:17","guid":{"rendered":"https:\/\/mountlaser.com\/?post_type=product&#038;p=4721"},"modified":"2025-11-26T06:29:06","modified_gmt":"2025-11-26T06:29:06","slug":"lp700-rotary-laser-receiver","status":"publish","type":"product","link":"https:\/\/mountlaser.com\/vi\/san-pham\/lp700-rotary-laser-receiver\/","title":{"rendered":"B\u1ed9 thu laser xoay LP700"},"content":{"rendered":"<p>C\u00e1i<a href=\"https:\/\/mountlaser.com\/vi\/\"><strong> B\u1ed9 thu laser xoay LP700<\/strong><\/a> l\u00e0 m\u1ed9t s\u1ea3n ph\u1ea9m c\u00f3 \u0111\u1ed9 ch\u00ednh x\u00e1c cao.<a href=\"https:\/\/mountlaser.com\/vi\/about-us\/\"> <strong>M\u00e1y d\u00f2 \u0111\u1ed9 c\u00e2n b\u1eb1ng laser<\/strong> <\/a>\u0110\u01b0\u1ee3c thi\u1ebft k\u1ebf \u0111\u1ec3 cung c\u1ea5p c\u00e1c k\u1ebft qu\u1ea3 \u0111o \u1ed5n \u0111\u1ecbnh v\u00e0 ch\u00ednh x\u00e1c trong nhi\u1ec1u \u1ee9ng d\u1ee5ng x\u00e2y d\u1ef1ng, kh\u1ea3o s\u00e1t v\u00e0 \u0111o \u0111\u1ed9 cao ngo\u00e0i tr\u1eddi. \u0110\u01b0\u1ee3c ch\u1ebf t\u1ea1o v\u1edbi thi\u1ebft k\u1ebf ph\u1ee7 cao su b\u1ec1n ch\u1eafc, m\u00e1y thu laser xoay LP700 c\u00f3 kh\u1ea3 n\u0103ng ch\u1ed1ng va \u0111\u1eadp t\u1ed1t h\u01a1n, gi\u00fap m\u00e1y ho\u1ea1t \u0111\u1ed9ng \u0111\u00e1ng tin c\u1eady trong m\u00f4i tr\u01b0\u1eddng c\u00f4ng tr\u01b0\u1eddng kh\u1eafc nghi\u1ec7t.<\/p>\n<p>\u0110\u01b0\u1ee3c trang b\u1ecb thi\u1ebft k\u1ebf nam ch\u00e2m m\u1ea1nh m\u1ebd \u1edf ph\u00eda tr\u00ean, m\u00e1y d\u00f2 laser n\u00e0y mang l\u1ea1i kh\u1ea3 n\u0103ng s\u1eed d\u1ee5ng tuy\u1ec7t v\u1eddi, cho ph\u00e9p d\u1ec5 d\u00e0ng g\u1eafn v\u00e0o c\u00e1c b\u1ec1 m\u1eb7t kim lo\u1ea1i \u0111\u1ec3 v\u1eadn h\u00e0nh r\u1ea3nh tay. B\u1ed9 thu laser xoay LP700 h\u1ed7 tr\u1ee3 \u0111\u01b0\u1eddng k\u00ednh s\u1eed d\u1ee5ng t\u1eeb 600\u2013800m khi gh\u00e9p n\u1ed1i v\u1edbi c\u00e1c laser xoay MountLaser, v\u00e0 \u2265600m khi s\u1eed d\u1ee5ng v\u1edbi c\u00e1c laser xoay kh\u00e1c, \u0111\u1ea3m b\u1ea3o kh\u1ea3 n\u0103ng ph\u00e1t hi\u1ec7n \u1edf kho\u1ea3ng c\u00e1ch xa v\u00e0 hi\u1ec7u su\u1ea5t \u1ed5n \u0111\u1ecbnh.<\/p>\n<p><img fetchpriority=\"high\" decoding=\"async\" class=\"aligncenter wp-image-4710\" src=\"https:\/\/mountlaser.com\/wp-content\/uploads\/2025\/11\/LP7004.webp\" alt=\"LP700 Rotary Laser Receiver\" width=\"500\" height=\"500\" srcset=\"https:\/\/mountlaser.com\/wp-content\/uploads\/2025\/11\/LP7004.webp 800w, https:\/\/mountlaser.com\/wp-content\/uploads\/2025\/11\/LP7004-300x300.webp 300w, https:\/\/mountlaser.com\/wp-content\/uploads\/2025\/11\/LP7004-400x400.webp 400w, https:\/\/mountlaser.com\/wp-content\/uploads\/2025\/11\/LP7004-600x600.webp 600w, https:\/\/mountlaser.com\/wp-content\/uploads\/2025\/11\/LP7004-150x150.webp 150w, https:\/\/mountlaser.com\/wp-content\/uploads\/2025\/11\/LP7004-768x768.webp 768w, https:\/\/mountlaser.com\/wp-content\/uploads\/2025\/11\/LP7004-12x12.webp 12w\" sizes=\"(max-width: 500px) 100vw, 500px\" \/><\/p>\n<p>V\u1edbi m\u00e0n h\u00ecnh hi\u1ec3n th\u1ecb r\u00f5 r\u00e0ng th\u00f4ng tin kho\u1ea3ng c\u00e1ch, k\u1eb9p \u0111i k\u00e8m \u0111\u1ec3 d\u1ec5 d\u00e0ng g\u1eafn l\u00ean t\u01b0\u1eddng v\u00e0 s\u1eed d\u1ee5ng pin AA, thi\u1ebft b\u1ecb n\u00e0y <a href=\"https:\/\/mountlaser.com\/vi\/products\/\">M\u00e1y d\u00f2 \u0111\u1ed9 c\u00e2n b\u1eb1ng laser<\/a> \u0110\u01b0\u1ee3c thi\u1ebft k\u1ebf \u0111\u1ec3 mang l\u1ea1i s\u1ef1 ti\u1ec7n l\u1ee3i, hi\u1ec7u qu\u1ea3 v\u00e0 hi\u1ec7u su\u1ea5t ho\u1ea1t \u0111\u1ed9ng \u0111\u00e1ng tin c\u1eady trong th\u1ef1c t\u1ebf.<\/p>","protected":false},"excerpt":{"rendered":"<ul>\n<li>Ph\u00e1t hi\u1ec7n t\u00edn hi\u1ec7u laser quay m\u1ed9t c\u00e1ch nhanh ch\u00f3ng v\u00e0 ch\u00ednh x\u00e1c.<\/li>\n<li>L\u1edbp v\u1ecf b\u1ecdc cao su gi\u00fap t\u0103ng \u0111\u1ed9 b\u1ec1n v\u00e0 kh\u1ea3 n\u0103ng ch\u1ed1ng va \u0111\u1eadp.<\/li>\n<li>Thi\u1ebft k\u1ebf \u0111\u1ea7u t\u1eeb t\u00ednh m\u1ea1nh m\u1ebd gi\u00fap g\u1eafn d\u1ec5 d\u00e0ng l\u00ean b\u1ec1 m\u1eb7t kim lo\u1ea1i m\u00e0 kh\u00f4ng c\u1ea7n d\u00f9ng tay.<\/li>\n<li>Hi\u1ec3n th\u1ecb th\u00f4ng tin kho\u1ea3ng c\u00e1ch \u0111\u1ec3 \u0111i\u1ec1u ch\u1ec9nh \u0111\u1ed9 cao ch\u00ednh x\u00e1c.<\/li>\n<li>\u0110\u01b0\u1eddng k\u00ednh l\u00e0m vi\u1ec7c l\u1edbn: 600\u2013800m v\u1edbi laser xoay MountLaser; \u2265600m v\u1edbi c\u00e1c lo\u1ea1i kh\u00e1c.<\/li>\n<li>S\u1ea3n ph\u1ea9m \u0111i k\u00e8m v\u1edbi k\u1eb9p g\u1eafn \u0111\u1ec3 d\u1ec5 d\u00e0ng l\u1eafp \u0111\u1eb7t.<\/li>\n<li>S\u1eed d\u1ee5ng pin ki\u1ec1m AA ti\u00eau chu\u1ea9n.<\/li>\n<\/ul>","protected":false},"featured_media":4707,"comment_status":"open","ping_status":"closed","template":"","meta":[],"product_brand":[],"product_cat":[134,93],"product_tag":[],"class_list":{"0":"post-4721","1":"product","2":"type-product","3":"status-publish","4":"has-post-thumbnail","6":"product_cat-rotary-laser-receiver","7":"product_cat-rotary-laser","9":"first","10":"instock","11":"shipping-taxable","12":"product-type-simple"},"_links":{"self":[{"href":"https:\/\/mountlaser.com\/vi\/wp-json\/wp\/v2\/product\/4721","targetHints":{"allow":["GET"]}}],"collection":[{"href":"https:\/\/mountlaser.com\/vi\/wp-json\/wp\/v2\/product"}],"about":[{"href":"https:\/\/mountlaser.com\/vi\/wp-json\/wp\/v2\/types\/product"}],"replies":[{"embeddable":true,"href":"https:\/\/mountlaser.com\/vi\/wp-json\/wp\/v2\/comments?post=4721"}],"wp:featuredmedia":[{"embeddable":true,"href":"https:\/\/mountlaser.com\/vi\/wp-json\/wp\/v2\/media\/4707"}],"wp:attachment":[{"href":"https:\/\/mountlaser.com\/vi\/wp-json\/wp\/v2\/media?parent=4721"}],"wp:term":[{"taxonomy":"product_brand","embeddable":true,"href":"https:\/\/mountlaser.com\/vi\/wp-json\/wp\/v2\/product_brand?post=4721"},{"taxonomy":"product_cat","embeddable":true,"href":"https:\/\/mountlaser.com\/vi\/wp-json\/wp\/v2\/product_cat?post=4721"},{"taxonomy":"product_tag","embeddable":true,"href":"https:\/\/mountlaser.com\/vi\/wp-json\/wp\/v2\/product_tag?post=4721"}],"curies":[{"name":"trang web","href":"https:\/\/api.w.org\/{rel}","templated":true}]}}