{"id":4717,"date":"2025-11-21T01:51:49","date_gmt":"2025-11-21T01:51:49","guid":{"rendered":"https:\/\/mountlaser.com\/?post_type=product&#038;p=4717"},"modified":"2025-11-26T06:33:01","modified_gmt":"2025-11-26T06:33:01","slug":"line-laser-kll-012","status":"publish","type":"product","link":"https:\/\/mountlaser.com\/vi\/san-pham\/line-laser-kll-012\/","title":{"rendered":"M\u00e1y kh\u1eafc laser KLL-012"},"content":{"rendered":"<p>Gi\u00e1 \u0111\u1ee1 Laser <a href=\"https:\/\/mountlaser.com\/vi\/products\/\"><strong>M\u00e1y kh\u1eafc laser KLL-012<\/strong><\/a> l\u00e0 m\u1ed9t \u1ee9ng d\u1ee5ng \u0111a n\u0103ng v\u00e0 th\u00e2n thi\u1ec7n v\u1edbi ng\u01b0\u1eddi d\u00f9ng. <a href=\"https:\/\/mountlaser.com\/vi\/about-us\/\"><strong>M\u00e1y c\u00e2n b\u1eb1ng laser 2D<\/strong><\/a>, \u0110\u01b0\u1ee3c thi\u1ebft k\u1ebf \u0111\u1ec3 mang l\u1ea1i \u0111\u1ed9 ch\u00ednh x\u00e1c v\u00e0 s\u1ef1 \u0111\u01a1n gi\u1ea3n cho v\u00f4 s\u1ed1 d\u1ef1 \u00e1n c\u00e2n b\u1eb1ng v\u00e0 c\u0103n ch\u1ec9nh. C\u00f4ng c\u1ee5 n\u00e0y c\u00f3 hai m\u1eabu: KLL-012R v\u1edbi tia laser \u0111\u1ecf ti\u00eau chu\u1ea9n v\u00e0 KLL-012G v\u1edbi tia laser xanh l\u00e1 c\u00e2y c\u00f3 \u0111\u1ed9 s\u00e1ng cao, s\u00e1ng h\u01a1n \u0111\u00e1ng k\u1ec3 \u0111\u1ec3 s\u1eed d\u1ee5ng trong m\u00f4i tr\u01b0\u1eddng c\u00f3 nhi\u1ec1u \u00e1nh s\u00e1ng. V\u1ec1 c\u01a1 b\u1ea3n, KLL-012 ho\u1ea1t \u0111\u1ed9ng nh\u01b0 m\u1ed9t m\u00e1y c\u00e2n b\u1eb1ng laser \u0111\u01b0\u1eddng ch\u00e9o c\u00f3 \u0111\u1ed9 ch\u00ednh x\u00e1c cao, chi\u1ebfu ra \u0111\u01b0\u1eddng ngang v\u00e0 \u0111\u01b0\u1eddng d\u1ecdc s\u1eafc n\u00e9t cho c\u00e1c c\u00f4ng vi\u1ec7c thi\u1ebft y\u1ebfu nh\u01b0 treo tranh, l\u1eafp \u0111\u1eb7t k\u1ec7 ho\u1eb7c l\u00e1t g\u1ea1ch.<\/p>\n<p>\u0110i\u1ec1u g\u00ec khi\u1ebfn nh\u1ea1c c\u1ee5 n\u00e0y n\u1ed5i b\u1eadt trong th\u1ec3 lo\u1ea1i n\u00e0y? <a href=\"https:\/\/mountlaser.com\/vi\/contact-us\/\">M\u00e1y c\u00e2n b\u1eb1ng laser 2D<\/a> \u0110i\u1ec3m n\u1ed5i b\u1eadt c\u1ee7a m\u00e1y l\u00e0 c\u01a1 ch\u1ebf t\u1ef1 c\u00e2n b\u1eb1ng m\u1ea1nh m\u1ebd. M\u00e1y t\u1ef1 \u0111\u1ed9ng c\u00e2n b\u1eb1ng trong ph\u1ea1m vi \u00b13\u00b0 trong v\u00f2ng ch\u01b0a \u0111\u1ea7y 5 gi\u00e2y, \u0111\u1ea3m b\u1ea3o \u0111\u1ed9 ch\u00ednh x\u00e1c \u00b13mm\/10m cho k\u1ebft qu\u1ea3 \u0111\u00e1ng tin c\u1eady m\u1ecdi l\u00fac. C\u1ea5u tr\u00fac b\u1ec1n b\u1ec9, c\u00f9ng v\u1edbi x\u1ebfp h\u1ea1ng IP54 v\u1ec1 kh\u1ea3 n\u0103ng ch\u1ed1ng b\u1ee5i v\u00e0 n\u01b0\u1edbc, c\u00f3 ngh\u0129a l\u00e0 m\u00e1y c\u00e2n b\u1eb1ng laser ch\u1eef th\u1eadp KLL-012 \u0111\u01b0\u1ee3c ch\u1ebf t\u1ea1o \u0111\u1ec3 ch\u1ecbu \u0111\u01b0\u1ee3c nh\u1eefng \u0111i\u1ec1u ki\u1ec7n kh\u1eafc nghi\u1ec7t t\u1ea1i c\u00f4ng tr\u01b0\u1eddng. \u0110\u1ed1i v\u1edbi b\u1ea5t k\u1ef3 chuy\u00ean gia ho\u1eb7c ng\u01b0\u1eddi t\u1ef1 l\u00e0m n\u00e0o \u0111ang t\u00ecm ki\u1ebfm m\u1ed9t m\u00e1y c\u00e2n b\u1eb1ng laser 2D \u0111\u00e1ng tin c\u1eady v\u00e0 ch\u00ednh x\u00e1c, KLL-012 cung c\u1ea5p c\u00e1c ch\u1ee9c n\u0103ng thi\u1ebft y\u1ebfu c\u1ea7n thi\u1ebft \u0111\u1ec3 ho\u00e0n th\u00e0nh c\u00f4ng vi\u1ec7c m\u1ed9t c\u00e1ch ch\u00ednh x\u00e1c.<\/p>\n<p><img fetchpriority=\"high\" decoding=\"async\" class=\"aligncenter wp-image-4718\" src=\"https:\/\/mountlaser.com\/wp-content\/uploads\/2025\/11\/KLL-0121.webp\" alt=\"2D Laser Levels\" width=\"500\" height=\"500\" srcset=\"https:\/\/mountlaser.com\/wp-content\/uploads\/2025\/11\/KLL-0121.webp 800w, https:\/\/mountlaser.com\/wp-content\/uploads\/2025\/11\/KLL-0121-300x300.webp 300w, https:\/\/mountlaser.com\/wp-content\/uploads\/2025\/11\/KLL-0121-400x400.webp 400w, https:\/\/mountlaser.com\/wp-content\/uploads\/2025\/11\/KLL-0121-600x600.webp 600w, https:\/\/mountlaser.com\/wp-content\/uploads\/2025\/11\/KLL-0121-150x150.webp 150w, https:\/\/mountlaser.com\/wp-content\/uploads\/2025\/11\/KLL-0121-768x768.webp 768w, https:\/\/mountlaser.com\/wp-content\/uploads\/2025\/11\/KLL-0121-12x12.webp 12w\" sizes=\"(max-width: 500px) 100vw, 500px\" \/><\/p>\n<p>&nbsp;<\/p>\n<p><strong>Th\u00f4ng s\u1ed1 k\u1ef9 thu\u1eadt m\u00e1y kh\u1eafc laser KLL-012<\/strong><\/p>\n<table style=\"height: 423px;\" border=\"0\" width=\"704\">\n<tbody>\n<tr>\n<td class=\"et2\">M\u00e3 s\u1ed1 s\u1ea3n ph\u1ea9m.<\/td>\n<td class=\"et2\">KLL-012R<\/td>\n<td class=\"et2\">KLL-012G<\/td>\n<\/tr>\n<tr>\n<td class=\"et2\">Ngu\u1ed3n s\u00e1ng<\/td>\n<td class=\"et2\">Tia s\u00e1ng \u0111\u1ecf<\/td>\n<td class=\"et2\">Ch\u00f9m tia xanh<\/td>\n<\/tr>\n<tr>\n<td class=\"et2\">B\u01b0\u1edbc s\u00f3ng laser<\/td>\n<td class=\"et2\">635nm<\/td>\n<td class=\"et2\">520nm<\/td>\n<\/tr>\n<tr>\n<td class=\"et2\">\u0110i\u1ed1t laser<\/td>\n<td class=\"et2\">10mw<\/td>\n<td class=\"et2\">30mw<\/td>\n<\/tr>\n<tr>\n<td class=\"et2\">L\u1edbp h\u1ecdc an to\u00e0n laser<\/td>\n<td class=\"et4\" colspan=\"2\">L\u1edbp 2<\/td>\n<\/tr>\n<tr>\n<td class=\"et2\">Ph\u1ea1m vi c\u00e2n b\u1eb1ng:<\/td>\n<td class=\"et4\" colspan=\"2\">\u00b13\u00b0<\/td>\n<\/tr>\n<tr>\n<td class=\"et2\">Th\u1eddi gian l\u00ean c\u1ea5p<\/td>\n<td class=\"et4\" colspan=\"2\">&lt;5 gi\u00e2y<\/td>\n<\/tr>\n<tr>\n<td class=\"et2\">\u0110\u1ed9 ch\u00ednh x\u00e1c c\u1ee7a vi\u1ec7c c\u00e2n b\u1eb1ng<\/td>\n<td class=\"et4\" colspan=\"2\">\u00b13mm\/10m<\/td>\n<\/tr>\n<tr>\n<td class=\"et2\">Quy\u1ec1n l\u1ef1c<\/td>\n<td class=\"et4\" colspan=\"2\">3 pin ki\u1ec1m AAA<\/td>\n<\/tr>\n<tr>\n<td class=\"et2\">Th\u1eddi gian ho\u1ea1t \u0111\u1ed9ng<\/td>\n<td class=\"et2\">Kho\u1ea3ng 8 ti\u1ebfng<\/td>\n<td class=\"et2\">Kho\u1ea3ng 6 ti\u1ebfng<\/td>\n<\/tr>\n<tr>\n<td class=\"et2\">Nhi\u1ec7t \u0111\u1ed9 ho\u1ea1t \u0111\u1ed9ng<\/td>\n<td class=\"et4\" colspan=\"2\">-10\u2103 \u0111\u1ebfn +50\u2103<\/td>\n<\/tr>\n<tr>\n<td class=\"et2\">Ren g\u1eafn<\/td>\n<td class=\"et4\" colspan=\"2\">1\/4\u2033-20<\/td>\n<\/tr>\n<tr>\n<td class=\"et2\">Ch\u1ed1ng th\u1ea5m n\u01b0\u1edbc<\/td>\n<td class=\"et4\" colspan=\"2\">IP54<\/td>\n<\/tr>\n<\/tbody>\n<\/table>","protected":false},"excerpt":{"rendered":"<ul>\n<li>Ph\u00e9p chi\u1ebfu \u0111\u01b0\u1eddng ch\u00e9o: Chi\u1ebfu m\u1ed9t \u0111\u01b0\u1eddng ngang v\u00e0 m\u1ed9t \u0111\u01b0\u1eddng d\u1ecdc r\u00f5 r\u00e0ng, r\u1ea5t c\u1ea7n thi\u1ebft cho c\u00e1c c\u00f4ng vi\u1ec7c c\u0103n ch\u1ec9nh.<\/li>\n<li>T\u1ef1 c\u00e2n b\u1eb1ng: T\u1ef1 \u0111\u1ed9ng c\u00e2n b\u1eb1ng trong ph\u1ea1m vi \u00b13\u00b0 \u0111\u1ec3 thi\u1ebft l\u1eadp ch\u00ednh x\u00e1c ngay l\u1eadp t\u1ee9c.<\/li>\n<li>Ch\u1ebf \u0111\u1ed9 th\u1ee7 c\u00f4ng: Kh\u00f3a con l\u1eafc cho ph\u00e9p t\u1ea1o c\u00e1c \u0111\u01b0\u1eddng th\u1eb3ng nghi\u00eang ho\u1eb7c v\u1eadn chuy\u1ec3n an to\u00e0n.<\/li>\n<li>Th\u1eddi l\u01b0\u1ee3ng pin d\u00e0i: S\u1eed d\u1ee5ng 3 pin AAA, cho th\u1eddi gian ho\u1ea1t \u0111\u1ed9ng l\u00ean \u0111\u1ebfn 8 gi\u1edd (m\u00e0u \u0111\u1ecf) ho\u1eb7c 6 gi\u1edd (m\u00e0u xanh l\u00e1 c\u00e2y).<\/li>\n<\/ul>","protected":false},"featured_media":4720,"comment_status":"open","ping_status":"closed","template":"","meta":[],"product_brand":[],"product_cat":[92],"product_tag":[],"class_list":{"0":"post-4717","1":"product","2":"type-product","3":"status-publish","4":"has-post-thumbnail","6":"product_cat-line-laser","8":"first","9":"instock","10":"shipping-taxable","11":"product-type-simple"},"_links":{"self":[{"href":"https:\/\/mountlaser.com\/vi\/wp-json\/wp\/v2\/product\/4717","targetHints":{"allow":["GET"]}}],"collection":[{"href":"https:\/\/mountlaser.com\/vi\/wp-json\/wp\/v2\/product"}],"about":[{"href":"https:\/\/mountlaser.com\/vi\/wp-json\/wp\/v2\/types\/product"}],"replies":[{"embeddable":true,"href":"https:\/\/mountlaser.com\/vi\/wp-json\/wp\/v2\/comments?post=4717"}],"wp:featuredmedia":[{"embeddable":true,"href":"https:\/\/mountlaser.com\/vi\/wp-json\/wp\/v2\/media\/4720"}],"wp:attachment":[{"href":"https:\/\/mountlaser.com\/vi\/wp-json\/wp\/v2\/media?parent=4717"}],"wp:term":[{"taxonomy":"product_brand","embeddable":true,"href":"https:\/\/mountlaser.com\/vi\/wp-json\/wp\/v2\/product_brand?post=4717"},{"taxonomy":"product_cat","embeddable":true,"href":"https:\/\/mountlaser.com\/vi\/wp-json\/wp\/v2\/product_cat?post=4717"},{"taxonomy":"product_tag","embeddable":true,"href":"https:\/\/mountlaser.com\/vi\/wp-json\/wp\/v2\/product_tag?post=4717"}],"curies":[{"name":"trang web","href":"https:\/\/api.w.org\/{rel}","templated":true}]}}