{"id":4713,"date":"2025-11-21T01:37:15","date_gmt":"2025-11-21T01:37:15","guid":{"rendered":"https:\/\/mountlaser.com\/?post_type=product&#038;p=4713"},"modified":"2025-11-26T06:44:16","modified_gmt":"2025-11-26T06:44:16","slug":"line-laser-kll-015","status":"publish","type":"product","link":"https:\/\/mountlaser.com\/vi\/san-pham\/line-laser-kll-015\/","title":{"rendered":"M\u00e1y kh\u1eafc laser KLL-015"},"content":{"rendered":"<p>C\u00e1i <a href=\"https:\/\/mountlaser.com\/vi\/products\/\"><strong>M\u00e1y kh\u1eafc laser KLL-015<\/strong><\/a> M\u00e1y c\u00e2n b\u1eb1ng laser con l\u1eafc ti\u00ean ti\u1ebfn c\u1ee7a Mount Laser l\u00e0 m\u1ed9t c\u00f4ng c\u1ee5 \u0111a n\u0103ng v\u00e0 c\u00f3 \u0111\u1ed9 ch\u00ednh x\u00e1c cao, \u0111\u01b0\u1ee3c thi\u1ebft k\u1ebf d\u00e0nh cho c\u00e1c chuy\u00ean gia \u0111\u00f2i h\u1ecfi \u0111\u1ed9 ch\u00ednh x\u00e1c v\u00e0 hi\u1ec7u qu\u1ea3. M\u00e1y chi\u1ebfu n\u0103m \u0111\u01b0\u1eddng laser s\u1eafc n\u00e9t \u2013 ba \u0111\u01b0\u1eddng th\u1eb3ng \u0111\u1ee9ng v\u00e0 hai \u0111\u01b0\u1eddng ngang \u2013 l\u00ean b\u1ea5t k\u1ef3 b\u1ec1 m\u1eb7t l\u00e0m vi\u1ec7c n\u00e0o, t\u1ea1o ra m\u1eb7t ph\u1eb3ng tham chi\u1ebfu 360 \u0111\u1ed9 ho\u00e0n ch\u1ec9nh cho c\u00e1c c\u00f4ng vi\u1ec7c b\u1ed1 tr\u00ed ph\u1ee9c t\u1ea1p. H\u1ec7 th\u1ed1ng laser 5 \u0111\u01b0\u1eddng s\u00e1ng t\u1ea1o gi\u00fap t\u0103ng t\u1ed1c \u0111\u00e1ng k\u1ec3 qu\u00e1 tr\u00ecnh l\u1eafp \u0111\u1eb7t g\u1ea1ch, tr\u1ea7n nh\u00e0, v\u00e1ch ng\u0103n v\u00e0 nhi\u1ec1u h\u01a1n n\u1eefa.<\/p>\n<p>\u0110\u01b0\u1ee3c trang b\u1ecb con l\u1eafc t\u1ef1 c\u00e2n b\u1eb1ng, thi\u1ebft b\u1ecb n\u00e0y <a href=\"https:\/\/mountlaser.com\/vi\/\"><strong>M\u00e1y c\u00e2n b\u1eb1ng laser con l\u1eafc<\/strong><\/a> \u0110\u1ea3m b\u1ea3o \u0111\u1ed9 ch\u00ednh x\u00e1c v\u01b0\u1ee3t tr\u1ed9i trong ph\u1ea1m vi \u00b13mm \u1edf kho\u1ea3ng c\u00e1ch 10 m\u00e9t, t\u1ef1 \u0111\u1ed9ng c\u00e2n b\u1eb1ng trong v\u00f2ng ch\u01b0a \u0111\u1ea7y 5 gi\u00e2y. \u0110\u1ec3 t\u0103ng th\u00eam t\u00ednh linh ho\u1ea1t, con l\u1eafc c\u00f3 th\u1ec3 \u0111\u01b0\u1ee3c kh\u00f3a \u1edf ch\u1ebf \u0111\u1ed9 th\u1ee7 c\u00f4ng, cho ph\u00e9p b\u1ea1n t\u1ea1o c\u00e1c \u0111\u01b0\u1eddng th\u1eb3ng nghi\u00eang. T\u00ednh n\u0103ng n\u1ed5i b\u1eadt c\u1ee7a thi\u1ebft b\u1ecb n\u00e0y l\u00e0... <a href=\"https:\/\/mountlaser.com\/vi\/about-us\/\"><strong>Laser 5 d\u00f2ng<\/strong><\/a> \u0110i\u1ec3m n\u1ed5i b\u1eadt c\u1ee7a n\u00f3 l\u00e0 ch\u00f9m tia m\u00e0u xanh l\u00e1 c\u00e2y r\u1ef1c r\u1ee1, s\u00e1ng g\u1ea5p s\u00e1u l\u1ea7n so v\u1edbi c\u00e1c tia laser \u0111\u1ecf ti\u00eau chu\u1ea9n, \u0111\u1ea3m b\u1ea3o kh\u1ea3 n\u0103ng nh\u00ecn r\u00f5 ngay c\u1ea3 trong \u0111i\u1ec1u ki\u1ec7n \u00e1nh s\u00e1ng trong nh\u00e0 m\u1ea1nh v\u00e0 \u1edf kho\u1ea3ng c\u00e1ch xa h\u01a1n.<\/p>\n<p><img fetchpriority=\"high\" decoding=\"async\" class=\"aligncenter wp-image-4714\" src=\"https:\/\/mountlaser.com\/wp-content\/uploads\/2025\/11\/KLL-0151.webp\" alt=\"5 line Line Laser\" width=\"500\" height=\"500\" srcset=\"https:\/\/mountlaser.com\/wp-content\/uploads\/2025\/11\/KLL-0151.webp 800w, https:\/\/mountlaser.com\/wp-content\/uploads\/2025\/11\/KLL-0151-300x300.webp 300w, https:\/\/mountlaser.com\/wp-content\/uploads\/2025\/11\/KLL-0151-400x400.webp 400w, https:\/\/mountlaser.com\/wp-content\/uploads\/2025\/11\/KLL-0151-600x600.webp 600w, https:\/\/mountlaser.com\/wp-content\/uploads\/2025\/11\/KLL-0151-150x150.webp 150w, https:\/\/mountlaser.com\/wp-content\/uploads\/2025\/11\/KLL-0151-768x768.webp 768w, https:\/\/mountlaser.com\/wp-content\/uploads\/2025\/11\/KLL-0151-12x12.webp 12w\" sizes=\"(max-width: 500px) 100vw, 500px\" \/><\/p>\n<p>&nbsp;<\/p>\n<p><strong>Th\u00f4ng s\u1ed1 k\u1ef9 thu\u1eadt m\u00e1y kh\u1eafc laser KLL-015<\/strong><\/p>\n<table style=\"border-collapse: collapse; width: 544px; height: 406px;\" border=\"0\" width=\"346\" cellspacing=\"0\" cellpadding=\"0\">\n<tbody>\n<tr style=\"height: 19.50pt;\">\n<td class=\"et2\" style=\"height: 19.50pt; width: 135.00pt;\" width=\"180\" height=\"26\">M\u00e3 s\u1ed1 s\u1ea3n ph\u1ea9m.<\/td>\n<td class=\"et3\" style=\"width: 124.50pt;\" width=\"166\">KLL-015G<\/td>\n<\/tr>\n<tr style=\"height: 19.50pt;\">\n<td class=\"et4\" style=\"height: 19.50pt; width: 135.00pt;\" width=\"180\" height=\"26\">Ngu\u1ed3n s\u00e1ng<\/td>\n<td class=\"et5\" style=\"width: 124.50pt;\" width=\"166\">Ch\u00f9m tia xanh<\/td>\n<\/tr>\n<tr style=\"height: 19.50pt;\">\n<td class=\"et4\" style=\"height: 19.50pt; width: 135.00pt;\" width=\"180\" height=\"26\">B\u01b0\u1edbc s\u00f3ng laser<\/td>\n<td class=\"et5\" style=\"width: 124.50pt;\" width=\"166\">520nm<\/td>\n<\/tr>\n<tr style=\"height: 19.50pt;\">\n<td class=\"et4\" style=\"height: 19.50pt; width: 135.00pt;\" width=\"180\" height=\"26\">C\u00f4ng su\u1ea5t laser<\/td>\n<td class=\"et5\" style=\"width: 124.50pt;\" width=\"166\">30mw<\/td>\n<\/tr>\n<tr style=\"height: 19.50pt;\">\n<td class=\"et4\" style=\"height: 19.50pt; width: 135.00pt;\" width=\"180\" height=\"26\">\u0110i\u1ed1t laser \u0111i\u1ec3m xu\u1ed1ng<\/td>\n<td class=\"et5\" style=\"width: 124.50pt;\" width=\"166\">\u00c1nh s\u00e1ng \u0111\u1ecf 650nm 5mw<\/td>\n<\/tr>\n<tr style=\"height: 19.50pt;\">\n<td class=\"et4\" style=\"height: 19.50pt; width: 135.00pt;\" width=\"180\" height=\"26\">L\u1edbp h\u1ecdc an to\u00e0n laser<\/td>\n<td class=\"et5\" style=\"width: 124.50pt;\" width=\"166\">L\u1edbp 2<\/td>\n<\/tr>\n<tr style=\"height: 19.50pt;\">\n<td class=\"et4\" style=\"height: 19.50pt; width: 135.00pt;\" width=\"180\" height=\"26\">Ph\u1ea1m vi san l\u1ea5p<\/td>\n<td class=\"et5\" style=\"width: 124.50pt;\" width=\"166\">\u00b13\u00b0<\/td>\n<\/tr>\n<tr style=\"height: 19.50pt;\">\n<td class=\"et4\" style=\"height: 19.50pt; width: 135.00pt;\" width=\"180\" height=\"26\">Th\u1eddi gian l\u00ean c\u1ea5p<\/td>\n<td class=\"et5\" style=\"width: 124.50pt;\" width=\"166\">&lt;5 gi\u00e2y<\/td>\n<\/tr>\n<tr style=\"height: 19.50pt;\">\n<td class=\"et4\" style=\"height: 19.50pt; width: 135.00pt;\" width=\"180\" height=\"26\">\u0110\u1ed9 ch\u00ednh x\u00e1c c\u1ee7a vi\u1ec7c c\u00e2n b\u1eb1ng<\/td>\n<td class=\"et5\" style=\"width: 124.50pt;\" width=\"166\">\u00b13mm\/10m<\/td>\n<\/tr>\n<tr style=\"height: 38.25pt;\">\n<td class=\"et4\" style=\"height: 38.25pt; width: 135.00pt;\" width=\"180\" height=\"51\">Quy\u1ec1n l\u1ef1c<\/td>\n<td class=\"et5\" style=\"width: 124.50pt;\" width=\"166\">Pin Li-ion 18650 3.7V 4000mAh<\/td>\n<\/tr>\n<tr style=\"height: 19.50pt;\">\n<td class=\"et4\" style=\"height: 19.50pt; width: 135.00pt;\" width=\"180\" height=\"26\">Th\u1eddi gian ho\u1ea1t \u0111\u1ed9ng<\/td>\n<td class=\"et5\" style=\"width: 124.50pt;\" width=\"166\">Kho\u1ea3ng 6 ti\u1ebfng<\/td>\n<\/tr>\n<tr style=\"height: 19.50pt;\">\n<td class=\"et4\" style=\"height: 19.50pt; width: 135.00pt;\" width=\"180\" height=\"26\">Nhi\u1ec7t \u0111\u1ed9 ho\u1ea1t \u0111\u1ed9ng<\/td>\n<td class=\"et5\" style=\"width: 124.50pt;\" width=\"166\">-10\u2103\uff5e+50\u2103<\/td>\n<\/tr>\n<tr style=\"height: 19.50pt;\">\n<td class=\"et4\" style=\"height: 19.50pt; width: 135.00pt;\" width=\"180\" height=\"26\">Ren g\u1eafn<\/td>\n<td class=\"et5\" style=\"width: 124.50pt;\" width=\"166\">5\/8\u2033-11<\/td>\n<\/tr>\n<tr style=\"height: 19.50pt;\">\n<td class=\"et4\" style=\"height: 19.50pt; width: 135.00pt;\" width=\"180\" height=\"26\">Ch\u1ed1ng th\u1ea5m n\u01b0\u1edbc<\/td>\n<td class=\"et5\" style=\"width: 124.50pt;\" width=\"166\">IP54<\/td>\n<\/tr>\n<\/tbody>\n<\/table>","protected":false},"excerpt":{"rendered":"<ul>\n<li>M\u00e1y chi\u1ebfu laser 5 tia: Chi\u1ebfu hai \u0111\u01b0\u1eddng ngang v\u00e0 ba \u0111\u01b0\u1eddng d\u1ecdc \u0111\u1ec3 bao ph\u1ee7 to\u00e0n b\u1ed9 b\u1ed1 c\u1ee5c.<\/li>\n<li>C\u00f4ng ngh\u1ec7 laser xanh: S\u1edf h\u1eefu ch\u00f9m tia xanh 520nm s\u00e1ng h\u01a1n g\u1ea5p 6 l\u1ea7n so v\u1edbi laser \u0111\u1ecf, cho kh\u1ea3 n\u0103ng quan s\u00e1t v\u01b0\u1ee3t tr\u1ed9i.<\/li>\n<li>Con l\u1eafc t\u1ef1 c\u00e2n b\u1eb1ng: T\u1ef1 \u0111\u1ed9ng c\u00e2n b\u1eb1ng trong ph\u1ea1m vi \u00b13\u00b0 \u0111\u1ec3 thi\u1ebft l\u1eadp ch\u00ednh x\u00e1c ngay l\u1eadp t\u1ee9c.<\/li>\n<\/ul>","protected":false},"featured_media":4716,"comment_status":"open","ping_status":"closed","template":"","meta":[],"product_brand":[],"product_cat":[92],"product_tag":[],"class_list":{"0":"post-4713","1":"product","2":"type-product","3":"status-publish","4":"has-post-thumbnail","6":"product_cat-line-laser","8":"first","9":"instock","10":"shipping-taxable","11":"product-type-simple"},"_links":{"self":[{"href":"https:\/\/mountlaser.com\/vi\/wp-json\/wp\/v2\/product\/4713","targetHints":{"allow":["GET"]}}],"collection":[{"href":"https:\/\/mountlaser.com\/vi\/wp-json\/wp\/v2\/product"}],"about":[{"href":"https:\/\/mountlaser.com\/vi\/wp-json\/wp\/v2\/types\/product"}],"replies":[{"embeddable":true,"href":"https:\/\/mountlaser.com\/vi\/wp-json\/wp\/v2\/comments?post=4713"}],"wp:featuredmedia":[{"embeddable":true,"href":"https:\/\/mountlaser.com\/vi\/wp-json\/wp\/v2\/media\/4716"}],"wp:attachment":[{"href":"https:\/\/mountlaser.com\/vi\/wp-json\/wp\/v2\/media?parent=4713"}],"wp:term":[{"taxonomy":"product_brand","embeddable":true,"href":"https:\/\/mountlaser.com\/vi\/wp-json\/wp\/v2\/product_brand?post=4713"},{"taxonomy":"product_cat","embeddable":true,"href":"https:\/\/mountlaser.com\/vi\/wp-json\/wp\/v2\/product_cat?post=4713"},{"taxonomy":"product_tag","embeddable":true,"href":"https:\/\/mountlaser.com\/vi\/wp-json\/wp\/v2\/product_tag?post=4713"}],"curies":[{"name":"trang web","href":"https:\/\/api.w.org\/{rel}","templated":true}]}}