{"id":4712,"date":"2025-11-21T01:29:23","date_gmt":"2025-11-21T01:29:23","guid":{"rendered":"https:\/\/mountlaser.com\/?post_type=product&#038;p=4712"},"modified":"2025-11-26T06:45:39","modified_gmt":"2025-11-26T06:45:39","slug":"lp500-rotary-laser-receiver","status":"publish","type":"product","link":"https:\/\/mountlaser.com\/vi\/san-pham\/lp500-rotary-laser-receiver\/","title":{"rendered":"B\u1ed9 thu laser xoay LP500"},"content":{"rendered":"<p>C\u00e1i <a href=\"https:\/\/mountlaser.com\/vi\/\"><strong>B\u1ed9 thu laser xoay LP500<\/strong> <\/a>l\u00e0 m\u1ed9t s\u1ea3n ph\u1ea9m hi\u1ec7u su\u1ea5t cao <a href=\"https:\/\/mountlaser.com\/vi\/products\/\"><strong>B\u1ed9 thu t\u00edn hi\u1ec7u c\u00e2n b\u1eb1ng laser \u0111a n\u0103ng<\/strong><\/a> \u0110\u01b0\u1ee3c thi\u1ebft k\u1ebf \u0111\u1ec3 ph\u00e1t hi\u1ec7n t\u1ea7m xa v\u00e0 ho\u1ea1t \u0111\u1ed9ng \u0111\u00e1ng tin c\u1eady ngo\u00e0i tr\u1eddi. \u0110\u01b0\u1ee3c ch\u1ebf t\u1ea1o v\u1edbi v\u1ecf b\u1ecdc ch\u1eafc ch\u1eafn, ph\u1ee7 cao su, b\u1ed9 thu laser xoay LP500 c\u00f3 kh\u1ea3 n\u0103ng ch\u1ed1ng va \u0111\u1eadp v\u01b0\u1ee3t tr\u1ed9i, \u0111\u1ea3m b\u1ea3o hi\u1ec7u su\u1ea5t \u0111\u00e1ng tin c\u1eady t\u1ea1i c\u00e1c c\u00f4ng tr\u01b0\u1eddng kh\u1eafc nghi\u1ec7t.<\/p>\n<p>V\u1edbi thi\u1ebft k\u1ebf nam ch\u00e2m m\u1ea1nh m\u1ebd \u1edf ph\u00eda tr\u00ean, b\u1ed9 thu laser \u0111a n\u0103ng n\u00e0y g\u1eafn ch\u1eafc ch\u1eafn v\u00e0o c\u00e1c b\u1ec1 m\u1eb7t kim lo\u1ea1i \u0111\u1ec3 v\u1eadn h\u00e0nh r\u1ea3nh tay, n\u00e2ng cao hi\u1ec7u qu\u1ea3 c\u00f4ng vi\u1ec7c. Khi k\u1ebft h\u1ee3p v\u1edbi m\u00e1y laser xoay MountLaser, s\u1ea3n ph\u1ea9m n\u00e0y s\u1ebd mang l\u1ea1i hi\u1ec7u qu\u1ea3 cao h\u01a1n. <a href=\"https:\/\/mountlaser.com\/vi\/about-us\/\">B\u1ed9 thu laser xoay LP500<\/a> M\u00e1y c\u00f3 \u0111\u01b0\u1eddng k\u00ednh s\u1eed d\u1ee5ng t\u1eeb 800\u20131000 m, v\u00e0 \u2265600 m v\u1edbi c\u00e1c m\u00e1y laser xoay kh\u00e1c \u2014 l\u00fd t\u01b0\u1edfng cho x\u00e2y d\u1ef1ng, kh\u1ea3o s\u00e1t v\u00e0 san l\u1ea5p m\u1eb7t b\u1eb1ng tr\u00ean di\u1ec7n t\u00edch l\u1edbn.<\/p>\n<p><img fetchpriority=\"high\" decoding=\"async\" class=\"aligncenter wp-image-4703\" src=\"https:\/\/mountlaser.com\/wp-content\/uploads\/2025\/11\/LP5002.webp\" alt=\"LP500 Rotary Laser Receiver\" width=\"500\" height=\"500\" srcset=\"https:\/\/mountlaser.com\/wp-content\/uploads\/2025\/11\/LP5002.webp 800w, https:\/\/mountlaser.com\/wp-content\/uploads\/2025\/11\/LP5002-300x300.webp 300w, https:\/\/mountlaser.com\/wp-content\/uploads\/2025\/11\/LP5002-400x400.webp 400w, https:\/\/mountlaser.com\/wp-content\/uploads\/2025\/11\/LP5002-600x600.webp 600w, https:\/\/mountlaser.com\/wp-content\/uploads\/2025\/11\/LP5002-150x150.webp 150w, https:\/\/mountlaser.com\/wp-content\/uploads\/2025\/11\/LP5002-768x768.webp 768w, https:\/\/mountlaser.com\/wp-content\/uploads\/2025\/11\/LP5002-12x12.webp 12w\" sizes=\"(max-width: 500px) 100vw, 500px\" \/><\/p>\n<p>B\u1ed9 thu t\u00edn hi\u1ec7u laser \u0111a n\u0103ng \u0111\u01b0\u1ee3c trang b\u1ecb k\u1eb9p \u0111\u1ec3 d\u1ec5 d\u00e0ng g\u1eafn v\u00e0o th\u01b0\u1edbc \u0111o \u0111\u1ed9 cao v\u00e0 ho\u1ea1t \u0111\u1ed9ng b\u1eb1ng pin ki\u1ec1m AA ti\u00eau chu\u1ea9n, r\u1ea5t ti\u1ec7n l\u1ee3i v\u00e0 \u0111\u00e1ng tin c\u1eady khi s\u1eed d\u1ee5ng ngo\u00e0i tr\u1eddi c\u1ea3 ng\u00e0y.<\/p>","protected":false},"excerpt":{"rendered":"<ul>\n<li>Kh\u1ea3 n\u0103ng ph\u00e1t hi\u1ec7n t\u1ea7m xa: 800\u20131000 m v\u1edbi laser xoay MountLaser; ph\u1ea1m vi ph\u00e1t hi\u1ec7n \u2265600 m v\u1edbi c\u00e1c lo\u1ea1i laser xoay kh\u00e1c.<\/li>\n<li>Th\u00e2n m\u00e1y \u0111\u01b0\u1ee3c ph\u1ee7 l\u1edbp cao su gi\u00fap t\u0103ng c\u01b0\u1eddng kh\u1ea3 n\u0103ng ch\u1ed1ng va \u0111\u1eadp.<\/li>\n<li>Thi\u1ebft k\u1ebf nam ch\u00e2m m\u1ea1nh \u1edf ph\u00eda tr\u00ean gi\u00fap g\u1eafn k\u1ebft ch\u1eafc ch\u1eafn.<\/li>\n<li>Bao g\u1ed3m k\u1eb9p cho thanh v\u00e0 c\u00e1c \u1ee9ng d\u1ee5ng c\u00e2n b\u1eb1ng.<\/li>\n<li>S\u1eed d\u1ee5ng pin ki\u1ec1m AA th\u00f4ng d\u1ee5ng.<\/li>\n<li>Th\u00edch h\u1ee3p cho c\u00e1c c\u00f4ng tr\u00ecnh x\u00e2y d\u1ef1ng, san l\u1ea5p m\u1eb7t b\u1eb1ng v\u00e0 kh\u1ea3o s\u00e1t ngo\u00e0i tr\u1eddi.<\/li>\n<\/ul>","protected":false},"featured_media":4702,"comment_status":"open","ping_status":"closed","template":"","meta":[],"product_brand":[],"product_cat":[134,93],"product_tag":[],"class_list":{"0":"post-4712","1":"product","2":"type-product","3":"status-publish","4":"has-post-thumbnail","6":"product_cat-rotary-laser-receiver","7":"product_cat-rotary-laser","9":"first","10":"instock","11":"shipping-taxable","12":"product-type-simple"},"_links":{"self":[{"href":"https:\/\/mountlaser.com\/vi\/wp-json\/wp\/v2\/product\/4712","targetHints":{"allow":["GET"]}}],"collection":[{"href":"https:\/\/mountlaser.com\/vi\/wp-json\/wp\/v2\/product"}],"about":[{"href":"https:\/\/mountlaser.com\/vi\/wp-json\/wp\/v2\/types\/product"}],"replies":[{"embeddable":true,"href":"https:\/\/mountlaser.com\/vi\/wp-json\/wp\/v2\/comments?post=4712"}],"wp:featuredmedia":[{"embeddable":true,"href":"https:\/\/mountlaser.com\/vi\/wp-json\/wp\/v2\/media\/4702"}],"wp:attachment":[{"href":"https:\/\/mountlaser.com\/vi\/wp-json\/wp\/v2\/media?parent=4712"}],"wp:term":[{"taxonomy":"product_brand","embeddable":true,"href":"https:\/\/mountlaser.com\/vi\/wp-json\/wp\/v2\/product_brand?post=4712"},{"taxonomy":"product_cat","embeddable":true,"href":"https:\/\/mountlaser.com\/vi\/wp-json\/wp\/v2\/product_cat?post=4712"},{"taxonomy":"product_tag","embeddable":true,"href":"https:\/\/mountlaser.com\/vi\/wp-json\/wp\/v2\/product_tag?post=4712"}],"curies":[{"name":"trang web","href":"https:\/\/api.w.org\/{rel}","templated":true}]}}