{"id":4641,"date":"2025-11-20T06:40:08","date_gmt":"2025-11-20T06:40:08","guid":{"rendered":"https:\/\/mountlaser.com\/?post_type=product&#038;p=4641"},"modified":"2025-11-26T06:57:39","modified_gmt":"2025-11-26T06:57:39","slug":"rlb02-rotary-laser-bracket","status":"publish","type":"product","link":"https:\/\/mountlaser.com\/vi\/san-pham\/rlb02-rotary-laser-bracket\/","title":{"rendered":"Gi\u00e1 \u0111\u1ee1 laser xoay RLB02"},"content":{"rendered":"<p>C\u00e1i <a href=\"https:\/\/mountlaser.com\/vi\/\"><strong>Gi\u00e1 \u0111\u1ee1 laser xoay RLB02<\/strong><\/a> \u0110\u00e2y l\u00e0 gi\u00e1 \u0111\u1ee1 b\u1ec1n ch\u1eafc v\u00e0 \u0111\u01b0\u1ee3c ch\u1ebf t\u1ea1o ch\u00ednh x\u00e1c d\u00e0nh cho h\u1ec7 th\u1ed1ng laser xoay, \u0111\u01b0\u1ee3c thi\u1ebft k\u1ebf \u0111\u1ec3 cung c\u1ea5p kh\u1ea3 n\u0103ng \u0111\u1ecbnh v\u1ecb \u1ed5n \u0111\u1ecbnh v\u00e0 ch\u00ednh x\u00e1c cho c\u00e1c c\u00f4ng vi\u1ec7c c\u00e2n b\u1eb1ng chuy\u00ean nghi\u1ec7p. \u0110\u01b0\u1ee3c ch\u1ebf t\u1ea1o ho\u00e0n to\u00e0n b\u1eb1ng kim lo\u1ea1i, gi\u00e1 \u0111\u1ee1 laser xoay RLB02 mang l\u1ea1i s\u1ee9c m\u1ea1nh v\u00e0 \u0111\u1ed9 c\u1ee9ng v\u01b0\u1ee3t tr\u1ed9i, \u0111\u1ea3m b\u1ea3o hi\u1ec7u su\u1ea5t \u1ed5n \u0111\u1ecbnh ngay c\u1ea3 trong m\u00f4i tr\u01b0\u1eddng x\u00e2y d\u1ef1ng kh\u1eafc nghi\u1ec7t.<\/p>\n<p>C\u00f3 hai phi\u00ean b\u1ea3n\u2014RLB02A v\u00e0 RLB02B, s\u1ea3n ph\u1ea9m \u0111a n\u0103ng n\u00e0y c\u00f3 s\u1eb5n. <a href=\"https:\/\/mountlaser.com\/vi\/about-us\/\"><strong>gi\u00e1 \u0111\u1ee1 g\u1eafn cho m\u00e1y laser xoay<\/strong><\/a> Gi\u00e1 \u0111\u1ee1 n\u00e0y t\u01b0\u01a1ng th\u00edch v\u1edbi nhi\u1ec1u lo\u1ea1i m\u00e1y c\u00e2n b\u1eb1ng laser xoay, cung c\u1ea5p kh\u1ea3 n\u0103ng l\u1eafp \u0111\u1eb7t ch\u1eafc ch\u1eafn v\u00e0 t\u0103ng c\u01b0\u1eddng t\u00ednh linh ho\u1ea1t trong v\u1eadn h\u00e0nh. C\u1ea5u tr\u00fac m\u1ea1nh m\u1ebd c\u1ee7a n\u00f3 \u0111\u1ea3m b\u1ea3o kh\u1ea3 n\u0103ng h\u1ed7 tr\u1ee3 \u0111\u00e1ng tin c\u1eady, trong khi giao di\u1ec7n \u0111\u01b0\u1ee3c thi\u1ebft k\u1ebf t\u1ed1t cho ph\u00e9p ng\u01b0\u1eddi d\u00f9ng th\u1ef1c hi\u1ec7n c\u00e1c \u0111i\u1ec1u ch\u1ec9nh nhanh ch\u00f3ng trong c\u00e1c \u1ee9ng d\u1ee5ng b\u1ed1 tr\u00ed, c\u0103n ch\u1ec9nh v\u00e0 c\u00e2n b\u1eb1ng \u1edf kho\u1ea3ng c\u00e1ch xa.<\/p>\n<figure id=\"attachment_4642\" aria-describedby=\"caption-attachment-4642\" style=\"width: 500px\" class=\"wp-caption aligncenter\"><img fetchpriority=\"high\" decoding=\"async\" class=\"wp-image-4642\" src=\"https:\/\/mountlaser.com\/wp-content\/uploads\/2025\/11\/RLB02A1.webp\" alt=\"RLB02A Rotary Laser Bracket\" width=\"500\" height=\"500\" srcset=\"https:\/\/mountlaser.com\/wp-content\/uploads\/2025\/11\/RLB02A1.webp 800w, https:\/\/mountlaser.com\/wp-content\/uploads\/2025\/11\/RLB02A1-300x300.webp 300w, https:\/\/mountlaser.com\/wp-content\/uploads\/2025\/11\/RLB02A1-400x400.webp 400w, https:\/\/mountlaser.com\/wp-content\/uploads\/2025\/11\/RLB02A1-600x600.webp 600w, https:\/\/mountlaser.com\/wp-content\/uploads\/2025\/11\/RLB02A1-150x150.webp 150w, https:\/\/mountlaser.com\/wp-content\/uploads\/2025\/11\/RLB02A1-768x768.webp 768w, https:\/\/mountlaser.com\/wp-content\/uploads\/2025\/11\/RLB02A1-12x12.webp 12w\" sizes=\"(max-width: 500px) 100vw, 500px\" \/><figcaption id=\"caption-attachment-4642\" class=\"wp-caption-text\">Gi\u00e1 \u0111\u1ee1 laser xoay RLB02A<\/figcaption><\/figure>\n<figure id=\"attachment_4647\" aria-describedby=\"caption-attachment-4647\" style=\"width: 500px\" class=\"wp-caption aligncenter\"><img decoding=\"async\" class=\"wp-image-4647\" src=\"https:\/\/mountlaser.com\/wp-content\/uploads\/2025\/11\/RLB02B1.webp\" alt=\"RLB02B Rotary Laser Bracket\" width=\"500\" height=\"500\" srcset=\"https:\/\/mountlaser.com\/wp-content\/uploads\/2025\/11\/RLB02B1.webp 800w, https:\/\/mountlaser.com\/wp-content\/uploads\/2025\/11\/RLB02B1-300x300.webp 300w, https:\/\/mountlaser.com\/wp-content\/uploads\/2025\/11\/RLB02B1-400x400.webp 400w, https:\/\/mountlaser.com\/wp-content\/uploads\/2025\/11\/RLB02B1-600x600.webp 600w, https:\/\/mountlaser.com\/wp-content\/uploads\/2025\/11\/RLB02B1-150x150.webp 150w, https:\/\/mountlaser.com\/wp-content\/uploads\/2025\/11\/RLB02B1-768x768.webp 768w, https:\/\/mountlaser.com\/wp-content\/uploads\/2025\/11\/RLB02B1-12x12.webp 12w\" sizes=\"(max-width: 500px) 100vw, 500px\" \/><figcaption id=\"caption-attachment-4647\" class=\"wp-caption-text\">Gi\u00e1 \u0111\u1ee1 laser xoay RLB02B<\/figcaption><\/figure>\n<p>\u0110\u01b0\u1ee3c thi\u1ebft k\u1ebf d\u00e0nh cho c\u00e1c chuy\u00ean gia \u0111\u00f2i h\u1ecfi \u0111\u1ed9 ch\u00ednh x\u00e1c v\u00e0 \u0111\u1ed9 b\u1ec1n, <a href=\"https:\/\/mountlaser.com\/vi\/contact-us\/\">Gi\u00e1 \u0111\u1ee1 laser xoay RLB02<\/a> S\u1ea3n ph\u1ea9m mang l\u1ea1i \u0111\u1ed9 \u1ed5n \u0111\u1ecbnh tuy\u1ec7t v\u1eddi, tu\u1ed5i th\u1ecd cao v\u00e0 d\u1ec5 d\u00e0ng t\u00edch h\u1ee3p v\u1edbi nhi\u1ec1u thi\u1ebft l\u1eadp c\u00f4ng tr\u01b0\u1eddng kh\u00e1c nhau. Cho d\u00f9 s\u1eed d\u1ee5ng trong nh\u00e0 hay ngo\u00e0i tr\u1eddi, gi\u00e1 \u0111\u1ee1 m\u00e1y laser xoay n\u00e0y l\u00e0 ph\u1ee5 ki\u1ec7n thi\u1ebft y\u1ebfu \u0111\u1ec3 \u0111\u1ea1t \u0111\u01b0\u1ee3c k\u1ebft qu\u1ea3 nh\u1ea5t qu\u00e1n v\u00e0 ch\u00ednh x\u00e1c.<\/p>","protected":false},"excerpt":{"rendered":"<ul>\n<li>C\u1ea5u tr\u00fac ho\u00e0n to\u00e0n b\u1eb1ng kim lo\u1ea1i \u0111\u1ea3m b\u1ea3o \u0111\u1ed9 b\u1ec1n v\u00e0 tu\u1ed5i th\u1ecd s\u1eed d\u1ee5ng l\u00e2u d\u00e0i.<\/li>\n<li>T\u01b0\u01a1ng th\u00edch v\u1edbi hai m\u1eabu: RLB02A v\u00e0 RLB02B<\/li>\n<li>Th\u00edch h\u1ee3p cho c\u00e1c d\u1ef1 \u00e1n x\u00e2y d\u1ef1ng, kh\u1ea3o s\u00e1t v\u00e0 c\u1ea3i t\u1ea1o n\u1ed9i th\u1ea5t.<\/li>\n<\/ul>","protected":false},"featured_media":4642,"comment_status":"open","ping_status":"closed","template":"","meta":[],"product_brand":[],"product_cat":[132,94],"product_tag":[],"class_list":{"0":"post-4641","1":"product","2":"type-product","3":"status-publish","4":"has-post-thumbnail","6":"product_cat-rotary-laser-bracket","7":"product_cat-laser-level-accessory","9":"first","10":"instock","11":"shipping-taxable","12":"product-type-simple"},"_links":{"self":[{"href":"https:\/\/mountlaser.com\/vi\/wp-json\/wp\/v2\/product\/4641","targetHints":{"allow":["GET"]}}],"collection":[{"href":"https:\/\/mountlaser.com\/vi\/wp-json\/wp\/v2\/product"}],"about":[{"href":"https:\/\/mountlaser.com\/vi\/wp-json\/wp\/v2\/types\/product"}],"replies":[{"embeddable":true,"href":"https:\/\/mountlaser.com\/vi\/wp-json\/wp\/v2\/comments?post=4641"}],"wp:featuredmedia":[{"embeddable":true,"href":"https:\/\/mountlaser.com\/vi\/wp-json\/wp\/v2\/media\/4642"}],"wp:attachment":[{"href":"https:\/\/mountlaser.com\/vi\/wp-json\/wp\/v2\/media?parent=4641"}],"wp:term":[{"taxonomy":"product_brand","embeddable":true,"href":"https:\/\/mountlaser.com\/vi\/wp-json\/wp\/v2\/product_brand?post=4641"},{"taxonomy":"product_cat","embeddable":true,"href":"https:\/\/mountlaser.com\/vi\/wp-json\/wp\/v2\/product_cat?post=4641"},{"taxonomy":"product_tag","embeddable":true,"href":"https:\/\/mountlaser.com\/vi\/wp-json\/wp\/v2\/product_tag?post=4641"}],"curies":[{"name":"trang web","href":"https:\/\/api.w.org\/{rel}","templated":true}]}}