{"id":4640,"date":"2025-11-20T05:51:23","date_gmt":"2025-11-20T05:51:23","guid":{"rendered":"https:\/\/mountlaser.com\/?post_type=product&#038;p=4640"},"modified":"2025-11-26T07:01:30","modified_gmt":"2025-11-26T07:01:30","slug":"rlb01a-rotary-laser-bracket","status":"publish","type":"product","link":"https:\/\/mountlaser.com\/vi\/san-pham\/rlb01a-rotary-laser-bracket\/","title":{"rendered":"Gi\u00e1 \u0111\u1ee1 laser xoay RLB01A"},"content":{"rendered":"<p>C\u00e1i <a href=\"https:\/\/mountlaser.com\/vi\/products\/\"><strong>Gi\u00e1 \u0111\u1ee1 laser xoay RLB01A<\/strong><\/a> \u0110\u00e2y l\u00e0 gi\u00e1 \u0111\u1ee1 chuy\u00ean nghi\u1ec7p d\u00e0nh cho m\u00e1y c\u00e2n b\u1eb1ng laser xoay, \u0111\u01b0\u1ee3c thi\u1ebft k\u1ebf \u0111\u1ec3 cung c\u1ea5p kh\u1ea3 n\u0103ng \u0111\u1ecbnh v\u1ecb \u1ed5n \u0111\u1ecbnh, ch\u00ednh x\u00e1c v\u00e0 \u0111i\u1ec1u ch\u1ec9nh tinh t\u1ebf cho m\u00e1y c\u00e2n b\u1eb1ng laser xoay. \u0110\u01b0\u1ee3c ch\u1ebf t\u1ea1o ho\u00e0n to\u00e0n b\u1eb1ng kim lo\u1ea1i, gi\u00e1 \u0111\u1ee1 laser xoay RLB01A \u0111\u1ea3m b\u1ea3o \u0111\u1ed9 b\u1ec1n v\u00e0 s\u1ef1 \u1ed5n \u0111\u1ecbnh l\u00e2u d\u00e0i t\u1ea1i c\u00e1c c\u00f4ng tr\u01b0\u1eddng \u0111\u00f2i h\u1ecfi kh\u1eaft khe. Gi\u00e1 \u0111\u1ee1 ch\u1eafc ch\u1eafn n\u00e0y <a href=\"https:\/\/mountlaser.com\/vi\/about-us\/\"><strong>Gi\u00e1 \u0111\u1ee1 cho m\u00e1y laser xoay<\/strong><\/a> Cho ph\u00e9p ng\u01b0\u1eddi d\u00f9ng \u0111i\u1ec1u ch\u1ec9nh vi m\u00f4 h\u01b0\u1edbng c\u1ee7a m\u1eb7t ph\u1eb3ng th\u1eb3ng \u0111\u1ee9ng, gi\u00fap c\u0103n ch\u1ec9nh ch\u00ednh x\u00e1c cho c\u00e1c \u1ee9ng d\u1ee5ng x\u00e2y d\u1ef1ng, b\u1ed1 tr\u00ed v\u00e0 kh\u1ea3o s\u00e1t.<\/p>\n<p><img fetchpriority=\"high\" decoding=\"async\" class=\"aligncenter wp-image-4633\" src=\"https:\/\/mountlaser.com\/wp-content\/uploads\/2025\/11\/RLB01A5.webp\" alt=\"RLB01A Rotary Laser Bracket\" width=\"500\" height=\"500\" srcset=\"https:\/\/mountlaser.com\/wp-content\/uploads\/2025\/11\/RLB01A5.webp 800w, https:\/\/mountlaser.com\/wp-content\/uploads\/2025\/11\/RLB01A5-300x300.webp 300w, https:\/\/mountlaser.com\/wp-content\/uploads\/2025\/11\/RLB01A5-400x400.webp 400w, https:\/\/mountlaser.com\/wp-content\/uploads\/2025\/11\/RLB01A5-600x600.webp 600w, https:\/\/mountlaser.com\/wp-content\/uploads\/2025\/11\/RLB01A5-150x150.webp 150w, https:\/\/mountlaser.com\/wp-content\/uploads\/2025\/11\/RLB01A5-768x768.webp 768w, https:\/\/mountlaser.com\/wp-content\/uploads\/2025\/11\/RLB01A5-12x12.webp 12w\" sizes=\"(max-width: 500px) 100vw, 500px\" \/><\/p>\n<p>V\u1edbi c\u1ea5u tr\u00fac \u0111\u01b0\u1ee3c gia c\u1ed1 v\u00e0 c\u01a1 ch\u1ebf \u0111i\u1ec1u ch\u1ec9nh m\u01b0\u1ee3t m\u00e0, <a href=\"https:\/\/mountlaser.com\/vi\/contact-us\/\">Gi\u00e1 \u0111\u1ee1 laser xoay RLB01A<\/a> Mang l\u1ea1i kh\u1ea3 n\u0103ng \u0111i\u1ec1u khi\u1ec3n v\u00e0 \u0111\u1ed9 \u1ed5n \u0111\u1ecbnh v\u01b0\u1ee3t tr\u1ed9i. Cho d\u00f9 \u0111\u01b0\u1ee3c l\u1eafp \u0111\u1eb7t tr\u00ean t\u01b0\u1eddng, c\u1ed9t ho\u1eb7c gi\u00e1 ba ch\u00e2n, gi\u00e1 \u0111\u1ee1 \u0111a n\u0103ng n\u00e0y d\u00e0nh cho m\u00e1y laser xoay h\u1ed7 tr\u1ee3 ng\u01b0\u1eddi d\u00f9ng chuy\u00ean nghi\u1ec7p c\u1ea7n \u0111i\u1ec1u ch\u1ec9nh xoay ch\u00ednh x\u00e1c v\u00e0 \u0111\u00e1ng tin c\u1eady trong m\u1ecdi d\u1ef1 \u00e1n.<\/p>","protected":false},"excerpt":{"rendered":"<ul>\n<li>T\u01b0\u01a1ng th\u00edch v\u1edbi nhi\u1ec1u lo\u1ea1i m\u00e1y c\u00e2n b\u1eb1ng laser xoay.<\/li>\n<li>C\u00f3 th\u1ec3 g\u1eafn ch\u1eafc ch\u1eafn l\u00ean t\u01b0\u1eddng, c\u1ed9t ho\u1eb7c gi\u00e1 ba ch\u00e2n.<\/li>\n<li>L\u00fd t\u01b0\u1edfng cho vi\u1ec7c b\u1ed1 tr\u00ed c\u00f4ng tr\u00ecnh, c\u0103n ch\u1ec9nh theo ph\u01b0\u01a1ng th\u1eb3ng \u0111\u1ee9ng v\u00e0 c\u00e1c nhi\u1ec7m v\u1ee5 \u0111o \u0111\u1ea1c t\u1ea7m xa.<\/li>\n<\/ul>","protected":false},"featured_media":4633,"comment_status":"open","ping_status":"closed","template":"","meta":[],"product_brand":[],"product_cat":[94,132],"product_tag":[],"class_list":{"0":"post-4640","1":"product","2":"type-product","3":"status-publish","4":"has-post-thumbnail","6":"product_cat-laser-level-accessory","7":"product_cat-rotary-laser-bracket","9":"first","10":"instock","11":"shipping-taxable","12":"product-type-simple"},"_links":{"self":[{"href":"https:\/\/mountlaser.com\/vi\/wp-json\/wp\/v2\/product\/4640","targetHints":{"allow":["GET"]}}],"collection":[{"href":"https:\/\/mountlaser.com\/vi\/wp-json\/wp\/v2\/product"}],"about":[{"href":"https:\/\/mountlaser.com\/vi\/wp-json\/wp\/v2\/types\/product"}],"replies":[{"embeddable":true,"href":"https:\/\/mountlaser.com\/vi\/wp-json\/wp\/v2\/comments?post=4640"}],"wp:featuredmedia":[{"embeddable":true,"href":"https:\/\/mountlaser.com\/vi\/wp-json\/wp\/v2\/media\/4633"}],"wp:attachment":[{"href":"https:\/\/mountlaser.com\/vi\/wp-json\/wp\/v2\/media?parent=4640"}],"wp:term":[{"taxonomy":"product_brand","embeddable":true,"href":"https:\/\/mountlaser.com\/vi\/wp-json\/wp\/v2\/product_brand?post=4640"},{"taxonomy":"product_cat","embeddable":true,"href":"https:\/\/mountlaser.com\/vi\/wp-json\/wp\/v2\/product_cat?post=4640"},{"taxonomy":"product_tag","embeddable":true,"href":"https:\/\/mountlaser.com\/vi\/wp-json\/wp\/v2\/product_tag?post=4640"}],"curies":[{"name":"trang web","href":"https:\/\/api.w.org\/{rel}","templated":true}]}}