{"id":4627,"date":"2025-11-20T02:18:38","date_gmt":"2025-11-20T02:18:38","guid":{"rendered":"https:\/\/mountlaser.com\/?post_type=product&#038;p=4627"},"modified":"2025-11-26T07:11:19","modified_gmt":"2025-11-26T07:11:19","slug":"llra09-line-laser-rotating-adapter","status":"publish","type":"product","link":"https:\/\/mountlaser.com\/vi\/san-pham\/llra09-line-laser-rotating-adapter\/","title":{"rendered":"B\u1ed9 chuy\u1ec3n \u0111\u1ed5i xoay laser d\u00f2ng LLRA09"},"content":{"rendered":"<p>C\u00e1i <strong><a href=\"https:\/\/mountlaser.com\/vi\/danh-muc-san-pham\/laser-level-accessory\/\">LLRA09 <!--StartFragment --><span class=\"cf0\">B\u1ed9 chuy\u1ec3n \u0111\u1ed5i xoay laser d\u00f2ng<\/span><\/a><!--EndFragment --><\/strong>\u00a0l\u00e0 m\u1ed9t s\u1ea3n ph\u1ea9m b\u1ec1n b\u1ec9 v\u00e0 \u0111\u01b0\u1ee3c ch\u1ebf t\u1ea1o ch\u00ednh x\u00e1c.<a href=\"https:\/\/mountlaser.com\/vi\/about-us\/\"> <strong>B\u1ed9 chuy\u1ec3n \u0111\u1ed5i m\u00e1y c\u00e2n b\u1eb1ng laser b\u1eb1ng kim lo\u1ea1i, \u0111\u1ebf xoay 360\u00b0<\/strong><\/a> \u0110\u01b0\u1ee3c thi\u1ebft k\u1ebf d\u00e0nh cho c\u00e1c chuy\u00ean gia c\u1ea7n \u0111\u1ecbnh v\u1ecb laser \u1ed5n \u0111\u1ecbnh, m\u01b0\u1ee3t m\u00e0 v\u00e0 ch\u00ednh x\u00e1c cao. \u0110\u01b0\u1ee3c ch\u1ebf t\u1ea1o v\u1edbi c\u1ea5u tr\u00fac kim lo\u1ea1i ch\u1eafc ch\u1eafn, b\u1ed9 chuy\u1ec3n \u0111\u1ed5i laser \u0111\u1ebf xoay 360\u00b0 b\u1eb1ng kim lo\u1ea1i n\u00e0y cho ph\u00e9p xoay li\u1ec1n m\u1ea1ch, gi\u00fap ng\u01b0\u1eddi d\u00f9ng tinh ch\u1ec9nh c\u0103n ch\u1ec9nh v\u1edbi \u0111\u1ed9 ch\u00ednh x\u00e1c v\u01b0\u1ee3t tr\u1ed9i trong c\u00e1c c\u00f4ng vi\u1ec7c san l\u1ea5p m\u1eb7t b\u1eb1ng, b\u1ed1 tr\u00ed v\u00e0 x\u00e2y d\u1ef1ng.<\/p>\n<p>LLRA09 <!--StartFragment --><span class=\"cf0\">B\u1ed9 chuy\u1ec3n \u0111\u1ed5i xoay laser d\u00f2ng<\/span><!--EndFragment --> S\u1ea3n ph\u1ea9m c\u00f3 hai phi\u00ean b\u1ea3n \u0111\u1ec3 ph\u00f9 h\u1ee3p v\u1edbi c\u00e1c ti\u00eau chu\u1ea9n l\u1eafp \u0111\u1eb7t kh\u00e1c nhau: LLRA09A v\u1edbi ren 1\/4\u2033-20 v\u00e0 LLRA09B v\u1edbi ren 5\/8\u2033-11, gi\u00fap t\u01b0\u01a1ng th\u00edch v\u1edbi nhi\u1ec1u lo\u1ea1i m\u00e1y c\u00e2n b\u1eb1ng laser v\u00e0 ch\u00e2n m\u00e1y. V\u1edbi c\u01a1 ch\u1ebf xoay m\u01b0\u1ee3t m\u00e0, \u0111\u1ebf xoay 360\u00b0 b\u1eb1ng kim lo\u1ea1i c\u1ee7a b\u1ed9 chuy\u1ec3n \u0111\u1ed5i m\u00e1y c\u00e2n b\u1eb1ng laser \u0111\u1ea3m b\u1ea3o \u0111i\u1ec1u ch\u1ec9nh g\u00f3c ch\u00ednh x\u00e1c v\u00e0 hi\u1ec7u su\u1ea5t \u1ed5n \u0111\u1ecbnh t\u1ea1i m\u1ecdi c\u00f4ng tr\u01b0\u1eddng.<\/p>\n<p><img fetchpriority=\"high\" decoding=\"async\" class=\"aligncenter wp-image-4628\" src=\"https:\/\/mountlaser.com\/wp-content\/uploads\/2025\/11\/LLRA091.webp\" alt=\"LLRA09 Line Laser Adapter\" width=\"500\" height=\"500\" srcset=\"https:\/\/mountlaser.com\/wp-content\/uploads\/2025\/11\/LLRA091.webp 800w, https:\/\/mountlaser.com\/wp-content\/uploads\/2025\/11\/LLRA091-300x300.webp 300w, https:\/\/mountlaser.com\/wp-content\/uploads\/2025\/11\/LLRA091-400x400.webp 400w, https:\/\/mountlaser.com\/wp-content\/uploads\/2025\/11\/LLRA091-600x600.webp 600w, https:\/\/mountlaser.com\/wp-content\/uploads\/2025\/11\/LLRA091-150x150.webp 150w, https:\/\/mountlaser.com\/wp-content\/uploads\/2025\/11\/LLRA091-768x768.webp 768w, https:\/\/mountlaser.com\/wp-content\/uploads\/2025\/11\/LLRA091-12x12.webp 12w\" sizes=\"(max-width: 500px) 100vw, 500px\" \/><\/p>\n<p>\u0110\u01b0\u1ee3c thi\u1ebft k\u1ebf d\u00e0nh cho nh\u1eefng ng\u01b0\u1eddi d\u00f9ng \u0111\u00f2i h\u1ecfi \u0111\u1ed9 tin c\u1eady v\u00e0 t\u00ednh linh ho\u1ea1t, <a href=\"https:\/\/mountlaser.com\/vi\/contact-us\/\">LLRA09 <!--StartFragment --><span class=\"cf0\">B\u1ed9 chuy\u1ec3n \u0111\u1ed5i xoay laser d\u00f2ng<\/span><\/a><!--EndFragment --> N\u00e2ng cao hi\u1ec7u qu\u1ea3 quy tr\u00ecnh l\u00e0m vi\u1ec7c b\u1eb1ng c\u00e1ch cung c\u1ea5p kh\u1ea3 n\u0103ng l\u1eafp \u0111\u1eb7t nhanh ch\u00f3ng, g\u1eafn k\u1ebft ch\u1eafc ch\u1eafn v\u00e0 \u0111i\u1ec1u khi\u1ec3n xoay ch\u00ednh x\u00e1c.<\/p>","protected":false},"excerpt":{"rendered":"<ul>\n<li>Cung c\u1ea5p kh\u1ea3 n\u0103ng xoay 360\u00b0 \u1ed5n \u0111\u1ecbnh v\u00e0 m\u01b0\u1ee3t m\u00e0 \u0111\u1ec3 c\u0103n ch\u1ec9nh laser ch\u00ednh x\u00e1c.<\/li>\n<li>C\u00f3 s\u1eb5n c\u00e1c t\u00f9y ch\u1ecdn ren 1\/4\u2033-20 (LLRA09A) v\u00e0 5\/8\u2033-11 (LLRA09B).<\/li>\n<li>T\u01b0\u01a1ng th\u00edch v\u1edbi h\u1ea7u h\u1ebft c\u00e1c lo\u1ea1i th\u01b0\u1edbc \u0111o laser, ch\u00e2n m\u00e1y v\u00e0 gi\u00e1 \u0111\u1ee1.<\/li>\n<li>L\u00fd t\u01b0\u1edfng cho vi\u1ec7c san l\u1ea5p m\u1eb7t b\u1eb1ng, b\u1ed1 tr\u00ed v\u00e0 \u0111i\u1ec1u ch\u1ec9nh g\u00f3c \u0111\u1ed9 chi ti\u1ebft.<\/li>\n<\/ul>","protected":false},"featured_media":4628,"comment_status":"open","ping_status":"closed","template":"","meta":[],"product_brand":[],"product_cat":[130,94],"product_tag":[],"class_list":{"0":"post-4627","1":"product","2":"type-product","3":"status-publish","4":"has-post-thumbnail","6":"product_cat-line-laser-rotating-adapter","7":"product_cat-laser-level-accessory","9":"first","10":"instock","11":"shipping-taxable","12":"product-type-simple"},"_links":{"self":[{"href":"https:\/\/mountlaser.com\/vi\/wp-json\/wp\/v2\/product\/4627","targetHints":{"allow":["GET"]}}],"collection":[{"href":"https:\/\/mountlaser.com\/vi\/wp-json\/wp\/v2\/product"}],"about":[{"href":"https:\/\/mountlaser.com\/vi\/wp-json\/wp\/v2\/types\/product"}],"replies":[{"embeddable":true,"href":"https:\/\/mountlaser.com\/vi\/wp-json\/wp\/v2\/comments?post=4627"}],"wp:featuredmedia":[{"embeddable":true,"href":"https:\/\/mountlaser.com\/vi\/wp-json\/wp\/v2\/media\/4628"}],"wp:attachment":[{"href":"https:\/\/mountlaser.com\/vi\/wp-json\/wp\/v2\/media?parent=4627"}],"wp:term":[{"taxonomy":"product_brand","embeddable":true,"href":"https:\/\/mountlaser.com\/vi\/wp-json\/wp\/v2\/product_brand?post=4627"},{"taxonomy":"product_cat","embeddable":true,"href":"https:\/\/mountlaser.com\/vi\/wp-json\/wp\/v2\/product_cat?post=4627"},{"taxonomy":"product_tag","embeddable":true,"href":"https:\/\/mountlaser.com\/vi\/wp-json\/wp\/v2\/product_tag?post=4627"}],"curies":[{"name":"trang web","href":"https:\/\/api.w.org\/{rel}","templated":true}]}}