{"id":4623,"date":"2025-11-20T01:45:28","date_gmt":"2025-11-20T01:45:28","guid":{"rendered":"https:\/\/mountlaser.com\/?post_type=product&#038;p=4623"},"modified":"2025-11-26T07:13:10","modified_gmt":"2025-11-26T07:13:10","slug":"llra04-line-laser-rotating-adapter","status":"publish","type":"product","link":"https:\/\/mountlaser.com\/vi\/san-pham\/llra04-line-laser-rotating-adapter\/","title":{"rendered":"B\u1ed9 chuy\u1ec3n \u0111\u1ed5i xoay laser d\u00f2ng LLRA04"},"content":{"rendered":"<p>C\u00e1i <strong><a href=\"https:\/\/mountlaser.com\/vi\/\">LLRA04 <!--StartFragment --><span class=\"cf0\">B\u1ed9 chuy\u1ec3n \u0111\u1ed5i xoay laser d\u00f2ng<\/span><\/a><!--EndFragment --><\/strong>\u00a0\u0110\u00e2y l\u00e0 m\u1ed9t ph\u1ee5 ki\u1ec7n chuy\u00ean nghi\u1ec7p \u0111\u01b0\u1ee3c thi\u1ebft k\u1ebf \u0111\u1ec3 cung c\u1ea5p kh\u1ea3 n\u0103ng \u0111i\u1ec1u ch\u1ec9nh xoay m\u01b0\u1ee3t m\u00e0 v\u00e0 \u0111\u1ecbnh v\u1ecb ch\u00ednh x\u00e1c cho c\u00e1c d\u1ee5ng c\u1ee5 \u0111o laser. \u0110\u01b0\u1ee3c thi\u1ebft k\u1ebf nh\u01b0 m\u1ed9t ph\u1ee5 ki\u1ec7n \u0111a n\u0103ng.<a href=\"https:\/\/mountlaser.com\/vi\/contact-us\/\"> <strong>Ch\u00e2n \u0111\u1ebf xoay 360 \u0111\u1ed9 cho gi\u00e1 \u0111\u1ee1 ba ch\u00e2n m\u00e1y c\u00e2n b\u1eb1ng laser<\/strong><\/a>, N\u00f3 cho ph\u00e9p ng\u01b0\u1eddi d\u00f9ng tinh ch\u1ec9nh h\u01b0\u1edbng v\u00e0 g\u00f3c c\u1ee7a m\u00e1y c\u00e2n b\u1eb1ng laser m\u1ed9t c\u00e1ch ch\u00ednh x\u00e1c v\u00e0 d\u1ec5 d\u00e0ng.<\/p>\n<p>V\u1edbi k\u1ebft c\u1ea5u b\u1ec1n ch\u1eafc v\u00e0 ren 1\/4\u2033-20 ti\u00eau chu\u1ea9n, LLRA04 <!--StartFragment --><span class=\"cf0\">B\u1ed9 chuy\u1ec3n \u0111\u1ed5i xoay laser d\u00f2ng<\/span><!--EndFragment --> H\u1ed7 tr\u1ee3 nhi\u1ec1u lo\u1ea1i m\u00e1y c\u00e2n b\u1eb1ng laser v\u00e0 thi\u1ebft b\u1ecb \u0111o l\u01b0\u1eddng. Ch\u00e2n \u0111\u1ebf xoay 360 \u0111\u1ed9 ch\u1eafc ch\u1eafn n\u00e0y d\u00e0nh cho m\u00e1y c\u00e2n b\u1eb1ng laser mang l\u1ea1i ho\u1ea1t \u0111\u1ed9ng \u1ed5n \u0111\u1ecbnh v\u00e0 xoay tr\u01a1n tru, l\u00fd t\u01b0\u1edfng cho c\u00e1c \u1ee9ng d\u1ee5ng c\u0103n ch\u1ec9nh, b\u1ed1 tr\u00ed v\u00e0 c\u00e2n b\u1eb1ng y\u00eau c\u1ea7u \u0111i\u1ec1u khi\u1ec3n h\u01b0\u1edbng ch\u00ednh x\u00e1c.<\/p>\n<p><img fetchpriority=\"high\" decoding=\"async\" class=\"aligncenter wp-image-4625\" src=\"https:\/\/mountlaser.com\/wp-content\/uploads\/2025\/11\/LLRA042.webp\" alt=\"LLRA04 Line Laser Rotating Adapter\" width=\"500\" height=\"500\" srcset=\"https:\/\/mountlaser.com\/wp-content\/uploads\/2025\/11\/LLRA042.webp 800w, https:\/\/mountlaser.com\/wp-content\/uploads\/2025\/11\/LLRA042-300x300.webp 300w, https:\/\/mountlaser.com\/wp-content\/uploads\/2025\/11\/LLRA042-400x400.webp 400w, https:\/\/mountlaser.com\/wp-content\/uploads\/2025\/11\/LLRA042-600x600.webp 600w, https:\/\/mountlaser.com\/wp-content\/uploads\/2025\/11\/LLRA042-150x150.webp 150w, https:\/\/mountlaser.com\/wp-content\/uploads\/2025\/11\/LLRA042-768x768.webp 768w, https:\/\/mountlaser.com\/wp-content\/uploads\/2025\/11\/LLRA042-12x12.webp 12w\" sizes=\"(max-width: 500px) 100vw, 500px\" \/><\/p>\n<p>C\u00e1c chuy\u00ean gia l\u00e0m vi\u1ec7c trong l\u0129nh v\u1ef1c x\u00e2y d\u1ef1ng, kh\u1ea3o s\u00e1t v\u00e0 thi\u1ebft k\u1ebf n\u1ed9i th\u1ea5t s\u1ebd \u0111\u00e1nh gi\u00e1 cao \u0111\u1ed9 tin c\u1eady v\u00e0 t\u00ednh linh ho\u1ea1t m\u00e0 ph\u1ea7n m\u1ec1m n\u00e0y mang l\u1ea1i. <a href=\"https:\/\/mountlaser.com\/vi\/products\/\">LLRA04 <!--StartFragment --><span class=\"cf0\">B\u1ed9 chuy\u1ec3n \u0111\u1ed5i xoay laser d\u00f2ng<\/span><\/a><!--EndFragment -->, \u0111\u1ea3m b\u1ea3o hi\u1ec7u su\u1ea5t \u1ed5n \u0111\u1ecbnh t\u1ea1i m\u1ecdi c\u00f4ng tr\u01b0\u1eddng.<\/p>","protected":false},"excerpt":{"rendered":"<ul>\n<li>Cung c\u1ea5p kh\u1ea3 n\u0103ng xoay 360\u00b0 m\u01b0\u1ee3t m\u00e0 \u0111\u1ec3 \u0111i\u1ec1u ch\u1ec9nh h\u01b0\u1edbng ch\u00ednh x\u00e1c.<\/li>\n<li>Ren 1\/4\u2033-20 \u0111a n\u0103ng, t\u01b0\u01a1ng th\u00edch v\u1edbi h\u1ea7u h\u1ebft c\u00e1c m\u00e1y c\u00e2n b\u1eb1ng laser.<\/li>\n<li>T\u0103ng \u0111\u1ed9 ch\u00ednh x\u00e1c trong c\u00e1c c\u00f4ng vi\u1ec7c c\u0103n ch\u1ec9nh, san l\u1ea5p v\u00e0 b\u1ed1 tr\u00ed.<\/li>\n<li>Th\u00edch h\u1ee3p \u0111\u1ec3 s\u1eed d\u1ee5ng tr\u00ean gi\u00e1 ba ch\u00e2n v\u00e0 c\u00e1c h\u1ec7 th\u1ed1ng g\u1eafn k\u1ebft.<\/li>\n<\/ul>","protected":false},"featured_media":4624,"comment_status":"open","ping_status":"closed","template":"","meta":[],"product_brand":[],"product_cat":[130,94],"product_tag":[],"class_list":{"0":"post-4623","1":"product","2":"type-product","3":"status-publish","4":"has-post-thumbnail","6":"product_cat-line-laser-rotating-adapter","7":"product_cat-laser-level-accessory","9":"first","10":"instock","11":"shipping-taxable","12":"product-type-simple"},"_links":{"self":[{"href":"https:\/\/mountlaser.com\/vi\/wp-json\/wp\/v2\/product\/4623","targetHints":{"allow":["GET"]}}],"collection":[{"href":"https:\/\/mountlaser.com\/vi\/wp-json\/wp\/v2\/product"}],"about":[{"href":"https:\/\/mountlaser.com\/vi\/wp-json\/wp\/v2\/types\/product"}],"replies":[{"embeddable":true,"href":"https:\/\/mountlaser.com\/vi\/wp-json\/wp\/v2\/comments?post=4623"}],"wp:featuredmedia":[{"embeddable":true,"href":"https:\/\/mountlaser.com\/vi\/wp-json\/wp\/v2\/media\/4624"}],"wp:attachment":[{"href":"https:\/\/mountlaser.com\/vi\/wp-json\/wp\/v2\/media?parent=4623"}],"wp:term":[{"taxonomy":"product_brand","embeddable":true,"href":"https:\/\/mountlaser.com\/vi\/wp-json\/wp\/v2\/product_brand?post=4623"},{"taxonomy":"product_cat","embeddable":true,"href":"https:\/\/mountlaser.com\/vi\/wp-json\/wp\/v2\/product_cat?post=4623"},{"taxonomy":"product_tag","embeddable":true,"href":"https:\/\/mountlaser.com\/vi\/wp-json\/wp\/v2\/product_tag?post=4623"}],"curies":[{"name":"trang web","href":"https:\/\/api.w.org\/{rel}","templated":true}]}}