{"id":4621,"date":"2025-11-19T08:52:30","date_gmt":"2025-11-19T08:52:30","guid":{"rendered":"https:\/\/mountlaser.com\/?post_type=product&#038;p=4621"},"modified":"2025-11-26T07:36:46","modified_gmt":"2025-11-26T07:36:46","slug":"llra01-line-laser-rotating-adapter","status":"publish","type":"product","link":"https:\/\/mountlaser.com\/vi\/san-pham\/llra01-line-laser-rotating-adapter\/","title":{"rendered":"B\u1ed9 chuy\u1ec3n \u0111\u1ed5i xoay laser d\u00f2ng LLRA01"},"content":{"rendered":"<p>C\u00e1i <a href=\"https:\/\/mountlaser.com\/vi\/\"><strong>LLRA01 <!--StartFragment --><span class=\"cf0\">B\u1ed9 chuy\u1ec3n \u0111\u1ed5i xoay laser d\u00f2ng<\/span><\/strong><\/a><!--EndFragment --> LLRA01 l\u00e0 m\u1ed9t ph\u1ee5 ki\u1ec7n \u0111a n\u0103ng v\u00e0 \u0111\u01b0\u1ee3c thi\u1ebft k\u1ebf ch\u00ednh x\u00e1c, nh\u1eb1m cung c\u1ea5p kh\u1ea3 n\u0103ng g\u1eafn k\u1ebft \u1ed5n \u0111\u1ecbnh v\u00e0 tinh ch\u1ec9nh cho c\u00e1c d\u1ee5ng c\u1ee5 laser. \u0110\u01b0\u1ee3c ch\u1ebf t\u1ea1o v\u1edbi h\u1ec7 th\u1ed1ng ren k\u00e9p\u20141\/4\u2033-20 \u1edf tr\u00ean v\u00e0 5\/8\u2033-11 \u1edf d\u01b0\u1edbi (\u0111\u01b0\u1eddng k\u00ednh ngo\u00e0i 65mm)\u2014LLRA01 <!--StartFragment --><span class=\"cf0\">B\u1ed9 chuy\u1ec3n \u0111\u1ed5i xoay laser d\u00f2ng<\/span><!--EndFragment --> T\u01b0\u01a1ng th\u00edch v\u1edbi nhi\u1ec1u lo\u1ea1i m\u00e1y c\u00e2n b\u1eb1ng laser v\u00e0 ch\u00e2n m\u00e1y kh\u00e1c nhau.<\/p>\n<p>V\u1edbi b\u1ed9 chuy\u1ec3n \u0111\u1ed5i th\u01b0\u1edbc \u0111o laser tr\u01a1n tru c\u00f3 n\u00fam xoay 360\u00b0, b\u1ed9 chuy\u1ec3n \u0111\u1ed5i n\u00e0y cho ph\u00e9p ng\u01b0\u1eddi d\u00f9ng th\u1ef1c hi\u1ec7n c\u00e1c \u0111i\u1ec1u ch\u1ec9nh xoay ch\u00ednh x\u00e1c \u0111\u1ec3 c\u0103n ch\u1ec9nh v\u00e0 b\u1ed1 tr\u00ed ch\u00ednh x\u00e1c. <strong>M\u00e1y c\u00e2n b\u1eb1ng laser <a href=\"https:\/\/mountlaser.com\/vi\/about-us\/\">B\u1ed9 chuy\u1ec3n \u0111\u1ed5i c\u00f3 n\u00fam xoay 360\u00b0<\/a><\/strong> \u0110\u1ea3m b\u1ea3o \u0111i\u1ec1u ch\u1ec9nh g\u00f3c d\u1ec5 d\u00e0ng v\u00e0 ch\u00ednh x\u00e1c, l\u00fd t\u01b0\u1edfng cho c\u00e1c c\u00f4ng vi\u1ec7c x\u00e2y d\u1ef1ng, b\u1ed1 tr\u00ed n\u1ed9i th\u1ea5t, d\u1ef1ng khung v\u00e0 kh\u1ea3o s\u00e1t.<\/p>\n<p><img fetchpriority=\"high\" decoding=\"async\" class=\"aligncenter wp-image-4622\" src=\"https:\/\/mountlaser.com\/wp-content\/uploads\/2025\/11\/LLRA011.webp\" alt=\"LLRA01 Line Laser Adapter\" width=\"500\" height=\"500\" srcset=\"https:\/\/mountlaser.com\/wp-content\/uploads\/2025\/11\/LLRA011.webp 800w, https:\/\/mountlaser.com\/wp-content\/uploads\/2025\/11\/LLRA011-300x300.webp 300w, https:\/\/mountlaser.com\/wp-content\/uploads\/2025\/11\/LLRA011-400x400.webp 400w, https:\/\/mountlaser.com\/wp-content\/uploads\/2025\/11\/LLRA011-600x600.webp 600w, https:\/\/mountlaser.com\/wp-content\/uploads\/2025\/11\/LLRA011-150x150.webp 150w, https:\/\/mountlaser.com\/wp-content\/uploads\/2025\/11\/LLRA011-768x768.webp 768w, https:\/\/mountlaser.com\/wp-content\/uploads\/2025\/11\/LLRA011-12x12.webp 12w\" sizes=\"(max-width: 500px) 100vw, 500px\" \/><\/p>\n<p>D\u00f9 \u0111\u01b0\u1ee3c s\u1eed d\u1ee5ng tr\u00ean gi\u00e1 ba ch\u00e2n t\u1ea1i c\u00f4ng tr\u01b0\u1eddng hay gi\u00e1 \u0111\u1ee1 s\u00e0n, <a href=\"https:\/\/mountlaser.com\/vi\/products\/\">LLRA01 <!--StartFragment --><span class=\"cf0\">B\u1ed9 chuy\u1ec3n \u0111\u1ed5i xoay laser d\u00f2ng<\/span><\/a><!--EndFragment --> Cung c\u1ea5p kh\u1ea3 n\u0103ng h\u1ed7 tr\u1ee3 \u1ed5n \u0111\u1ecbnh, \u0111\u1ecbnh v\u1ecb linh ho\u1ea1t v\u00e0 xoay m\u01b0\u1ee3t m\u00e0. B\u1ed9 chuy\u1ec3n \u0111\u1ed5i th\u01b0\u1edbc \u0111o laser \u0111\u00e1ng tin c\u1eady n\u00e0y v\u1edbi n\u00fam xoay 360\u00b0 gi\u00fap n\u00e2ng cao hi\u1ec7u qu\u1ea3 quy tr\u00ecnh l\u00e0m vi\u1ec7c v\u00e0 \u0111\u1ea3m b\u1ea3o c\u00e1c h\u00ecnh chi\u1ebfu laser \u0111\u01b0\u1ee3c c\u0103n ch\u1ec9nh ho\u00e0n h\u1ea3o m\u1ecdi l\u00fac.<\/p>","protected":false},"excerpt":{"rendered":"<ul>\n<li>\u0110i\u1ec1u ch\u1ec9nh xoay 360\u00b0 m\u01b0\u1ee3t m\u00e0 th\u00f4ng qua b\u1ed9 chuy\u1ec3n \u0111\u1ed5i m\u00e1y c\u00e2n b\u1eb1ng laser v\u1edbi n\u00fam xoay 360\u00b0.<\/li>\n<li>\u0110\u1ea7u ren 1\/4\u2033-20 t\u01b0\u01a1ng th\u00edch v\u1edbi nhi\u1ec1u lo\u1ea1i th\u01b0\u1edbc \u0111o laser kh\u00e1c nhau.<\/li>\n<li>Ng\u00e0m g\u1eafn ph\u00eda d\u01b0\u1edbi 5\/8\u2033-11 (\u0111\u01b0\u1eddng k\u00ednh ngo\u00e0i 65mm) \u0111\u1ec3 g\u1eafn ch\u00e2n m\u00e1y v\u00e0 \u0111\u1ebf.<\/li>\n<li>Gi\u00fap c\u0103n ch\u1ec9nh ch\u00ednh x\u00e1c cho c\u00e1c c\u00f4ng vi\u1ec7c b\u1ed1 tr\u00ed, san l\u1ea5p m\u1eb7t b\u1eb1ng v\u00e0 \u0111\u00f3ng khung.<\/li>\n<\/ul>","protected":false},"featured_media":4622,"comment_status":"open","ping_status":"closed","template":"","meta":[],"product_brand":[],"product_cat":[94,130],"product_tag":[],"class_list":{"0":"post-4621","1":"product","2":"type-product","3":"status-publish","4":"has-post-thumbnail","6":"product_cat-laser-level-accessory","7":"product_cat-line-laser-rotating-adapter","9":"first","10":"instock","11":"shipping-taxable","12":"product-type-simple"},"_links":{"self":[{"href":"https:\/\/mountlaser.com\/vi\/wp-json\/wp\/v2\/product\/4621","targetHints":{"allow":["GET"]}}],"collection":[{"href":"https:\/\/mountlaser.com\/vi\/wp-json\/wp\/v2\/product"}],"about":[{"href":"https:\/\/mountlaser.com\/vi\/wp-json\/wp\/v2\/types\/product"}],"replies":[{"embeddable":true,"href":"https:\/\/mountlaser.com\/vi\/wp-json\/wp\/v2\/comments?post=4621"}],"wp:featuredmedia":[{"embeddable":true,"href":"https:\/\/mountlaser.com\/vi\/wp-json\/wp\/v2\/media\/4622"}],"wp:attachment":[{"href":"https:\/\/mountlaser.com\/vi\/wp-json\/wp\/v2\/media?parent=4621"}],"wp:term":[{"taxonomy":"product_brand","embeddable":true,"href":"https:\/\/mountlaser.com\/vi\/wp-json\/wp\/v2\/product_brand?post=4621"},{"taxonomy":"product_cat","embeddable":true,"href":"https:\/\/mountlaser.com\/vi\/wp-json\/wp\/v2\/product_cat?post=4621"},{"taxonomy":"product_tag","embeddable":true,"href":"https:\/\/mountlaser.com\/vi\/wp-json\/wp\/v2\/product_tag?post=4621"}],"curies":[{"name":"trang web","href":"https:\/\/api.w.org\/{rel}","templated":true}]}}