{"id":4613,"date":"2025-11-19T07:36:25","date_gmt":"2025-11-19T07:36:25","guid":{"rendered":"https:\/\/mountlaser.com\/?post_type=product&#038;p=4613"},"modified":"2025-11-26T08:12:13","modified_gmt":"2025-11-26T08:12:13","slug":"llra05-line-laser-rotating-adapter","status":"publish","type":"product","link":"https:\/\/mountlaser.com\/vi\/san-pham\/llra05-line-laser-rotating-adapter\/","title":{"rendered":"B\u1ed9 chuy\u1ec3n \u0111\u1ed5i xoay laser d\u00f2ng LLRA05"},"content":{"rendered":"<p>C\u00e1i <a href=\"https:\/\/mountlaser.com\/vi\/products\/\"><strong>\u0110\u1ebf laser xoay<\/strong><\/a> LLRA05 l\u00e0 m\u1ed9t thi\u1ebft b\u1ecb c\u00f3 \u0111\u1ed9 ch\u00ednh x\u00e1c cao. <a href=\"https:\/\/mountlaser.com\/vi\/about-us\/\"><strong>\u0110\u1ebf xoay 360 \u0111\u1ed9<\/strong><\/a> \u0110\u01b0\u1ee3c thi\u1ebft k\u1ebf \u0111\u1ec3 mang l\u1ea1i kh\u1ea3 n\u0103ng \u0111\u1ecbnh v\u1ecb m\u01b0\u1ee3t m\u00e0 v\u00e0 ch\u00ednh x\u00e1c cho t\u1ea5t c\u1ea3 c\u00e1c lo\u1ea1i m\u00e1y c\u00e2n b\u1eb1ng laser. \u0110\u01b0\u1ee3c ch\u1ebf t\u1ea1o cho c\u00e1c nhi\u1ec7m v\u1ee5 \u0111o l\u01b0\u1eddng chuy\u00ean nghi\u1ec7p, \u0111\u1ebf laser xoay n\u00e0y cung c\u1ea5p kh\u1ea3 n\u0103ng \u0111i\u1ec1u khi\u1ec3n xoay ch\u00ednh x\u00e1c, cho ph\u00e9p ng\u01b0\u1eddi d\u00f9ng tinh ch\u1ec9nh vi\u1ec7c c\u0103n ch\u1ec9nh v\u00e0 b\u1ed1 tr\u00ed v\u1edbi \u0111\u1ed9 ch\u00ednh x\u00e1c v\u01b0\u1ee3t tr\u1ed9i.<\/p>\n<p>V\u1edbi k\u1ebft c\u1ea5u b\u1ec1n ch\u1eafc v\u00e0 b\u1ed9 chuy\u1ec3n \u0111\u1ed5i xoay \u0111a n\u0103ng 1\/4\u2033-20, \u0111\u1ebf xoay 360 \u0111\u1ed9 t\u01b0\u01a1ng th\u00edch v\u1edbi nhi\u1ec1u lo\u1ea1i laser v\u1ea1ch v\u00e0 laser ch\u1ea5m. Thi\u1ebft k\u1ebf \u0111\u00e1ng tin c\u1eady v\u00e0 \u1ed5n \u0111\u1ecbnh \u0111\u1ea3m b\u1ea3o hi\u1ec7u su\u1ea5t nh\u1ea5t qu\u00e1n tr\u00ean m\u1ecdi c\u00f4ng tr\u01b0\u1eddng. Cho d\u00f9 \u0111\u01b0\u1ee3c s\u1eed d\u1ee5ng \u0111\u1ec3 c\u00e2n b\u1eb1ng, c\u0103n ch\u1ec9nh hay b\u1ed1 tr\u00ed, \u0111\u1ebf laser xoay n\u00e0y mang l\u1ea1i \u0111\u1ed9 m\u01b0\u1ee3t m\u00e0 v\u00e0 \u0111\u1ed9 l\u1eb7p l\u1ea1i v\u01b0\u1ee3t tr\u1ed9i khi \u0111i\u1ec1u ch\u1ec9nh g\u00f3c ho\u1eb7c xoay thi\u1ebft b\u1ecb.<\/p>\n<p><img fetchpriority=\"high\" decoding=\"async\" class=\"aligncenter wp-image-4616\" src=\"https:\/\/mountlaser.com\/wp-content\/uploads\/2025\/11\/LLRA053.webp\" alt=\"LLRA05 Rotating laser base\" width=\"500\" height=\"500\" srcset=\"https:\/\/mountlaser.com\/wp-content\/uploads\/2025\/11\/LLRA053.webp 1000w, https:\/\/mountlaser.com\/wp-content\/uploads\/2025\/11\/LLRA053-300x300.webp 300w, https:\/\/mountlaser.com\/wp-content\/uploads\/2025\/11\/LLRA053-400x400.webp 400w, https:\/\/mountlaser.com\/wp-content\/uploads\/2025\/11\/LLRA053-800x800.webp 800w, https:\/\/mountlaser.com\/wp-content\/uploads\/2025\/11\/LLRA053-600x600.webp 600w, https:\/\/mountlaser.com\/wp-content\/uploads\/2025\/11\/LLRA053-150x150.webp 150w, https:\/\/mountlaser.com\/wp-content\/uploads\/2025\/11\/LLRA053-768x768.webp 768w, https:\/\/mountlaser.com\/wp-content\/uploads\/2025\/11\/LLRA053-12x12.webp 12w\" sizes=\"(max-width: 500px) 100vw, 500px\" \/><\/p>\n<p>\u0110\u01b0\u1ee3c thi\u1ebft k\u1ebf d\u00e0nh cho nh\u1eefng ng\u01b0\u1eddi d\u00f9ng kh\u00f3 t\u00ednh, <a href=\"https:\/\/mountlaser.com\/vi\/contact-us\/\">\u0110\u1ebf xoay 360 \u0111\u1ed9 LLRA05<\/a> Cung c\u1ea5p kh\u1ea3 n\u0103ng \u0111i\u1ec1u khi\u1ec3n c\u1ea7n thi\u1ebft cho c\u00e1c c\u00f4ng vi\u1ec7c x\u00e2y d\u1ef1ng, d\u1ef1ng khung, b\u1ed1 tr\u00ed n\u1ed9i th\u1ea5t v\u00e0 kh\u1ea3o s\u00e1t, n\u01a1i m\u00e0 vi\u1ec7c xoay v\u00e0 \u0111\u1ecbnh v\u1ecb ch\u00ednh x\u00e1c l\u00e0 v\u00f4 c\u00f9ng quan tr\u1ecdng.<\/p>","protected":false},"excerpt":{"rendered":"<ul>\n<li>Cung c\u1ea5p kh\u1ea3 n\u0103ng xoay 360\u00b0 m\u01b0\u1ee3t m\u00e0 \u0111\u1ec3 \u0111\u1ecbnh v\u1ecb laser ch\u00ednh x\u00e1c.<\/li>\n<li>C\u1ea5u tr\u00fac c\u00f3 \u0111\u1ed9 ch\u00ednh x\u00e1c cao \u0111\u1ea3m b\u1ea3o s\u1ef1 c\u0103n ch\u1ec9nh v\u00e0 b\u1ed1 tr\u00ed ch\u00ednh x\u00e1c.<\/li>\n<li>B\u1ed9 chuy\u1ec3n \u0111\u1ed5i xoay \u0111a n\u0103ng 1\/4\u2033-20 t\u01b0\u01a1ng th\u00edch v\u1edbi h\u1ea7u h\u1ebft c\u00e1c m\u00e1y c\u00e2n b\u1eb1ng laser.<\/li>\n<\/ul>","protected":false},"featured_media":4614,"comment_status":"open","ping_status":"closed","template":"","meta":[],"product_brand":[],"product_cat":[94,130],"product_tag":[],"class_list":{"0":"post-4613","1":"product","2":"type-product","3":"status-publish","4":"has-post-thumbnail","6":"product_cat-laser-level-accessory","7":"product_cat-line-laser-rotating-adapter","9":"first","10":"instock","11":"shipping-taxable","12":"product-type-simple"},"_links":{"self":[{"href":"https:\/\/mountlaser.com\/vi\/wp-json\/wp\/v2\/product\/4613","targetHints":{"allow":["GET"]}}],"collection":[{"href":"https:\/\/mountlaser.com\/vi\/wp-json\/wp\/v2\/product"}],"about":[{"href":"https:\/\/mountlaser.com\/vi\/wp-json\/wp\/v2\/types\/product"}],"replies":[{"embeddable":true,"href":"https:\/\/mountlaser.com\/vi\/wp-json\/wp\/v2\/comments?post=4613"}],"wp:featuredmedia":[{"embeddable":true,"href":"https:\/\/mountlaser.com\/vi\/wp-json\/wp\/v2\/media\/4614"}],"wp:attachment":[{"href":"https:\/\/mountlaser.com\/vi\/wp-json\/wp\/v2\/media?parent=4613"}],"wp:term":[{"taxonomy":"product_brand","embeddable":true,"href":"https:\/\/mountlaser.com\/vi\/wp-json\/wp\/v2\/product_brand?post=4613"},{"taxonomy":"product_cat","embeddable":true,"href":"https:\/\/mountlaser.com\/vi\/wp-json\/wp\/v2\/product_cat?post=4613"},{"taxonomy":"product_tag","embeddable":true,"href":"https:\/\/mountlaser.com\/vi\/wp-json\/wp\/v2\/product_tag?post=4613"}],"curies":[{"name":"trang web","href":"https:\/\/api.w.org\/{rel}","templated":true}]}}