{"id":4600,"date":"2025-11-19T05:44:02","date_gmt":"2025-11-19T05:44:02","guid":{"rendered":"https:\/\/mountlaser.com\/?post_type=product&#038;p=4600"},"modified":"2025-11-26T08:13:47","modified_gmt":"2025-11-26T08:13:47","slug":"llb25-line-laser-bracket","status":"publish","type":"product","link":"https:\/\/mountlaser.com\/vi\/san-pham\/llb25-line-laser-bracket\/","title":{"rendered":"Gi\u00e1 \u0111\u1ee1 laser LLB25"},"content":{"rendered":"<p>C\u00e1i <a href=\"https:\/\/mountlaser.com\/vi\/about-us\/\"><strong>Gi\u00e1 \u0111\u1ee1 laser LLB25<\/strong><\/a> l\u00e0 m\u1ed9t s\u1ea3n ph\u1ea9m b\u1ec1n b\u1ec9 v\u00e0 \u0111a n\u0103ng <a href=\"https:\/\/mountlaser.com\/vi\/danh-muc-san-pham\/laser-level-accessory\/\"><strong>Gi\u00e1 \u0111\u1ee1 ch\u1eef L t\u1eeb t\u00ednh<\/strong><\/a> \u0110\u01b0\u1ee3c thi\u1ebft k\u1ebf \u0111\u1ec3 cung c\u1ea5p gi\u00e1 \u0111\u1ee1 ch\u1eafc ch\u1eafn cho nhi\u1ec1u lo\u1ea1i d\u1ee5ng c\u1ee5 laser \u0111\u1ecbnh v\u1ecb. \u0110\u01b0\u1ee3c ch\u1ebf t\u1ea1o v\u1edbi \u0111\u1ebf t\u1eeb m\u1ea1nh m\u1ebd v\u00e0 ren 1\/4\u2033-20 ph\u1ed5 th\u00f4ng, gi\u00e1 \u0111\u1ee1 laser \u0111\u1ecbnh v\u1ecb LLB25 \u0111\u1ea3m b\u1ea3o g\u1eafn ch\u1eafc ch\u1eafn v\u00e0o c\u00e1c b\u1ec1 m\u1eb7t kim lo\u1ea1i \u0111\u1ed3ng th\u1eddi cung c\u1ea5p v\u1ecb tr\u00ed \u1ed5n \u0111\u1ecbnh trong c\u00e1c t\u00e1c v\u1ee5 c\u00e2n b\u1eb1ng v\u00e0 c\u0103n ch\u1ec9nh.<\/p>\n<p>C\u00f3 hai phi\u00ean b\u1ea3n\u2014LLB25A v\u00e0 LLB25AB, gi\u00e1 \u0111\u1ee1 laser t\u1eeb t\u00ednh n\u00e0y mang \u0111\u1ebfn kh\u1ea3 n\u0103ng t\u01b0\u01a1ng th\u00edch cao v\u00e0 c\u00e1c t\u00f9y ch\u1ecdn l\u1eafp \u0111\u1eb7t linh ho\u1ea1t cho c\u00e1c \u0111i\u1ec1u ki\u1ec7n c\u00f4ng tr\u01b0\u1eddng kh\u00e1c nhau. Cho d\u00f9 \u0111\u01b0\u1ee3c s\u1eed d\u1ee5ng trong x\u00e2y d\u1ef1ng, b\u1ed1 tr\u00ed n\u1ed9i th\u1ea5t hay c\u00f4ng vi\u1ec7c c\u0103n ch\u1ec9nh chuy\u00ean nghi\u1ec7p, gi\u00e1 \u0111\u1ee1 laser LLB25 \u0111\u1ec1u mang l\u1ea1i hi\u1ec7u su\u1ea5t \u1ed5n \u0111\u1ecbnh, d\u1ec5 d\u00e0ng l\u1eafp \u0111\u1eb7t v\u00e0 h\u1ed7 tr\u1ee3 \u0111\u00e1ng tin c\u1eady cho c\u00e1c \u1ee9ng d\u1ee5ng \u0111o l\u01b0\u1eddng ch\u00ednh x\u00e1c.<\/p>\n<figure id=\"attachment_4602\" aria-describedby=\"caption-attachment-4602\" style=\"width: 500px\" class=\"wp-caption aligncenter\"><img fetchpriority=\"high\" decoding=\"async\" class=\"wp-image-4602\" src=\"https:\/\/mountlaser.com\/wp-content\/uploads\/2025\/11\/WB25A2.webp\" alt=\"LLB25 Line Laser Bracket\" width=\"500\" height=\"500\" srcset=\"https:\/\/mountlaser.com\/wp-content\/uploads\/2025\/11\/WB25A2.webp 1000w, https:\/\/mountlaser.com\/wp-content\/uploads\/2025\/11\/WB25A2-300x300.webp 300w, https:\/\/mountlaser.com\/wp-content\/uploads\/2025\/11\/WB25A2-400x400.webp 400w, https:\/\/mountlaser.com\/wp-content\/uploads\/2025\/11\/WB25A2-800x800.webp 800w, https:\/\/mountlaser.com\/wp-content\/uploads\/2025\/11\/WB25A2-600x600.webp 600w, https:\/\/mountlaser.com\/wp-content\/uploads\/2025\/11\/WB25A2-150x150.webp 150w, https:\/\/mountlaser.com\/wp-content\/uploads\/2025\/11\/WB25A2-768x768.webp 768w, https:\/\/mountlaser.com\/wp-content\/uploads\/2025\/11\/WB25A2-12x12.webp 12w\" sizes=\"(max-width: 500px) 100vw, 500px\" \/><figcaption id=\"caption-attachment-4602\" class=\"wp-caption-text\">Gi\u00e1 \u0111\u1ee1 laser LLB25A<\/figcaption><\/figure>\n<figure id=\"attachment_4609\" aria-describedby=\"caption-attachment-4609\" style=\"width: 500px\" class=\"wp-caption aligncenter\"><img decoding=\"async\" class=\"wp-image-4609\" src=\"https:\/\/mountlaser.com\/wp-content\/uploads\/2025\/11\/WB25B2.webp\" alt=\"LLB25 Line Laser Bracket\" width=\"500\" height=\"500\" srcset=\"https:\/\/mountlaser.com\/wp-content\/uploads\/2025\/11\/WB25B2.webp 1000w, https:\/\/mountlaser.com\/wp-content\/uploads\/2025\/11\/WB25B2-300x300.webp 300w, https:\/\/mountlaser.com\/wp-content\/uploads\/2025\/11\/WB25B2-400x400.webp 400w, https:\/\/mountlaser.com\/wp-content\/uploads\/2025\/11\/WB25B2-800x800.webp 800w, https:\/\/mountlaser.com\/wp-content\/uploads\/2025\/11\/WB25B2-600x600.webp 600w, https:\/\/mountlaser.com\/wp-content\/uploads\/2025\/11\/WB25B2-150x150.webp 150w, https:\/\/mountlaser.com\/wp-content\/uploads\/2025\/11\/WB25B2-768x768.webp 768w, https:\/\/mountlaser.com\/wp-content\/uploads\/2025\/11\/WB25B2-12x12.webp 12w\" sizes=\"(max-width: 500px) 100vw, 500px\" \/><figcaption id=\"caption-attachment-4609\" class=\"wp-caption-text\">Gi\u00e1 \u0111\u1ee1 laser LLB25AB<\/figcaption><\/figure>\n<p>\u0110\u01b0\u1ee3c thi\u1ebft k\u1ebf \u0111\u1ec3 c\u00f3 tu\u1ed5i th\u1ecd s\u1eed d\u1ee5ng l\u00e2u d\u00e0i, thi\u1ebft k\u1ebf nam ch\u00e2m h\u00ecnh ch\u1eef L c\u1ee7a gi\u00e1 \u0111\u1ee1 \u0111\u1ea3m b\u1ea3o \u0111\u1ed9 b\u00e1m ch\u1eafc ch\u1eafn v\u00e0 v\u1ecb tr\u00ed \u1ed5n \u0111\u1ecbnh, gi\u00fap s\u1ea3n ph\u1ea9m n\u00e0y tr\u1edf n\u00ean d\u1ec5 d\u00e0ng s\u1eed d\u1ee5ng. <a href=\"https:\/\/mountlaser.com\/vi\/contact-us\/\">Gi\u00e1 \u0111\u1ee1 ch\u1eef L t\u1eeb t\u00ednh<\/a> M\u1ed9t ph\u1ee5 ki\u1ec7n thi\u1ebft y\u1ebfu d\u00e0nh cho ng\u01b0\u1eddi d\u00f9ng m\u00e1y c\u00e2n b\u1eb1ng laser mu\u1ed1n n\u00e2ng cao hi\u1ec7u qu\u1ea3 v\u00e0 \u0111\u1ed9 ch\u00ednh x\u00e1c.<\/p>","protected":false},"excerpt":{"rendered":"<ul>\n<li>\u0110\u1ebf t\u1eeb m\u1ea1nh m\u1ebd gi\u00fap g\u1eafn ch\u1eafc ch\u1eafn v\u00e0o b\u1ec1 m\u1eb7t kim lo\u1ea1i.<\/li>\n<li>Ren 1\/4\u2033-20 \u0111a n\u0103ng, t\u01b0\u01a1ng th\u00edch v\u1edbi h\u1ea7u h\u1ebft c\u00e1c d\u1ee5ng c\u1ee5 c\u00e2n b\u1eb1ng laser.<\/li>\n<li>C\u00f3 s\u1eb5n c\u00e1c phi\u00ean b\u1ea3n LLB25A v\u00e0 LLB25AB \u0111\u1ec3 \u0111\u00e1p \u1ee9ng c\u00e1c nhu c\u1ea7u \u1ee9ng d\u1ee5ng kh\u00e1c nhau.<\/li>\n<li>Thi\u1ebft k\u1ebf h\u00ecnh ch\u1eef L b\u1ec1n b\u1ec9 \u0111\u1ea3m b\u1ea3o hi\u1ec7u su\u1ea5t \u0111\u00e1ng tin c\u1eady.<\/li>\n<\/ul>","protected":false},"featured_media":4602,"comment_status":"open","ping_status":"closed","template":"","meta":[],"product_brand":[],"product_cat":[94,129],"product_tag":[],"class_list":{"0":"post-4600","1":"product","2":"type-product","3":"status-publish","4":"has-post-thumbnail","6":"product_cat-laser-level-accessory","7":"product_cat-line-laser-bracket","9":"first","10":"instock","11":"shipping-taxable","12":"product-type-simple"},"_links":{"self":[{"href":"https:\/\/mountlaser.com\/vi\/wp-json\/wp\/v2\/product\/4600","targetHints":{"allow":["GET"]}}],"collection":[{"href":"https:\/\/mountlaser.com\/vi\/wp-json\/wp\/v2\/product"}],"about":[{"href":"https:\/\/mountlaser.com\/vi\/wp-json\/wp\/v2\/types\/product"}],"replies":[{"embeddable":true,"href":"https:\/\/mountlaser.com\/vi\/wp-json\/wp\/v2\/comments?post=4600"}],"wp:featuredmedia":[{"embeddable":true,"href":"https:\/\/mountlaser.com\/vi\/wp-json\/wp\/v2\/media\/4602"}],"wp:attachment":[{"href":"https:\/\/mountlaser.com\/vi\/wp-json\/wp\/v2\/media?parent=4600"}],"wp:term":[{"taxonomy":"product_brand","embeddable":true,"href":"https:\/\/mountlaser.com\/vi\/wp-json\/wp\/v2\/product_brand?post=4600"},{"taxonomy":"product_cat","embeddable":true,"href":"https:\/\/mountlaser.com\/vi\/wp-json\/wp\/v2\/product_cat?post=4600"},{"taxonomy":"product_tag","embeddable":true,"href":"https:\/\/mountlaser.com\/vi\/wp-json\/wp\/v2\/product_tag?post=4600"}],"curies":[{"name":"trang web","href":"https:\/\/api.w.org\/{rel}","templated":true}]}}