{"id":4588,"date":"2025-11-19T02:49:40","date_gmt":"2025-11-19T02:49:40","guid":{"rendered":"https:\/\/mountlaser.com\/?post_type=product&#038;p=4588"},"modified":"2025-11-26T08:15:02","modified_gmt":"2025-11-26T08:15:02","slug":"llb24-line-laser-bracket","status":"publish","type":"product","link":"https:\/\/mountlaser.com\/vi\/san-pham\/llb24-line-laser-bracket\/","title":{"rendered":"Gi\u00e1 \u0111\u1ee1 laser LLB24"},"content":{"rendered":"<p>C\u00e1i <a href=\"https:\/\/mountlaser.com\/vi\/danh-muc-san-pham\/laser-level-accessory\/\"><strong>Gi\u00e1 \u0111\u1ee1 laser LLB24<\/strong><\/a> \u0110\u00e2y l\u00e0 gi\u1ea3i ph\u00e1p l\u1eafp \u0111\u1eb7t \u0111a n\u0103ng v\u00e0 b\u1ec1n b\u1ec9 \u0111\u01b0\u1ee3c thi\u1ebft k\u1ebf cho c\u00e1c \u1ee9ng d\u1ee5ng m\u00e1y c\u00e2n b\u1eb1ng laser chuy\u00ean nghi\u1ec7p. \u0110\u01b0\u1ee3c ch\u1ebf t\u1ea1o v\u1edbi \u0111\u1ebf t\u1eeb m\u1ea1nh m\u1ebd, gi\u00e1 \u0111\u1ee1 laser LLB24 n\u00e0y cung c\u1ea5p kh\u1ea3 n\u0103ng \u0111\u1ecbnh v\u1ecb \u1ed5n \u0111\u1ecbnh v\u00e0 linh ho\u1ea1t tr\u00ean c\u00e1c b\u1ec1 m\u1eb7t kim lo\u1ea1i, l\u00fd t\u01b0\u1edfng cho c\u00f4ng vi\u1ec7c x\u00e2y d\u1ef1ng, c\u0103n ch\u1ec9nh v\u00e0 b\u1ed1 tr\u00ed n\u1ed9i th\u1ea5t.<\/p>\n<p>T\u01b0\u01a1ng th\u00edch v\u1edbi nhi\u1ec1u m\u1eabu m\u00e1y c\u00e2n b\u1eb1ng laser kh\u00e1c nhau, gi\u00e1 \u0111\u1ee1 n\u00e0y ho\u1ea1t \u0111\u1ed9ng hi\u1ec7u qu\u1ea3.<a href=\"https:\/\/mountlaser.com\/vi\/about-us\/\"> <strong>B\u1ed9 chuy\u1ec3n \u0111\u1ed5i m\u00e1y c\u00e2n b\u1eb1ng laser c\u00f3 gi\u00e1 \u0111\u1ee1 t\u1eeb t\u00ednh h\u00ecnh ch\u1eef L<\/strong><\/a>, S\u1ea3n ph\u1ea9m n\u00e0y cho ph\u00e9p g\u1eafn nhanh ch\u00f3ng th\u00f4ng qua ren 1\/4\u2033-20 ti\u00eau chu\u1ea9n. Gi\u00e1 \u0111\u1ee1 laser LLB24 c\u00f3 hai phi\u00ean b\u1ea3n\u2014LLB24A v\u00e0 LLB24AB\u2014\u0111\u1ec3 \u0111\u00e1p \u1ee9ng c\u00e1c y\u00eau c\u1ea7u v\u00e0 s\u1edf th\u00edch l\u1eafp \u0111\u1eb7t kh\u00e1c nhau c\u1ee7a ng\u01b0\u1eddi d\u00f9ng.<\/p>\n<figure id=\"attachment_4589\" aria-describedby=\"caption-attachment-4589\" style=\"width: 500px\" class=\"wp-caption aligncenter\"><img fetchpriority=\"high\" decoding=\"async\" class=\"wp-image-4589\" src=\"https:\/\/mountlaser.com\/wp-content\/uploads\/2025\/11\/WB24A1.webp\" alt=\"LLB24 Line Laser Bracket\" width=\"500\" height=\"500\" srcset=\"https:\/\/mountlaser.com\/wp-content\/uploads\/2025\/11\/WB24A1.webp 1000w, https:\/\/mountlaser.com\/wp-content\/uploads\/2025\/11\/WB24A1-300x300.webp 300w, https:\/\/mountlaser.com\/wp-content\/uploads\/2025\/11\/WB24A1-400x400.webp 400w, https:\/\/mountlaser.com\/wp-content\/uploads\/2025\/11\/WB24A1-800x800.webp 800w, https:\/\/mountlaser.com\/wp-content\/uploads\/2025\/11\/WB24A1-600x600.webp 600w, https:\/\/mountlaser.com\/wp-content\/uploads\/2025\/11\/WB24A1-150x150.webp 150w, https:\/\/mountlaser.com\/wp-content\/uploads\/2025\/11\/WB24A1-768x768.webp 768w, https:\/\/mountlaser.com\/wp-content\/uploads\/2025\/11\/WB24A1-12x12.webp 12w\" sizes=\"(max-width: 500px) 100vw, 500px\" \/><figcaption id=\"caption-attachment-4589\" class=\"wp-caption-text\">Gi\u00e1 \u0111\u1ee1 laser LLB24A<\/figcaption><\/figure>\n<figure id=\"attachment_4597\" aria-describedby=\"caption-attachment-4597\" style=\"width: 500px\" class=\"wp-caption aligncenter\"><img decoding=\"async\" class=\"wp-image-4597\" src=\"https:\/\/mountlaser.com\/wp-content\/uploads\/2025\/11\/WB24B3.webp\" alt=\"LLB24 Line Laser Bracket\" width=\"500\" height=\"500\" srcset=\"https:\/\/mountlaser.com\/wp-content\/uploads\/2025\/11\/WB24B3.webp 1000w, https:\/\/mountlaser.com\/wp-content\/uploads\/2025\/11\/WB24B3-300x300.webp 300w, https:\/\/mountlaser.com\/wp-content\/uploads\/2025\/11\/WB24B3-400x400.webp 400w, https:\/\/mountlaser.com\/wp-content\/uploads\/2025\/11\/WB24B3-800x800.webp 800w, https:\/\/mountlaser.com\/wp-content\/uploads\/2025\/11\/WB24B3-600x600.webp 600w, https:\/\/mountlaser.com\/wp-content\/uploads\/2025\/11\/WB24B3-150x150.webp 150w, https:\/\/mountlaser.com\/wp-content\/uploads\/2025\/11\/WB24B3-768x768.webp 768w, https:\/\/mountlaser.com\/wp-content\/uploads\/2025\/11\/WB24B3-12x12.webp 12w\" sizes=\"(max-width: 500px) 100vw, 500px\" \/><figcaption id=\"caption-attachment-4597\" class=\"wp-caption-text\">Gi\u00e1 \u0111\u1ee1 laser LLB24AB<\/figcaption><\/figure>\n<p>V\u1edbi t\u01b0 c\u00e1ch l\u00e0 m\u1ed9t ng\u01b0\u1eddi \u0111\u00e1ng tin c\u1eady <a href=\"https:\/\/mountlaser.com\/vi\/contact-us\/\">B\u1ed9 chuy\u1ec3n \u0111\u1ed5i m\u00e1y c\u00e2n b\u1eb1ng laser c\u00f3 gi\u00e1 \u0111\u1ee1 t\u1eeb t\u00ednh h\u00ecnh ch\u1eef L<\/a>, N\u00f3 \u0111\u1ea3m b\u1ea3o kh\u1ea3 n\u0103ng l\u1eafp \u0111\u1eb7t ch\u1eafc ch\u1eafn, \u0111i\u1ec1u ch\u1ec9nh d\u1ec5 d\u00e0ng v\u00e0 \u0111\u1ed9 ch\u00ednh x\u00e1c cao h\u01a1n, tr\u1edf th\u00e0nh m\u1ed9t ph\u1ee5 ki\u1ec7n c\u00f3 gi\u00e1 tr\u1ecb \u0111\u1ed1i v\u1edbi c\u00e1c chuy\u00ean gia y\u00eau c\u1ea7u \u0111\u1ed9 ch\u00ednh x\u00e1c v\u00e0 \u1ed5n \u0111\u1ecbnh trong qu\u00e1 tr\u00ecnh \u0111o l\u01b0\u1eddng b\u1eb1ng laser.<\/p>","protected":false},"excerpt":{"rendered":"<ul>\n<li>Ren 1\/4\u2033-20 \u0111a n\u0103ng, t\u01b0\u01a1ng th\u00edch r\u1ed9ng r\u00e3i.<\/li>\n<li>C\u00f3 s\u1eb5n c\u00e1c phi\u00ean b\u1ea3n LLB24A v\u00e0 LLB24AB cho c\u00e1c c\u1ea5u h\u00ecnh kh\u00e1c nhau.<\/li>\n<li>Ho\u1ea1t \u0111\u1ed9ng nh\u01b0 m\u1ed9t b\u1ed9 chuy\u1ec3n \u0111\u1ed5i m\u00e1y c\u00e2n b\u1eb1ng laser t\u1eeb t\u00ednh h\u00ecnh ch\u1eef L \u0111\u1ec3 l\u1eafp \u0111\u1eb7t linh ho\u1ea1t.<\/li>\n<\/ul>","protected":false},"featured_media":4589,"comment_status":"open","ping_status":"closed","template":"","meta":[],"product_brand":[],"product_cat":[129,94],"product_tag":[],"class_list":{"0":"post-4588","1":"product","2":"type-product","3":"status-publish","4":"has-post-thumbnail","6":"product_cat-line-laser-bracket","7":"product_cat-laser-level-accessory","9":"first","10":"instock","11":"shipping-taxable","12":"product-type-simple"},"_links":{"self":[{"href":"https:\/\/mountlaser.com\/vi\/wp-json\/wp\/v2\/product\/4588","targetHints":{"allow":["GET"]}}],"collection":[{"href":"https:\/\/mountlaser.com\/vi\/wp-json\/wp\/v2\/product"}],"about":[{"href":"https:\/\/mountlaser.com\/vi\/wp-json\/wp\/v2\/types\/product"}],"replies":[{"embeddable":true,"href":"https:\/\/mountlaser.com\/vi\/wp-json\/wp\/v2\/comments?post=4588"}],"wp:featuredmedia":[{"embeddable":true,"href":"https:\/\/mountlaser.com\/vi\/wp-json\/wp\/v2\/media\/4589"}],"wp:attachment":[{"href":"https:\/\/mountlaser.com\/vi\/wp-json\/wp\/v2\/media?parent=4588"}],"wp:term":[{"taxonomy":"product_brand","embeddable":true,"href":"https:\/\/mountlaser.com\/vi\/wp-json\/wp\/v2\/product_brand?post=4588"},{"taxonomy":"product_cat","embeddable":true,"href":"https:\/\/mountlaser.com\/vi\/wp-json\/wp\/v2\/product_cat?post=4588"},{"taxonomy":"product_tag","embeddable":true,"href":"https:\/\/mountlaser.com\/vi\/wp-json\/wp\/v2\/product_tag?post=4588"}],"curies":[{"name":"trang web","href":"https:\/\/api.w.org\/{rel}","templated":true}]}}