{"id":4581,"date":"2025-11-19T01:38:59","date_gmt":"2025-11-19T01:38:59","guid":{"rendered":"https:\/\/mountlaser.com\/?post_type=product&#038;p=4581"},"modified":"2025-11-26T08:29:30","modified_gmt":"2025-11-26T08:29:30","slug":"llb23a-line-laser-bracket","status":"publish","type":"product","link":"https:\/\/mountlaser.com\/vi\/san-pham\/llb23a-line-laser-bracket\/","title":{"rendered":"Gi\u00e1 \u0111\u1ee1 laser LLB23A"},"content":{"rendered":"<p>C\u00e1i <a href=\"https:\/\/mountlaser.com\/vi\/about-us\/\"><strong>Gi\u00e1 \u0111\u1ee1 t\u1eeb t\u00ednh LLB23A<\/strong><\/a> l\u00e0 m\u1ed9t s\u1ea3n ph\u1ea9m b\u1ec1n b\u1ec9 v\u00e0 \u0111a n\u0103ng <a href=\"https:\/\/mountlaser.com\/vi\/danh-muc-san-pham\/laser-level-accessory\/\"><strong>Gi\u00e1 \u0111\u1ee1 t\u1eeb t\u00ednh h\u00ecnh ch\u1eef L, m\u00e1y c\u00e2n b\u1eb1ng laser<\/strong><\/a> \u0110\u01b0\u1ee3c thi\u1ebft k\u1ebf \u0111\u1ec3 cung c\u1ea5p kh\u1ea3 n\u0103ng g\u1eafn k\u1ebft ch\u1eafc ch\u1eafn v\u00e0 \u0111\u1ecbnh v\u1ecb ch\u00ednh x\u00e1c cho nhi\u1ec1u lo\u1ea1i d\u1ee5ng c\u1ee5 laser v\u1ea1ch. \u0110\u01b0\u1ee3c ch\u1ebf t\u1ea1o v\u1edbi c\u1ea5u tr\u00fac thanh ch\u1eef L t\u1eeb t\u00ednh m\u1ea1nh m\u1ebd, gi\u00e1 \u0111\u1ee1 t\u1eeb t\u00ednh LLB23A g\u1eafn ch\u1eb7t v\u00e0o c\u00e1c b\u1ec1 m\u1eb7t kim lo\u1ea1i, cung c\u1ea5p s\u1ef1 h\u1ed7 tr\u1ee3 \u1ed5n \u0111\u1ecbnh trong c\u00e1c t\u00e1c v\u1ee5 c\u00e2n b\u1eb1ng, c\u0103n ch\u1ec9nh v\u00e0 b\u1ed1 tr\u00ed.<\/p>\n<p>V\u1edbi ren ti\u00eau chu\u1ea9n 1\/4\u2033-20, th\u01b0\u1edbc c\u00e2n b\u1eb1ng laser t\u1eeb t\u00ednh h\u00ecnh ch\u1eef L n\u00e0y t\u01b0\u01a1ng th\u00edch v\u1edbi h\u1ea7u h\u1ebft c\u00e1c m\u00e1y laser \u0111\u1ecbnh h\u01b0\u1edbng \u0111\u01b0\u1ee3c s\u1eed d\u1ee5ng trong x\u00e2y d\u1ef1ng, c\u1ea3i t\u1ea1o v\u00e0 thi\u1ebft k\u1ebf n\u1ed9i th\u1ea5t. Thi\u1ebft k\u1ebf nh\u1ecf g\u1ecdn nh\u01b0ng ch\u1eafc ch\u1eafn \u0111\u1ea3m b\u1ea3o hi\u1ec7u su\u1ea5t \u0111\u00e1ng tin c\u1eady trong m\u00f4i tr\u01b0\u1eddng c\u00f4ng tr\u01b0\u1eddng kh\u1eafc nghi\u1ec7t.<\/p>\n<p><img fetchpriority=\"high\" decoding=\"async\" class=\"aligncenter wp-image-4582\" src=\"https:\/\/mountlaser.com\/wp-content\/uploads\/2025\/11\/WB23A1.webp\" alt=\"LLB23A Magnetic Bracket\" width=\"500\" height=\"500\" srcset=\"https:\/\/mountlaser.com\/wp-content\/uploads\/2025\/11\/WB23A1.webp 1000w, https:\/\/mountlaser.com\/wp-content\/uploads\/2025\/11\/WB23A1-300x300.webp 300w, https:\/\/mountlaser.com\/wp-content\/uploads\/2025\/11\/WB23A1-400x400.webp 400w, https:\/\/mountlaser.com\/wp-content\/uploads\/2025\/11\/WB23A1-800x800.webp 800w, https:\/\/mountlaser.com\/wp-content\/uploads\/2025\/11\/WB23A1-600x600.webp 600w, https:\/\/mountlaser.com\/wp-content\/uploads\/2025\/11\/WB23A1-150x150.webp 150w, https:\/\/mountlaser.com\/wp-content\/uploads\/2025\/11\/WB23A1-768x768.webp 768w, https:\/\/mountlaser.com\/wp-content\/uploads\/2025\/11\/WB23A1-12x12.webp 12w\" sizes=\"(max-width: 500px) 100vw, 500px\" \/><\/p>\n<p>\u0110\u01b0\u1ee3c thi\u1ebft k\u1ebf \u0111\u1ec3 mang l\u1ea1i s\u1ef1 ti\u1ec7n l\u1ee3i v\u00e0 linh ho\u1ea1t, <a href=\"https:\/\/mountlaser.com\/vi\/contact-us\/\">Gi\u00e1 \u0111\u1ee1 t\u1eeb t\u00ednh LLB23A<\/a> Cho ph\u00e9p ng\u01b0\u1eddi d\u00f9ng d\u1ec5 d\u00e0ng \u0111i\u1ec1u ch\u1ec9nh chi\u1ec1u cao v\u00e0 v\u1ecb tr\u00ed c\u1ee7a thi\u1ebft b\u1ecb laser, bi\u1ebfn n\u00f3 th\u00e0nh m\u1ed9t ph\u1ee5 ki\u1ec7n thi\u1ebft y\u1ebfu \u0111\u1ec3 \u0111\u1ea1t \u0111\u01b0\u1ee3c k\u1ebft qu\u1ea3 ch\u00ednh x\u00e1c v\u00e0 nh\u1ea5t qu\u00e1n v\u1edbi b\u1ea5t k\u1ef3 thi\u1ebft l\u1eadp m\u00e1y c\u00e2n b\u1eb1ng laser c\u00f3 gi\u00e1 \u0111\u1ee1 t\u1eeb t\u00ednh h\u00ecnh ch\u1eef L n\u00e0o.<\/p>","protected":false},"excerpt":{"rendered":"<ul>\n<li>Cung c\u1ea5p kh\u1ea3 n\u0103ng g\u1eafn t\u1eeb t\u00ednh m\u1ea1nh m\u1ebd \u0111\u1ec3 l\u1eafp \u0111\u1eb7t laser \u1ed5n \u0111\u1ecbnh.<\/li>\n<li>Ren 1\/4\u2033-20 \u0111a n\u0103ng ph\u00f9 h\u1ee3p v\u1edbi h\u1ea7u h\u1ebft c\u00e1c m\u00e1y c\u00e2n b\u1eb1ng laser.<\/li>\n<li>Thi\u1ebft k\u1ebf h\u00ecnh ch\u1eef L \u0111\u1ea3m b\u1ea3o v\u1ecb tr\u00ed ch\u1eafc ch\u1eafn v\u00e0 d\u1ec5 d\u00e0ng l\u1eafp \u0111\u1eb7t.<\/li>\n<li>T\u0103ng \u0111\u1ed9 ch\u00ednh x\u00e1c b\u1eb1ng c\u00e1ch cho ph\u00e9p b\u1ed1 tr\u00ed linh ho\u1ea1t c\u00e1c c\u00f4ng c\u1ee5 laser.<\/li>\n<\/ul>","protected":false},"featured_media":4582,"comment_status":"open","ping_status":"closed","template":"","meta":[],"product_brand":[],"product_cat":[129,94],"product_tag":[],"class_list":{"0":"post-4581","1":"product","2":"type-product","3":"status-publish","4":"has-post-thumbnail","6":"product_cat-line-laser-bracket","7":"product_cat-laser-level-accessory","9":"first","10":"instock","11":"shipping-taxable","12":"product-type-simple"},"_links":{"self":[{"href":"https:\/\/mountlaser.com\/vi\/wp-json\/wp\/v2\/product\/4581","targetHints":{"allow":["GET"]}}],"collection":[{"href":"https:\/\/mountlaser.com\/vi\/wp-json\/wp\/v2\/product"}],"about":[{"href":"https:\/\/mountlaser.com\/vi\/wp-json\/wp\/v2\/types\/product"}],"replies":[{"embeddable":true,"href":"https:\/\/mountlaser.com\/vi\/wp-json\/wp\/v2\/comments?post=4581"}],"wp:featuredmedia":[{"embeddable":true,"href":"https:\/\/mountlaser.com\/vi\/wp-json\/wp\/v2\/media\/4582"}],"wp:attachment":[{"href":"https:\/\/mountlaser.com\/vi\/wp-json\/wp\/v2\/media?parent=4581"}],"wp:term":[{"taxonomy":"product_brand","embeddable":true,"href":"https:\/\/mountlaser.com\/vi\/wp-json\/wp\/v2\/product_brand?post=4581"},{"taxonomy":"product_cat","embeddable":true,"href":"https:\/\/mountlaser.com\/vi\/wp-json\/wp\/v2\/product_cat?post=4581"},{"taxonomy":"product_tag","embeddable":true,"href":"https:\/\/mountlaser.com\/vi\/wp-json\/wp\/v2\/product_tag?post=4581"}],"curies":[{"name":"trang web","href":"https:\/\/api.w.org\/{rel}","templated":true}]}}