{"id":4571,"date":"2025-11-18T09:05:23","date_gmt":"2025-11-18T09:05:23","guid":{"rendered":"https:\/\/mountlaser.com\/?post_type=product&#038;p=4571"},"modified":"2025-11-26T08:38:05","modified_gmt":"2025-11-26T08:38:05","slug":"llb22a-line-laser-bracket","status":"publish","type":"product","link":"https:\/\/mountlaser.com\/vi\/san-pham\/llb22a-line-laser-bracket\/","title":{"rendered":"Gi\u00e1 \u0111\u1ee1 laser LLB22A"},"content":{"rendered":"<p>C\u00e1i <a href=\"https:\/\/mountlaser.com\/vi\/\"><strong>Gi\u00e1 \u0111\u1ee1 c\u00e2n b\u1eb1ng t\u1eeb t\u00ednh<\/strong> <\/a>\u0110\u00e2y l\u00e0 gi\u1ea3i ph\u00e1p l\u1eafp \u0111\u1eb7t \u0111a n\u0103ng \u0111\u01b0\u1ee3c thi\u1ebft k\u1ebf \u0111\u1ec3 cung c\u1ea5p kh\u1ea3 n\u0103ng \u0111\u1ecbnh v\u1ecb \u1ed5n \u0111\u1ecbnh v\u00e0 ch\u00ednh x\u00e1c cho c\u00e1c d\u1ee5ng c\u1ee5 laser. \u0110\u01b0\u1ee3c thi\u1ebft k\u1ebf cho c\u00e1c nhi\u1ec7m v\u1ee5 c\u0103n ch\u1ec9nh chuy\u00ean nghi\u1ec7p, <a href=\"https:\/\/mountlaser.com\/vi\/danh-muc-san-pham\/laser-level-accessory\/\"><strong>Gi\u00e1 \u0111\u1ee1 laser LLB22A<\/strong><\/a> Cung c\u1ea5p kh\u1ea3 n\u0103ng h\u1ed7 tr\u1ee3 \u0111\u00e1ng tin c\u1eady v\u1edbi c\u1ea5u tr\u00fac thanh ch\u1eef L t\u1eeb t\u00ednh m\u1ea1nh m\u1ebd, \u0111\u1ea3m b\u1ea3o g\u1eafn ch\u1eafc ch\u1eafn v\u00e0o c\u00e1c b\u1ec1 m\u1eb7t kim lo\u1ea1i t\u1ea1i c\u00f4ng tr\u01b0\u1eddng. Gi\u00e1 \u0111\u1ee1 c\u00e2n b\u1eb1ng t\u1eeb t\u00ednh b\u1ec1n b\u1ec9 n\u00e0y c\u00f3 ren 1\/4\u2033-20 ph\u1ed5 th\u00f4ng, cho ph\u00e9p t\u01b0\u01a1ng th\u00edch v\u1edbi nhi\u1ec1u lo\u1ea1i m\u00e1y chi\u1ebfu laser v\u00e0 d\u1ee5ng c\u1ee5 \u0111o l\u01b0\u1eddng kh\u00e1c nhau.<\/p>\n<p><img fetchpriority=\"high\" decoding=\"async\" class=\"aligncenter wp-image-4572\" src=\"https:\/\/mountlaser.com\/wp-content\/uploads\/2025\/11\/WB22A1.webp\" alt=\"LLB22A Magnetic leveling support bracket\" width=\"500\" height=\"500\" srcset=\"https:\/\/mountlaser.com\/wp-content\/uploads\/2025\/11\/WB22A1.webp 1000w, https:\/\/mountlaser.com\/wp-content\/uploads\/2025\/11\/WB22A1-300x300.webp 300w, https:\/\/mountlaser.com\/wp-content\/uploads\/2025\/11\/WB22A1-400x400.webp 400w, https:\/\/mountlaser.com\/wp-content\/uploads\/2025\/11\/WB22A1-800x800.webp 800w, https:\/\/mountlaser.com\/wp-content\/uploads\/2025\/11\/WB22A1-600x600.webp 600w, https:\/\/mountlaser.com\/wp-content\/uploads\/2025\/11\/WB22A1-150x150.webp 150w, https:\/\/mountlaser.com\/wp-content\/uploads\/2025\/11\/WB22A1-768x768.webp 768w, https:\/\/mountlaser.com\/wp-content\/uploads\/2025\/11\/WB22A1-12x12.webp 12w\" sizes=\"(max-width: 500px) 100vw, 500px\" \/><\/p>\n<p>V\u1edbi thi\u1ebft k\u1ebf nh\u1ecf g\u1ecdn v\u00e0 ch\u1eafc ch\u1eafn, <a href=\"https:\/\/mountlaser.com\/vi\/contact-us\/\">Gi\u00e1 \u0111\u1ee1 laser LLB22A<\/a> S\u1ea3n ph\u1ea9m n\u00e0y c\u00f3 kh\u1ea3 n\u0103ng \u0111i\u1ec1u ch\u1ec9nh \u0111\u1ed9 cao d\u1ec5 d\u00e0ng v\u00e0 c\u00e1c t\u00f9y ch\u1ecdn l\u1eafp \u0111\u1eb7t linh ho\u1ea1t, l\u00fd t\u01b0\u1edfng cho c\u00e1c \u1ee9ng d\u1ee5ng x\u00e2y d\u1ef1ng, c\u1ea3i t\u1ea1o v\u00e0 b\u1ed1 tr\u00ed n\u1ed9i th\u1ea5t. Cho d\u00f9 b\u1ea1n c\u1ea7n c\u0103n ch\u1ec9nh laser nh\u1ea5t qu\u00e1n hay c\u00e1c \u0111\u01b0\u1eddng tham chi\u1ebfu ngang v\u00e0 d\u1ecdc \u1ed5n \u0111\u1ecbnh, gi\u00e1 \u0111\u1ee1 c\u00e2n b\u1eb1ng t\u1eeb t\u00ednh n\u00e0y \u0111\u1ea3m b\u1ea3o \u0111\u1ed9 ch\u00ednh x\u00e1c, ti\u1ec7n l\u1ee3i v\u00e0 v\u1ecb tr\u00ed laser \u0111\u00e1ng tin c\u1eady trong su\u1ed1t d\u1ef1 \u00e1n c\u1ee7a b\u1ea1n.<\/p>","protected":false},"excerpt":{"rendered":"<ul>\n<li>\u0110\u1ebf t\u1eeb m\u1ea1nh m\u1ebd gi\u00fap g\u1eafn ch\u1eafc ch\u1eafn l\u00ean b\u1ec1 m\u1eb7t kim lo\u1ea1i.<\/li>\n<li>Ren 1\/4\u2033-20 \u0111a n\u0103ng, t\u01b0\u01a1ng th\u00edch v\u1edbi h\u1ea7u h\u1ebft c\u00e1c m\u00e1y c\u00e2n b\u1eb1ng laser.<\/li>\n<li>Th\u00edch h\u1ee3p cho c\u00e1c c\u00f4ng vi\u1ec7c x\u00e2y d\u1ef1ng, b\u1ed1 tr\u00ed v\u00e0 l\u1eafp \u0111\u1eb7t n\u1ed9i th\u1ea5t.<\/li>\n<li>Thi\u1ebft k\u1ebf thanh ch\u1eef L b\u1ec1n ch\u1eafc, s\u1eed d\u1ee5ng \u0111\u01b0\u1ee3c l\u00e2u d\u00e0i.<\/li>\n<\/ul>","protected":false},"featured_media":4572,"comment_status":"open","ping_status":"closed","template":"","meta":[],"product_brand":[],"product_cat":[94,129],"product_tag":[],"class_list":{"0":"post-4571","1":"product","2":"type-product","3":"status-publish","4":"has-post-thumbnail","6":"product_cat-laser-level-accessory","7":"product_cat-line-laser-bracket","9":"first","10":"instock","11":"shipping-taxable","12":"product-type-simple"},"_links":{"self":[{"href":"https:\/\/mountlaser.com\/vi\/wp-json\/wp\/v2\/product\/4571","targetHints":{"allow":["GET"]}}],"collection":[{"href":"https:\/\/mountlaser.com\/vi\/wp-json\/wp\/v2\/product"}],"about":[{"href":"https:\/\/mountlaser.com\/vi\/wp-json\/wp\/v2\/types\/product"}],"replies":[{"embeddable":true,"href":"https:\/\/mountlaser.com\/vi\/wp-json\/wp\/v2\/comments?post=4571"}],"wp:featuredmedia":[{"embeddable":true,"href":"https:\/\/mountlaser.com\/vi\/wp-json\/wp\/v2\/media\/4572"}],"wp:attachment":[{"href":"https:\/\/mountlaser.com\/vi\/wp-json\/wp\/v2\/media?parent=4571"}],"wp:term":[{"taxonomy":"product_brand","embeddable":true,"href":"https:\/\/mountlaser.com\/vi\/wp-json\/wp\/v2\/product_brand?post=4571"},{"taxonomy":"product_cat","embeddable":true,"href":"https:\/\/mountlaser.com\/vi\/wp-json\/wp\/v2\/product_cat?post=4571"},{"taxonomy":"product_tag","embeddable":true,"href":"https:\/\/mountlaser.com\/vi\/wp-json\/wp\/v2\/product_tag?post=4571"}],"curies":[{"name":"trang web","href":"https:\/\/api.w.org\/{rel}","templated":true}]}}