{"id":4563,"date":"2025-11-18T07:33:34","date_gmt":"2025-11-18T07:33:34","guid":{"rendered":"https:\/\/mountlaser.com\/?post_type=product&#038;p=4563"},"modified":"2025-11-26T08:38:58","modified_gmt":"2025-11-26T08:38:58","slug":"llb19-line-laser-bracket","status":"publish","type":"product","link":"https:\/\/mountlaser.com\/vi\/san-pham\/llb19-line-laser-bracket\/","title":{"rendered":"Gi\u00e1 \u0111\u1ee1 laser LLB19"},"content":{"rendered":"<p>C\u00e1i <a href=\"https:\/\/mountlaser.com\/vi\/\"><strong>Gi\u00e1 \u0111\u1ee1 t\u1eeb t\u00ednh xoay 360 \u0111\u1ed9 cho m\u00e1y c\u00e2n b\u1eb1ng laser<\/strong><\/a> \u0110\u00e2y l\u00e0 m\u1ed9t ph\u1ee5 ki\u1ec7n g\u1eafn k\u1ebft \u0111a n\u0103ng \u0111\u01b0\u1ee3c thi\u1ebft k\u1ebf \u0111\u1ec3 l\u1eafp \u0111\u1eb7t laser ch\u00ednh x\u00e1c v\u00e0 linh ho\u1ea1t. \u0110\u01b0\u1ee3c thi\u1ebft k\u1ebf v\u1edbi c\u1ea5u tr\u00fac thanh ch\u1eef L t\u1eeb t\u00ednh m\u1ea1nh m\u1ebd, n\u00f3 \u0111\u1ea3m b\u1ea3o g\u1eafn k\u1ebft ch\u1eafc ch\u1eafn v\u00e0o c\u00e1c b\u1ec1 m\u1eb7t kim lo\u1ea1i, gi\u00fap c\u00e1c c\u00f4ng vi\u1ec7c c\u0103n ch\u1ec9nh nhanh h\u01a1n v\u00e0 hi\u1ec7u qu\u1ea3 h\u01a1n. <a href=\"https:\/\/mountlaser.com\/vi\/about-us\/\"><strong>S\u00e0n n\u00e2ng laser LLB19<\/strong><\/a> S\u1ea3n ph\u1ea9m n\u00e0y ho\u1ea1t \u0111\u1ed9ng ho\u00e0n h\u1ea3o v\u1edbi gi\u00e1 \u0111\u1ee1 t\u1eeb t\u00ednh 360 \u0111\u1ed9 d\u00e0nh cho m\u00e1y c\u00e2n b\u1eb1ng laser, mang l\u1ea1i kh\u1ea3 n\u0103ng \u0111i\u1ec1u ch\u1ec9nh \u0111\u1ed9 cao \u1ed5n \u0111\u1ecbnh v\u00e0 \u0111\u1ecbnh v\u1ecb linh ho\u1ea1t cho nhi\u1ec1u nhu c\u1ea7u kh\u00e1c nhau t\u1ea1i c\u00f4ng tr\u01b0\u1eddng.<\/p>\n<p>V\u1edbi gi\u00e1 \u0111\u1ee1 h\u00ecnh ch\u1eef L b\u1ec1n ch\u1eafc c\u00f3 nam ch\u00e2m v\u00e0 ren 1\/4\u2033-20, b\u1ec7 n\u00e2ng laser LLB19 h\u1ed7 tr\u1ee3 nhi\u1ec1u lo\u1ea1i d\u1ee5ng c\u1ee5 laser \u0111\u1ecbnh v\u1ecb. Khi k\u1ebft h\u1ee3p v\u1edbi gi\u00e1 \u0111\u1ee1 t\u1eeb t\u00ednh xoay 360 \u0111\u1ed9 d\u00e0nh cho m\u00e1y c\u00e2n b\u1eb1ng laser, ng\u01b0\u1eddi d\u00f9ng c\u00f3 th\u1ec3 \u0111\u1ea1t \u0111\u01b0\u1ee3c kh\u1ea3 n\u0103ng \u0111\u1eb7t m\u00e1y \u1edf m\u1ecdi g\u00f3c \u0111\u1ed9, c\u1ea3i thi\u1ec7n \u0111\u1ed9 ch\u00ednh x\u00e1c khi c\u00e2n b\u1eb1ng v\u00e0 l\u1eafp \u0111\u1eb7t \u0111\u00e1ng tin c\u1eady ngay c\u1ea3 trong m\u00f4i tr\u01b0\u1eddng kh\u00f3 kh\u0103n. \u0110\u01b0\u1ee3c thi\u1ebft k\u1ebf cho c\u00f4ng vi\u1ec7c x\u00e2y d\u1ef1ng, b\u1ed1 tr\u00ed v\u00e0 l\u1eafp \u0111\u1eb7t n\u1ed9i th\u1ea5t, h\u1ec7 th\u1ed1ng n\u00e0y cung c\u1ea5p \u0111\u1ed9 \u1ed5n \u0111\u1ecbnh v\u01b0\u1ee3t tr\u1ed9i v\u00e0 kh\u1ea3 n\u0103ng \u0111\u1ecbnh v\u1ecb d\u1ec5 d\u00e0ng.<\/p>\n<p><img fetchpriority=\"high\" decoding=\"async\" class=\"aligncenter wp-image-4564\" src=\"https:\/\/mountlaser.com\/wp-content\/uploads\/2025\/11\/WB-19A1.webp\" alt=\"LLB19 360 degree magnetic bracket for laser level\" width=\"500\" height=\"500\" srcset=\"https:\/\/mountlaser.com\/wp-content\/uploads\/2025\/11\/WB-19A1.webp 1000w, https:\/\/mountlaser.com\/wp-content\/uploads\/2025\/11\/WB-19A1-300x300.webp 300w, https:\/\/mountlaser.com\/wp-content\/uploads\/2025\/11\/WB-19A1-400x400.webp 400w, https:\/\/mountlaser.com\/wp-content\/uploads\/2025\/11\/WB-19A1-800x800.webp 800w, https:\/\/mountlaser.com\/wp-content\/uploads\/2025\/11\/WB-19A1-600x600.webp 600w, https:\/\/mountlaser.com\/wp-content\/uploads\/2025\/11\/WB-19A1-150x150.webp 150w, https:\/\/mountlaser.com\/wp-content\/uploads\/2025\/11\/WB-19A1-768x768.webp 768w, https:\/\/mountlaser.com\/wp-content\/uploads\/2025\/11\/WB-19A1-12x12.webp 12w\" sizes=\"(max-width: 500px) 100vw, 500px\" \/><\/p>\n<p>C\u00e1i <a href=\"https:\/\/mountlaser.com\/vi\/products\/\">S\u00e0n n\u00e2ng laser LLB19<\/a> V\u00e0 s\u1ef1 k\u1ebft h\u1ee3p gi\u1eefa gi\u00e1 \u0111\u1ee1 t\u1eeb t\u00ednh v\u00e0 c\u00e1c ph\u1ee5 ki\u1ec7n kh\u00e1c mang \u0111\u1ebfn cho ng\u01b0\u1eddi d\u00f9ng chuy\u00ean nghi\u1ec7p m\u1ed9t gi\u1ea3i ph\u00e1p ti\u1ec7n l\u1ee3i, c\u00f3 th\u1ec3 \u0111i\u1ec1u ch\u1ec9nh v\u00e0 an to\u00e0n \u0111\u1ec3 n\u00e2ng h\u1ea1 v\u00e0 \u0111\u1ecbnh v\u1ecb m\u00e1y c\u00e2n b\u1eb1ng laser m\u1ed9t c\u00e1ch t\u1ef1 tin v\u00e0 ch\u00ednh x\u00e1c.<\/p>","protected":false},"excerpt":{"rendered":"<ul>\n<li>Cung c\u1ea5p kh\u1ea3 n\u0103ng g\u1eafn t\u1eeb t\u00ednh 360 \u0111\u1ed9 tr\u00ean b\u1ec1 m\u1eb7t kim lo\u1ea1i.<\/li>\n<li>H\u1ed7 tr\u1ee3 \u0111i\u1ec1u ch\u1ec9nh \u0111\u1ed9 cao th\u00f4ng qua b\u1ec7 n\u00e2ng laser LLB19 Line.<\/li>\n<li>Gi\u00e1 \u0111\u1ee1 h\u00ecnh ch\u1eef L t\u1eeb t\u00ednh m\u1ea1nh m\u1ebd \u0111\u1ea3m b\u1ea3o g\u1eafn k\u1ebft ch\u1eafc ch\u1eafn v\u00e0 \u1ed5n \u0111\u1ecbnh.<\/li>\n<li>\u0110\u01b0\u1ee3c trang b\u1ecb ren 1\/4\u2033-20 \u0111\u1ec3 t\u01b0\u01a1ng th\u00edch v\u1edbi nhi\u1ec1u lo\u1ea1i laser kh\u00e1c nhau.<\/li>\n<li>L\u00fd t\u01b0\u1edfng cho c\u00e1c \u1ee9ng d\u1ee5ng x\u00e2y d\u1ef1ng, b\u1ed1 tr\u00ed n\u1ed9i th\u1ea5t v\u00e0 c\u0103n ch\u1ec9nh.<\/li>\n<\/ul>","protected":false},"featured_media":4564,"comment_status":"open","ping_status":"closed","template":"","meta":[],"product_brand":[],"product_cat":[129,94],"product_tag":[],"class_list":{"0":"post-4563","1":"product","2":"type-product","3":"status-publish","4":"has-post-thumbnail","6":"product_cat-line-laser-bracket","7":"product_cat-laser-level-accessory","9":"first","10":"instock","11":"shipping-taxable","12":"product-type-simple"},"_links":{"self":[{"href":"https:\/\/mountlaser.com\/vi\/wp-json\/wp\/v2\/product\/4563","targetHints":{"allow":["GET"]}}],"collection":[{"href":"https:\/\/mountlaser.com\/vi\/wp-json\/wp\/v2\/product"}],"about":[{"href":"https:\/\/mountlaser.com\/vi\/wp-json\/wp\/v2\/types\/product"}],"replies":[{"embeddable":true,"href":"https:\/\/mountlaser.com\/vi\/wp-json\/wp\/v2\/comments?post=4563"}],"wp:featuredmedia":[{"embeddable":true,"href":"https:\/\/mountlaser.com\/vi\/wp-json\/wp\/v2\/media\/4564"}],"wp:attachment":[{"href":"https:\/\/mountlaser.com\/vi\/wp-json\/wp\/v2\/media?parent=4563"}],"wp:term":[{"taxonomy":"product_brand","embeddable":true,"href":"https:\/\/mountlaser.com\/vi\/wp-json\/wp\/v2\/product_brand?post=4563"},{"taxonomy":"product_cat","embeddable":true,"href":"https:\/\/mountlaser.com\/vi\/wp-json\/wp\/v2\/product_cat?post=4563"},{"taxonomy":"product_tag","embeddable":true,"href":"https:\/\/mountlaser.com\/vi\/wp-json\/wp\/v2\/product_tag?post=4563"}],"curies":[{"name":"trang web","href":"https:\/\/api.w.org\/{rel}","templated":true}]}}