{"id":4556,"date":"2025-11-18T05:53:21","date_gmt":"2025-11-18T05:53:21","guid":{"rendered":"https:\/\/mountlaser.com\/?post_type=product&#038;p=4556"},"modified":"2025-11-26T08:40:00","modified_gmt":"2025-11-26T08:40:00","slug":"llb18a-line-laser-bracket","status":"publish","type":"product","link":"https:\/\/mountlaser.com\/vi\/san-pham\/llb18a-line-laser-bracket\/","title":{"rendered":"Gi\u00e1 \u0111\u1ee1 laser LLB18A"},"content":{"rendered":"<p>C\u00e1i<a href=\"https:\/\/mountlaser.com\/vi\/\"><strong> Gi\u00e1 \u0111\u1ee1 LLB18A<\/strong><\/a> \u0110\u00e2y l\u00e0 m\u1ed9t ph\u1ee5 ki\u1ec7n g\u1eafn k\u1ebft nh\u1ecf g\u1ecdn v\u00e0 \u0111\u00e1ng tin c\u1eady \u0111\u01b0\u1ee3c thi\u1ebft k\u1ebf \u0111\u1ec3 \u0111\u1ecbnh v\u1ecb laser ch\u00ednh x\u00e1c trong c\u00e1c nhi\u1ec7m v\u1ee5 \u0111o l\u01b0\u1eddng chuy\u00ean nghi\u1ec7p. \u0110\u01b0\u1ee3c thi\u1ebft k\u1ebf \u0111\u1ec3 t\u01b0\u01a1ng th\u00edch v\u1edbi nhi\u1ec1u lo\u1ea1i m\u00e1y c\u00e2n b\u1eb1ng laser, <a href=\"https:\/\/mountlaser.com\/vi\/about-us\/\"><strong>S\u00e0n n\u00e2ng laser LLB18A<\/strong> <\/a>S\u1ea3n ph\u1ea9m c\u00f3 c\u1ea5u tr\u00fac b\u1ec1n ch\u1eafc v\u00e0 ren ti\u00eau chu\u1ea9n 1\/4\u2033-20, \u0111\u1ea3m b\u1ea3o k\u1ebft n\u1ed1i ch\u1eafc ch\u1eafn v\u00e0 hi\u1ec7u su\u1ea5t \u1ed5n \u0111\u1ecbnh trong qu\u00e1 tr\u00ecnh l\u1eafp \u0111\u1eb7t.<\/p>\n<p>D\u00f9 \u0111\u01b0\u1ee3c s\u1eed d\u1ee5ng t\u1ea1i c\u00f4ng tr\u01b0\u1eddng, c\u00e1c d\u1ef1 \u00e1n n\u1ed9i th\u1ea5t hay c\u00e1c c\u00f4ng vi\u1ec7c san l\u1ea5p m\u1eb7t b\u1eb1ng, gi\u00e1 \u0111\u1ee1 LLB18A cung c\u1ea5p m\u1ed9t n\u1ec1n t\u1ea3ng v\u1eefng ch\u1eafc \u0111\u1ec3 \u0111i\u1ec1u ch\u1ec9nh ch\u00ednh x\u00e1c, gi\u00fap ng\u01b0\u1eddi d\u00f9ng \u0111\u1ea1t \u0111\u01b0\u1ee3c s\u1ef1 c\u0103n ch\u1ec9nh ch\u00ednh x\u00e1c v\u00e0 chi\u1ebfu \u0111\u01b0\u1eddng th\u1eb3ng nh\u1ea5t qu\u00e1n. Thi\u1ebft k\u1ebf nh\u1eb9 nh\u01b0ng ch\u1eafc ch\u1eafn gi\u00fap b\u1ec7 n\u00e2ng laser LLB18A d\u1ec5 d\u00e0ng mang theo, l\u1eafp \u0111\u1eb7t \u0111\u01a1n gi\u1ea3n v\u00e0 \u0111\u00e1ng tin c\u1eady cho c\u00f4ng vi\u1ec7c h\u00e0ng ng\u00e0y.<\/p>\n<p><img fetchpriority=\"high\" decoding=\"async\" class=\"aligncenter wp-image-4558\" src=\"https:\/\/mountlaser.com\/wp-content\/uploads\/2025\/11\/WB18A2.webp\" alt=\"LLB18A bracket\" width=\"500\" height=\"500\" srcset=\"https:\/\/mountlaser.com\/wp-content\/uploads\/2025\/11\/WB18A2.webp 1000w, https:\/\/mountlaser.com\/wp-content\/uploads\/2025\/11\/WB18A2-300x300.webp 300w, https:\/\/mountlaser.com\/wp-content\/uploads\/2025\/11\/WB18A2-400x400.webp 400w, https:\/\/mountlaser.com\/wp-content\/uploads\/2025\/11\/WB18A2-800x800.webp 800w, https:\/\/mountlaser.com\/wp-content\/uploads\/2025\/11\/WB18A2-600x600.webp 600w, https:\/\/mountlaser.com\/wp-content\/uploads\/2025\/11\/WB18A2-150x150.webp 150w, https:\/\/mountlaser.com\/wp-content\/uploads\/2025\/11\/WB18A2-768x768.webp 768w, https:\/\/mountlaser.com\/wp-content\/uploads\/2025\/11\/WB18A2-12x12.webp 12w\" sizes=\"(max-width: 500px) 100vw, 500px\" \/><\/p>\n<p>V\u1edbi \u0111\u1ed9 \u1ed5n \u0111\u1ecbnh \u0111\u01b0\u1ee3c n\u00e2ng cao v\u00e0 kh\u1ea3 n\u0103ng l\u1eafp \u0111\u1eb7t linh ho\u1ea1t, s\u1ea3n ph\u1ea9m n\u00e0y <a href=\"https:\/\/mountlaser.com\/vi\/products\/\">Gi\u00e1 \u0111\u1ee1 LLB18A<\/a> \u0110\u00e2y l\u00e0 ph\u1ee5 ki\u1ec7n thi\u1ebft y\u1ebfu d\u00e0nh cho c\u00e1c chuy\u00ean gia \u0111\u00f2i h\u1ecfi \u0111\u1ed9 ch\u00ednh x\u00e1c v\u00e0 hi\u1ec7u qu\u1ea3 khi l\u00e0m vi\u1ec7c v\u1edbi c\u00e1c c\u00f4ng c\u1ee5 laser v\u1ea1ch.<\/p>","protected":false},"excerpt":{"rendered":"<ul>\n<li>\u0110\u01b0\u1ee3c trang b\u1ecb ren ti\u00eau chu\u1ea9n 1\/4\u2033-20 \u0111\u1ec3 t\u01b0\u01a1ng th\u00edch r\u1ed9ng r\u00e3i.<\/li>\n<li>Cho ph\u00e9p \u0111i\u1ec1u ch\u1ec9nh \u0111\u1ed9 cao v\u00e0 v\u1ecb tr\u00ed ch\u00ednh x\u00e1c \u0111\u1ec3 c\u0103n ch\u1ec9nh chu\u1ea9n x\u00e1c.<\/li>\n<li>Nh\u1eb9, b\u1ec1n v\u00e0 ph\u00f9 h\u1ee3p cho c\u1ea3 c\u00f4ng vi\u1ec7c trong nh\u00e0 v\u00e0 ngo\u00e0i tr\u1eddi.<\/li>\n<\/ul>","protected":false},"featured_media":4557,"comment_status":"open","ping_status":"closed","template":"","meta":[],"product_brand":[],"product_cat":[129,94],"product_tag":[],"class_list":{"0":"post-4556","1":"product","2":"type-product","3":"status-publish","4":"has-post-thumbnail","6":"product_cat-line-laser-bracket","7":"product_cat-laser-level-accessory","9":"first","10":"instock","11":"shipping-taxable","12":"product-type-simple"},"_links":{"self":[{"href":"https:\/\/mountlaser.com\/vi\/wp-json\/wp\/v2\/product\/4556","targetHints":{"allow":["GET"]}}],"collection":[{"href":"https:\/\/mountlaser.com\/vi\/wp-json\/wp\/v2\/product"}],"about":[{"href":"https:\/\/mountlaser.com\/vi\/wp-json\/wp\/v2\/types\/product"}],"replies":[{"embeddable":true,"href":"https:\/\/mountlaser.com\/vi\/wp-json\/wp\/v2\/comments?post=4556"}],"wp:featuredmedia":[{"embeddable":true,"href":"https:\/\/mountlaser.com\/vi\/wp-json\/wp\/v2\/media\/4557"}],"wp:attachment":[{"href":"https:\/\/mountlaser.com\/vi\/wp-json\/wp\/v2\/media?parent=4556"}],"wp:term":[{"taxonomy":"product_brand","embeddable":true,"href":"https:\/\/mountlaser.com\/vi\/wp-json\/wp\/v2\/product_brand?post=4556"},{"taxonomy":"product_cat","embeddable":true,"href":"https:\/\/mountlaser.com\/vi\/wp-json\/wp\/v2\/product_cat?post=4556"},{"taxonomy":"product_tag","embeddable":true,"href":"https:\/\/mountlaser.com\/vi\/wp-json\/wp\/v2\/product_tag?post=4556"}],"curies":[{"name":"trang web","href":"https:\/\/api.w.org\/{rel}","templated":true}]}}