{"id":4548,"date":"2025-11-18T03:08:35","date_gmt":"2025-11-18T03:08:35","guid":{"rendered":"https:\/\/mountlaser.com\/?post_type=product&#038;p=4548"},"modified":"2025-11-26T08:40:58","modified_gmt":"2025-11-26T08:40:58","slug":"llb06-line-laser-bracket-2","status":"publish","type":"product","link":"https:\/\/mountlaser.com\/vi\/san-pham\/llb06-line-laser-bracket-2\/","title":{"rendered":"Gi\u00e1 \u0111\u1ee1 laser LLB06"},"content":{"rendered":"<p>C\u00e1i <a href=\"https:\/\/mountlaser.com\/vi\/products\/\"><strong>S\u00e0n n\u00e2ng laser LLB06<\/strong><\/a> l\u00e0 m\u1ed9t ng\u01b0\u1eddi \u0111a n\u0103ng <a href=\"https:\/\/mountlaser.com\/vi\/\"><strong>gi\u00e1 \u0111\u1ee1 g\u00f3c \u0111i\u1ec1u ch\u1ec9nh \u0111\u01b0\u1ee3c<\/strong><\/a> \u0110\u01b0\u1ee3c thi\u1ebft k\u1ebf \u0111\u1ec3 cung c\u1ea5p t\u00ednh linh ho\u1ea1t \u0111\u1ecbnh v\u1ecb t\u1ed1i \u0111a cho nhi\u1ec1u \u1ee9ng d\u1ee5ng m\u00e1y c\u00e2n b\u1eb1ng laser. \u0110\u01b0\u1ee3c ch\u1ebf t\u1ea1o v\u1edbi \u0111\u1ebf t\u1eeb t\u00ednh m\u1ea1nh m\u1ebd, b\u1ec7 n\u00e2ng laser LLB06 \u0111\u1ea3m b\u1ea3o g\u1eafn ch\u1eafc ch\u1eafn v\u00e0o c\u00e1c b\u1ec1 m\u1eb7t kim lo\u1ea1i, cho ph\u00e9p ng\u01b0\u1eddi d\u00f9ng th\u1ef1c hi\u1ec7n c\u00e1c nhi\u1ec7m v\u1ee5 c\u00e2n b\u1eb1ng, c\u0103n ch\u1ec9nh v\u00e0 b\u1ed1 tr\u00ed v\u1edbi \u0111\u1ed9 \u1ed5n \u0111\u1ecbnh cao h\u01a1n.<\/p>\n<p>\u0110\u01b0\u1ee3c thi\u1ebft k\u1ebf \u0111\u1ec3 \u0111\u1ea1t \u0111\u1ed9 ch\u00ednh x\u00e1c chuy\u00ean nghi\u1ec7p, gi\u00e1 \u0111\u1ee1 g\u00f3c \u0111i\u1ec1u ch\u1ec9nh n\u00e0y h\u1ed7 tr\u1ee3 c\u00e1c g\u00f3c l\u00e0m vi\u1ec7c t\u1eeb 0\u00b0 \u0111\u1ebfn 90\u00b0, cho ph\u00e9p \u0111\u1ecbnh v\u1ecb ch\u00ednh x\u00e1c ngay c\u1ea3 trong kh\u00f4ng gian ph\u1ee9c t\u1ea1p ho\u1eb7c ch\u1eadt h\u1eb9p. B\u1ec7 n\u00e2ng laser LLB06 c\u0169ng bao g\u1ed3m c\u1ea3 b\u1ed9 chuy\u1ec3n \u0111\u1ed5i 1\/4\u2033-20 v\u00e0 b\u1ed9 chuy\u1ec3n \u0111\u1ed5i 5\/8\u2033-11, gi\u00fap n\u00f3 t\u01b0\u01a1ng th\u00edch v\u1edbi h\u1ea7u h\u1ebft c\u00e1c m\u00e1y c\u00e2n b\u1eb1ng laser th\u01b0\u01a1ng m\u1ea1i tr\u00ean th\u1ecb tr\u01b0\u1eddng.<\/p>\n<p><img fetchpriority=\"high\" decoding=\"async\" class=\"aligncenter wp-image-4549\" src=\"https:\/\/mountlaser.com\/wp-content\/uploads\/2025\/11\/WB-061.webp\" alt=\"LLB06 Line Laser Lifting Platform\" width=\"500\" height=\"500\" srcset=\"https:\/\/mountlaser.com\/wp-content\/uploads\/2025\/11\/WB-061.webp 1000w, https:\/\/mountlaser.com\/wp-content\/uploads\/2025\/11\/WB-061-300x300.webp 300w, https:\/\/mountlaser.com\/wp-content\/uploads\/2025\/11\/WB-061-400x400.webp 400w, https:\/\/mountlaser.com\/wp-content\/uploads\/2025\/11\/WB-061-800x800.webp 800w, https:\/\/mountlaser.com\/wp-content\/uploads\/2025\/11\/WB-061-600x600.webp 600w, https:\/\/mountlaser.com\/wp-content\/uploads\/2025\/11\/WB-061-150x150.webp 150w, https:\/\/mountlaser.com\/wp-content\/uploads\/2025\/11\/WB-061-768x768.webp 768w, https:\/\/mountlaser.com\/wp-content\/uploads\/2025\/11\/WB-061-12x12.webp 12w\" sizes=\"(max-width: 500px) 100vw, 500px\" \/><\/p>\n<p>B\u1ec1n b\u1ec9, \u1ed5n \u0111\u1ecbnh v\u00e0 d\u1ec5 s\u1eed d\u1ee5ng, gi\u00e1 \u0111\u1ee1 g\u00f3c \u0111i\u1ec1u ch\u1ec9nh n\u00e0y l\u00fd t\u01b0\u1edfng cho c\u00e1c chuy\u00ean gia x\u00e2y d\u1ef1ng, c\u1ea3i t\u1ea1o v\u00e0 thi\u1ebft k\u1ebf n\u1ed9i th\u1ea5t c\u1ea7n gi\u1ea3i ph\u00e1p l\u1eafp \u0111\u1eb7t \u0111\u00e1ng tin c\u1eady cho c\u00e1c d\u1ee5ng c\u1ee5 laser c\u1ee7a h\u1ecd. Cho d\u00f9 \u0111\u01b0\u1ee3c s\u1eed d\u1ee5ng tr\u00ean t\u01b0\u1eddng, c\u1ed9t ho\u1eb7c khung kim lo\u1ea1i, <a href=\"https:\/\/mountlaser.com\/vi\/contact-us\/\">S\u00e0n n\u00e2ng laser LLB06<\/a> Mang l\u1ea1i hi\u1ec7u su\u1ea5t \u1ed5n \u0111\u1ecbnh v\u00e0 kh\u1ea3 n\u0103ng th\u00edch \u1ee9ng cao.<\/p>","protected":false},"excerpt":{"rendered":"<ul>\n<li>Cung c\u1ea5p kh\u1ea3 n\u0103ng \u0111\u1ecbnh v\u1ecb d\u1ee5ng c\u1ee5 laser linh ho\u1ea1t v\u1edbi g\u00f3c \u0111i\u1ec1u ch\u1ec9nh t\u1eeb 0\u00b0\u201390\u00b0.<\/li>\n<li>\u0110\u1ebf t\u1eeb m\u1ea1nh m\u1ebd gi\u00fap g\u1eafn ch\u1eafc ch\u1eafn l\u00ean b\u1ec1 m\u1eb7t kim lo\u1ea1i.<\/li>\n<li>T\u01b0\u01a1ng th\u00edch v\u1edbi h\u1ea7u h\u1ebft c\u00e1c m\u00e1y c\u00e2n b\u1eb1ng laser th\u00f4ng qua b\u1ed9 chuy\u1ec3n \u0111\u1ed5i 1\/4\u2033-20 v\u00e0 5\/8\u2033-11.<\/li>\n<li>H\u1ed7 tr\u1ee3 c\u00e1c t\u00e1c v\u1ee5 c\u0103n ch\u1ec9nh, b\u1ed1 tr\u00ed v\u00e0 c\u00e2n b\u1eb1ng ch\u00ednh x\u00e1c.<\/li>\n<li>C\u1ea5u tr\u00fac b\u1ec1n ch\u1eafc \u0111\u1ea3m b\u1ea3o hi\u1ec7u su\u1ea5t \u1ed5n \u0111\u1ecbnh v\u00e0 nh\u1ea5t qu\u00e1n.<\/li>\n<\/ul>","protected":false},"featured_media":4549,"comment_status":"open","ping_status":"closed","template":"","meta":[],"product_brand":[],"product_cat":[94,129],"product_tag":[],"class_list":{"0":"post-4548","1":"product","2":"type-product","3":"status-publish","4":"has-post-thumbnail","6":"product_cat-laser-level-accessory","7":"product_cat-line-laser-bracket","9":"first","10":"instock","11":"shipping-taxable","12":"product-type-simple"},"_links":{"self":[{"href":"https:\/\/mountlaser.com\/vi\/wp-json\/wp\/v2\/product\/4548","targetHints":{"allow":["GET"]}}],"collection":[{"href":"https:\/\/mountlaser.com\/vi\/wp-json\/wp\/v2\/product"}],"about":[{"href":"https:\/\/mountlaser.com\/vi\/wp-json\/wp\/v2\/types\/product"}],"replies":[{"embeddable":true,"href":"https:\/\/mountlaser.com\/vi\/wp-json\/wp\/v2\/comments?post=4548"}],"wp:featuredmedia":[{"embeddable":true,"href":"https:\/\/mountlaser.com\/vi\/wp-json\/wp\/v2\/media\/4549"}],"wp:attachment":[{"href":"https:\/\/mountlaser.com\/vi\/wp-json\/wp\/v2\/media?parent=4548"}],"wp:term":[{"taxonomy":"product_brand","embeddable":true,"href":"https:\/\/mountlaser.com\/vi\/wp-json\/wp\/v2\/product_brand?post=4548"},{"taxonomy":"product_cat","embeddable":true,"href":"https:\/\/mountlaser.com\/vi\/wp-json\/wp\/v2\/product_cat?post=4548"},{"taxonomy":"product_tag","embeddable":true,"href":"https:\/\/mountlaser.com\/vi\/wp-json\/wp\/v2\/product_tag?post=4548"}],"curies":[{"name":"trang web","href":"https:\/\/api.w.org\/{rel}","templated":true}]}}