{"id":4532,"date":"2025-11-18T01:56:14","date_gmt":"2025-11-18T01:56:14","guid":{"rendered":"https:\/\/mountlaser.com\/?post_type=product&#038;p=4532"},"modified":"2025-11-26T08:45:18","modified_gmt":"2025-11-26T08:45:18","slug":"llb04-line-laser-bracket","status":"publish","type":"product","link":"https:\/\/mountlaser.com\/vi\/san-pham\/llb04-line-laser-bracket\/","title":{"rendered":"Gi\u00e1 \u0111\u1ee1 laser LLB04"},"content":{"rendered":"<p>C\u00e1i <a href=\"https:\/\/mountlaser.com\/vi\/\"><strong>Gi\u00e1 \u0111\u1ee1 t\u1eeb t\u00ednh h\u00ecnh ch\u1eef L<\/strong> <\/a>\u0110\u00e2y l\u00e0 m\u1ed9t ph\u1ee5 ki\u1ec7n g\u1eafn k\u1ebft \u0111a n\u0103ng \u0111\u01b0\u1ee3c thi\u1ebft k\u1ebf \u0111\u1ec3 cung c\u1ea5p s\u1ef1 h\u1ed7 tr\u1ee3 \u1ed5n \u0111\u1ecbnh v\u00e0 linh ho\u1ea1t cho nhi\u1ec1u lo\u1ea1i m\u00e1y c\u00e2n b\u1eb1ng laser. \u0110\u01b0\u1ee3c thi\u1ebft k\u1ebf cho c\u00e1c \u1ee9ng d\u1ee5ng \u0111o l\u01b0\u1eddng chuy\u00ean nghi\u1ec7p, gi\u00e1 \u0111\u1ee1 t\u1eeb t\u00ednh h\u00ecnh ch\u1eef L c\u00f3 \u0111\u1ebf t\u1eeb m\u1ea1nh m\u1ebd, \u0111\u1ea3m b\u1ea3o g\u1eafn ch\u1eafc ch\u1eafn v\u00e0o c\u00e1c b\u1ec1 m\u1eb7t kim lo\u1ea1i, cho ph\u00e9p ng\u01b0\u1eddi d\u00f9ng \u0111\u1ecbnh v\u1ecb d\u1ee5ng c\u1ee5 laser c\u1ee7a h\u1ecd m\u1ed9t c\u00e1ch nhanh ch\u00f3ng v\u00e0 ch\u00ednh x\u00e1c trong b\u1ea5t k\u1ef3 m\u00f4i tr\u01b0\u1eddng l\u00e0m vi\u1ec7c n\u00e0o.<\/p>\n<p>C\u00e1i <a href=\"https:\/\/mountlaser.com\/vi\/about-us\/\"><strong>Gi\u00e1 \u0111\u1ee1 thanh ch\u1eef L LLB04 c\u00f3 nam ch\u00e2m<\/strong><\/a> T\u0103ng c\u01b0\u1eddng kh\u1ea3 n\u0103ng t\u01b0\u01a1ng th\u00edch b\u1eb1ng c\u00e1ch cung c\u1ea5p hai \u0111\u1ea7u n\u1ed1i c\u00f3 th\u1ec3 thay th\u1ebf cho nhau:<\/p>\n<p>WB04A: Ren 1\/4\u2033-20<\/p>\n<p>WB04B: Ren 5\/8\u2033-11<\/p>\n<p><img fetchpriority=\"high\" decoding=\"async\" class=\"aligncenter wp-image-4535\" src=\"https:\/\/mountlaser.com\/wp-content\/uploads\/2025\/11\/WB-04A3.webp\" alt=\"LLB04 L-Shape Magnetic Bracket\" width=\"500\" height=\"500\" srcset=\"https:\/\/mountlaser.com\/wp-content\/uploads\/2025\/11\/WB-04A3.webp 1000w, https:\/\/mountlaser.com\/wp-content\/uploads\/2025\/11\/WB-04A3-300x300.webp 300w, https:\/\/mountlaser.com\/wp-content\/uploads\/2025\/11\/WB-04A3-400x400.webp 400w, https:\/\/mountlaser.com\/wp-content\/uploads\/2025\/11\/WB-04A3-800x800.webp 800w, https:\/\/mountlaser.com\/wp-content\/uploads\/2025\/11\/WB-04A3-600x600.webp 600w, https:\/\/mountlaser.com\/wp-content\/uploads\/2025\/11\/WB-04A3-150x150.webp 150w, https:\/\/mountlaser.com\/wp-content\/uploads\/2025\/11\/WB-04A3-768x768.webp 768w, https:\/\/mountlaser.com\/wp-content\/uploads\/2025\/11\/WB-04A3-12x12.webp 12w\" sizes=\"(max-width: 500px) 100vw, 500px\" \/><\/p>\n<p>\u0110i\u1ec1u n\u00e0y l\u00e0m cho <a href=\"https:\/\/mountlaser.com\/vi\/contact-us\/\">Gi\u00e1 \u0111\u1ee1 t\u1eeb t\u00ednh h\u00ecnh ch\u1eef L<\/a> Th\u00edch h\u1ee3p cho nhi\u1ec1u lo\u1ea1i m\u00e1y c\u00e2n b\u1eb1ng laser v\u00e0 d\u1ee5ng c\u1ee5 \u0111o \u0111\u1ea1c. V\u1edbi c\u1ea5u tr\u00fac b\u1ec1n ch\u1eafc, gi\u00e1 \u0111\u1ee1 duy tr\u00ec s\u1ef1 \u1ed5n \u0111\u1ecbnh ngay c\u1ea3 trong c\u00e1c c\u00f4ng vi\u1ec7c n\u1eb7ng nh\u1ecdc, cung c\u1ea5p kh\u1ea3 n\u0103ng c\u0103n ch\u1ec9nh ch\u00ednh x\u00e1c cho c\u00f4ng t\u00e1c x\u00e2y d\u1ef1ng, c\u1ea3i t\u1ea1o v\u00e0 b\u1ed1 tr\u00ed.<\/p>\n<p>&nbsp;<\/p>","protected":false},"excerpt":{"rendered":"<ul>\n<li>\u0110\u1ebf t\u1eeb m\u1ea1nh m\u1ebd gi\u00fap g\u1eafn ch\u1eafc ch\u1eafn l\u00ean b\u1ec1 m\u1eb7t kim lo\u1ea1i.<\/li>\n<li>Hai t\u00f9y ch\u1ecdn \u0111\u1ea7u n\u1ed1i: 1\/4\u2033-20 (WB04A) v\u00e0 5\/8\u2033-11 (WB04B) \u0111\u1ec3 t\u01b0\u01a1ng th\u00edch r\u1ed9ng h\u01a1n.<\/li>\n<li>Cho ph\u00e9p \u0111\u1ecbnh v\u1ecb nhanh ch\u00f3ng v\u00e0 ch\u00ednh x\u00e1c c\u00e1c thi\u1ebft b\u1ecb c\u00e2n b\u1eb1ng laser.<\/li>\n<li>Thi\u1ebft k\u1ebf h\u00ecnh ch\u1eef L b\u1ec1n ch\u1eafc gi\u00fap t\u0103ng c\u01b0\u1eddng \u0111\u1ed9 \u1ed5n \u0111\u1ecbnh v\u00e0 kh\u1ea3 n\u0103ng c\u0103n ch\u1ec9nh.<\/li>\n<li>Th\u00edch h\u1ee3p cho c\u00e1c c\u00f4ng vi\u1ec7c x\u00e2y d\u1ef1ng, c\u1ea3i t\u1ea1o, thi\u1ebft k\u1ebf n\u1ed9i th\u1ea5t v\u00e0 kh\u1ea3o s\u00e1t.<\/li>\n<\/ul>","protected":false},"featured_media":4538,"comment_status":"open","ping_status":"closed","template":"","meta":[],"product_brand":[],"product_cat":[94,129],"product_tag":[],"class_list":{"0":"post-4532","1":"product","2":"type-product","3":"status-publish","4":"has-post-thumbnail","6":"product_cat-laser-level-accessory","7":"product_cat-line-laser-bracket","9":"first","10":"instock","11":"shipping-taxable","12":"product-type-simple"},"_links":{"self":[{"href":"https:\/\/mountlaser.com\/vi\/wp-json\/wp\/v2\/product\/4532","targetHints":{"allow":["GET"]}}],"collection":[{"href":"https:\/\/mountlaser.com\/vi\/wp-json\/wp\/v2\/product"}],"about":[{"href":"https:\/\/mountlaser.com\/vi\/wp-json\/wp\/v2\/types\/product"}],"replies":[{"embeddable":true,"href":"https:\/\/mountlaser.com\/vi\/wp-json\/wp\/v2\/comments?post=4532"}],"wp:featuredmedia":[{"embeddable":true,"href":"https:\/\/mountlaser.com\/vi\/wp-json\/wp\/v2\/media\/4538"}],"wp:attachment":[{"href":"https:\/\/mountlaser.com\/vi\/wp-json\/wp\/v2\/media?parent=4532"}],"wp:term":[{"taxonomy":"product_brand","embeddable":true,"href":"https:\/\/mountlaser.com\/vi\/wp-json\/wp\/v2\/product_brand?post=4532"},{"taxonomy":"product_cat","embeddable":true,"href":"https:\/\/mountlaser.com\/vi\/wp-json\/wp\/v2\/product_cat?post=4532"},{"taxonomy":"product_tag","embeddable":true,"href":"https:\/\/mountlaser.com\/vi\/wp-json\/wp\/v2\/product_tag?post=4532"}],"curies":[{"name":"trang web","href":"https:\/\/api.w.org\/{rel}","templated":true}]}}