{"id":4524,"date":"2025-11-18T01:31:54","date_gmt":"2025-11-18T01:31:54","guid":{"rendered":"https:\/\/mountlaser.com\/?post_type=product&#038;p=4524"},"modified":"2025-11-26T08:46:28","modified_gmt":"2025-11-26T08:46:28","slug":"alp02-line-laser-lifting-platform","status":"publish","type":"product","link":"https:\/\/mountlaser.com\/vi\/san-pham\/alp02-line-laser-lifting-platform\/","title":{"rendered":"N\u1ec1n t\u1ea3ng n\u00e2ng laser ALP02"},"content":{"rendered":"<p>ALP02 l\u00e0 m\u1ed9t s\u1ea3n ph\u1ea9m b\u1ec1n b\u1ec9 v\u00e0 \u0111\u01b0\u1ee3c ch\u1ebf t\u1ea1o ch\u00ednh x\u00e1c. <a href=\"https:\/\/mountlaser.com\/vi\/\"><strong>Gi\u00e1 \u0111\u1ee1 k\u00edch n\u00e2ng ph\u00f2ng th\u00ed nghi\u1ec7m<\/strong> <\/a>\u0110\u01b0\u1ee3c thi\u1ebft k\u1ebf \u0111\u1ec3 n\u00e2ng cao v\u00e0 \u0111i\u1ec1u ch\u1ec9nh \u0111\u1ed9 cao c\u1ee7a c\u00e1c d\u1ee5ng c\u1ee5 laser nh\u1eb1m th\u1ef1c hi\u1ec7n c\u00f4ng vi\u1ec7c c\u0103n ch\u1ec9nh ch\u00ednh x\u00e1c. \u0110\u01b0\u1ee3c ch\u1ebf t\u1ea1o t\u1eeb nh\u00f4m ch\u1ea5t l\u01b0\u1ee3ng cao v\u00e0 trang b\u1ecb mi\u1ebfng \u0111\u1ec7m b\u1ea3o v\u1ec7, gi\u00e1 \u0111\u1ee1 ph\u00f2ng th\u00ed nghi\u1ec7m n\u00e0y cung c\u1ea5p s\u1ef1 h\u1ed7 tr\u1ee3 \u1ed5n \u0111\u1ecbnh v\u00e0 kh\u00f4ng g\u00e2y tr\u1ea7y x\u01b0\u1edbc cho c\u00e1c d\u1ee5ng c\u1ee5 laser nh\u1ea1y c\u1ea3m. V\u1edbi c\u01a1 ch\u1ebf n\u00e2ng h\u1ea1 tr\u01a1n tru, <a href=\"https:\/\/mountlaser.com\/vi\/about-us\/\"><strong>B\u1ec7 n\u00e2ng \u0111i\u1ec1u ch\u1ec9nh \u0111\u1ed9 c\u00e2n b\u1eb1ng laser<\/strong><\/a> Cho ph\u00e9p ng\u01b0\u1eddi d\u00f9ng d\u1ec5 d\u00e0ng th\u1ef1c hi\u1ec7n c\u00e1c thay \u0111\u1ed5i chi\u1ec1u cao ch\u00ednh x\u00e1c, \u0111\u1ea3m b\u1ea3o \u0111\u1ecbnh v\u1ecb t\u1ed1i \u01b0u cho c\u00e1c c\u00f4ng vi\u1ec7c b\u1ed1 tr\u00ed, c\u00e2n b\u1eb1ng v\u00e0 \u0111o l\u01b0\u1eddng.<\/p>\n<p>V\u1edbi chi\u1ec1u cao l\u00e0m vi\u1ec7c 90 mm, B\u1ec7 n\u00e2ng \u0111i\u1ec1u ch\u1ec9nh \u0111\u1ed9 cao b\u1eb1ng laser mang l\u1ea1i kh\u1ea3 n\u0103ng \u0111i\u1ec1u ch\u1ec9nh tuy\u1ec7t v\u1eddi cho c\u1ea3 c\u00e1c d\u1ef1 \u00e1n trong nh\u00e0 v\u00e0 ngo\u00e0i tr\u1eddi. Cho d\u00f9 \u0111\u01b0\u1ee3c s\u1eed d\u1ee5ng trong x\u00e2y d\u1ef1ng, c\u1ea3i t\u1ea1o hay thi\u1ebft k\u1ebf n\u1ed9i th\u1ea5t, gi\u00e1 \u0111\u1ee1 ph\u00f2ng th\u00ed nghi\u1ec7m n\u00e0y \u0111\u1ea3m b\u1ea3o hi\u1ec7u su\u1ea5t \u0111\u00e1ng tin c\u1eady v\u00e0 \u0111\u1ed9 ch\u00ednh x\u00e1c l\u1eb7p l\u1ea1i. C\u1ea5u tr\u00fac ch\u1eafc ch\u1eafn v\u00e0 thi\u1ebft k\u1ebf ch\u1ed1ng tr\u01b0\u1ee3t l\u00e0m cho n\u00f3 tr\u1edf th\u00e0nh ph\u1ee5 ki\u1ec7n l\u00fd t\u01b0\u1edfng cho c\u00e1c chuy\u00ean gia c\u1ea7n ki\u1ec3m so\u00e1t \u0111\u1ed9 cao laser nh\u1ea5t qu\u00e1n t\u1ea1i b\u1ea5t k\u1ef3 c\u00f4ng tr\u01b0\u1eddng n\u00e0o.<\/p>\n<p><img fetchpriority=\"high\" decoding=\"async\" class=\"aligncenter wp-image-4529\" src=\"https:\/\/mountlaser.com\/wp-content\/uploads\/2025\/11\/APL025.webp\" alt=\"ALP02 Lab Jack Stand\" width=\"500\" height=\"500\" srcset=\"https:\/\/mountlaser.com\/wp-content\/uploads\/2025\/11\/APL025.webp 1000w, https:\/\/mountlaser.com\/wp-content\/uploads\/2025\/11\/APL025-300x300.webp 300w, https:\/\/mountlaser.com\/wp-content\/uploads\/2025\/11\/APL025-400x400.webp 400w, https:\/\/mountlaser.com\/wp-content\/uploads\/2025\/11\/APL025-800x800.webp 800w, https:\/\/mountlaser.com\/wp-content\/uploads\/2025\/11\/APL025-600x600.webp 600w, https:\/\/mountlaser.com\/wp-content\/uploads\/2025\/11\/APL025-150x150.webp 150w, https:\/\/mountlaser.com\/wp-content\/uploads\/2025\/11\/APL025-768x768.webp 768w, https:\/\/mountlaser.com\/wp-content\/uploads\/2025\/11\/APL025-12x12.webp 12w\" sizes=\"(max-width: 500px) 100vw, 500px\" \/><\/p>\n<p>\u0110\u01b0\u1ee3c thi\u1ebft k\u1ebf v\u1edbi ti\u00eau ch\u00ed \u0111\u01a1n gi\u1ea3n, b\u1ec1n b\u1ec9 v\u00e0 ch\u00ednh x\u00e1c, B\u1ec7 n\u00e2ng \u0111i\u1ec1u ch\u1ec9nh b\u1eb1ng tia laser gi\u00fap t\u0103ng hi\u1ec7u qu\u1ea3 quy tr\u00ecnh l\u00e0m vi\u1ec7c v\u00e0 \u0111\u1ea3m b\u1ea3o an to\u00e0n cho b\u1ea1n. <a href=\"https:\/\/mountlaser.com\/vi\/products\/\">m\u00e1y c\u00e2n b\u1eb1ng laser<\/a> Duy tr\u00ec tr\u1ea1ng th\u00e1i \u1ed5n \u0111\u1ecbnh v\u00e0 c\u0103n ch\u1ec9nh ho\u00e0n h\u1ea3o trong su\u1ed1t qu\u00e1 tr\u00ecnh ho\u1ea1t \u0111\u1ed9ng.<\/p>","protected":false},"excerpt":{"rendered":"<ul>\n<li>K\u1ebft c\u1ea5u b\u1eb1ng nh\u00f4m \u0111\u1ea3m b\u1ea3o \u0111\u1ed9 b\u1ec1n, t\u00ednh \u1ed5n \u0111\u1ecbnh v\u00e0 tu\u1ed5i th\u1ecd cao.<\/li>\n<li>T\u1ea5m l\u00f3t b\u1ea3o v\u1ec7 gi\u00fap ch\u1ed1ng tr\u01b0\u1ee3t v\u00e0 b\u1ea3o v\u1ec7 c\u00e1c thi\u1ebft b\u1ecb laser.<\/li>\n<li>Chi\u1ec1u cao l\u00e0m vi\u1ec7c c\u1ed1 \u0111\u1ecbnh 90 mm v\u1edbi c\u01a1 ch\u1ebf n\u00e2ng h\u1ea1 m\u01b0\u1ee3t m\u00e0.<\/li>\n<li>Th\u00edch h\u1ee3p cho x\u00e2y d\u1ef1ng, thi\u1ebft k\u1ebf n\u1ed9i th\u1ea5t, kh\u1ea3o s\u00e1t v\u00e0 s\u1eed d\u1ee5ng chuy\u00ean nghi\u1ec7p t\u1ea1i c\u00f4ng tr\u01b0\u1eddng.<\/li>\n<\/ul>","protected":false},"featured_media":4525,"comment_status":"open","ping_status":"closed","template":"","meta":[],"product_brand":[],"product_cat":[128,94],"product_tag":[],"class_list":{"0":"post-4524","1":"product","2":"type-product","3":"status-publish","4":"has-post-thumbnail","6":"product_cat-line-laser-lifting-platform","7":"product_cat-laser-level-accessory","9":"first","10":"instock","11":"shipping-taxable","12":"product-type-simple"},"_links":{"self":[{"href":"https:\/\/mountlaser.com\/vi\/wp-json\/wp\/v2\/product\/4524","targetHints":{"allow":["GET"]}}],"collection":[{"href":"https:\/\/mountlaser.com\/vi\/wp-json\/wp\/v2\/product"}],"about":[{"href":"https:\/\/mountlaser.com\/vi\/wp-json\/wp\/v2\/types\/product"}],"replies":[{"embeddable":true,"href":"https:\/\/mountlaser.com\/vi\/wp-json\/wp\/v2\/comments?post=4524"}],"wp:featuredmedia":[{"embeddable":true,"href":"https:\/\/mountlaser.com\/vi\/wp-json\/wp\/v2\/media\/4525"}],"wp:attachment":[{"href":"https:\/\/mountlaser.com\/vi\/wp-json\/wp\/v2\/media?parent=4524"}],"wp:term":[{"taxonomy":"product_brand","embeddable":true,"href":"https:\/\/mountlaser.com\/vi\/wp-json\/wp\/v2\/product_brand?post=4524"},{"taxonomy":"product_cat","embeddable":true,"href":"https:\/\/mountlaser.com\/vi\/wp-json\/wp\/v2\/product_cat?post=4524"},{"taxonomy":"product_tag","embeddable":true,"href":"https:\/\/mountlaser.com\/vi\/wp-json\/wp\/v2\/product_tag?post=4524"}],"curies":[{"name":"trang web","href":"https:\/\/api.w.org\/{rel}","templated":true}]}}