{"id":4516,"date":"2025-11-17T09:10:31","date_gmt":"2025-11-17T09:10:31","guid":{"rendered":"https:\/\/mountlaser.com\/?post_type=product&#038;p=4516"},"modified":"2025-11-26T08:47:32","modified_gmt":"2025-11-26T08:47:32","slug":"gls112-aluminum-prism-pole","status":"publish","type":"product","link":"https:\/\/mountlaser.com\/vi\/san-pham\/gls112-aluminum-prism-pole\/","title":{"rendered":"C\u1ed9t l\u0103ng k\u00ednh nh\u00f4m GLS112"},"content":{"rendered":"<p>Gi\u1edbi thi\u1ec7u<a href=\"https:\/\/mountlaser.com\/vi\/\"> <strong>C\u1ed9t l\u0103ng k\u00ednh nh\u00f4m GLS112<\/strong><\/a>, \u0110\u01b0\u1ee3c thi\u1ebft k\u1ebf d\u00e0nh cho c\u00e1c chuy\u00ean gia kh\u1ea3o s\u00e1t c\u1ea7n t\u1ea7m v\u1edbi v\u01b0\u1ee3t tr\u1ed9i m\u00e0 kh\u00f4ng l\u00e0m gi\u1ea3m \u0111\u1ed9 \u1ed5n \u0111\u1ecbnh ho\u1eb7c \u0111\u1ed9 ch\u00ednh x\u00e1c. C\u00e2y s\u00e0o ch\u1eafc ch\u1eafn, c\u00f3 \u0111\u1ed9 b\u1ec1n cao n\u00e0y \u0111\u01b0\u1ee3c ch\u1ebf t\u1ea1o t\u1eeb nh\u00f4m b\u1ec1n b\u1ec9, l\u00e0 l\u1ef1a ch\u1ecdn l\u00fd t\u01b0\u1edfng cho c\u00e1c d\u1ef1 \u00e1n m\u00e0 c\u1ea3 chi\u1ec1u cao v\u00e0 \u0111\u1ed9 tin c\u1eady \u0111\u1ec1u r\u1ea5t quan tr\u1ecdng.<\/p>\n<p>M\u00f4 h\u00ecnh n\u00e0y minh h\u1ecda cho thi\u1ebft k\u1ebf v\u01b0\u1ee3t tr\u1ed9i c\u1ee7a m\u1ed9t <a href=\"https:\/\/mountlaser.com\/vi\/products\/\"><strong>C\u1ed9t l\u0103ng k\u00ednh ki\u1ec3u Th\u1ee5y S\u0129 b\u1eb1ng nh\u00f4m<\/strong><\/a>, S\u1ea3n ph\u1ea9m n\u00e0y \u0111\u01b0\u1ee3c trang b\u1ecb b\u1ed9 chuy\u1ec3n \u0111\u1ed5i Th\u1ee5y S\u0129 ch\u00ednh x\u00e1c, \u0111\u1ea3m b\u1ea3o k\u1ebft n\u1ed1i an to\u00e0n v\u00e0 ph\u1ed5 qu\u00e1t v\u1edbi l\u0103ng k\u00ednh c\u1ee7a b\u1ea1n. C\u1ea5u tr\u00fac c\u1ed9t l\u0103ng k\u00ednh ki\u1ec3u Th\u1ee5y S\u0129 b\u1eb1ng nh\u00f4m \u0111\u1ea3m b\u1ea3o s\u1ef1 v\u1eeba kh\u00edt ho\u00e0n h\u1ea3o, lo\u1ea1i b\u1ecf \u0111\u1ed9 l\u1ecfng l\u1ebbo v\u00e0 \u0111\u1ea3m b\u1ea3o c\u00e1c ph\u00e9p \u0111o c\u1ee7a b\u1ea1n lu\u00f4n ch\u00ednh x\u00e1c. \u0110\u1ed9 tin c\u1eady c\u1ee7a c\u1ed9t l\u0103ng k\u00ednh ki\u1ec3u Th\u1ee5y S\u0129 b\u1eb1ng nh\u00f4m n\u00e0y c\u00f2n \u0111\u01b0\u1ee3c t\u0103ng c\u01b0\u1eddng nh\u1edd c\u1ea5u t\u1ea1o b\u1eb1ng nh\u00f4m c\u01b0\u1eddng \u0111\u1ed9 cao, cung c\u1ea5p \u0111\u1ed9 c\u1ee9ng c\u1ea7n thi\u1ebft \u0111\u1ec3 s\u1eed d\u1ee5ng l\u00e2u d\u00e0i \u1edf \u0111\u1ed9 cao t\u1ed1i \u0111a 3,6 m\u00e9t (12 feet).<\/p>\n<p>\u0110\u1ec3 duy tr\u00ec \u0111\u1ed9 ch\u00ednh x\u00e1c \u1edf m\u1ecdi \u0111\u1ed9 cao, th\u01b0\u1edbc th\u1ee7y GLS112 \u0111\u01b0\u1ee3c trang b\u1ecb \u1ed1ng th\u1ee7y tinh tr\u00f2n 30 inch gi\u00fap c\u00e2n b\u1eb1ng ch\u00ednh x\u00e1c. Th\u01b0\u1edbc c\u00f3 v\u1ea1ch chia r\u00f5 r\u00e0ng, hi\u1ec3n th\u1ecb hai \u0111\u01a1n v\u1ecb \u0111o l\u00e0 centimet v\u00e0 feet, cho ph\u00e9p \u0111\u1ecdc k\u1ebft qu\u1ea3 linh ho\u1ea1t, v\u00e0 c\u00f3 c\u00e1c \u0111\u01b0\u1eddng k\u00ednh 19\/25\/32mm \u0111\u1ec3 ph\u00f9 h\u1ee3p v\u1edbi nhi\u1ec1u nhu c\u1ea7u \u1ee9ng d\u1ee5ng kh\u00e1c nhau.<\/p>\n<p>&nbsp;<\/p>\n<p>&nbsp;<\/p>\n<p><img fetchpriority=\"high\" decoding=\"async\" class=\"aligncenter wp-image-4518\" src=\"https:\/\/mountlaser.com\/wp-content\/uploads\/2025\/11\/GLS112\uff082\uff09.webp\" alt=\"Aluminum Swiss Style Prism Pole\" width=\"500\" height=\"500\" srcset=\"https:\/\/mountlaser.com\/wp-content\/uploads\/2025\/11\/GLS112\uff082\uff09.webp 1000w, https:\/\/mountlaser.com\/wp-content\/uploads\/2025\/11\/GLS112\uff082\uff09-300x300.webp 300w, https:\/\/mountlaser.com\/wp-content\/uploads\/2025\/11\/GLS112\uff082\uff09-400x400.webp 400w, https:\/\/mountlaser.com\/wp-content\/uploads\/2025\/11\/GLS112\uff082\uff09-800x800.webp 800w, https:\/\/mountlaser.com\/wp-content\/uploads\/2025\/11\/GLS112\uff082\uff09-600x600.webp 600w, https:\/\/mountlaser.com\/wp-content\/uploads\/2025\/11\/GLS112\uff082\uff09-150x150.webp 150w, https:\/\/mountlaser.com\/wp-content\/uploads\/2025\/11\/GLS112\uff082\uff09-768x768.webp 768w, https:\/\/mountlaser.com\/wp-content\/uploads\/2025\/11\/GLS112\uff082\uff09-12x12.webp 12w\" sizes=\"(max-width: 500px) 100vw, 500px\" \/><\/p>\n<p><a href=\"https:\/\/mountlaser.com\/vi\/contact-us\/\"><strong>Th\u00f4ng s\u1ed1 k\u1ef9 thu\u1eadt c\u1ed9t l\u0103ng tr\u1ee5 nh\u00f4m GLS112<\/strong><\/a><\/p>\n<table style=\"border-collapse: collapse; width: 741.77pt;\" border=\"0\" width=\"989\" cellspacing=\"0\" cellpadding=\"0\">\n<tbody>\n<tr style=\"height: 14.25pt;\">\n<td class=\"et2\" style=\"height: 14.25pt; width: 142.50pt;\" width=\"190\" height=\"19\">CON S\u1ed0<\/td>\n<td class=\"et2\" style=\"width: 127.50pt;\" width=\"170\">CHI\u1ec0U D\u00c0I<\/td>\n<td class=\"et2\" style=\"width: 126.00pt;\" width=\"168\">V\u1eacT LI\u1ec6U<\/td>\n<td class=\"et2\" style=\"width: 135.00pt;\" width=\"180\">SINH VI\u00caN T\u1ed0T NGHI\u1ec6P<\/td>\n<td class=\"et2\" style=\"width: 124.50pt;\" width=\"166\">B\u1ed8 CHUY\u1ec2N \u0110\u1ed4I<\/td>\n<td class=\"et2\" style=\"width: 86.25pt;\" width=\"115\">\u0110\u01af\u1edcNG K\u00cdNH<\/td>\n<\/tr>\n<tr style=\"height: 14.25pt;\">\n<td class=\"et2\" style=\"height: 14.25pt;\" height=\"19\">GLS112<\/td>\n<td class=\"et2\">3,6m (12ft)<\/td>\n<td class=\"et2\">Nh\u00f4m<\/td>\n<td class=\"et3\">cm\/ ft<\/td>\n<td class=\"et3\">Th\u1ee5y S\u0129<\/td>\n<td class=\"et3\">19\/25\/32mm<\/td>\n<\/tr>\n<\/tbody>\n<\/table>","protected":false},"excerpt":{"rendered":"<ul>\n<li>Cung c\u1ea5p m\u1ed9t b\u1ec7 \u0111\u1ee1 \u1ed5n \u0111\u1ecbnh, c\u00f3 t\u1ea7m v\u01b0\u01a1n cao (3,6m \/ 12ft) \u0111\u1ec3 kh\u1ea3o s\u00e1t c\u00e1c l\u0103ng k\u00ednh.<\/li>\n<li>\u0110\u1ea3m b\u1ea3o s\u1ef1 th\u1eb3ng \u0111\u1ee9ng ch\u00ednh x\u00e1c v\u1edbi \u1ed1ng th\u1ee7y tinh tr\u00f2n \u0111\u01b0\u1eddng k\u00ednh 30 inch.<\/li>\n<li>S\u1ea3n ph\u1ea9m mang l\u1ea1i s\u1ef1 v\u1eeba v\u1eb7n an to\u00e0n v\u00e0 ph\u1ed5 qu\u00e1t nh\u1edd b\u1ed9 chuy\u1ec3n \u0111\u1ed5i Th\u1ee5y S\u0129 t\u01b0\u01a1ng th\u00edch v\u1edbi c\u00e1c l\u0103ng k\u00ednh ti\u00eau chu\u1ea9n.<\/li>\n<\/ul>","protected":false},"featured_media":4517,"comment_status":"open","ping_status":"closed","template":"","meta":[],"product_brand":[],"product_cat":[89,124],"product_tag":[],"class_list":{"0":"post-4516","1":"product","2":"type-product","3":"status-publish","4":"has-post-thumbnail","6":"product_cat-surveying-pole-rod","7":"product_cat-aluminum-fiberglass-prism-pole","9":"first","10":"instock","11":"shipping-taxable","12":"product-type-simple"},"_links":{"self":[{"href":"https:\/\/mountlaser.com\/vi\/wp-json\/wp\/v2\/product\/4516","targetHints":{"allow":["GET"]}}],"collection":[{"href":"https:\/\/mountlaser.com\/vi\/wp-json\/wp\/v2\/product"}],"about":[{"href":"https:\/\/mountlaser.com\/vi\/wp-json\/wp\/v2\/types\/product"}],"replies":[{"embeddable":true,"href":"https:\/\/mountlaser.com\/vi\/wp-json\/wp\/v2\/comments?post=4516"}],"wp:featuredmedia":[{"embeddable":true,"href":"https:\/\/mountlaser.com\/vi\/wp-json\/wp\/v2\/media\/4517"}],"wp:attachment":[{"href":"https:\/\/mountlaser.com\/vi\/wp-json\/wp\/v2\/media?parent=4516"}],"wp:term":[{"taxonomy":"product_brand","embeddable":true,"href":"https:\/\/mountlaser.com\/vi\/wp-json\/wp\/v2\/product_brand?post=4516"},{"taxonomy":"product_cat","embeddable":true,"href":"https:\/\/mountlaser.com\/vi\/wp-json\/wp\/v2\/product_cat?post=4516"},{"taxonomy":"product_tag","embeddable":true,"href":"https:\/\/mountlaser.com\/vi\/wp-json\/wp\/v2\/product_tag?post=4516"}],"curies":[{"name":"trang web","href":"https:\/\/api.w.org\/{rel}","templated":true}]}}