{"id":4498,"date":"2025-11-17T08:56:11","date_gmt":"2025-11-17T08:56:11","guid":{"rendered":"https:\/\/mountlaser.com\/?post_type=product&#038;p=4498"},"modified":"2025-11-26T08:50:16","modified_gmt":"2025-11-26T08:50:16","slug":"gls111-aluminum-prism-pole","status":"publish","type":"product","link":"https:\/\/mountlaser.com\/vi\/san-pham\/gls111-aluminum-prism-pole\/","title":{"rendered":"C\u1ed9t l\u0103ng k\u00ednh nh\u00f4m GLS111"},"content":{"rendered":"<p>G\u1eb7p g\u1ee1 <a href=\"https:\/\/mountlaser.com\/vi\/products\/\"><strong>C\u1ed9t l\u0103ng k\u00ednh nh\u00f4m GLS111<\/strong><\/a>, \u0110\u00e2y l\u00e0 gi\u1ea3i ph\u00e1p linh ho\u1ea1t v\u00e0 m\u1ea1nh m\u1ebd d\u00e0nh cho c\u00e1c nh\u00e0 kh\u1ea3o s\u00e1t c\u1ea7n s\u1ef1 th\u00edch \u1ee9ng m\u00e0 kh\u00f4ng \u1ea3nh h\u01b0\u1edfng \u0111\u1ebfn \u0111\u1ed9 ch\u00ednh x\u00e1c. C\u00e2y s\u00e0o c\u00f3 \u0111\u1ed9 b\u1ec1n cao, tr\u1ecdng l\u01b0\u1ee3ng nh\u1eb9 n\u00e0y \u0111\u01b0\u1ee3c thi\u1ebft k\u1ebf \u0111\u1ec3 c\u00f3 \u0111\u1ed9 b\u1ec1n v\u00e0 hi\u1ec7u su\u1ea5t ch\u00ednh x\u00e1c trong nhi\u1ec1u \u0111i\u1ec1u ki\u1ec7n hi\u1ec7n tr\u01b0\u1eddng kh\u00e1c nhau, tr\u1edf th\u00e0nh c\u00f4ng c\u1ee5 kh\u00f4ng th\u1ec3 thi\u1ebfu cho b\u1ea5t k\u1ef3 d\u1ef1 \u00e1n \u0111o \u0111\u1ea1c n\u00e0o.<\/p>\n<p>\u0110i\u1ec3m n\u1ed5i b\u1eadt c\u1ee7a m\u1eabu n\u00e0y l\u00e0 thi\u1ebft k\u1ebf d\u1ea1ng \u1ed1ng l\u1ed3ng c\u1ea3i ti\u1ebfn. C\u1ed9t l\u0103ng k\u00ednh d\u1ea1ng \u1ed1ng l\u1ed3ng GLS111 d\u1ec5 d\u00e0ng k\u00e9o d\u00e0i \u0111\u1ebfn \u0111\u1ed9 cao t\u1ed1i \u0111a 2,6 m\u00e9t (8,5 feet), cho ph\u00e9p b\u1ea1n nhanh ch\u00f3ng \u0111i\u1ec1u ch\u1ec9nh \u0111\u1ebfn chi\u1ec1u cao l\u00e0m vi\u1ec7c c\u1ea7n thi\u1ebft. Khi kh\u00f4ng s\u1eed d\u1ee5ng, n\u00f3 c\u00f3 th\u1ec3 thu g\u1ecdn \u0111\u1ec3 d\u1ec5 d\u00e0ng v\u1eadn chuy\u1ec3n. S\u1ef1 ti\u1ec7n l\u1ee3i c\u1ee7a thi\u1ebft k\u1ebf c\u1ed9t l\u0103ng k\u00ednh d\u1ea1ng \u1ed1ng l\u1ed3ng GLS111 c\u00f3 ngh\u0129a l\u00e0 b\u1ea1n ch\u1ec9 c\u1ea7n mang m\u1ed9t c\u1ed9t \u0111\u1ebfn c\u00f4ng tr\u01b0\u1eddng thay v\u00ec nhi\u1ec1u c\u1ed9t c\u00f3 chi\u1ec1u d\u00e0i c\u1ed1 \u0111\u1ecbnh.<\/p>\n<p>\u0110\u1ec3 \u0111\u1ea3m b\u1ea3o \u0111\u1ed9 ch\u00ednh x\u00e1c theo ph\u01b0\u01a1ng th\u1eb3ng \u0111\u1ee9ng, <a href=\"https:\/\/mountlaser.com\/vi\/about-us\/\"><strong>C\u1ed9t l\u0103ng k\u00ednh d\u1ea1ng \u1ed1ng l\u1ed3ng GLS111<\/strong><\/a> \u0110\u01b0\u1ee3c trang b\u1ecb \u1ed1ng th\u1ee7y tinh tr\u00f2n 30 inch \u0111\u00e1ng tin c\u1eady, \u0111\u1ea3m b\u1ea3o l\u0103ng k\u00ednh c\u1ee7a b\u1ea1n \u0111\u01b0\u1ee3c c\u00e2n b\u1eb1ng ho\u00e0n h\u1ea3o cho m\u1ecdi ph\u00e9p \u0111o. \u0110\u01b0\u1ee3c ch\u1ebf t\u1ea1o t\u1eeb nh\u00f4m c\u01b0\u1eddng \u0111\u1ed9 cao, n\u00f3 ch\u1ecbu \u0111\u01b0\u1ee3c vi\u1ec7c s\u1eed d\u1ee5ng h\u00e0ng ng\u00e0y trong khi v\u1eabn \u0111\u1ee7 nh\u1eb9 \u0111\u1ec3 t\u1ea1o c\u1ea3m gi\u00e1c tho\u1ea3i m\u00e1i c\u1ea3 ng\u00e0y. N\u00f3 c\u00f3 b\u1ed9 chuy\u1ec3n \u0111\u1ed5i ti\u00eau chu\u1ea9n Th\u1ee5y S\u0129 cho kh\u1ea3 n\u0103ng t\u01b0\u01a1ng th\u00edch r\u1ed9ng v\u00e0 c\u00f3 \u0111\u01b0\u1eddng k\u00ednh 25\/32mm, v\u1edbi v\u1ea1ch chia r\u00f5 r\u00e0ng c\u1ea3 b\u1eb1ng centimet v\u00e0 feet \u0111\u1ec3 s\u1eed d\u1ee5ng linh ho\u1ea1t.<\/p>\n<p>&nbsp;<\/p>\n<p><img fetchpriority=\"high\" decoding=\"async\" class=\"aligncenter wp-image-4503\" src=\"https:\/\/mountlaser.com\/wp-content\/uploads\/2025\/11\/GLS1113.webp\" alt=\"GLS111 Telescopic Prism Pole\" width=\"500\" height=\"500\" srcset=\"https:\/\/mountlaser.com\/wp-content\/uploads\/2025\/11\/GLS1113.webp 1000w, https:\/\/mountlaser.com\/wp-content\/uploads\/2025\/11\/GLS1113-300x300.webp 300w, https:\/\/mountlaser.com\/wp-content\/uploads\/2025\/11\/GLS1113-400x400.webp 400w, https:\/\/mountlaser.com\/wp-content\/uploads\/2025\/11\/GLS1113-800x800.webp 800w, https:\/\/mountlaser.com\/wp-content\/uploads\/2025\/11\/GLS1113-600x600.webp 600w, https:\/\/mountlaser.com\/wp-content\/uploads\/2025\/11\/GLS1113-150x150.webp 150w, https:\/\/mountlaser.com\/wp-content\/uploads\/2025\/11\/GLS1113-768x768.webp 768w, https:\/\/mountlaser.com\/wp-content\/uploads\/2025\/11\/GLS1113-12x12.webp 12w\" sizes=\"(max-width: 500px) 100vw, 500px\" \/><\/p>\n<p><a href=\"https:\/\/mountlaser.com\/vi\/contact-us\/\"><strong>Th\u00f4ng s\u1ed1 k\u1ef9 thu\u1eadt c\u1ed9t l\u0103ng k\u00ednh nh\u00f4m GLS111<\/strong><\/a><\/p>\n<table style=\"border-collapse: collapse; width: 741.77pt;\" border=\"0\" width=\"989\" cellspacing=\"0\" cellpadding=\"0\">\n<tbody>\n<tr style=\"height: 14.25pt;\">\n<td class=\"et2\" style=\"height: 14.25pt; width: 142.50pt;\" width=\"190\" height=\"19\">CON S\u1ed0<\/td>\n<td class=\"et2\" style=\"width: 127.50pt;\" width=\"170\">CHI\u1ec0U D\u00c0I<\/td>\n<td class=\"et2\" style=\"width: 126.00pt;\" width=\"168\">V\u1eacT LI\u1ec6U<\/td>\n<td class=\"et2\" style=\"width: 135.00pt;\" width=\"180\">SINH VI\u00caN T\u1ed0T NGHI\u1ec6P<\/td>\n<td class=\"et2\" style=\"width: 124.50pt;\" width=\"166\">B\u1ed8 CHUY\u1ec2N \u0110\u1ed4I<\/td>\n<td class=\"et2\" style=\"width: 86.25pt;\" width=\"115\">\u0110\u01af\u1edcNG K\u00cdNH<\/td>\n<\/tr>\n<tr style=\"height: 14.25pt;\">\n<td class=\"et2\" style=\"height: 14.25pt;\" height=\"19\">GLS111<\/td>\n<td class=\"et2\">2,6m (8,5ft)<\/td>\n<td class=\"et2\">Nh\u00f4m<\/td>\n<td class=\"et3\">cm\/ ft<\/td>\n<td class=\"et3\">Th\u1ee5y S\u0129<\/td>\n<td class=\"et3\">25\/32mm<\/td>\n<\/tr>\n<\/tbody>\n<\/table>","protected":false},"excerpt":{"rendered":"<ul>\n<li>V\u1edbi thi\u1ebft k\u1ebf d\u1ea1ng \u1ed1ng l\u1ed3ng, s\u1ea3n ph\u1ea9m n\u00e0y cung c\u1ea5p m\u1ed9t b\u1ec7 \u0111\u1ee1 c\u00f3 th\u1ec3 \u0111i\u1ec1u ch\u1ec9nh v\u00e0 \u1ed5n \u0111\u1ecbnh cho c\u00e1c l\u0103ng k\u00ednh kh\u1ea3o s\u00e1t.<\/li>\n<li>\u0110\u1ea3m b\u1ea3o c\u0103n ch\u1ec9nh th\u1eb3ng \u0111\u1ee9ng ch\u00ednh x\u00e1c v\u1edbi \u1ed1ng th\u1ee7y tinh tr\u00f2n 30 inch t\u00edch h\u1ee3p s\u1eb5n.<\/li>\n<li>S\u1ea3n ph\u1ea9m d\u1ec5 d\u00e0ng \u0111i\u1ec1u ch\u1ec9nh \u0111\u1ed9 cao, t\u1eeb k\u00edch th\u01b0\u1edbc nh\u1ecf g\u1ecdn \u0111\u1ec3 mang theo \u0111\u1ebfn chi\u1ec1u cao l\u00e0m vi\u1ec7c t\u1ed1i \u0111a 2,6m (8,5ft).<\/li>\n<\/ul>","protected":false},"featured_media":4499,"comment_status":"open","ping_status":"closed","template":"","meta":[],"product_brand":[],"product_cat":[89,124],"product_tag":[],"class_list":{"0":"post-4498","1":"product","2":"type-product","3":"status-publish","4":"has-post-thumbnail","6":"product_cat-surveying-pole-rod","7":"product_cat-aluminum-fiberglass-prism-pole","9":"first","10":"instock","11":"shipping-taxable","12":"product-type-simple"},"_links":{"self":[{"href":"https:\/\/mountlaser.com\/vi\/wp-json\/wp\/v2\/product\/4498","targetHints":{"allow":["GET"]}}],"collection":[{"href":"https:\/\/mountlaser.com\/vi\/wp-json\/wp\/v2\/product"}],"about":[{"href":"https:\/\/mountlaser.com\/vi\/wp-json\/wp\/v2\/types\/product"}],"replies":[{"embeddable":true,"href":"https:\/\/mountlaser.com\/vi\/wp-json\/wp\/v2\/comments?post=4498"}],"wp:featuredmedia":[{"embeddable":true,"href":"https:\/\/mountlaser.com\/vi\/wp-json\/wp\/v2\/media\/4499"}],"wp:attachment":[{"href":"https:\/\/mountlaser.com\/vi\/wp-json\/wp\/v2\/media?parent=4498"}],"wp:term":[{"taxonomy":"product_brand","embeddable":true,"href":"https:\/\/mountlaser.com\/vi\/wp-json\/wp\/v2\/product_brand?post=4498"},{"taxonomy":"product_cat","embeddable":true,"href":"https:\/\/mountlaser.com\/vi\/wp-json\/wp\/v2\/product_cat?post=4498"},{"taxonomy":"product_tag","embeddable":true,"href":"https:\/\/mountlaser.com\/vi\/wp-json\/wp\/v2\/product_tag?post=4498"}],"curies":[{"name":"trang web","href":"https:\/\/api.w.org\/{rel}","templated":true}]}}