{"id":4497,"date":"2025-11-17T08:56:31","date_gmt":"2025-11-17T08:56:31","guid":{"rendered":"https:\/\/mountlaser.com\/?post_type=product&#038;p=4497"},"modified":"2025-11-26T08:49:16","modified_gmt":"2025-11-26T08:49:16","slug":"alp01-line-laser-lifting-platform","status":"publish","type":"product","link":"https:\/\/mountlaser.com\/vi\/san-pham\/alp01-line-laser-lifting-platform\/","title":{"rendered":"S\u00e0n n\u00e2ng laser ALP01"},"content":{"rendered":"<p>C\u00e1i <a href=\"https:\/\/mountlaser.com\/vi\/\"><strong>B\u1ec7 n\u00e2ng ALP01 d\u00e0nh cho m\u00e1y c\u00e2n b\u1eb1ng laser<\/strong><\/a> l\u00e0 m\u1ed9t s\u1ea3n ph\u1ea9m \u0111\u01b0\u1ee3c ch\u1ebf t\u1ea1o ch\u00ednh x\u00e1c. <a href=\"https:\/\/mountlaser.com\/vi\/about-us\/\"><strong>ph\u00f2ng th\u00ed nghi\u1ec7m jack<\/strong><\/a> \u0110\u01b0\u1ee3c thi\u1ebft k\u1ebf \u0111\u1ec3 cung c\u1ea5p gi\u00e1 \u0111\u1ee1 \u1ed5n \u0111\u1ecbnh v\u00e0 c\u00f3 th\u1ec3 \u0111i\u1ec1u ch\u1ec9nh \u0111\u1ed9 cao cho c\u00e1c d\u1ee5ng c\u1ee5 c\u00e2n b\u1eb1ng laser. \u0110\u01b0\u1ee3c ch\u1ebf t\u1ea1o t\u1eeb nh\u00f4m b\u1ec1n ch\u1eafc, gi\u00e1 \u0111\u1ee1 ph\u00f2ng th\u00ed nghi\u1ec7m n\u00e0y cung c\u1ea5p kh\u1ea3 n\u0103ng \u0111i\u1ec1u ch\u1ec9nh \u0111\u1ed9 cao m\u01b0\u1ee3t m\u00e0 v\u00e0 \u0111\u00e1ng tin c\u1eady, l\u00fd t\u01b0\u1edfng cho vi\u1ec7c tinh ch\u1ec9nh \u0111\u1ed9 cao laser trong c\u00e1c c\u00f4ng vi\u1ec7c x\u00e2y d\u1ef1ng n\u1ed9i th\u1ea5t, b\u1ed1 tr\u00ed v\u00e0 c\u0103n ch\u1ec9nh.<\/p>\n<p>V\u1edbi thi\u1ebft k\u1ebf nh\u1ecf g\u1ecdn v\u00e0 chi\u1ec1u cao l\u00e0m vi\u1ec7c 90 mm, b\u1ec7 n\u00e2ng ALP01 d\u00e0nh cho m\u00e1y c\u00e2n b\u1eb1ng laser cho ph\u00e9p ng\u01b0\u1eddi d\u00f9ng th\u1ef1c hi\u1ec7n c\u00e1c \u0111i\u1ec1u ch\u1ec9nh theo chi\u1ec1u d\u1ecdc ch\u00ednh x\u00e1c, \u0111\u1ea3m b\u1ea3o c\u00e1c \u0111\u01b0\u1eddng laser \u0111\u01b0\u1ee3c \u0111\u1eb7t ch\u00ednh x\u00e1c \u1edf v\u1ecb tr\u00ed c\u1ea7n thi\u1ebft. C\u1ea5u tr\u00fac nh\u00f4m ch\u1eafc ch\u1eafn \u0111\u1ea3m b\u1ea3o \u0111\u1ed9 b\u1ec1n l\u00e2u d\u00e0i \u0111\u1ed3ng th\u1eddi v\u1eabn gi\u1eef \u0111\u01b0\u1ee3c t\u00ednh di \u0111\u1ed9ng nh\u1eb9 nh\u00e0ng t\u1ea1i c\u00f4ng tr\u01b0\u1eddng.<\/p>\n<p><img fetchpriority=\"high\" decoding=\"async\" class=\"aligncenter wp-image-4514\" src=\"https:\/\/mountlaser.com\/wp-content\/uploads\/2025\/11\/APL019.webp\" alt=\"ALP01 lab jack\" width=\"500\" height=\"500\" srcset=\"https:\/\/mountlaser.com\/wp-content\/uploads\/2025\/11\/APL019.webp 1000w, https:\/\/mountlaser.com\/wp-content\/uploads\/2025\/11\/APL019-300x300.webp 300w, https:\/\/mountlaser.com\/wp-content\/uploads\/2025\/11\/APL019-400x400.webp 400w, https:\/\/mountlaser.com\/wp-content\/uploads\/2025\/11\/APL019-800x800.webp 800w, https:\/\/mountlaser.com\/wp-content\/uploads\/2025\/11\/APL019-600x600.webp 600w, https:\/\/mountlaser.com\/wp-content\/uploads\/2025\/11\/APL019-150x150.webp 150w, https:\/\/mountlaser.com\/wp-content\/uploads\/2025\/11\/APL019-768x768.webp 768w, https:\/\/mountlaser.com\/wp-content\/uploads\/2025\/11\/APL019-12x12.webp 12w\" sizes=\"(max-width: 500px) 100vw, 500px\" \/><\/p>\n<p>\u0110\u01b0\u1ee3c thi\u1ebft k\u1ebf d\u00e0nh cho c\u00e1c chuy\u00ean gia \u0111\u00f2i h\u1ecfi \u0111\u1ed9 ch\u00ednh x\u00e1c cao, <a href=\"https:\/\/mountlaser.com\/vi\/contact-us\/\">B\u1ec7 n\u00e2ng ALP01 d\u00e0nh cho m\u00e1y c\u00e2n b\u1eb1ng laser<\/a> S\u1ea3n ph\u1ea9m n\u00e0y mang l\u1ea1i hi\u1ec7u su\u1ea5t \u1ed5n \u0111\u1ecbnh v\u00e0 h\u1ed7 tr\u1ee3 \u0111\u00e1ng tin c\u1eady, tr\u1edf th\u00e0nh m\u1ed9t thi\u1ebft b\u1ecb n\u00e2ng \u0111\u1ee1 thi\u1ebft y\u1ebfu cho c\u00e1c d\u1ee5ng c\u1ee5 laser \u0111\u01b0\u1ee3c s\u1eed d\u1ee5ng trong c\u00f4ng t\u00e1c \u0111o l\u01b0\u1eddng v\u00e0 c\u00e2n b\u1eb1ng.<\/p>","protected":false},"excerpt":{"rendered":"<ul>\n<li>Cung c\u1ea5p kh\u1ea3 n\u0103ng \u0111i\u1ec1u ch\u1ec9nh \u0111\u1ed9 cao cho m\u00e1y c\u00e2n b\u1eb1ng laser.<\/li>\n<li>C\u01a1 ch\u1ebf n\u00e2ng h\u1ea1 tr\u01a1n tru v\u00e0 \u1ed5n \u0111\u1ecbnh gi\u00fap c\u0103n ch\u1ec9nh th\u1eb3ng \u0111\u1ee9ng ch\u00ednh x\u00e1c.<\/li>\n<li>C\u1ea5u tr\u00fac b\u1eb1ng nh\u00f4m ch\u1eafc ch\u1eafn, b\u1ec1n b\u1ec9 v\u00e0 d\u1ec5 mang theo.<\/li>\n<li>Chi\u1ec1u cao l\u00e0m vi\u1ec7c: 90 mm<\/li>\n<li>L\u00fd t\u01b0\u1edfng cho vi\u1ec7c san l\u1ea5p m\u1eb7t b\u1eb1ng, b\u1ed1 tr\u00ed, l\u00e1t g\u1ea1ch v\u00e0 c\u0103n ch\u1ec9nh n\u1ed9i th\u1ea5t.<\/li>\n<li>T\u0103ng \u0111\u1ed9 ch\u00ednh x\u00e1c nh\u1edd kh\u1ea3 n\u0103ng \u0111i\u1ec1u ch\u1ec9nh \u0111\u1ed9 cao ch\u00ednh x\u00e1c.<\/li>\n<\/ul>","protected":false},"featured_media":4510,"comment_status":"open","ping_status":"closed","template":"","meta":[],"product_brand":[],"product_cat":[94,128],"product_tag":[],"class_list":{"0":"post-4497","1":"product","2":"type-product","3":"status-publish","4":"has-post-thumbnail","6":"product_cat-laser-level-accessory","7":"product_cat-line-laser-lifting-platform","9":"first","10":"instock","11":"shipping-taxable","12":"product-type-simple"},"_links":{"self":[{"href":"https:\/\/mountlaser.com\/vi\/wp-json\/wp\/v2\/product\/4497","targetHints":{"allow":["GET"]}}],"collection":[{"href":"https:\/\/mountlaser.com\/vi\/wp-json\/wp\/v2\/product"}],"about":[{"href":"https:\/\/mountlaser.com\/vi\/wp-json\/wp\/v2\/types\/product"}],"replies":[{"embeddable":true,"href":"https:\/\/mountlaser.com\/vi\/wp-json\/wp\/v2\/comments?post=4497"}],"wp:featuredmedia":[{"embeddable":true,"href":"https:\/\/mountlaser.com\/vi\/wp-json\/wp\/v2\/media\/4510"}],"wp:attachment":[{"href":"https:\/\/mountlaser.com\/vi\/wp-json\/wp\/v2\/media?parent=4497"}],"wp:term":[{"taxonomy":"product_brand","embeddable":true,"href":"https:\/\/mountlaser.com\/vi\/wp-json\/wp\/v2\/product_brand?post=4497"},{"taxonomy":"product_cat","embeddable":true,"href":"https:\/\/mountlaser.com\/vi\/wp-json\/wp\/v2\/product_cat?post=4497"},{"taxonomy":"product_tag","embeddable":true,"href":"https:\/\/mountlaser.com\/vi\/wp-json\/wp\/v2\/product_tag?post=4497"}],"curies":[{"name":"trang web","href":"https:\/\/api.w.org\/{rel}","templated":true}]}}