{"id":4494,"date":"2025-11-17T07:52:44","date_gmt":"2025-11-17T07:52:44","guid":{"rendered":"https:\/\/mountlaser.com\/?post_type=product&#038;p=4494"},"modified":"2025-11-26T09:00:12","modified_gmt":"2025-11-26T09:00:12","slug":"gls12-aluminum-prism-pole","status":"publish","type":"product","link":"https:\/\/mountlaser.com\/vi\/san-pham\/gls12-aluminum-prism-pole\/","title":{"rendered":"C\u1ed9t l\u0103ng k\u00ednh nh\u00f4m GLS12"},"content":{"rendered":"<p>S\u1ef1 k\u1ebft h\u1ee3p gi\u1eefa \u0111\u1ed9 ch\u00ednh x\u00e1c v\u00e0 \u0111\u1ed9 b\u1ec1n: C\u1ed9t l\u0103ng k\u00ednh nh\u00f4m GLS12<\/p>\n<p>N\u00e2ng t\u1ea7m c\u00e1c d\u1ef1 \u00e1n kh\u1ea3o s\u00e1t v\u00e0 \u0111o l\u01b0\u1eddng c\u1ee7a b\u1ea1n v\u1edbi... <a href=\"https:\/\/mountlaser.com\/vi\/products\/\"><strong>C\u1ed9t l\u0103ng k\u00ednh nh\u00f4m GLS12<\/strong><\/a>, M\u1ed9t c\u00f4ng c\u1ee5 \u0111\u01b0\u1ee3c ch\u1ebf t\u1ea1o \u0111\u1ec3 \u0111\u1ea1t \u0111\u1ed9 \u1ed5n \u0111\u1ecbnh v\u00e0 \u0111\u1ed9 ch\u00ednh x\u00e1c v\u01b0\u1ee3t tr\u1ed9i. C\u00e2y s\u00e0o nh\u00f4m c\u01b0\u1eddng \u0111\u1ed9 cao n\u00e0y \u0111\u01b0\u1ee3c thi\u1ebft k\u1ebf \u0111\u1ec3 ch\u1ecbu \u0111\u01b0\u1ee3c nh\u1eefng \u0111i\u1ec1u ki\u1ec7n kh\u1eafc nghi\u1ec7t ngo\u00e0i tr\u1eddi \u0111\u1ed3ng th\u1eddi mang l\u1ea1i \u0111\u1ed9 tin c\u1eady m\u00e0 c\u00e1c chuy\u00ean gia y\u00eau c\u1ea7u.<\/p>\n<p>M\u1ed9t \u0111\u1eb7c \u0111i\u1ec3m n\u1ed5i b\u1eadt c\u1ee7a c\u00e2y s\u00e0o n\u00e0y l\u00e0 c\u01a1 ch\u1ebf kh\u00f3a ki\u1ec3u Th\u1ee5y S\u0129 (Swiss Style Snap Lock Prism Pole). H\u1ec7 th\u1ed1ng kh\u00f3a tinh vi n\u00e0y \u0111\u1ea3m b\u1ea3o thi\u1ebft l\u1eadp nhanh ch\u00f3ng v\u00e0 an to\u00e0n, cho ph\u00e9p \u0111i\u1ec1u ch\u1ec9nh chi\u1ec1u cao nhanh ch\u00f3ng m\u00e0 kh\u00f4ng \u1ea3nh h\u01b0\u1edfng \u0111\u1ebfn \u0111\u1ed9 c\u1ee9ng ho\u1eb7c s\u1ef1 th\u1eb3ng h\u00e0ng. \u0110\u1ed9 ch\u00ednh x\u00e1c c\u1ee7a... <a href=\"https:\/\/mountlaser.com\/vi\/about-us\/\"><strong>C\u1ed9t l\u0103ng tr\u1ee5 kh\u00f3a g\u00e0i ki\u1ec3u Th\u1ee5y S\u0129<\/strong><\/a> Thi\u1ebft k\u1ebf n\u00e0y \u0111\u1ea3m b\u1ea3o l\u0103ng k\u00ednh c\u1ee7a b\u1ea1n lu\u00f4n \u1ed5n \u0111\u1ecbnh, ngay c\u1ea3 trong \u0111i\u1ec1u ki\u1ec7n kh\u1eafc nghi\u1ec7t.<\/p>\n<p>\u0110\u1ec3 \u0111\u1ea1t \u0111\u1ed9 ch\u00ednh x\u00e1c tuy\u1ec7t \u0111\u1ed1i trong m\u1ecdi c\u00f4ng vi\u1ec7c, <a href=\"https:\/\/mountlaser.com\/vi\/\">C\u1ed9t l\u0103ng k\u00ednh nh\u00f4m GLS12<\/a> \u0110\u01b0\u1ee3c trang b\u1ecb \u1ed1ng th\u1ee7y tinh tr\u00f2n 30 inch \u0111\u1ec3 c\u00e2n b\u1eb1ng ch\u00ednh x\u00e1c. \u0110\u01b0\u1ee3c ch\u1ebf t\u1ea1o t\u1eeb nh\u00f4m ch\u1eafc ch\u1eafn, n\u00f3 mang l\u1ea1i s\u1ef1 c\u00e2n b\u1eb1ng t\u1ed1i \u01b0u gi\u1eefa tr\u1ecdng l\u01b0\u1ee3ng nh\u1eb9 v\u00e0 \u0111\u1ed9 b\u1ec1n l\u00e2u d\u00e0i. C\u00e2y s\u00e0o c\u00f3 b\u1ed9 chuy\u1ec3n \u0111\u1ed5i ki\u1ec3u Th\u1ee5y S\u0129 \u0111\u1ec3 t\u01b0\u01a1ng th\u00edch v\u1edbi m\u1ecdi lo\u1ea1i s\u00e0o v\u00e0 c\u00f3 \u0111\u01b0\u1eddng k\u00ednh 18\/25mm.<\/p>\n<p><img fetchpriority=\"high\" decoding=\"async\" class=\"aligncenter wp-image-4495\" src=\"https:\/\/mountlaser.com\/wp-content\/uploads\/2025\/11\/IMG_3171.webp\" alt=\"Swiss Style Snap Lock Prism Pole\" width=\"500\" height=\"500\" srcset=\"https:\/\/mountlaser.com\/wp-content\/uploads\/2025\/11\/IMG_3171.webp 800w, https:\/\/mountlaser.com\/wp-content\/uploads\/2025\/11\/IMG_3171-300x300.webp 300w, https:\/\/mountlaser.com\/wp-content\/uploads\/2025\/11\/IMG_3171-400x400.webp 400w, https:\/\/mountlaser.com\/wp-content\/uploads\/2025\/11\/IMG_3171-600x600.webp 600w, https:\/\/mountlaser.com\/wp-content\/uploads\/2025\/11\/IMG_3171-150x150.webp 150w, https:\/\/mountlaser.com\/wp-content\/uploads\/2025\/11\/IMG_3171-768x768.webp 768w, https:\/\/mountlaser.com\/wp-content\/uploads\/2025\/11\/IMG_3171-12x12.webp 12w\" sizes=\"(max-width: 500px) 100vw, 500px\" \/><\/p>\n<p><strong>Th\u00f4ng s\u1ed1 k\u1ef9 thu\u1eadt c\u1ed9t l\u0103ng tr\u1ee5 nh\u00f4m GLS12<\/strong><\/p>\n<table style=\"border-collapse: collapse; width: 741.77pt;\" border=\"0\" width=\"989\" cellspacing=\"0\" cellpadding=\"0\">\n<tbody>\n<tr style=\"height: 14.25pt;\">\n<td class=\"et2\" style=\"height: 14.25pt; width: 142.50pt;\" width=\"190\" height=\"19\">CON S\u1ed0<\/td>\n<td class=\"et2\" style=\"width: 127.50pt;\" width=\"170\">CHI\u1ec0U D\u00c0I<\/td>\n<td class=\"et2\" style=\"width: 126.00pt;\" width=\"168\">V\u1eacT LI\u1ec6U<\/td>\n<td class=\"et2\" style=\"width: 135.00pt;\" width=\"180\">SINH VI\u00caN T\u1ed0T NGHI\u1ec6P<\/td>\n<td class=\"et2\" style=\"width: 124.50pt;\" width=\"166\">B\u1ed8 CHUY\u1ec2N \u0110\u1ed4I<\/td>\n<td class=\"et2\" style=\"width: 86.25pt;\" width=\"115\">\u0110\u01af\u1edcNG K\u00cdNH<\/td>\n<\/tr>\n<tr style=\"height: 14.25pt;\">\n<td class=\"et2\" style=\"height: 14.25pt;\" height=\"19\">GLS12<\/td>\n<td class=\"et2\">2,0m<\/td>\n<td class=\"et2\">Nh\u00f4m<\/td>\n<td class=\"et3\">cm<\/td>\n<td class=\"et3\">Th\u1ee5y S\u0129<\/td>\n<td class=\"et3\">18\/25mm<\/td>\n<\/tr>\n<\/tbody>\n<\/table>\n<p>&nbsp;<\/p>","protected":false},"excerpt":{"rendered":"<ul>\n<li>Cung c\u1ea5p m\u1ed9t b\u1ec7 \u0111\u1ee1 \u1ed5n \u0111\u1ecbnh v\u00e0 c\u00f3 th\u1ec3 \u0111i\u1ec1u ch\u1ec9nh \u0111\u1ec3 g\u1eafn c\u00e1c l\u0103ng k\u00ednh \u0111o \u0111\u1ea1c.<\/li>\n<li>\u0110\u1ea3m b\u1ea3o s\u1ef1 th\u1eb3ng \u0111\u1ee9ng ch\u00ednh x\u00e1c nh\u1edd \u1ed1ng th\u1ee7y tinh tr\u00f2n 30 inch t\u00edch h\u1ee3p.<\/li>\n<li>Cho ph\u00e9p \u0111i\u1ec1u ch\u1ec9nh \u0111\u1ed9 cao nhanh ch\u00f3ng v\u00e0 an to\u00e0n nh\u1edd c\u01a1 ch\u1ebf kh\u00f3a g\u00e0i ki\u1ec3u Th\u1ee5y S\u0129.<\/li>\n<\/ul>","protected":false},"featured_media":4495,"comment_status":"open","ping_status":"closed","template":"","meta":[],"product_brand":[],"product_cat":[89,124],"product_tag":[],"class_list":{"0":"post-4494","1":"product","2":"type-product","3":"status-publish","4":"has-post-thumbnail","6":"product_cat-surveying-pole-rod","7":"product_cat-aluminum-fiberglass-prism-pole","9":"first","10":"instock","11":"shipping-taxable","12":"product-type-simple"},"_links":{"self":[{"href":"https:\/\/mountlaser.com\/vi\/wp-json\/wp\/v2\/product\/4494","targetHints":{"allow":["GET"]}}],"collection":[{"href":"https:\/\/mountlaser.com\/vi\/wp-json\/wp\/v2\/product"}],"about":[{"href":"https:\/\/mountlaser.com\/vi\/wp-json\/wp\/v2\/types\/product"}],"replies":[{"embeddable":true,"href":"https:\/\/mountlaser.com\/vi\/wp-json\/wp\/v2\/comments?post=4494"}],"wp:featuredmedia":[{"embeddable":true,"href":"https:\/\/mountlaser.com\/vi\/wp-json\/wp\/v2\/media\/4495"}],"wp:attachment":[{"href":"https:\/\/mountlaser.com\/vi\/wp-json\/wp\/v2\/media?parent=4494"}],"wp:term":[{"taxonomy":"product_brand","embeddable":true,"href":"https:\/\/mountlaser.com\/vi\/wp-json\/wp\/v2\/product_brand?post=4494"},{"taxonomy":"product_cat","embeddable":true,"href":"https:\/\/mountlaser.com\/vi\/wp-json\/wp\/v2\/product_cat?post=4494"},{"taxonomy":"product_tag","embeddable":true,"href":"https:\/\/mountlaser.com\/vi\/wp-json\/wp\/v2\/product_tag?post=4494"}],"curies":[{"name":"trang web","href":"https:\/\/api.w.org\/{rel}","templated":true}]}}