{"id":4485,"date":"2025-11-17T07:41:43","date_gmt":"2025-11-17T07:41:43","guid":{"rendered":"https:\/\/mountlaser.com\/?post_type=product&#038;p=4485"},"modified":"2025-11-26T09:01:10","modified_gmt":"2025-11-26T09:01:10","slug":"ltp03-laser-target-plate","status":"publish","type":"product","link":"https:\/\/mountlaser.com\/vi\/san-pham\/ltp03-laser-target-plate\/","title":{"rendered":"T\u1ea5m bia laser LTP03"},"content":{"rendered":"<p data-start=\"194\" data-end=\"576\">C\u00e1i <a href=\"https:\/\/mountlaser.com\/vi\/\"><strong data-start=\"198\" data-end=\"226\">T\u1ea5m bia laser LTP03<\/strong><\/a> l\u00e0 m\u1ed9t v\u1eadt li\u1ec7u b\u1ec1n v\u00e0 c\u00f3 \u0111\u1ed9 hi\u1ec3n th\u1ecb cao. <a href=\"https:\/\/mountlaser.com\/vi\/about-us\/\"><strong data-start=\"259\" data-end=\"287\">B\u1ea3ng m\u1ee5c ti\u00eau c\u00e2n b\u1eb1ng laser<\/strong><\/a> \u0110\u01b0\u1ee3c thi\u1ebft k\u1ebf \u0111\u1ec3 c\u1ea3i thi\u1ec7n kh\u1ea3 n\u0103ng ph\u00e1t hi\u1ec7n tia laser trong nhi\u1ec1u nhi\u1ec7m v\u1ee5 \u0111o l\u01b0\u1eddng v\u00e0 c\u0103n ch\u1ec9nh kh\u00e1c nhau. V\u1edbi b\u1ec1 m\u1eb7t ph\u1ea3n chi\u1ebfu, \u0111\u1ed9 t\u01b0\u01a1ng ph\u1ea3n cao, T\u1ea5m m\u1ee5c ti\u00eau laser LTP03 t\u0103ng c\u01b0\u1eddng \u0111\u1ed9 r\u00f5 n\u00e9t c\u1ee7a c\u00e1c \u0111\u01b0\u1eddng laser, gi\u00fap vi\u1ec7c \u0111o \u1edf kho\u1ea3ng c\u00e1ch xa v\u00e0 trong m\u00f4i tr\u01b0\u1eddng s\u00e1ng tr\u1edf n\u00ean d\u1ec5 d\u00e0ng v\u00e0 ch\u00ednh x\u00e1c h\u01a1n.<\/p>\n<p data-start=\"578\" data-end=\"949\">\u0110\u1ec3 \u0111\u00e1p \u1ee9ng c\u00e1c nhu c\u1ea7u \u1ee9ng d\u1ee5ng kh\u00e1c nhau, T\u1ea5m bia laser LTP03 c\u00f3 hai t\u00f9y ch\u1ecdn m\u00e0u s\u1eafc: \u0111\u1ecf v\u00e0 tr\u1eafng, mang l\u1ea1i kh\u1ea3 n\u0103ng hi\u1ec3n th\u1ecb linh ho\u1ea1t trong c\u00e1c \u0111i\u1ec1u ki\u1ec7n l\u00e0m vi\u1ec7c kh\u00e1c nhau. Ngo\u00e0i ra, T\u1ea5m bia laser n\u00e0y c\u00f3 ba k\u00edch th\u01b0\u1edbc\u2014150 mm, 200 mm v\u00e0 300 mm\u2014mang l\u1ea1i s\u1ef1 linh ho\u1ea1t cho c\u00e1c m\u00f4i tr\u01b0\u1eddng c\u00f4ng tr\u01b0\u1eddng v\u00e0 y\u00eau c\u1ea7u d\u1ef1 \u00e1n kh\u00e1c nhau.<\/p>\n<p data-start=\"951\" data-end=\"1200\"><img fetchpriority=\"high\" decoding=\"async\" class=\"aligncenter wp-image-4490\" src=\"https:\/\/mountlaser.com\/wp-content\/uploads\/2025\/11\/LTP035.webp\" alt=\"LTP03 Laser Target Plate\" width=\"500\" height=\"500\" srcset=\"https:\/\/mountlaser.com\/wp-content\/uploads\/2025\/11\/LTP035.webp 1000w, https:\/\/mountlaser.com\/wp-content\/uploads\/2025\/11\/LTP035-300x300.webp 300w, https:\/\/mountlaser.com\/wp-content\/uploads\/2025\/11\/LTP035-400x400.webp 400w, https:\/\/mountlaser.com\/wp-content\/uploads\/2025\/11\/LTP035-800x800.webp 800w, https:\/\/mountlaser.com\/wp-content\/uploads\/2025\/11\/LTP035-600x600.webp 600w, https:\/\/mountlaser.com\/wp-content\/uploads\/2025\/11\/LTP035-150x150.webp 150w, https:\/\/mountlaser.com\/wp-content\/uploads\/2025\/11\/LTP035-768x768.webp 768w, https:\/\/mountlaser.com\/wp-content\/uploads\/2025\/11\/LTP035-12x12.webp 12w\" sizes=\"(max-width: 500px) 100vw, 500px\" \/><\/p>\n<p data-start=\"951\" data-end=\"1200\">\u0110\u01b0\u1ee3c thi\u1ebft k\u1ebf d\u00e0nh cho c\u00e1c chuy\u00ean gia x\u00e2y d\u1ef1ng, b\u1ed1 tr\u00ed v\u00e0 kh\u1ea3o s\u00e1t, ph\u1ea7n m\u1ec1m n\u00e0y... <a href=\"https:\/\/mountlaser.com\/vi\/products\/\">B\u1ea3ng m\u1ee5c ti\u00eau c\u00e2n b\u1eb1ng laser<\/a> Mang l\u1ea1i \u0111\u1ed9 t\u01b0\u01a1ng ph\u1ea3n \u0111\u01b0\u1ee3c c\u1ea3i thi\u1ec7n, v\u1ea1ch chia d\u1ec5 \u0111\u1ecdc v\u00e0 hi\u1ec7u su\u1ea5t \u1ed5n \u0111\u1ecbnh. Thi\u1ebft k\u1ebf b\u1ec1n b\u1ec9 \u0111\u1ea3m b\u1ea3o s\u1eed d\u1ee5ng \u0111\u00e1ng tin c\u1eady c\u1ea3 trong nh\u00e0 v\u00e0 ngo\u00e0i tr\u1eddi.<\/p>","protected":false},"excerpt":{"rendered":"<ul>\n<li>T\u0103ng c\u01b0\u1eddng kh\u1ea3 n\u0103ng hi\u1ec3n th\u1ecb c\u1ee7a c\u00e1c \u0111\u01b0\u1eddng laser trong m\u00f4i tr\u01b0\u1eddng \u00e1nh s\u00e1ng m\u1ea1nh ho\u1eb7c kho\u1ea3ng c\u00e1ch xa.<\/li>\n<li>B\u1ec1 m\u1eb7t ph\u1ea3n chi\u1ebfu gi\u00fap c\u1ea3i thi\u1ec7n \u0111\u1ed9 t\u01b0\u01a1ng ph\u1ea3n \u0111\u1ec3 c\u0103n ch\u1ec9nh ch\u00ednh x\u00e1c.<\/li>\n<li>C\u00f3 s\u1eb5n c\u00e1c l\u1ef1a ch\u1ecdn m\u00e0u \u0111\u1ecf v\u00e0 tr\u1eafng.<\/li>\n<li>C\u00f3 ba k\u00edch th\u01b0\u1edbc: 150 mm, 200 mm, 300 mm.<\/li>\n<li>V\u1ea1ch chia thang \u0111o r\u00f5 r\u00e0ng gi\u00fap \u0111\u1ecbnh v\u1ecb ch\u00ednh x\u00e1c.<\/li>\n<li>Th\u00edch h\u1ee3p cho c\u00e1c c\u00f4ng vi\u1ec7c san l\u1ea5p m\u1eb7t b\u1eb1ng, b\u1ed1 tr\u00ed v\u00e0 kh\u1ea3o s\u00e1t.<\/li>\n<li>B\u1ec1n ch\u1eafc v\u00e0 \u1ed5n \u0111\u1ecbnh, th\u00edch h\u1ee3p s\u1eed d\u1ee5ng trong nh\u00e0 v\u00e0 ngo\u00e0i tr\u1eddi.<\/li>\n<\/ul>","protected":false},"featured_media":4490,"comment_status":"open","ping_status":"closed","template":"","meta":[],"product_brand":[],"product_cat":[94,127],"product_tag":[],"class_list":{"0":"post-4485","1":"product","2":"type-product","3":"status-publish","4":"has-post-thumbnail","6":"product_cat-laser-level-accessory","7":"product_cat-laser-target","9":"first","10":"instock","11":"shipping-taxable","12":"product-type-simple"},"_links":{"self":[{"href":"https:\/\/mountlaser.com\/vi\/wp-json\/wp\/v2\/product\/4485","targetHints":{"allow":["GET"]}}],"collection":[{"href":"https:\/\/mountlaser.com\/vi\/wp-json\/wp\/v2\/product"}],"about":[{"href":"https:\/\/mountlaser.com\/vi\/wp-json\/wp\/v2\/types\/product"}],"replies":[{"embeddable":true,"href":"https:\/\/mountlaser.com\/vi\/wp-json\/wp\/v2\/comments?post=4485"}],"wp:featuredmedia":[{"embeddable":true,"href":"https:\/\/mountlaser.com\/vi\/wp-json\/wp\/v2\/media\/4490"}],"wp:attachment":[{"href":"https:\/\/mountlaser.com\/vi\/wp-json\/wp\/v2\/media?parent=4485"}],"wp:term":[{"taxonomy":"product_brand","embeddable":true,"href":"https:\/\/mountlaser.com\/vi\/wp-json\/wp\/v2\/product_brand?post=4485"},{"taxonomy":"product_cat","embeddable":true,"href":"https:\/\/mountlaser.com\/vi\/wp-json\/wp\/v2\/product_cat?post=4485"},{"taxonomy":"product_tag","embeddable":true,"href":"https:\/\/mountlaser.com\/vi\/wp-json\/wp\/v2\/product_tag?post=4485"}],"curies":[{"name":"trang web","href":"https:\/\/api.w.org\/{rel}","templated":true}]}}