{"id":4476,"date":"2025-11-17T05:52:26","date_gmt":"2025-11-17T05:52:26","guid":{"rendered":"https:\/\/mountlaser.com\/?post_type=product&#038;p=4476"},"modified":"2025-11-26T09:02:54","modified_gmt":"2025-11-26T09:02:54","slug":"ltp02-laser-target-plate","status":"publish","type":"product","link":"https:\/\/mountlaser.com\/vi\/san-pham\/ltp02-laser-target-plate\/","title":{"rendered":"T\u1ea5m bia laser LTP02"},"content":{"rendered":"<p>C\u00e1i <a href=\"https:\/\/mountlaser.com\/vi\/products\/\"><strong>T\u1ea5m bia laser LTP02<\/strong><\/a> l\u00e0 m\u1ed9t y\u1ebfu t\u1ed1 d\u1ec5 nh\u1eadn bi\u1ebft <a href=\"https:\/\/mountlaser.com\/vi\/\"><strong>T\u1ea5m th\u1ebb m\u1ee5c ti\u00eau laser<\/strong><\/a> \u0110\u01b0\u1ee3c thi\u1ebft k\u1ebf \u0111\u1ec3 n\u00e2ng cao \u0111\u1ed9 r\u00f5 n\u00e9t v\u00e0 \u0111\u1ed9 ch\u00ednh x\u00e1c c\u1ee7a c\u00e1c \u0111\u01b0\u1eddng laser trong qu\u00e1 tr\u00ecnh san l\u1ea5p v\u00e0 c\u0103n ch\u1ec9nh. V\u1edbi b\u1ec1 m\u1eb7t ph\u1ea3n chi\u1ebfu c\u00f3 \u0111\u1ed9 t\u01b0\u01a1ng ph\u1ea3n cao, t\u1ea5m m\u1ee5c ti\u00eau laser LTP02 c\u1ea3i thi\u1ec7n kh\u1ea3 n\u0103ng hi\u1ec3n th\u1ecb ch\u00f9m tia \u1edf kho\u1ea3ng c\u00e1ch xa v\u00e0 trong m\u00f4i tr\u01b0\u1eddng s\u00e1ng, l\u00fd t\u01b0\u1edfng cho c\u1ea3 \u1ee9ng d\u1ee5ng trong nh\u00e0 v\u00e0 ngo\u00e0i tr\u1eddi.<\/p>\n<p><img fetchpriority=\"high\" decoding=\"async\" class=\"aligncenter wp-image-4478\" src=\"https:\/\/mountlaser.com\/wp-content\/uploads\/2025\/11\/LTP022.webp\" alt=\"LTP02 laser target plate\" width=\"500\" height=\"500\" srcset=\"https:\/\/mountlaser.com\/wp-content\/uploads\/2025\/11\/LTP022.webp 1000w, https:\/\/mountlaser.com\/wp-content\/uploads\/2025\/11\/LTP022-300x300.webp 300w, https:\/\/mountlaser.com\/wp-content\/uploads\/2025\/11\/LTP022-400x400.webp 400w, https:\/\/mountlaser.com\/wp-content\/uploads\/2025\/11\/LTP022-800x800.webp 800w, https:\/\/mountlaser.com\/wp-content\/uploads\/2025\/11\/LTP022-600x600.webp 600w, https:\/\/mountlaser.com\/wp-content\/uploads\/2025\/11\/LTP022-150x150.webp 150w, https:\/\/mountlaser.com\/wp-content\/uploads\/2025\/11\/LTP022-768x768.webp 768w, https:\/\/mountlaser.com\/wp-content\/uploads\/2025\/11\/LTP022-12x12.webp 12w\" sizes=\"(max-width: 500px) 100vw, 500px\" \/><\/p>\n<p>\u0110\u1ec3 \u0111\u00e1p \u1ee9ng c\u00e1c nhu c\u1ea7u ho\u1ea1t \u0111\u1ed9ng kh\u00e1c nhau, <a href=\"https:\/\/mountlaser.com\/vi\/contact-us\/\">T\u1ea5m bia laser LTP02<\/a> C\u00f3 hai l\u1ef1a ch\u1ecdn m\u00e0u s\u1eafc: \u0111\u1ecf cho c\u00e1c v\u1ea1ch laser \u0111\u1ecf v\u00e0 xanh l\u00e1 c\u00e2y cho c\u00e1c v\u1ea1ch laser xanh l\u00e1 c\u00e2y, \u0111\u1ea3m b\u1ea3o \u0111\u1ed9 t\u01b0\u01a1ng ph\u1ea3n t\u1ed1i \u01b0u v\u00e0 d\u1ec5 d\u00e0ng ph\u00e1t hi\u1ec7n tia laser. T\u1ea5m b\u1ea3ng m\u1ee5c ti\u00eau laser b\u1ec1n b\u1ec9 n\u00e0y bao g\u1ed3m c\u00e1c v\u1ea1ch chia r\u00f5 r\u00e0ng, gi\u00e1 \u0111\u1ee1 \u1ed5n \u0111\u1ecbnh v\u00e0 c\u1ea5u tr\u00fac ch\u1eafc ch\u1eafn, ph\u00f9 h\u1ee3p cho c\u00e1c chuy\u00ean gia x\u00e2y d\u1ef1ng, c\u1ea3i t\u1ea1o v\u00e0 thi\u1ebft k\u1ebf b\u1ed1 tr\u00ed \u0111\u00f2i h\u1ecfi \u0111\u1ed9 ch\u00ednh x\u00e1c cao.<\/p>","protected":false},"excerpt":{"rendered":"<ul>\n<li>T\u0103ng c\u01b0\u1eddng kh\u1ea3 n\u0103ng nh\u00ecn r\u00f5 \u0111\u01b0\u1eddng laser \u1edf kho\u1ea3ng c\u00e1ch xa ho\u1eb7c trong \u0111i\u1ec1u ki\u1ec7n \u00e1nh s\u00e1ng m\u1ea1nh.<\/li>\n<li>B\u1ec1 m\u1eb7t ph\u1ea3n chi\u1ebfu gi\u00fap c\u1ea3i thi\u1ec7n \u0111\u1ed9 t\u01b0\u01a1ng ph\u1ea3n cho c\u00e1c d\u1ee5ng c\u1ee5 laser m\u00e0u \u0111\u1ecf v\u00e0 xanh l\u00e1 c\u00e2y.<\/li>\n<li>C\u00f3 s\u1eb5n m\u00e0u \u0111\u1ecf (cho tia laser \u0111\u1ecf) v\u00e0 m\u00e0u xanh l\u00e1 c\u00e2y (cho tia laser xanh l\u00e1 c\u00e2y).<\/li>\n<li>V\u1ea1ch chia \u0111o r\u00f5 r\u00e0ng gi\u00fap c\u0103n ch\u1ec9nh ch\u00ednh x\u00e1c.<\/li>\n<li>Thi\u1ebft k\u1ebf b\u1ec1n b\u1ec9 v\u00e0 \u1ed5n \u0111\u1ecbnh, ph\u00f9 h\u1ee3p v\u1edbi nhi\u1ec1u m\u00f4i tr\u01b0\u1eddng c\u00f4ng tr\u01b0\u1eddng kh\u00e1c nhau.<\/li>\n<li>L\u00fd t\u01b0\u1edfng cho c\u00e1c c\u00f4ng vi\u1ec7c san l\u1ea5p m\u1eb7t b\u1eb1ng, b\u1ed1 tr\u00ed, kh\u1ea3o s\u00e1t v\u00e0 c\u0103n ch\u1ec9nh.<\/li>\n<\/ul>","protected":false},"featured_media":4477,"comment_status":"open","ping_status":"closed","template":"","meta":[],"product_brand":[],"product_cat":[94,127],"product_tag":[],"class_list":{"0":"post-4476","1":"product","2":"type-product","3":"status-publish","4":"has-post-thumbnail","6":"product_cat-laser-level-accessory","7":"product_cat-laser-target","9":"first","10":"instock","11":"shipping-taxable","12":"product-type-simple"},"_links":{"self":[{"href":"https:\/\/mountlaser.com\/vi\/wp-json\/wp\/v2\/product\/4476","targetHints":{"allow":["GET"]}}],"collection":[{"href":"https:\/\/mountlaser.com\/vi\/wp-json\/wp\/v2\/product"}],"about":[{"href":"https:\/\/mountlaser.com\/vi\/wp-json\/wp\/v2\/types\/product"}],"replies":[{"embeddable":true,"href":"https:\/\/mountlaser.com\/vi\/wp-json\/wp\/v2\/comments?post=4476"}],"wp:featuredmedia":[{"embeddable":true,"href":"https:\/\/mountlaser.com\/vi\/wp-json\/wp\/v2\/media\/4477"}],"wp:attachment":[{"href":"https:\/\/mountlaser.com\/vi\/wp-json\/wp\/v2\/media?parent=4476"}],"wp:term":[{"taxonomy":"product_brand","embeddable":true,"href":"https:\/\/mountlaser.com\/vi\/wp-json\/wp\/v2\/product_brand?post=4476"},{"taxonomy":"product_cat","embeddable":true,"href":"https:\/\/mountlaser.com\/vi\/wp-json\/wp\/v2\/product_cat?post=4476"},{"taxonomy":"product_tag","embeddable":true,"href":"https:\/\/mountlaser.com\/vi\/wp-json\/wp\/v2\/product_tag?post=4476"}],"curies":[{"name":"trang web","href":"https:\/\/api.w.org\/{rel}","templated":true}]}}