{"id":4475,"date":"2025-11-17T05:34:16","date_gmt":"2025-11-17T05:34:16","guid":{"rendered":"https:\/\/mountlaser.com\/?post_type=product&#038;p=4475"},"modified":"2025-11-26T09:03:55","modified_gmt":"2025-11-26T09:03:55","slug":"ltp01-laser-target-plate","status":"publish","type":"product","link":"https:\/\/mountlaser.com\/vi\/san-pham\/ltp01-laser-target-plate\/","title":{"rendered":"T\u1ea5m bia laser LTP01"},"content":{"rendered":"<p>C\u00e1i <a href=\"https:\/\/mountlaser.com\/vi\/products\/\"><strong>T\u1ea5m bia laser LTP01<\/strong><\/a> l\u00e0 m\u1ed9t chuy\u00ean gia <a href=\"https:\/\/mountlaser.com\/vi\/\"><strong>m\u1ee5c ti\u00eau c\u00e2n b\u1eb1ng laser<\/strong><\/a> \u0110\u01b0\u1ee3c thi\u1ebft k\u1ebf \u0111\u1ec3 t\u0103ng c\u01b0\u1eddng kh\u1ea3 n\u0103ng hi\u1ec3n th\u1ecb tia laser v\u00e0 c\u1ea3i thi\u1ec7n \u0111\u1ed9 ch\u00ednh x\u00e1c \u0111o l\u01b0\u1eddng trong nhi\u1ec1u \u0111i\u1ec1u ki\u1ec7n c\u00f4ng tr\u01b0\u1eddng kh\u00e1c nhau. T\u1ea5m m\u1ee5c ti\u00eau laser LTP01 b\u1ec1n b\u1ec9 n\u00e0y c\u00f3 b\u1ec1 m\u1eb7t ph\u1ea3n chi\u1ebfu \u0111\u1ed9 t\u01b0\u01a1ng ph\u1ea3n cao, thu nh\u1eadn r\u00f5 r\u00e0ng c\u00e1c \u0111\u01b0\u1eddng laser, gi\u00fap vi\u1ec7c san l\u1ea5p v\u00e0 c\u0103n ch\u1ec9nh \u1edf kho\u1ea3ng c\u00e1ch xa tr\u1edf n\u00ean d\u1ec5 d\u00e0ng v\u00e0 ch\u00ednh x\u00e1c h\u01a1n.<\/p>\n<p>\u0110\u1ec3 \u0111\u00e1p \u1ee9ng c\u00e1c nhu c\u1ea7u \u1ee9ng d\u1ee5ng kh\u00e1c nhau, t\u1ea5m bia laser LTP01 c\u00f3 hai t\u00f9y ch\u1ecdn m\u00e0u s\u1eafc: \u0111\u1ecf cho c\u00e1c \u0111\u01b0\u1eddng laser \u0111\u1ecf v\u00e0 xanh l\u00e1 c\u00e2y cho c\u00e1c \u0111\u01b0\u1eddng laser xanh l\u00e1 c\u00e2y. Cho d\u00f9 s\u1eed d\u1ee5ng trong nh\u00e0 hay ngo\u00e0i tr\u1eddi, t\u1ea5m bia laser n\u00e0y \u0111\u1ea3m b\u1ea3o \u0111\u1ed9 r\u00f5 n\u00e9t v\u01b0\u1ee3t tr\u1ed9i b\u1eb1ng c\u00e1ch c\u1ea3i thi\u1ec7n \u0111\u1ed9 t\u01b0\u01a1ng ph\u1ea3n c\u1ee7a ch\u00f9m tia laser, \u0111\u1eb7c bi\u1ec7t l\u00e0 trong m\u00f4i tr\u01b0\u1eddng s\u00e1ng ho\u1eb7c \u1edf ph\u1ea1m vi r\u1ed9ng.<\/p>\n<p><img fetchpriority=\"high\" decoding=\"async\" class=\"aligncenter wp-image-4470\" src=\"https:\/\/mountlaser.com\/wp-content\/uploads\/2025\/11\/LTP013.webp\" alt=\"LTP01 laser target plate\" width=\"500\" height=\"500\" srcset=\"https:\/\/mountlaser.com\/wp-content\/uploads\/2025\/11\/LTP013.webp 1000w, https:\/\/mountlaser.com\/wp-content\/uploads\/2025\/11\/LTP013-300x300.webp 300w, https:\/\/mountlaser.com\/wp-content\/uploads\/2025\/11\/LTP013-400x400.webp 400w, https:\/\/mountlaser.com\/wp-content\/uploads\/2025\/11\/LTP013-800x800.webp 800w, https:\/\/mountlaser.com\/wp-content\/uploads\/2025\/11\/LTP013-600x600.webp 600w, https:\/\/mountlaser.com\/wp-content\/uploads\/2025\/11\/LTP013-150x150.webp 150w, https:\/\/mountlaser.com\/wp-content\/uploads\/2025\/11\/LTP013-768x768.webp 768w, https:\/\/mountlaser.com\/wp-content\/uploads\/2025\/11\/LTP013-12x12.webp 12w\" sizes=\"(max-width: 500px) 100vw, 500px\" \/><\/p>\n<p>\u0110\u01b0\u1ee3c thi\u1ebft k\u1ebf cho c\u00e1c c\u00f4ng vi\u1ec7c x\u00e2y d\u1ef1ng, b\u1ed1 tr\u00ed n\u1ed9i th\u1ea5t v\u00e0 kh\u1ea3o s\u00e1t, thi\u1ebft b\u1ecb n\u00e0y... <a href=\"https:\/\/mountlaser.com\/vi\/contact-us\/\">m\u1ee5c ti\u00eau c\u00e2n b\u1eb1ng laser<\/a> Cung c\u1ea5p kh\u1ea3 n\u0103ng \u0111\u1ecbnh v\u1ecb \u1ed5n \u0111\u1ecbnh, v\u1ea1ch chia d\u1ec5 \u0111\u1ecdc v\u00e0 hi\u1ec7u su\u1ea5t nh\u1ea5t qu\u00e1n\u2014l\u00e0m cho n\u00f3 tr\u1edf th\u00e0nh m\u1ed9t ph\u1ee5 ki\u1ec7n thi\u1ebft y\u1ebfu cho c\u00e1c chuy\u00ean gia d\u1ef1a v\u00e0o c\u00e1c ph\u00e9p \u0111o laser ch\u00ednh x\u00e1c.<\/p>","protected":false},"excerpt":{"rendered":"<ul>\n<li>T\u0103ng c\u01b0\u1eddng kh\u1ea3 n\u0103ng hi\u1ec3n th\u1ecb c\u1ee7a c\u00e1c \u0111\u01b0\u1eddng laser \u1edf kho\u1ea3ng c\u00e1ch xa ho\u1eb7c trong m\u00f4i tr\u01b0\u1eddng \u00e1nh s\u00e1ng m\u1ea1nh.<\/li>\n<li>B\u1ec1 m\u1eb7t ph\u1ea3n chi\u1ebfu gi\u00fap c\u1ea3i thi\u1ec7n \u0111\u1ed9 t\u01b0\u01a1ng ph\u1ea3n cho c\u1ea3 d\u1ee5ng c\u1ee5 laser \u0111\u1ecf v\u00e0 xanh l\u00e1 c\u00e2y.<\/li>\n<li>C\u00f3 s\u1eb5n m\u00e0u \u0111\u1ecf (cho tia laser \u0111\u1ecf) v\u00e0 m\u00e0u xanh l\u00e1 c\u00e2y (cho tia laser xanh l\u00e1 c\u00e2y).<\/li>\n<li>V\u1ea1ch chia t\u1ef7 l\u1ec7 r\u00f5 r\u00e0ng gi\u00fap c\u0103n ch\u1ec9nh v\u00e0 tham kh\u1ea3o ch\u00ednh x\u00e1c.<\/li>\n<li>Thi\u1ebft k\u1ebf ch\u1eafc ch\u1eafn, ph\u00f9 h\u1ee3p s\u1eed d\u1ee5ng trong nh\u00e0 v\u00e0 ngo\u00e0i tr\u1eddi.<\/li>\n<li>L\u00fd t\u01b0\u1edfng cho c\u00e1c c\u00f4ng vi\u1ec7c san l\u1ea5p m\u1eb7t b\u1eb1ng, b\u1ed1 tr\u00ed v\u00e0 c\u0103n ch\u1ec9nh.<\/li>\n<\/ul>","protected":false},"featured_media":4469,"comment_status":"open","ping_status":"closed","template":"","meta":[],"product_brand":[],"product_cat":[127,94],"product_tag":[],"class_list":{"0":"post-4475","1":"product","2":"type-product","3":"status-publish","4":"has-post-thumbnail","6":"product_cat-laser-target","7":"product_cat-laser-level-accessory","9":"first","10":"instock","11":"shipping-taxable","12":"product-type-simple"},"_links":{"self":[{"href":"https:\/\/mountlaser.com\/vi\/wp-json\/wp\/v2\/product\/4475","targetHints":{"allow":["GET"]}}],"collection":[{"href":"https:\/\/mountlaser.com\/vi\/wp-json\/wp\/v2\/product"}],"about":[{"href":"https:\/\/mountlaser.com\/vi\/wp-json\/wp\/v2\/types\/product"}],"replies":[{"embeddable":true,"href":"https:\/\/mountlaser.com\/vi\/wp-json\/wp\/v2\/comments?post=4475"}],"wp:featuredmedia":[{"embeddable":true,"href":"https:\/\/mountlaser.com\/vi\/wp-json\/wp\/v2\/media\/4469"}],"wp:attachment":[{"href":"https:\/\/mountlaser.com\/vi\/wp-json\/wp\/v2\/media?parent=4475"}],"wp:term":[{"taxonomy":"product_brand","embeddable":true,"href":"https:\/\/mountlaser.com\/vi\/wp-json\/wp\/v2\/product_brand?post=4475"},{"taxonomy":"product_cat","embeddable":true,"href":"https:\/\/mountlaser.com\/vi\/wp-json\/wp\/v2\/product_cat?post=4475"},{"taxonomy":"product_tag","embeddable":true,"href":"https:\/\/mountlaser.com\/vi\/wp-json\/wp\/v2\/product_tag?post=4475"}],"curies":[{"name":"trang web","href":"https:\/\/api.w.org\/{rel}","templated":true}]}}