{"id":4466,"date":"2025-11-17T04:56:35","date_gmt":"2025-11-17T04:56:35","guid":{"rendered":"https:\/\/mountlaser.com\/?post_type=product&#038;p=4466"},"modified":"2025-11-26T09:04:52","modified_gmt":"2025-11-26T09:04:52","slug":"lg01-laser-glasses","status":"publish","type":"product","link":"https:\/\/mountlaser.com\/vi\/san-pham\/lg01-laser-glasses\/","title":{"rendered":"K\u00ednh Laser LG01"},"content":{"rendered":"<p>Kh\u00e1m ph\u00e1 kh\u1ea3 n\u0103ng quan s\u00e1t \u0111\u01b0\u1ee3c n\u00e2ng cao v\u00e0 \u0111\u1ed9 ch\u00ednh x\u00e1c \u0111\u01b0\u1ee3c c\u1ea3i thi\u1ec7n t\u1ea1i c\u00f4ng tr\u01b0\u1eddng v\u1edbi s\u1ea3n ph\u1ea9m c\u1ee7a ch\u00fang t\u00f4i. <a href=\"https:\/\/mountlaser.com\/vi\/\"><strong>K\u00ednh Laser<\/strong><\/a>, \u0110\u01b0\u1ee3c thi\u1ebft k\u1ebf \u0111\u1eb7c bi\u1ec7t d\u00e0nh cho c\u00e1c chuy\u00ean gia l\u00e0m vi\u1ec7c v\u1edbi d\u1ee5ng c\u1ee5 laser. K\u00ednh b\u1ea3o h\u1ed9 laser cao c\u1ea5p n\u00e0y gi\u00fap gi\u1ea3m nhi\u1ec5u \u00e1nh s\u00e1ng xung quanh, cho ph\u00e9p \u0111\u01b0\u1eddng laser hi\u1ec3n th\u1ecb s\u1eafc n\u00e9t v\u00e0 r\u00f5 r\u00e0ng h\u01a1n ngay c\u1ea3 trong m\u00f4i tr\u01b0\u1eddng s\u00e1ng.<\/p>\n<p>C\u1ee7a ch\u00fang t\u00f4i <a href=\"https:\/\/mountlaser.com\/vi\/about-us\/\">m\u1eabu LG01<\/a> S\u1ea3n ph\u1ea9m c\u00f3 hai t\u00f9y ch\u1ecdn m\u00e0u s\u1eafc: tr\u00f2ng k\u00ednh m\u00e0u \u0111\u1ecf cho tia laser \u0111\u1ecf v\u00e0 tr\u00f2ng k\u00ednh m\u00e0u xanh l\u00e1 c\u00e2y cho tia laser xanh l\u00e1 c\u00e2y, \u0111\u1ea3m b\u1ea3o hi\u1ec7u su\u1ea5t t\u1ed1i \u01b0u trong c\u00e1c \u1ee9ng d\u1ee5ng laser kh\u00e1c nhau. Cho d\u00f9 b\u1ea1n l\u00e0m vi\u1ec7c trong nh\u00e0 hay ngo\u00e0i tr\u1eddi, k\u00ednh b\u1ea3o h\u1ed9 laser n\u00e0y \u0111\u1ec1u mang l\u1ea1i kh\u1ea3 n\u0103ng b\u1ea3o v\u1ec7 m\u1eaft \u0111\u00e1ng tin c\u1eady v\u00e0 c\u1ea3i thi\u1ec7n kh\u1ea3 n\u0103ng nh\u00ecn r\u00f5 \u0111\u01b0\u1eddng k\u1ebb.<\/p>\n<p><img fetchpriority=\"high\" decoding=\"async\" class=\"aligncenter wp-image-4463\" src=\"https:\/\/mountlaser.com\/wp-content\/uploads\/2025\/11\/LG015.webp\" alt=\"LG01 Laser glasses\" width=\"500\" height=\"500\" srcset=\"https:\/\/mountlaser.com\/wp-content\/uploads\/2025\/11\/LG015.webp 1000w, https:\/\/mountlaser.com\/wp-content\/uploads\/2025\/11\/LG015-300x300.webp 300w, https:\/\/mountlaser.com\/wp-content\/uploads\/2025\/11\/LG015-400x400.webp 400w, https:\/\/mountlaser.com\/wp-content\/uploads\/2025\/11\/LG015-800x800.webp 800w, https:\/\/mountlaser.com\/wp-content\/uploads\/2025\/11\/LG015-600x600.webp 600w, https:\/\/mountlaser.com\/wp-content\/uploads\/2025\/11\/LG015-150x150.webp 150w, https:\/\/mountlaser.com\/wp-content\/uploads\/2025\/11\/LG015-768x768.webp 768w, https:\/\/mountlaser.com\/wp-content\/uploads\/2025\/11\/LG015-12x12.webp 12w\" sizes=\"(max-width: 500px) 100vw, 500px\" \/><\/p>\n<p>\u0110\u01b0\u1ee3c thi\u1ebft k\u1ebf \u0111\u1ec3 b\u1ec1n b\u1ec9 v\u00e0 tho\u1ea3i m\u00e1i, <a href=\"https:\/\/mountlaser.com\/vi\/contact-us\/\"><strong>K\u00ednh b\u1ea3o h\u1ed9 laser<\/strong><\/a> S\u1ea3n ph\u1ea9m c\u00f3 c\u1ea5u tr\u00fac nh\u1eb9, thi\u1ebft k\u1ebf c\u00f4ng th\u00e1i h\u1ecdc v\u00e0 kh\u1ea3 n\u0103ng ch\u1ed1ng va \u0111\u1eadp cao, h\u1ed7 tr\u1ee3 l\u00e0m vi\u1ec7c trong nhi\u1ec1u gi\u1edd li\u1ec1n. V\u1edbi c\u00f4ng ngh\u1ec7 l\u1ecdc t\u1ed1i \u01b0u, k\u00ednh Laser t\u0103ng c\u01b0\u1eddng \u0111\u1ed9 t\u01b0\u01a1ng ph\u1ea3n c\u1ee7a \u0111\u01b0\u1eddng laser, gi\u00fap c\u00e1c c\u00f4ng vi\u1ec7c nh\u01b0 c\u00e2n b\u1eb1ng, c\u0103n ch\u1ec9nh v\u00e0 b\u1ed1 tr\u00ed tr\u1edf n\u00ean nhanh ch\u00f3ng v\u00e0 ch\u00ednh x\u00e1c h\u01a1n.<\/p>","protected":false},"excerpt":{"rendered":"<ul>\n<li>T\u0103ng c\u01b0\u1eddng kh\u1ea3 n\u0103ng hi\u1ec3n th\u1ecb c\u1ee7a tia laser trong \u0111i\u1ec1u ki\u1ec7n \u00e1nh s\u00e1ng m\u1ea1nh ho\u1eb7c kh\u00f3 kh\u0103n.<\/li>\n<li>L\u1ecdc b\u1ecf c\u00e1c b\u01b0\u1edbc s\u00f3ng \u00e1nh s\u00e1ng m\u00f4i tr\u01b0\u1eddng c\u1ee5 th\u1ec3 \u0111\u1ec3 t\u1ea1o ra c\u00e1c tia laser m\u00e0u \u0111\u1ecf ho\u1eb7c xanh l\u00e1 c\u00e2y r\u00f5 n\u00e9t h\u01a1n.<\/li>\n<li>Cung c\u1ea5p kh\u1ea3 n\u0103ng b\u1ea3o v\u1ec7 m\u1eaft \u0111\u00e1ng tin c\u1eady trong c\u00e1c nhi\u1ec7m v\u1ee5 \u0111o l\u01b0\u1eddng b\u1eb1ng laser.<\/li>\n<li>C\u00f3 s\u1eb5n c\u00e1c t\u00f9y ch\u1ecdn m\u00e0u \u0111\u1ecf (cho \u0111\u01b0\u1eddng laser \u0111\u1ecf) v\u00e0 m\u00e0u xanh l\u00e1 c\u00e2y (cho \u0111\u01b0\u1eddng laser xanh l\u00e1 c\u00e2y).<\/li>\n<li>Nh\u1eb9, b\u1ec1n v\u00e0 tho\u1ea3i m\u00e1i khi s\u1eed d\u1ee5ng trong th\u1eddi gian d\u00e0i.<\/li>\n<\/ul>","protected":false},"featured_media":4460,"comment_status":"open","ping_status":"closed","template":"","meta":[],"product_brand":[],"product_cat":[94,126],"product_tag":[],"class_list":{"0":"post-4466","1":"product","2":"type-product","3":"status-publish","4":"has-post-thumbnail","6":"product_cat-laser-level-accessory","7":"product_cat-laser-glasses","9":"first","10":"instock","11":"shipping-taxable","12":"product-type-simple"},"_links":{"self":[{"href":"https:\/\/mountlaser.com\/vi\/wp-json\/wp\/v2\/product\/4466","targetHints":{"allow":["GET"]}}],"collection":[{"href":"https:\/\/mountlaser.com\/vi\/wp-json\/wp\/v2\/product"}],"about":[{"href":"https:\/\/mountlaser.com\/vi\/wp-json\/wp\/v2\/types\/product"}],"replies":[{"embeddable":true,"href":"https:\/\/mountlaser.com\/vi\/wp-json\/wp\/v2\/comments?post=4466"}],"wp:featuredmedia":[{"embeddable":true,"href":"https:\/\/mountlaser.com\/vi\/wp-json\/wp\/v2\/media\/4460"}],"wp:attachment":[{"href":"https:\/\/mountlaser.com\/vi\/wp-json\/wp\/v2\/media?parent=4466"}],"wp:term":[{"taxonomy":"product_brand","embeddable":true,"href":"https:\/\/mountlaser.com\/vi\/wp-json\/wp\/v2\/product_brand?post=4466"},{"taxonomy":"product_cat","embeddable":true,"href":"https:\/\/mountlaser.com\/vi\/wp-json\/wp\/v2\/product_cat?post=4466"},{"taxonomy":"product_tag","embeddable":true,"href":"https:\/\/mountlaser.com\/vi\/wp-json\/wp\/v2\/product_tag?post=4466"}],"curies":[{"name":"trang web","href":"https:\/\/api.w.org\/{rel}","templated":true}]}}