{"id":4457,"date":"2025-11-17T02:50:14","date_gmt":"2025-11-17T02:50:14","guid":{"rendered":"https:\/\/mountlaser.com\/?post_type=product&#038;p=4457"},"modified":"2025-11-26T09:13:03","modified_gmt":"2025-11-26T09:13:03","slug":"f550-photoelectric-integrated-tube","status":"publish","type":"product","link":"https:\/\/mountlaser.com\/vi\/san-pham\/f550-photoelectric-integrated-tube\/","title":{"rendered":"\u1ed0ng t\u00edch h\u1ee3p quang \u0111i\u1ec7n F550"},"content":{"rendered":"<p>C\u00e1i <a href=\"https:\/\/mountlaser.com\/vi\/\"><strong>\u1ed0ng t\u00edch h\u1ee3p quang \u0111i\u1ec7n F550<\/strong><\/a> F550 l\u00e0 m\u1ed9t ph\u1ee5 ki\u1ec7n ph\u00e1t hi\u1ec7n hi\u1ec7u su\u1ea5t cao \u0111\u01b0\u1ee3c thi\u1ebft k\u1ebf \u0111\u1eb7c bi\u1ec7t cho vi\u1ec7c hi\u1ec7u chu\u1ea9n d\u1ee5ng c\u1ee5 chu\u1ea9n tr\u1ef1c ch\u00ednh x\u00e1c. \u0110\u01b0\u1ee3c trang b\u1ecb gi\u00e1 \u0111\u1ee1 v\u00e0 tr\u1ee5 \u0111\u1ee1 ch\u1eafc ch\u1eafn, F550 \u0111\u1ea3m b\u1ea3o l\u1eafp \u0111\u1eb7t an to\u00e0n v\u00e0 c\u1ea3m bi\u1ebfn quang h\u1ecdc \u0111\u00e1ng tin c\u1eady trong su\u1ed1t qu\u00e1 tr\u00ecnh c\u0103n ch\u1ec9nh. L\u00e0 m\u1ed9t m\u00f4-\u0111un ph\u00e1t hi\u1ec7n ti\u00ean ti\u1ebfn, <a href=\"https:\/\/mountlaser.com\/vi\/products\/\"><strong>\u1ed0ng t\u00edch h\u1ee3p quang \u0111i\u1ec7n F550 d\u00f9ng cho b\u1ed9 chu\u1ea9n tr\u1ef1c laser.<\/strong><\/a> N\u00f3 gi\u00fap t\u0103ng \u0111\u1ed9 nh\u1ea1y \u0111o l\u01b0\u1eddng, l\u00fd t\u01b0\u1edfng cho c\u00e1c ph\u00f2ng th\u00ed nghi\u1ec7m hi\u1ec7u chu\u1ea9n, trung t\u00e2m s\u1eeda ch\u1eefa thi\u1ebft b\u1ecb \u0111o \u0111\u1ea1c v\u00e0 m\u00f4i tr\u01b0\u1eddng \u0111o l\u01b0\u1eddng.<\/p>\n<p><img fetchpriority=\"high\" decoding=\"async\" class=\"aligncenter wp-image-4454\" src=\"https:\/\/mountlaser.com\/wp-content\/uploads\/2025\/11\/1-3-F550_\u526f\u672c.webp\" alt=\"F550 Photoelectric Integrated Tube\" width=\"500\" height=\"500\" srcset=\"https:\/\/mountlaser.com\/wp-content\/uploads\/2025\/11\/1-3-F550_\u526f\u672c.webp 800w, https:\/\/mountlaser.com\/wp-content\/uploads\/2025\/11\/1-3-F550_\u526f\u672c-300x300.webp 300w, https:\/\/mountlaser.com\/wp-content\/uploads\/2025\/11\/1-3-F550_\u526f\u672c-400x400.webp 400w, https:\/\/mountlaser.com\/wp-content\/uploads\/2025\/11\/1-3-F550_\u526f\u672c-600x600.webp 600w, https:\/\/mountlaser.com\/wp-content\/uploads\/2025\/11\/1-3-F550_\u526f\u672c-150x150.webp 150w, https:\/\/mountlaser.com\/wp-content\/uploads\/2025\/11\/1-3-F550_\u526f\u672c-768x768.webp 768w, https:\/\/mountlaser.com\/wp-content\/uploads\/2025\/11\/1-3-F550_\u526f\u672c-12x12.webp 12w\" sizes=\"(max-width: 500px) 100vw, 500px\" \/><\/p>\n<p>\u0110\u01b0\u1ee3c thi\u1ebft k\u1ebf \u0111\u1ec3 \u0111\u1ea3m b\u1ea3o t\u00ednh t\u01b0\u01a1ng th\u00edch v\u00e0 \u0111\u1ed9 ch\u00ednh x\u00e1c, <a href=\"https:\/\/mountlaser.com\/vi\/contact-us\/\">\u1ed0ng t\u00edch h\u1ee3p quang \u0111i\u1ec7n F550<\/a> \u1ed0ng t\u00edch h\u1ee3p quang \u0111i\u1ec7n cho m\u00e1y chu\u1ea9n tr\u1ef1c laser cung c\u1ea5p ph\u1ea3n h\u1ed3i nhanh ch\u00f3ng v\u00e0 \u0111\u00e1ng tin c\u1eady khi hi\u1ec7u chu\u1ea9n m\u00e1y to\u00e0n \u0111\u1ea1c, m\u00e1y th\u1ee7y b\u00ecnh v\u00e0 c\u00e1c thi\u1ebft b\u1ecb quang h\u1ecdc kh\u00e1c. Kh\u1ea3 n\u0103ng ph\u1ea3n h\u1ed3i quang h\u1ecdc tinh t\u1ebf v\u00e0 c\u1ea5u tr\u00fac c\u01a1 kh\u00ed \u1ed5n \u0111\u1ecbnh l\u00e0m cho \u1ed1ng t\u00edch h\u1ee3p quang \u0111i\u1ec7n cho m\u00e1y chu\u1ea9n tr\u1ef1c laser tr\u1edf th\u00e0nh ph\u1ee5 ki\u1ec7n thi\u1ebft y\u1ebfu \u0111\u1ec3 \u0111\u1ea1t \u0111\u01b0\u1ee3c s\u1ef1 c\u0103n ch\u1ec9nh quang h\u1ecdc nh\u1ea5t qu\u00e1n v\u00e0 ch\u00ednh x\u00e1c cao.<\/p>","protected":false},"excerpt":{"rendered":"<ul>\n<li>Cung c\u1ea5p kh\u1ea3 n\u0103ng ph\u00e1t hi\u1ec7n quang \u0111i\u1ec7n \u0111\u1ed9 nh\u1ea1y cao cho c\u00e1c h\u1ec7 th\u1ed1ng chu\u1ea9n tr\u1ef1c laser.<\/li>\n<li>T\u0103ng \u0111\u1ed9 ch\u00ednh x\u00e1c c\u0103n ch\u1ec9nh v\u00e0 c\u1ea3i thi\u1ec7n kh\u1ea3 n\u0103ng l\u1eb7p l\u1ea1i c\u1ee7a qu\u00e1 tr\u00ecnh hi\u1ec7u chu\u1ea9n.<\/li>\n<li>Bao g\u1ed3m gi\u00e1 \u0111\u1ee1 v\u00e0 tr\u1ee5 \u0111\u1ee1 ch\u1eafc ch\u1eafn \u0111\u1ec3 l\u1eafp \u0111\u1eb7t an to\u00e0n.<\/li>\n<li>H\u1ed7 tr\u1ee3 ph\u1ea3n h\u1ed3i \u0111\u00e1ng tin c\u1eady trong qu\u00e1 tr\u00ecnh hi\u1ec7u ch\u1ec9nh thi\u1ebft b\u1ecb \u0111o \u0111\u1ea1c.<\/li>\n<li>\u0110\u01b0\u1ee3c thi\u1ebft k\u1ebf cho m\u00f4i tr\u01b0\u1eddng hi\u1ec7u chu\u1ea9n chuy\u00ean nghi\u1ec7p \u0111\u00f2i h\u1ecfi \u0111\u1ed9 ch\u00ednh x\u00e1c cao.<\/li>\n<\/ul>","protected":false},"featured_media":4454,"comment_status":"open","ping_status":"closed","template":"","meta":[],"product_brand":[],"product_cat":[125,71],"product_tag":[],"class_list":{"0":"post-4457","1":"product","2":"type-product","3":"status-publish","4":"has-post-thumbnail","6":"product_cat-collimator-instrument","7":"product_cat-calibration-testing-instrument","9":"first","10":"instock","11":"shipping-taxable","12":"product-type-simple"},"_links":{"self":[{"href":"https:\/\/mountlaser.com\/vi\/wp-json\/wp\/v2\/product\/4457","targetHints":{"allow":["GET"]}}],"collection":[{"href":"https:\/\/mountlaser.com\/vi\/wp-json\/wp\/v2\/product"}],"about":[{"href":"https:\/\/mountlaser.com\/vi\/wp-json\/wp\/v2\/types\/product"}],"replies":[{"embeddable":true,"href":"https:\/\/mountlaser.com\/vi\/wp-json\/wp\/v2\/comments?post=4457"}],"wp:featuredmedia":[{"embeddable":true,"href":"https:\/\/mountlaser.com\/vi\/wp-json\/wp\/v2\/media\/4454"}],"wp:attachment":[{"href":"https:\/\/mountlaser.com\/vi\/wp-json\/wp\/v2\/media?parent=4457"}],"wp:term":[{"taxonomy":"product_brand","embeddable":true,"href":"https:\/\/mountlaser.com\/vi\/wp-json\/wp\/v2\/product_brand?post=4457"},{"taxonomy":"product_cat","embeddable":true,"href":"https:\/\/mountlaser.com\/vi\/wp-json\/wp\/v2\/product_cat?post=4457"},{"taxonomy":"product_tag","embeddable":true,"href":"https:\/\/mountlaser.com\/vi\/wp-json\/wp\/v2\/product_tag?post=4457"}],"curies":[{"name":"trang web","href":"https:\/\/api.w.org\/{rel}","templated":true}]}}