{"id":4451,"date":"2025-11-17T02:33:56","date_gmt":"2025-11-17T02:33:56","guid":{"rendered":"https:\/\/mountlaser.com\/?post_type=product&#038;p=4451"},"modified":"2025-11-26T09:14:20","modified_gmt":"2025-11-26T09:14:20","slug":"tb550-photoelectric-integrated-tube","status":"publish","type":"product","link":"https:\/\/mountlaser.com\/vi\/san-pham\/tb550-photoelectric-integrated-tube\/","title":{"rendered":"\u1ed0ng t\u00edch h\u1ee3p quang \u0111i\u1ec7n TB550"},"content":{"rendered":"<p>C\u00e1i <a href=\"https:\/\/mountlaser.com\/vi\/\"><strong>\u1ed0ng t\u00edch h\u1ee3p quang \u0111i\u1ec7n TB550<\/strong><\/a> TB550 l\u00e0 m\u1ed9t ph\u1ee5 ki\u1ec7n chuy\u00ean d\u1ee5ng \u0111\u01b0\u1ee3c thi\u1ebft k\u1ebf \u0111\u1ec3 n\u00e2ng cao \u0111\u1ed9 ch\u00ednh x\u00e1c v\u00e0 kh\u1ea3 n\u0103ng ph\u00e1t hi\u1ec7n c\u1ee7a c\u00e1c h\u1ec7 th\u1ed1ng chu\u1ea9n tr\u1ef1c hi\u1ec7n \u0111\u1ea1i. \u0110\u01b0\u1ee3c ch\u1ebf t\u1ea1o v\u1edbi k\u1ebft c\u1ea5u b\u1ec1n ch\u1eafc v\u00e0 \u0111i k\u00e8m v\u1edbi gi\u00e1 \u0111\u1ee1 chuy\u00ean d\u1ee5ng, TB550 \u0111\u1ea3m b\u1ea3o l\u1eafp \u0111\u1eb7t \u1ed5n \u0111\u1ecbnh v\u00e0 hi\u1ec7u su\u1ea5t \u0111\u00e1ng tin c\u1eady trong m\u00f4i tr\u01b0\u1eddng hi\u1ec7u chu\u1ea9n. L\u00e0 m\u1ed9t ph\u1ee5 ki\u1ec7n ch\u00ednh x\u00e1c, <a href=\"https:\/\/mountlaser.com\/vi\/products\/\"><strong>\u1ed0ng t\u00edch h\u1ee3p quang \u0111i\u1ec7n TB550 d\u00f9ng cho b\u1ed9 chu\u1ea9n tr\u1ef1c laser.<\/strong><\/a> H\u1ed7 tr\u1ee3 ph\u00e1t hi\u1ec7n quang h\u1ecdc \u0111\u1ed9 nh\u1ea1y cao, l\u00fd t\u01b0\u1edfng cho c\u00e1c ph\u00f2ng th\u00ed nghi\u1ec7m, trung t\u00e2m s\u1eeda ch\u1eefa thi\u1ebft b\u1ecb v\u00e0 c\u00e1c \u1ee9ng d\u1ee5ng \u0111o l\u01b0\u1eddng.<\/p>\n<p><img fetchpriority=\"high\" decoding=\"async\" class=\"aligncenter wp-image-4453\" src=\"https:\/\/mountlaser.com\/wp-content\/uploads\/2025\/11\/1-2-TB550_\u526f\u672c1.webp\" alt=\"TB550 Photoelectric Integrated Tube\" width=\"500\" height=\"500\" srcset=\"https:\/\/mountlaser.com\/wp-content\/uploads\/2025\/11\/1-2-TB550_\u526f\u672c1.webp 800w, https:\/\/mountlaser.com\/wp-content\/uploads\/2025\/11\/1-2-TB550_\u526f\u672c1-300x300.webp 300w, https:\/\/mountlaser.com\/wp-content\/uploads\/2025\/11\/1-2-TB550_\u526f\u672c1-400x400.webp 400w, https:\/\/mountlaser.com\/wp-content\/uploads\/2025\/11\/1-2-TB550_\u526f\u672c1-600x600.webp 600w, https:\/\/mountlaser.com\/wp-content\/uploads\/2025\/11\/1-2-TB550_\u526f\u672c1-150x150.webp 150w, https:\/\/mountlaser.com\/wp-content\/uploads\/2025\/11\/1-2-TB550_\u526f\u672c1-768x768.webp 768w, https:\/\/mountlaser.com\/wp-content\/uploads\/2025\/11\/1-2-TB550_\u526f\u672c1-12x12.webp 12w\" sizes=\"(max-width: 500px) 100vw, 500px\" \/><\/p>\n<p>Khi k\u1ebft h\u1ee3p v\u1edbi h\u1ec7 th\u1ed1ng chu\u1ea9n tr\u1ef1c, <a href=\"https:\/\/mountlaser.com\/vi\/contact-us\/\">\u1ed0ng t\u00edch h\u1ee3p quang \u0111i\u1ec7n TB550<\/a> \u1ed0ng t\u00edch h\u1ee3p quang \u0111i\u1ec7n TB550 d\u00e0nh cho m\u00e1y \u0111o chu\u1ea9n tr\u1ef1c laser cho ph\u00e9p ph\u1ea3n h\u1ed3i c\u0103n ch\u1ec9nh ch\u00ednh x\u00e1c h\u01a1n v\u00e0 c\u1ea3i thi\u1ec7n t\u00ednh nh\u1ea5t qu\u00e1n c\u1ee7a ph\u00e9p \u0111o. C\u00f4ng ngh\u1ec7 c\u1ea3m bi\u1ebfn quang \u0111i\u1ec7n ti\u00ean ti\u1ebfn c\u1ee7a n\u00f3 \u0111\u1ea3m b\u1ea3o thu th\u1eadp d\u1eef li\u1ec7u r\u00f5 r\u00e0ng, nh\u1ea1y b\u00e9n v\u00e0 c\u00f3 th\u1ec3 l\u1eb7p l\u1ea1i. \u0110\u1ed1i v\u1edbi c\u00e1c chuy\u00ean gia c\u1ea7n ph\u1ee5 ki\u1ec7n ph\u00e1t hi\u1ec7n \u0111\u00e1ng tin c\u1eady, \u1ed1ng t\u00edch h\u1ee3p quang \u0111i\u1ec7n TB550 d\u00e0nh cho m\u00e1y \u0111o chu\u1ea9n tr\u1ef1c laser l\u00e0 m\u1ed9t n\u00e2ng c\u1ea5p quan tr\u1ecdng cho b\u1ea5t k\u1ef3 quy tr\u00ecnh hi\u1ec7u chu\u1ea9n n\u00e0o.<\/p>","protected":false},"excerpt":{"rendered":"<ul>\n<li>Cung c\u1ea5p kh\u1ea3 n\u0103ng ph\u00e1t hi\u1ec7n quang h\u1ecdc \u0111\u1ed9 nh\u1ea1y cao cho c\u00e1c thi\u1ebft b\u1ecb chu\u1ea9n tr\u1ef1c.<\/li>\n<li>N\u00e2ng cao \u0111\u1ed9 ch\u00ednh x\u00e1c \u0111o l\u01b0\u1eddng v\u00e0 \u0111\u1ed9 l\u1eb7p l\u1ea1i c\u1ee7a qu\u00e1 tr\u00ecnh hi\u1ec7u chu\u1ea9n.<\/li>\n<li>Bao g\u1ed3m gi\u00e1 \u0111\u1ee1 ch\u1eafc ch\u1eafn \u0111\u1ec3 l\u1eafp \u0111\u1eb7t an to\u00e0n v\u00e0 \u1ed5n \u0111\u1ecbnh.<\/li>\n<li>C\u1ea3i thi\u1ec7n ph\u1ea3n h\u1ed3i tr\u1ef1c quan v\u00e0 \u0111i\u1ec7n t\u1eed trong qu\u00e1 tr\u00ecnh c\u0103n ch\u1ec9nh d\u1ee5ng c\u1ee5.<\/li>\n<li>T\u01b0\u01a1ng th\u00edch v\u1edbi nhi\u1ec1u h\u1ec7 th\u1ed1ng chu\u1ea9n tr\u1ef1c laser kh\u00e1c nhau \u0111\u1ec3 m\u1edf r\u1ed9ng kh\u1ea3 n\u0103ng s\u1eed d\u1ee5ng.<\/li>\n<\/ul>","protected":false},"featured_media":4452,"comment_status":"open","ping_status":"closed","template":"","meta":[],"product_brand":[],"product_cat":[125,71],"product_tag":[],"class_list":{"0":"post-4451","1":"product","2":"type-product","3":"status-publish","4":"has-post-thumbnail","6":"product_cat-collimator-instrument","7":"product_cat-calibration-testing-instrument","9":"first","10":"instock","11":"shipping-taxable","12":"product-type-simple"},"_links":{"self":[{"href":"https:\/\/mountlaser.com\/vi\/wp-json\/wp\/v2\/product\/4451","targetHints":{"allow":["GET"]}}],"collection":[{"href":"https:\/\/mountlaser.com\/vi\/wp-json\/wp\/v2\/product"}],"about":[{"href":"https:\/\/mountlaser.com\/vi\/wp-json\/wp\/v2\/types\/product"}],"replies":[{"embeddable":true,"href":"https:\/\/mountlaser.com\/vi\/wp-json\/wp\/v2\/comments?post=4451"}],"wp:featuredmedia":[{"embeddable":true,"href":"https:\/\/mountlaser.com\/vi\/wp-json\/wp\/v2\/media\/4452"}],"wp:attachment":[{"href":"https:\/\/mountlaser.com\/vi\/wp-json\/wp\/v2\/media?parent=4451"}],"wp:term":[{"taxonomy":"product_brand","embeddable":true,"href":"https:\/\/mountlaser.com\/vi\/wp-json\/wp\/v2\/product_brand?post=4451"},{"taxonomy":"product_cat","embeddable":true,"href":"https:\/\/mountlaser.com\/vi\/wp-json\/wp\/v2\/product_cat?post=4451"},{"taxonomy":"product_tag","embeddable":true,"href":"https:\/\/mountlaser.com\/vi\/wp-json\/wp\/v2\/product_tag?post=4451"}],"curies":[{"name":"trang web","href":"https:\/\/api.w.org\/{rel}","templated":true}]}}