{"id":4440,"date":"2025-11-14T09:28:12","date_gmt":"2025-11-14T09:28:12","guid":{"rendered":"https:\/\/mountlaser.com\/?post_type=product&#038;p=4440"},"modified":"2025-11-27T05:11:30","modified_gmt":"2025-11-27T05:11:30","slug":"cls-fg-fiberglass-prism-pole","status":"publish","type":"product","link":"https:\/\/mountlaser.com\/vi\/san-pham\/cls-fg-fiberglass-prism-pole\/","title":{"rendered":"C\u1ed9t l\u0103ng k\u00ednh s\u1ee3i th\u1ee7y tinh CLS-FG"},"content":{"rendered":"<p>C\u00e1i <a href=\"https:\/\/mountlaser.com\/vi\/danh-muc-san-pham\/surveying-pole-rod\/\">Gi\u00e1 \u0111\u1ee1 Laser CLS-FG<\/a> S\u1ea3n ph\u1ea9m n\u00e0y \u0111\u1ecbnh ngh\u0129a l\u1ea1i \u0111\u1ed9 b\u1ec1n v\u00e0 hi\u1ec7u su\u1ea5t v\u1edbi C\u1ed9t L\u0103ng K\u00ednh S\u1ee3i Th\u1ee7y Tinh chuy\u00ean nghi\u1ec7p. \u0110\u01b0\u1ee3c thi\u1ebft k\u1ebf d\u00e0nh cho c\u00e1c k\u1ef9 s\u01b0 kh\u1ea3o s\u00e1t l\u00e0m vi\u1ec7c trong m\u00f4i tr\u01b0\u1eddng kh\u1eafc nghi\u1ec7t, c\u1ed9t n\u00e0y l\u00e0 gi\u1ea3i ph\u00e1p t\u1ed1i \u01b0u khi t\u00ednh kh\u00f4ng d\u1eabn \u0111i\u1ec7n v\u00e0 kh\u1ea3 n\u0103ng ch\u1ed1ng \u0103n m\u00f2n l\u00e0 y\u1ebfu t\u1ed1 quan tr\u1ecdng h\u00e0ng \u0111\u1ea7u. Kh\u00f4ng gi\u1ed1ng nh\u01b0 c\u00e1c c\u1ed9t kim lo\u1ea1i, c\u1ea5u tr\u00fac C\u1ed9t L\u0103ng K\u00ednh S\u1ee3i Th\u1ee7y Tinh v\u01b0\u1ee3t tr\u1ed9i \u0111\u1ea3m b\u1ea3o an to\u00e0n tuy\u1ec7t \u0111\u1ed1i g\u1ea7n \u0111\u01b0\u1eddng d\u00e2y \u0111i\u1ec7n v\u00e0 cung c\u1ea5p kh\u1ea3 n\u0103ng ch\u1ed1ng g\u1ec9 v\u00e0 ti\u1ebfp x\u00fac v\u1edbi h\u00f3a ch\u1ea5t v\u01b0\u1ee3t tr\u1ed9i, l\u00fd t\u01b0\u1edfng \u0111\u1ec3 s\u1eed d\u1ee5ng trong \u0111i\u1ec1u ki\u1ec7n th\u1eddi ti\u1ebft kh\u1eafc nghi\u1ec7t v\u00e0 khu v\u1ef1c ven bi\u1ec3n.<\/p>\n<p>\u0110\u01b0\u1ee3c ch\u1ebf t\u1ea1o t\u1eeb v\u1eadt li\u1ec7u t\u1ed5ng h\u1ee3p, <a href=\"https:\/\/mountlaser.com\/vi\/about-us\/\"><strong>CLS-FG <\/strong><\/a>S\u1ea3n ph\u1ea9m c\u00f3 tr\u1ecdng l\u01b0\u1ee3ng nh\u1eb9 \u0111\u00e1ng k\u1ec3 v\u00e0 \u0111\u1ed9 b\u1ec1n cao, gi\u1ea3m m\u1ec7t m\u1ecfi cho ng\u01b0\u1eddi d\u00f9ng m\u00e0 kh\u00f4ng l\u00e0m gi\u1ea3m \u0111\u1ed9 \u1ed5n \u0111\u1ecbnh. N\u00f3 c\u00f3 c\u01a1 ch\u1ebf kh\u00f3a xo\u1eafn b\u1eb1ng nylon ch\u1eafc ch\u1eafn, mang l\u1ea1i \u0111\u1ed9 b\u1ec1n tuy\u1ec7t v\u1eddi v\u00e0 tu\u1ed5i th\u1ecd cao, \u0111\u1ea3m b\u1ea3o \u0111\u1ed9 ch\u1eafc ch\u1eafn v\u00e0 c\u1ee9ng c\u00e1p m\u1ed7i l\u1ea7n s\u1eed d\u1ee5ng. \u0110\u1ea7u \u0111i\u1ec1u ch\u1ec9nh 5\/8\u2033-11 cho ph\u00e9p g\u1eafn l\u0103ng k\u00ednh linh ho\u1ea1t, trong khi \u1ed1ng b\u00ean trong \u0111\u01b0\u1ee3c \u0111\u00e1nh d\u1ea5u r\u00f5 r\u00e0ng b\u1eb1ng thang \u0111o k\u00e9p (cm\/ft) \u0111\u1ec3 \u0111\u1ecdc nhanh v\u00e0 ch\u00ednh x\u00e1c. Mang l\u1ea1i tr\u1ea3i nghi\u1ec7m \u0111o l\u01b0\u1eddng \u0111\u00e1ng tin c\u1eady v\u00e0 an to\u00e0n nh\u1ea5t.<\/p>\n<p><img fetchpriority=\"high\" decoding=\"async\" class=\"aligncenter wp-image-4442\" src=\"https:\/\/mountlaser.com\/wp-content\/uploads\/2025\/11\/2-3-5-CLS260FG-2.webp\" alt=\"CLS-FG Fiberglass Prism Pole\" width=\"500\" height=\"500\" srcset=\"https:\/\/mountlaser.com\/wp-content\/uploads\/2025\/11\/2-3-5-CLS260FG-2.webp 1000w, https:\/\/mountlaser.com\/wp-content\/uploads\/2025\/11\/2-3-5-CLS260FG-2-300x300.webp 300w, https:\/\/mountlaser.com\/wp-content\/uploads\/2025\/11\/2-3-5-CLS260FG-2-400x400.webp 400w, https:\/\/mountlaser.com\/wp-content\/uploads\/2025\/11\/2-3-5-CLS260FG-2-800x800.webp 800w, https:\/\/mountlaser.com\/wp-content\/uploads\/2025\/11\/2-3-5-CLS260FG-2-600x600.webp 600w, https:\/\/mountlaser.com\/wp-content\/uploads\/2025\/11\/2-3-5-CLS260FG-2-150x150.webp 150w, https:\/\/mountlaser.com\/wp-content\/uploads\/2025\/11\/2-3-5-CLS260FG-2-768x768.webp 768w, https:\/\/mountlaser.com\/wp-content\/uploads\/2025\/11\/2-3-5-CLS260FG-2-12x12.webp 12w\" sizes=\"(max-width: 500px) 100vw, 500px\" \/><\/p>\n<p><strong><a href=\"https:\/\/mountlaser.com\/vi\/contact-us\/\">C\u1ed9t l\u0103ng k\u00ednh s\u1ee3i th\u1ee7y tinh CLS-FG<\/a> C\u00f3 ba lo\u1ea1i, kh\u00e1c nhau v\u1ec1 chi\u1ec1u d\u00e0i:<\/strong><\/p>\n<p>C\u1ed9t l\u0103ng k\u00ednh b\u1eb1ng s\u1ee3i th\u1ee7y tinh CLS260FG: 2,60m, 2 \u0111o\u1ea1n<\/p>\n<p>C\u1ed9t l\u0103ng tr\u1ee5 b\u1eb1ng s\u1ee3i th\u1ee7y tinh CLS360FG: 3,60m, 3 \u0111o\u1ea1n<\/p>\n<p>C\u1ed9t l\u0103ng tr\u1ee5 b\u1eb1ng s\u1ee3i th\u1ee7y tinh CLS460FG: 4,60m, 4 \u0111o\u1ea1n<\/p>\n<p><strong>Th\u00f4ng s\u1ed1 k\u1ef9 thu\u1eadt CLS-FG<\/strong><\/p>\n<table style=\"border-collapse: collapse; width: 846.77pt;\" border=\"0\" width=\"1129\" cellspacing=\"0\" cellpadding=\"0\">\n<tbody>\n<tr style=\"height: 14.25pt;\">\n<td class=\"et2\" style=\"height: 14.25pt; width: 142.50pt;\" width=\"190\" height=\"19\">CON S\u1ed0<\/td>\n<td class=\"et2\" style=\"width: 127.50pt;\" width=\"170\">CHI\u1ec0U D\u00c0I<\/td>\n<td class=\"et2\" style=\"width: 126.00pt;\" width=\"168\">V\u1eacT LI\u1ec6U<\/td>\n<td class=\"et2\" style=\"width: 135.00pt;\" width=\"180\">SINH VI\u00caN T\u1ed0T NGHI\u1ec6P<\/td>\n<td class=\"et2\" style=\"width: 124.50pt;\" width=\"166\">B\u1ed8 CHUY\u1ec2N \u0110\u1ed4I<\/td>\n<td class=\"et2\" style=\"width: 86.25pt;\" width=\"115\">\u0110\u01af\u1edcNG K\u00cdNH<\/td>\n<td style=\"width: 105.00pt;\" width=\"140\">h\u00ecnh \u1ea3nh<\/td>\n<\/tr>\n<tr style=\"height: 14.25pt;\">\n<td class=\"et2\" style=\"height: 14.25pt;\" height=\"19\">CLS260FG<\/td>\n<td class=\"et2\">2,60m (8,5ft)<\/td>\n<td class=\"et2\">S\u1ee3i th\u1ee7y tinh<\/td>\n<td class=\"et3\">cm\/ ft<\/td>\n<td class=\"et3\">C\u00f3 th\u1ec3 \u0111i\u1ec1u ch\u1ec9nh<\/td>\n<td class=\"et3\">25\/32mm<\/td>\n<td><img decoding=\"async\" class=\"alignnone wp-image-4441 size-medium\" src=\"https:\/\/mountlaser.com\/wp-content\/uploads\/2025\/11\/2-3-5-CLS260FG-1-300x300.webp\" alt=\"CLS-FG Fiberglass Prism Pole\" width=\"300\" height=\"300\" srcset=\"https:\/\/mountlaser.com\/wp-content\/uploads\/2025\/11\/2-3-5-CLS260FG-1-300x300.webp 300w, https:\/\/mountlaser.com\/wp-content\/uploads\/2025\/11\/2-3-5-CLS260FG-1-400x400.webp 400w, https:\/\/mountlaser.com\/wp-content\/uploads\/2025\/11\/2-3-5-CLS260FG-1-800x800.webp 800w, https:\/\/mountlaser.com\/wp-content\/uploads\/2025\/11\/2-3-5-CLS260FG-1-600x600.webp 600w, https:\/\/mountlaser.com\/wp-content\/uploads\/2025\/11\/2-3-5-CLS260FG-1-150x150.webp 150w, https:\/\/mountlaser.com\/wp-content\/uploads\/2025\/11\/2-3-5-CLS260FG-1-768x768.webp 768w, https:\/\/mountlaser.com\/wp-content\/uploads\/2025\/11\/2-3-5-CLS260FG-1-12x12.webp 12w, https:\/\/mountlaser.com\/wp-content\/uploads\/2025\/11\/2-3-5-CLS260FG-1.webp 1000w\" sizes=\"(max-width: 300px) 100vw, 300px\" \/><\/td>\n<\/tr>\n<tr style=\"height: 14.25pt;\">\n<td class=\"et2\" style=\"height: 14.25pt;\" height=\"19\">CLS360FG<\/td>\n<td class=\"et2\">3,60m (11,8ft)<\/td>\n<td class=\"et2\">S\u1ee3i th\u1ee7y tinh<\/td>\n<td class=\"et3\">cm\/ ft<\/td>\n<td class=\"et3\">C\u00f3 th\u1ec3 \u0111i\u1ec1u ch\u1ec9nh<\/td>\n<td class=\"et3\">19\/25\/32mm<\/td>\n<td><img decoding=\"async\" class=\"alignnone wp-image-4445 size-medium\" src=\"https:\/\/mountlaser.com\/wp-content\/uploads\/2025\/11\/CLS360FG2-300x300.webp\" alt=\"CLS-FG Fiberglass Prism Pole\" width=\"300\" height=\"300\" srcset=\"https:\/\/mountlaser.com\/wp-content\/uploads\/2025\/11\/CLS360FG2-300x300.webp 300w, https:\/\/mountlaser.com\/wp-content\/uploads\/2025\/11\/CLS360FG2-400x400.webp 400w, https:\/\/mountlaser.com\/wp-content\/uploads\/2025\/11\/CLS360FG2-800x800.webp 800w, https:\/\/mountlaser.com\/wp-content\/uploads\/2025\/11\/CLS360FG2-600x600.webp 600w, https:\/\/mountlaser.com\/wp-content\/uploads\/2025\/11\/CLS360FG2-150x150.webp 150w, https:\/\/mountlaser.com\/wp-content\/uploads\/2025\/11\/CLS360FG2-768x768.webp 768w, https:\/\/mountlaser.com\/wp-content\/uploads\/2025\/11\/CLS360FG2-12x12.webp 12w, https:\/\/mountlaser.com\/wp-content\/uploads\/2025\/11\/CLS360FG2.webp 1000w\" sizes=\"(max-width: 300px) 100vw, 300px\" \/><\/td>\n<\/tr>\n<tr style=\"height: 14.25pt;\">\n<td class=\"et2\" style=\"height: 14.25pt;\" height=\"19\">CLS460FG<\/td>\n<td class=\"et2\">4,65m (15,25ft)<\/td>\n<td class=\"et2\">S\u1ee3i th\u1ee7y tinh<\/td>\n<td class=\"et3\">cm\/ ft<\/td>\n<td class=\"et3\">C\u00f3 th\u1ec3 \u0111i\u1ec1u ch\u1ec9nh<\/td>\n<td class=\"et3\">19\/25\/32\/38mm<\/td>\n<td><img loading=\"lazy\" decoding=\"async\" class=\"alignnone wp-image-4448 size-medium\" src=\"https:\/\/mountlaser.com\/wp-content\/uploads\/2025\/11\/CLS460FG-3-300x300.webp\" alt=\"CLS-FG Fiberglass Prism Pole\" width=\"300\" height=\"300\" srcset=\"https:\/\/mountlaser.com\/wp-content\/uploads\/2025\/11\/CLS460FG-3-300x300.webp 300w, https:\/\/mountlaser.com\/wp-content\/uploads\/2025\/11\/CLS460FG-3-400x400.webp 400w, https:\/\/mountlaser.com\/wp-content\/uploads\/2025\/11\/CLS460FG-3-800x800.webp 800w, https:\/\/mountlaser.com\/wp-content\/uploads\/2025\/11\/CLS460FG-3-600x600.webp 600w, https:\/\/mountlaser.com\/wp-content\/uploads\/2025\/11\/CLS460FG-3-150x150.webp 150w, https:\/\/mountlaser.com\/wp-content\/uploads\/2025\/11\/CLS460FG-3-768x768.webp 768w, https:\/\/mountlaser.com\/wp-content\/uploads\/2025\/11\/CLS460FG-3-12x12.webp 12w, https:\/\/mountlaser.com\/wp-content\/uploads\/2025\/11\/CLS460FG-3.webp 1000w\" sizes=\"(max-width: 300px) 100vw, 300px\" \/><\/td>\n<\/tr>\n<\/tbody>\n<\/table>\n<p>&nbsp;<\/p>","protected":false},"excerpt":{"rendered":"<ul>\n<li>Ru\u1ed9t s\u0103m c\u00f3 hai thang \u0111o: \u0110\u01b0\u1ee3c in r\u00f5 r\u00e0ng v\u1edbi v\u1ea1ch chia centimet v\u00e0 foot gi\u00fap \u0111i\u1ec1u ch\u1ec9nh chi\u1ec1u cao nhanh ch\u00f3ng v\u00e0 linh ho\u1ea1t.<\/li>\n<li>Nhi\u1ec1u l\u1ef1a ch\u1ecdn chi\u1ec1u d\u00e0i: C\u00f3 nhi\u1ec1u chi\u1ec1u d\u00e0i kh\u00e1c nhau (2,6m, 3,6m, 4,65m) \u0111\u1ec3 ph\u00f9 h\u1ee3p v\u1edbi c\u00e1c y\u00eau c\u1ea7u d\u1ef1 \u00e1n kh\u00e1c nhau.<\/li>\n<\/ul>","protected":false},"featured_media":4445,"comment_status":"open","ping_status":"closed","template":"","meta":[],"product_brand":[],"product_cat":[89,124],"product_tag":[],"class_list":{"0":"post-4440","1":"product","2":"type-product","3":"status-publish","4":"has-post-thumbnail","6":"product_cat-surveying-pole-rod","7":"product_cat-aluminum-fiberglass-prism-pole","9":"first","10":"instock","11":"shipping-taxable","12":"product-type-simple"},"_links":{"self":[{"href":"https:\/\/mountlaser.com\/vi\/wp-json\/wp\/v2\/product\/4440","targetHints":{"allow":["GET"]}}],"collection":[{"href":"https:\/\/mountlaser.com\/vi\/wp-json\/wp\/v2\/product"}],"about":[{"href":"https:\/\/mountlaser.com\/vi\/wp-json\/wp\/v2\/types\/product"}],"replies":[{"embeddable":true,"href":"https:\/\/mountlaser.com\/vi\/wp-json\/wp\/v2\/comments?post=4440"}],"wp:featuredmedia":[{"embeddable":true,"href":"https:\/\/mountlaser.com\/vi\/wp-json\/wp\/v2\/media\/4445"}],"wp:attachment":[{"href":"https:\/\/mountlaser.com\/vi\/wp-json\/wp\/v2\/media?parent=4440"}],"wp:term":[{"taxonomy":"product_brand","embeddable":true,"href":"https:\/\/mountlaser.com\/vi\/wp-json\/wp\/v2\/product_brand?post=4440"},{"taxonomy":"product_cat","embeddable":true,"href":"https:\/\/mountlaser.com\/vi\/wp-json\/wp\/v2\/product_cat?post=4440"},{"taxonomy":"product_tag","embeddable":true,"href":"https:\/\/mountlaser.com\/vi\/wp-json\/wp\/v2\/product_tag?post=4440"}],"curies":[{"name":"trang web","href":"https:\/\/api.w.org\/{rel}","templated":true}]}}