{"id":4436,"date":"2025-11-14T09:28:34","date_gmt":"2025-11-14T09:28:34","guid":{"rendered":"https:\/\/mountlaser.com\/?post_type=product&#038;p=4436"},"modified":"2025-11-26T09:20:31","modified_gmt":"2025-11-26T09:20:31","slug":"f550-3ls3-collimator","status":"publish","type":"product","link":"https:\/\/mountlaser.com\/vi\/san-pham\/f550-3ls3-collimator\/","title":{"rendered":"B\u1ed9 chu\u1ea9n tr\u1ef1c F550-3LS3"},"content":{"rendered":"<p>C\u00e1i <a href=\"https:\/\/mountlaser.com\/vi\/\"><strong>B\u1ed9 chu\u1ea9n tr\u1ef1c F550-3LS3<\/strong><\/a> l\u00e0 m\u1ed9t s\u1ea3n ph\u1ea9m c\u00f3 \u0111\u1ed9 ch\u00ednh x\u00e1c cao.<a href=\"https:\/\/mountlaser.com\/vi\/products\/\"><strong> B\u1ed9 chu\u1ea9n tr\u1ef1c laser cho m\u00e1y to\u00e0n \u0111\u1ea1c<\/strong><\/a> \u0110\u01b0\u1ee3c thi\u1ebft k\u1ebf cho c\u00f4ng vi\u1ec7c c\u0103n ch\u1ec9nh v\u00e0 hi\u1ec7u chu\u1ea9n quang h\u1ecdc ti\u00ean ti\u1ebfn. V\u1edbi c\u1ea5u tr\u00fac ba \u1ed1ng quang h\u1ecdc \u0111\u1eb7t tr\u00ean s\u00e0n, m\u00e1y chu\u1ea9n tr\u1ef1c F550-3LS3 mang l\u1ea1i \u0111\u1ed9 \u1ed5n \u0111\u1ecbnh v\u01b0\u1ee3t tr\u1ed9i cho vi\u1ec7c ki\u1ec3m tra \u0111a tr\u1ee5c. M\u00f4 h\u00ecnh n\u00e0y \u0111\u01b0\u1ee3c trang b\u1ecb m\u00e0n h\u00ecnh chia \u0111\u00f4i l\u1edbn v\u00e0 ba \u1ed1ng quang \u0111i\u1ec7n t\u00edch h\u1ee3p, cho ph\u00e9p ph\u00e1t hi\u1ec7n \u0111\u1ed9 nh\u1ea1y cao v\u00e0 c\u0103n ch\u1ec9nh h\u00ecnh \u1ea3nh ch\u00ednh x\u00e1c.<\/p>\n<p><img fetchpriority=\"high\" decoding=\"async\" class=\"aligncenter wp-image-4437\" src=\"https:\/\/mountlaser.com\/wp-content\/uploads\/2025\/11\/F550-3ls3.webp\" alt=\"F550-3LS3 Laser Collimator for total station\" width=\"500\" height=\"500\" srcset=\"https:\/\/mountlaser.com\/wp-content\/uploads\/2025\/11\/F550-3ls3.webp 800w, https:\/\/mountlaser.com\/wp-content\/uploads\/2025\/11\/F550-3ls3-300x300.webp 300w, https:\/\/mountlaser.com\/wp-content\/uploads\/2025\/11\/F550-3ls3-400x400.webp 400w, https:\/\/mountlaser.com\/wp-content\/uploads\/2025\/11\/F550-3ls3-600x600.webp 600w, https:\/\/mountlaser.com\/wp-content\/uploads\/2025\/11\/F550-3ls3-150x150.webp 150w, https:\/\/mountlaser.com\/wp-content\/uploads\/2025\/11\/F550-3ls3-768x768.webp 768w, https:\/\/mountlaser.com\/wp-content\/uploads\/2025\/11\/F550-3ls3-12x12.webp 12w\" sizes=\"(max-width: 500px) 100vw, 500px\" \/><\/p>\n<p>V\u1edbi t\u01b0 c\u00e1ch l\u00e0 m\u1ed9t chuy\u00ean gia <a href=\"https:\/\/mountlaser.com\/vi\/contact-us\/\">B\u1ed9 chu\u1ea9n tr\u1ef1c laser cho m\u00e1y to\u00e0n \u0111\u1ea1c<\/a>, M\u00e1y chu\u1ea9n tr\u1ef1c laser F550-3LS3 \u0111\u1ea3m b\u1ea3o ch\u1ea5t l\u01b0\u1ee3ng ch\u00f9m tia \u1ed5n \u0111\u1ecbnh v\u00e0 x\u00e1c minh tr\u1ee5c quang ch\u00ednh x\u00e1c cho m\u00e1y to\u00e0n \u0111\u1ea1c, m\u00e1y kinh v\u0129 v\u00e0 m\u00e1y th\u1ee7y b\u00ecnh t\u1ef1 \u0111\u1ed9ng. H\u1ec7 th\u1ed1ng ph\u00e1t hi\u1ec7n quang h\u1ecdc \u0111\u01b0\u1ee3c c\u1ea3i ti\u1ebfn gi\u00fap c\u1ea3i thi\u1ec7n \u0111\u1ed9 l\u1eb7p l\u1ea1i hi\u1ec7u chu\u1ea9n, bi\u1ebfn n\u00f3 tr\u1edf th\u00e0nh m\u1ed9t trong nh\u1eefng gi\u1ea3i ph\u00e1p \u0111\u00e1ng tin c\u1eady nh\u1ea5t cho c\u00e1c ph\u00f2ng th\u00ed nghi\u1ec7m, trung t\u00e2m d\u1ecbch v\u1ee5 thi\u1ebft b\u1ecb v\u00e0 c\u00e1c c\u01a1 s\u1edf \u0111o l\u01b0\u1eddng. \u0110\u1ed1i v\u1edbi c\u00e1c chuy\u00ean gia \u0111ang t\u00ecm ki\u1ebfm m\u1ed9t m\u00e1y chu\u1ea9n tr\u1ef1c laser \u0111\u00e1ng tin c\u1eady cho m\u00e1y to\u00e0n \u0111\u1ea1c, m\u1eabu m\u00e1y n\u00e0y mang l\u1ea1i \u0111\u1ed9 r\u00f5 n\u00e9t, \u0111\u1ed9 nh\u1ea1y v\u00e0 hi\u1ec7u su\u1ea5t hi\u1ec7u chu\u1ea9n v\u01b0\u1ee3t tr\u1ed9i.<\/p>","protected":false},"excerpt":{"rendered":"<ul>\n<li>T\u1ea1o ra c\u00e1c ch\u00f9m tia laser song song, \u1ed5n \u0111\u1ecbnh \u0111\u1ec3 hi\u1ec7u chu\u1ea9n m\u00e1y to\u00e0n \u0111\u1ea1c v\u00e0 c\u00e1c d\u1ee5ng c\u1ee5 quang h\u1ecdc.<\/li>\n<li>Ba \u1ed1ng quang h\u1ecdc h\u1ed7 tr\u1ee3 c\u0103n ch\u1ec9nh \u0111a h\u01b0\u1edbng ch\u00ednh x\u00e1c.<\/li>\n<li>M\u00e0n h\u00ecnh chia \u0111\u00f4i l\u1edbn gi\u00fap t\u0103ng c\u01b0\u1eddng kh\u1ea3 n\u0103ng quan s\u00e1t tr\u1ef1c quan v\u00e0 \u0111\u1ed9 ch\u00ednh x\u00e1c hi\u1ec7u ch\u1ec9nh.<\/li>\n<li>Ba \u1ed1ng t\u00edch h\u1ee3p quang \u0111i\u1ec7n cung c\u1ea5p kh\u1ea3 n\u0103ng ph\u00e1t hi\u1ec7n quang h\u1ecdc \u0111\u1ed9 nh\u1ea1y cao.<\/li>\n<li>K\u1ebft c\u1ea5u d\u1ea1ng s\u00e0n \u0111\u1ea3m b\u1ea3o \u0111\u1ed9 \u1ed5n \u0111\u1ecbnh v\u01b0\u1ee3t tr\u1ed9i v\u00e0 gi\u1ea3m rung \u0111\u1ed9ng.<\/li>\n<\/ul>","protected":false},"featured_media":4437,"comment_status":"open","ping_status":"closed","template":"","meta":[],"product_brand":[],"product_cat":[71,125],"product_tag":[],"class_list":{"0":"post-4436","1":"product","2":"type-product","3":"status-publish","4":"has-post-thumbnail","6":"product_cat-calibration-testing-instrument","7":"product_cat-collimator-instrument","9":"first","10":"instock","11":"shipping-taxable","12":"product-type-simple"},"_links":{"self":[{"href":"https:\/\/mountlaser.com\/vi\/wp-json\/wp\/v2\/product\/4436","targetHints":{"allow":["GET"]}}],"collection":[{"href":"https:\/\/mountlaser.com\/vi\/wp-json\/wp\/v2\/product"}],"about":[{"href":"https:\/\/mountlaser.com\/vi\/wp-json\/wp\/v2\/types\/product"}],"replies":[{"embeddable":true,"href":"https:\/\/mountlaser.com\/vi\/wp-json\/wp\/v2\/comments?post=4436"}],"wp:featuredmedia":[{"embeddable":true,"href":"https:\/\/mountlaser.com\/vi\/wp-json\/wp\/v2\/media\/4437"}],"wp:attachment":[{"href":"https:\/\/mountlaser.com\/vi\/wp-json\/wp\/v2\/media?parent=4436"}],"wp:term":[{"taxonomy":"product_brand","embeddable":true,"href":"https:\/\/mountlaser.com\/vi\/wp-json\/wp\/v2\/product_brand?post=4436"},{"taxonomy":"product_cat","embeddable":true,"href":"https:\/\/mountlaser.com\/vi\/wp-json\/wp\/v2\/product_cat?post=4436"},{"taxonomy":"product_tag","embeddable":true,"href":"https:\/\/mountlaser.com\/vi\/wp-json\/wp\/v2\/product_tag?post=4436"}],"curies":[{"name":"trang web","href":"https:\/\/api.w.org\/{rel}","templated":true}]}}